{"id":1156,"date":"2015-08-18T12:49:29","date_gmt":"2015-08-18T10:49:29","guid":{"rendered":"http:\/\/www.sadvitairko.lt\/?page_id=1156"},"modified":"2016-05-20T08:58:03","modified_gmt":"2016-05-20T06:58:03","slug":"logistik-und-transportunternehmen","status":"publish","type":"page","link":"http:\/\/www.sadvitairko.lt\/de\/logistik-und-transportunternehmen\/","title":{"rendered":"Logistik- und Transportunternehmen"},"content":{"rendered":"<p style=\"text-align: justify;\">Jede Organisation sieht sich bei der Suche nach Partnern f\u00fcr eine zuverl\u00e4ssige Zusammenarbeit stets einem Problem gegen\u00fcber: Welches der vielen Unternehmen mit ihren Dienstleistungen soll f\u00fcr die Partnerschaft ausgew\u00e4hlt werden?<\/p>\n<p>Das<strong> Logistik- und Transportunternehmen<\/strong>\u00a0\u201eSadvitos transportas\u201c erbringt seine Dienstleistungen zielgerichtet seit 2004.<\/p>\n<p style=\"text-align: justify;\">Die Kernt\u00e4tigkeit der Organisation sind lokale und internationale Transporte, G\u00fcterbef\u00f6rderung mit Schiffen, der Eisenbahn und auf der Stra\u00dfe; G\u00fcterumladung im Hafen von Klaip\u0117da und in anderen H\u00e4fen; Vermittlung beim Zoll; Wahl der optimalen Route f\u00fcr die G\u00fcterbef\u00f6rderung, Transportlogistik; G\u00fcterlieferung \u201evon T\u00fcr zu T\u00fcr\u201c; Agentierung von Schiffen aller Arten; Chartern von Schiffen.<\/p>\n<p style=\"text-align: justify;\">Das professionelle Unternehmensmanagement erm\u00f6glicht die operative Reaktion auf das sich schnell ver\u00e4ndernde Umfeld. Wir verbessern st\u00e4ndig unsere Leistung, konkurrieren, sind bestrebt, die F\u00fchrungsposition einzunehmen und auf jede Art die bestm\u00f6gliche Qualit\u00e4t unserer Dienstleistungen zu garantieren. Wir sch\u00e4tzen unsere Kunden und sch\u00fctzen ihr Eigentum, das uns anvertraut wurde.<\/p>\n<p style=\"text-align: justify;\">Unsere Kunden sind Organisationen, die ihre eigene Zeit und die Zeit ihrer Kunden sch\u00e4tzen, die sich um die sichere Bef\u00f6rderung ihrer G\u00fcter in jedes Land der Welt keine Sorgen machen wollen und die auf lange Sicht zuverl\u00e4ssige Partner suchen.<\/p>\n<p style=\"text-align: justify;\"><strong>Uns w\u00e4hlen nicht nur Kunden aus Litauen, sondern auch aus anderen L\u00e4ndern Europas, au\u00dferdem auch Unternehmen aus Russland. Die erhaltenen Auftr\u00e4ge sch\u00e4tzen wir und freuen uns \u00fcber sie.<\/strong><\/p>\n<hr \/>\n<p style=\"text-align: justify;\"><strong>Nutzen der Zusammenarbeit:<\/strong><\/p>\n<ul>\n<li style=\"text-align: justify;\"><strong>G\u00fcnstige Preise.<\/strong> Wir nutzen unsere zuverl\u00e4ssigen Beziehungen zu unseren Partnern und stellen sorgf\u00e4ltig die optimalen Projekte und Transportrouten auf, die wir f\u00fcr den bestm\u00f6glichen Preis anbieten.<\/li>\n<li style=\"text-align: justify;\"><strong>Vielseitige Sicht.<\/strong> Unsere Spezialisten werden sich um alle Fragen bez\u00fcglich der Bef\u00f6rderung k\u00fcmmern: Sie werden die Spezifik der zu bef\u00f6rdernden Waren sorgf\u00e4ltig pr\u00fcfen, die profitabelste Lieferkette zusammenstellen, die besten Versicherungspl\u00e4ne anbieten und die Angelegenheiten kl\u00e4ren, die mit den Zollprozeduren der G\u00fcter im Zusammenhang stehen.<\/li>\n<li style=\"text-align: justify;\"><strong>Genaue Vertragserf\u00fcllung.<\/strong> Wir wissen, wie wichtig es ist, Waren zur richtigen Zeit an den richtigen Ort zu liefern. Aus diesem Grund halten wir uns bei der Arbeit an den Grundsatz der strengen Einhaltung des Liefertermins.<\/li>\n<li style=\"text-align: justify;\"><strong>Hohe Qualit\u00e4t der Dienstleistungen.<\/strong> Wir sch\u00e4tzen jeden Kunden, und deshalb gilt unsere besondere Aufmerksamkeit der qualitativen Erbringung aller Dienstleistungen im Bereich G\u00fcterbef\u00f6rderung, und wir ber\u00fccksichtigen dabei auch die individuellen Bed\u00fcrfnisse des Kunden.<\/li>\n<\/ul>\n<p><strong>Wir werden f\u00fcr Ihre Unternehmen mit Vergn\u00fcgen die ideale Logistikl\u00f6sung finden!<\/strong><\/p>\n<hr \/>\n","protected":false},"excerpt":{"rendered":"<p>Jede Organisation sieht sich bei der Suche nach Partnern f\u00fcr eine zuverl\u00e4ssige Zusammenarbeit stets einem Problem gegen\u00fcber: Welches der vielen Unternehmen mit ihren Dienstleistungen soll f\u00fcr die Partnerschaft ausgew\u00e4hlt werden? Das Logistik- und Transportunternehmen\u00a0\u201eSadvitos transportas\u201c erbringt seine Dienstleistungen zielgerichtet seit 2004. Die Kernt\u00e4tigkeit der Organisation sind lokale und internationale Transporte, G\u00fcterbef\u00f6rderung mit Schiffen, der Eisenbahn [&hellip;]<\/p>\n","protected":false},"author":3,"featured_media":0,"parent":0,"menu_order":17,"comment_status":"closed","ping_status":"closed","template":"","meta":[],"yoast_head":"<!-- This site is optimized with the Yoast SEO plugin v17.4 - https:\/\/yoast.com\/wordpress\/plugins\/seo\/ -->\n<meta name=\"description\" content=\"Professionelles Logistik- und Transportunternehmen. G\u00fctertransport und -bef\u00f6rderung auf optimalen Routen, Logistik und Vermittlung beim Zoll.\" \/>\n<meta name=\"robots\" content=\"index, follow, max-snippet:-1, max-image-preview:large, max-video-preview:-1\" \/>\n<link rel=\"canonical\" href=\"http:\/\/www.sadvitairko.lt\/de\/logistik-und-transportunternehmen\/\" \/>\n<meta property=\"og:locale\" content=\"de_DE\" \/>\n<meta property=\"og:type\" content=\"article\" \/>\n<meta property=\"og:title\" content=\"Logistik- und Transportunternehmen | SADVITOS TRANSPORTAS\" \/>\n<meta property=\"og:description\" content=\"Professionelles Logistik- und Transportunternehmen. G\u00fctertransport und -bef\u00f6rderung auf optimalen Routen, Logistik und Vermittlung beim Zoll.\" \/>\n<meta property=\"og:url\" content=\"http:\/\/www.sadvitairko.lt\/de\/logistik-und-transportunternehmen\/\" \/>\n<meta property=\"og:site_name\" content=\"Sadvita\" \/>\n<meta property=\"article:modified_time\" content=\"2016-05-20T06:58:03+00:00\" \/>\n<meta name=\"twitter:card\" content=\"summary\" \/>\n<meta name=\"twitter:label1\" content=\"Gesch\u00e4tzte Lesezeit\" \/>\n\t<meta name=\"twitter:data1\" content=\"2\u00a0Minuten\" \/>\n<script type=\"application\/ld+json\" class=\"yoast-schema-graph\">{\"@context\":\"https:\/\/schema.org\",\"@graph\":[{\"@type\":\"WebSite\",\"@id\":\"http:\/\/www.sadvitairko.lt\/lt\/#website\",\"url\":\"http:\/\/www.sadvitairko.lt\/lt\/\",\"name\":\"Sadvita\",\"description\":\"SADVITOS TRANSPORTAS\",\"potentialAction\":[{\"@type\":\"SearchAction\",\"target\":{\"@type\":\"EntryPoint\",\"urlTemplate\":\"http:\/\/www.sadvitairko.lt\/lt\/?s={search_term_string}\"},\"query-input\":\"required name=search_term_string\"}],\"inLanguage\":\"de\"},{\"@type\":\"WebPage\",\"@id\":\"http:\/\/www.sadvitairko.lt\/de\/logistik-und-transportunternehmen\/#webpage\",\"url\":\"http:\/\/www.sadvitairko.lt\/de\/logistik-und-transportunternehmen\/\",\"name\":\"Logistik- und Transportunternehmen | SADVITOS TRANSPORTAS\",\"isPartOf\":{\"@id\":\"http:\/\/www.sadvitairko.lt\/lt\/#website\"},\"datePublished\":\"2015-08-18T10:49:29+00:00\",\"dateModified\":\"2016-05-20T06:58:03+00:00\",\"description\":\"Professionelles Logistik- und Transportunternehmen. G\\u00fctertransport und -bef\\u00f6rderung auf optimalen Routen, Logistik und Vermittlung beim Zoll.\",\"breadcrumb\":{\"@id\":\"http:\/\/www.sadvitairko.lt\/de\/logistik-und-transportunternehmen\/#breadcrumb\"},\"inLanguage\":\"de\",\"potentialAction\":[{\"@type\":\"ReadAction\",\"target\":[\"http:\/\/www.sadvitairko.lt\/de\/logistik-und-transportunternehmen\/\"]}]},{\"@type\":\"BreadcrumbList\",\"@id\":\"http:\/\/www.sadvitairko.lt\/de\/logistik-und-transportunternehmen\/#breadcrumb\",\"itemListElement\":[{\"@type\":\"ListItem\",\"position\":1,\"name\":\"Home\",\"item\":\"http:\/\/www.sadvitairko.lt\/de\/\"},{\"@type\":\"ListItem\",\"position\":2,\"name\":\"Logistik- und Transportunternehmen\"}]}]}<\/script>\n<!-- \/ Yoast SEO plugin. -->","yoast_head_json":{"description":"Professionelles Logistik- und Transportunternehmen. G\u00fctertransport und -bef\u00f6rderung auf optimalen Routen, Logistik und Vermittlung beim Zoll.","robots":{"index":"index","follow":"follow","max-snippet":"max-snippet:-1","max-image-preview":"max-image-preview:large","max-video-preview":"max-video-preview:-1"},"canonical":"http:\/\/www.sadvitairko.lt\/de\/logistik-und-transportunternehmen\/","og_locale":"de_DE","og_type":"article","og_title":"Logistik- und Transportunternehmen | SADVITOS TRANSPORTAS","og_description":"Professionelles Logistik- und Transportunternehmen. G\u00fctertransport und -bef\u00f6rderung auf optimalen Routen, Logistik und Vermittlung beim Zoll.","og_url":"http:\/\/www.sadvitairko.lt\/de\/logistik-und-transportunternehmen\/","og_site_name":"Sadvita","article_modified_time":"2016-05-20T06:58:03+00:00","twitter_card":"summary","twitter_misc":{"Gesch\u00e4tzte Lesezeit":"2\u00a0Minuten"},"schema":{"@context":"https:\/\/schema.org","@graph":[{"@type":"WebSite","@id":"http:\/\/www.sadvitairko.lt\/lt\/#website","url":"http:\/\/www.sadvitairko.lt\/lt\/","name":"Sadvita","description":"SADVITOS TRANSPORTAS","potentialAction":[{"@type":"SearchAction","target":{"@type":"EntryPoint","urlTemplate":"http:\/\/www.sadvitairko.lt\/lt\/?s={search_term_string}"},"query-input":"required name=search_term_string"}],"inLanguage":"de"},{"@type":"WebPage","@id":"http:\/\/www.sadvitairko.lt\/de\/logistik-und-transportunternehmen\/#webpage","url":"http:\/\/www.sadvitairko.lt\/de\/logistik-und-transportunternehmen\/","name":"Logistik- und Transportunternehmen | SADVITOS TRANSPORTAS","isPartOf":{"@id":"http:\/\/www.sadvitairko.lt\/lt\/#website"},"datePublished":"2015-08-18T10:49:29+00:00","dateModified":"2016-05-20T06:58:03+00:00","description":"Professionelles Logistik- und Transportunternehmen. G\u00fctertransport und -bef\u00f6rderung auf optimalen Routen, Logistik und Vermittlung beim Zoll.","breadcrumb":{"@id":"http:\/\/www.sadvitairko.lt\/de\/logistik-und-transportunternehmen\/#breadcrumb"},"inLanguage":"de","potentialAction":[{"@type":"ReadAction","target":["http:\/\/www.sadvitairko.lt\/de\/logistik-und-transportunternehmen\/"]}]},{"@type":"BreadcrumbList","@id":"http:\/\/www.sadvitairko.lt\/de\/logistik-und-transportunternehmen\/#breadcrumb","itemListElement":[{"@type":"ListItem","position":1,"name":"Home","item":"http:\/\/www.sadvitairko.lt\/de\/"},{"@type":"ListItem","position":2,"name":"Logistik- und Transportunternehmen"}]}]}},"_links":{"self":[{"href":"http:\/\/www.sadvitairko.lt\/de\/wp-json\/wp\/v2\/pages\/1156"}],"collection":[{"href":"http:\/\/www.sadvitairko.lt\/de\/wp-json\/wp\/v2\/pages"}],"about":[{"href":"http:\/\/www.sadvitairko.lt\/de\/wp-json\/wp\/v2\/types\/page"}],"author":[{"embeddable":true,"href":"http:\/\/www.sadvitairko.lt\/de\/wp-json\/wp\/v2\/users\/3"}],"replies":[{"embeddable":true,"href":"http:\/\/www.sadvitairko.lt\/de\/wp-json\/wp\/v2\/comments?post=1156"}],"version-history":[{"count":0,"href":"http:\/\/www.sadvitairko.lt\/de\/wp-json\/wp\/v2\/pages\/1156\/revisions"}],"wp:attachment":[{"href":"http:\/\/www.sadvitairko.lt\/de\/wp-json\/wp\/v2\/media?parent=1156"}],"curies":[{"name":"wp","href":"https:\/\/api.w.org\/{rel}","templated":true}]}}