{"id":1158,"date":"2015-08-18T12:57:41","date_gmt":"2015-08-18T10:57:41","guid":{"rendered":"http:\/\/www.sadvitairko.lt\/?page_id=1158"},"modified":"2016-05-20T08:52:14","modified_gmt":"2016-05-20T06:52:14","slug":"logistik-und-transportdienstleistungen","status":"publish","type":"page","link":"http:\/\/www.sadvitairko.lt\/de\/logistik-und-transportdienstleistungen\/","title":{"rendered":"Logistik- und Transportdienstleistungen"},"content":{"rendered":"<p>Professionelle\u00a0<strong>Logistik- und Transportdienstleistungen<\/strong>\u00a0auf dem Seeweg, Landweg und in der Luft. Experten mit langj\u00e4hriger Arbeitserfahrung werden f\u00fcr die G\u00fcterbef\u00f6rderung die optimalen Routen per Schiff, Flugzeug, Eisenbahn oder Kraftfahrzeug ermitteln. UAB \u201eSadvitos transportas\u201c erbringt f\u00fcr die Fracht Lagerungs- und Versicherungsdienstleistungen, vertritt die Kundeninteressen beim Zoll und setzt die Unterlagen f\u00fcr den G\u00fctertransport auf.<\/p>\n<hr \/>\n\n<div >\n\n\n    \n    <div class=\"uk-grid uk-text-left uk-flex-middle\" data-uk-grid-match data-uk-margin=\"{cls:'uk-margin-top'}\">\n\n                <div class=\"uk-width-medium-2-5 uk-text-center\" >\n            <img src=\"\/wp-content\/uploads\/kroviniu_gabenimas_jura_medium.jpg\" alt=\"G\u00dcTERBEF\u00d6RDERUNG AUF DEM SEEWEG\">        <\/div>\n        \n                <div class=\"uk-width-medium-3-5\" >\n            <div class=\"uk-panel uk-width-1-1\">\n\n                \n                                <h3 class=\"uk-h2\">\n\n                                            <a class=\"uk-link-reset\" href=\"\/de\/logistik-und-transportdienstleistungen\/guterbeforderung-auf-dem-seeweg\/\">G\u00dcTERBEF\u00d6RDERUNG AUF DEM SEEWEG<\/a>\n                    \n                    \n                <\/h3>\n                \n                                <div class=\"uk-margin\"><p>UAB \u201eSadvitos Transportas\u201c arbeitet mit zuverl\u00e4ssigen Partnern zusammen, erbringt Dienstleistungen zur Bef\u00f6rderung voll beladener Container und von Teilfracht. Die hervorragend entwickelte logistische Infrastruktur garantiert den reibungslosen und unkomplizierten Ablauf der Arbeiten. UAB \u201eSADVITOS TRANSPORTAS\u201c liefert Container zu (aus) Seeh\u00e4fen, f\u00fcllt die mit der G\u00fcterbef\u00f6rderung im Zusammenhang stehenden Unterlagen aus, nimmt Aufgaben als Zollvermittler wahr, organisiert die Arbeiten zur Abholung und Lieferung von Fracht.<\/p>\n<\/div>\n                \n                \n                                <p><a class=\"uk-button uk-button-primary\" href=\"\/de\/logistik-und-transportdienstleistungen\/guterbeforderung-auf-dem-seeweg\/\">Mehr<\/a><\/p>\n                \n            <\/div>\n        <\/div>\n        \n    <\/div>\n\n    <hr class=\"uk-grid-divider \">\n\n    \n    <div class=\"uk-grid uk-text-left uk-flex-middle\" data-uk-grid-match data-uk-margin=\"{cls:'uk-margin-top'}\">\n\n                <div class=\"uk-width-medium-2-5 uk-text-center uk-float-right uk-flex-order-last-medium\" >\n            <img src=\"\/wp-content\/uploads\/kroviniu_pervezimas_zeme_medium.jpg\" alt=\"G\u00dcTERBEF\u00d6RDERUNG AUF DEM LANDWEG\">        <\/div>\n        \n                <div class=\"uk-width-medium-3-5\" >\n            <div class=\"uk-panel uk-width-1-1\">\n\n                \n                                <h3 class=\"uk-h2\">\n\n                                            <a class=\"uk-link-reset\" href=\"\/de\/logistik-und-transportdienstleistungen\/guterbeforderung-auf-dem-landweg\/\">G\u00dcTERBEF\u00d6RDERUNG AUF DEM LANDWEG<\/a>\n                    \n                    \n                <\/h3>\n                \n                                <div class=\"uk-margin\"><p>Die G\u00fcterbef\u00f6rderung auf dem Landweg ist die flexibelste Art der G\u00fcterbef\u00f6rderung, mit der sich Fracht unterschiedlicher Gr\u00f6\u00dfe und unterschiedlichen Gewichts transportieren l\u00e4sst. Die Gesellschaft bietet Transportdienstleistungen f\u00fcr Standardg\u00fcter, G\u00fcter mit Sonderanforderungen und Gefahrengut, bef\u00f6rdert Lebensmittel und Fl\u00fcssigprodukte. Durch Einhaltung eines strengen Zeitplans gew\u00e4hrleistet UAB \u201eSadvitos Transportas\u201c besonders genaue Versand- und Lieferfristen. Jede Route wird individuell geplant, und aus diesem Grund werden die optimalen Kosten f\u00fcr die G\u00fcterbef\u00f6rderung erzielt.<\/p>\n<\/div>\n                \n                \n                                <p><a class=\"uk-button uk-button-primary\" href=\"\/de\/logistik-und-transportdienstleistungen\/guterbeforderung-auf-dem-landweg\/\">Mehr<\/a><\/p>\n                \n            <\/div>\n        <\/div>\n        \n    <\/div>\n\n    <hr class=\"uk-grid-divider \">\n\n    \n    <div class=\"uk-grid uk-text-left uk-flex-middle\" data-uk-grid-match data-uk-margin=\"{cls:'uk-margin-top'}\">\n\n                <div class=\"uk-width-medium-2-5 uk-text-center\" >\n            <img src=\"\/wp-content\/uploads\/kroviniu_gabenimas_oru_medium.jpg\" alt=\"G\u00dcTERBEF\u00d6RDERUNG IN DER LUFT\">        <\/div>\n        \n                <div class=\"uk-width-medium-3-5\" >\n            <div class=\"uk-panel uk-width-1-1\">\n\n                \n                                <h3 class=\"uk-h2\">\n\n                                            <a class=\"uk-link-reset\" href=\"\/de\/logistik-und-transportdienstleistungen\/guterbeforderung-in-der-luft\/\">G\u00dcTERBEF\u00d6RDERUNG IN DER LUFT<\/a>\n                    \n                    \n                <\/h3>\n                \n                                <div class=\"uk-margin\"><p>UAB \u201eSadvitos Transportas\u201c bietet professionelle Dienstleistungen im Bereich Luftlogistik. Der G\u00fctertransport findet in alle L\u00e4nder weltweit statt; dabei werden Standardg\u00fcter, \u00fcbergro\u00dfe, gef\u00e4hrliche G\u00fcter und G\u00fcter, die ein spezielles Temperaturregime erfordern, transportiert. Die Gesellschaft setzt die Frachtdokumente auf und bietet Vermittlungsdienstleistungen beim Zoll. Auf Kundenwunsch \u00fcbernimmt UAB \u201eSADVITOS TRANSPORTAS\u201c Lagerung, Sortierung und Verpackung von G\u00fctern, organisiert die Abholung und Lieferung.<\/p>\n<\/div>\n                \n                \n                                <p><a class=\"uk-button uk-button-primary\" href=\"\/de\/logistik-und-transportdienstleistungen\/guterbeforderung-in-der-luft\/\">Mehr<\/a><\/p>\n                \n            <\/div>\n        <\/div>\n        \n    <\/div>\n\n    <hr class=\"uk-grid-divider \">\n\n    \n    <div class=\"uk-grid uk-text-left uk-flex-middle\" data-uk-grid-match data-uk-margin=\"{cls:'uk-margin-top'}\">\n\n                <div class=\"uk-width-medium-2-5 uk-text-center uk-float-right uk-flex-order-last-medium\" >\n            <img src=\"\/wp-content\/uploads\/kroviniu_gabenimas_gelezinkeliu_medium.jpg\" alt=\"G\u00dcTERBEF\u00d6RDERUNG AUF DER SCHIENE\">        <\/div>\n        \n                <div class=\"uk-width-medium-3-5\" >\n            <div class=\"uk-panel uk-width-1-1\">\n\n                \n                                <h3 class=\"uk-h2\">\n\n                                            <a class=\"uk-link-reset\" href=\"\/de\/logistik-und-transportdienstleistungen\/guterbeforderung-auf-der-schiene\/\">G\u00dcTERBEF\u00d6RDERUNG AUF DER SCHIENE<\/a>\n                    \n                    \n                <\/h3>\n                \n                                <div class=\"uk-margin\"><p>UAB \u201eSadvitos Transportas\u201c bietet Transportdienstleistungen mit G\u00fcterwagen und f\u00fchrt Transporte in Russland und den GUS-Staaten durch. Die Ausr\u00fcstung der Wagons wird unter Ber\u00fccksichtigung der Eigenschaften der zu transportierenden Ware individuell zusammengestellt, und auf diese Weise entstehen geringere Transportkosten. Die Gesellschaft w\u00e4hlt die optimalen Routen f\u00fcr den G\u00fctertransport, bearbeitet die mit der G\u00fcterbef\u00f6rderung in Zusammenhang stehenden Unterlagen und vertritt Kundeninteressen beim Zoll. Das Unternehmen arbeitet mit zuverl\u00e4ssigen Partnern im Ausland zusammen, die eine langj\u00e4hrige Arbeitserfahrung haben.<\/p>\n<\/div>\n                \n                \n                                <p><a class=\"uk-button uk-button-primary\" href=\"\/de\/logistik-und-transportdienstleistungen\/guterbeforderung-auf-der-schiene\/\">Mehr<\/a><\/p>\n                \n            <\/div>\n        <\/div>\n        \n    <\/div>\n\n    <hr class=\"uk-grid-divider \">\n\n    \n    <div class=\"uk-grid uk-text-left uk-flex-middle\" data-uk-grid-match data-uk-margin=\"{cls:'uk-margin-top'}\">\n\n                <div class=\"uk-width-medium-2-5 uk-text-center\" >\n            <img src=\"\/wp-content\/uploads\/multimodaliniai_pervezimai_medium.jpg\" alt=\"MULTIMODALE TRANSPORTE\">        <\/div>\n        \n                <div class=\"uk-width-medium-3-5\" >\n            <div class=\"uk-panel uk-width-1-1\">\n\n                \n                                <h3 class=\"uk-h2\">\n\n                                            <a class=\"uk-link-reset\" href=\"\/de\/logistik-und-transportdienstleistungen\/multimodale-transporte\/\">MULTIMODALE TRANSPORTE<\/a>\n                    \n                    \n                <\/h3>\n                \n                                <div class=\"uk-margin\"><p>Die Logistikexperten bei UAB \u201eSadvitos Transportas\u201c verf\u00fcgen \u00fcber langj\u00e4hrige Arbeitserfahrung. Sie bewerten die Eigenschaften einer konkreten Fracht und die W\u00fcnsche des Kunden, bieten h\u00f6chstrentable Varianten f\u00fcr multimodalen Transport, w\u00e4hlen die optimalen Routen und optimieren die Kosten und Zeit f\u00fcr den Frachttransport. Die Gesellschaft bietet Dienstleistung zur Lagerung von G\u00fctern, setzt Frachtdokumente auf und vertritt die Kundeninteressen beim Zoll, bei Seeh\u00e4fen, Flugh\u00e4fen und Bahnh\u00f6fen.<\/p>\n<\/div>\n                \n                \n                                <p><a class=\"uk-button uk-button-primary\" href=\"\/de\/logistik-und-transportdienstleistungen\/multimodale-transporte\/\">Mehr<\/a><\/p>\n                \n            <\/div>\n        <\/div>\n        \n    <\/div>\n\n    <hr class=\"uk-grid-divider \">\n\n    \n    <div class=\"uk-grid uk-text-left uk-flex-middle\" data-uk-grid-match data-uk-margin=\"{cls:'uk-margin-top'}\">\n\n                <div class=\"uk-width-medium-2-5 uk-text-center uk-float-right uk-flex-order-last-medium\" >\n            <img src=\"\/wp-content\/uploads\/kroviniu_draudimas_medium.jpg\" alt=\"FRACHTVERSICHERUNG\">        <\/div>\n        \n                <div class=\"uk-width-medium-3-5\" >\n            <div class=\"uk-panel uk-width-1-1\">\n\n                \n                                <h3 class=\"uk-h2\">\n\n                                            <a class=\"uk-link-reset\" href=\"\/de\/logistik-und-transportdienstleistungen\/frachtversicherung\/\">FRACHTVERSICHERUNG<\/a>\n                    \n                    \n                <\/h3>\n                \n                                <div class=\"uk-margin\"><p>Die Experten von UAB \u201eSadvitos Transportas\u201c mit langj\u00e4hriger Arbeitserfahrung bewerten die Eigenschaften der Fracht und die individuellen Erwartungen des Kunden und bieten optimale Versicherungsbedingungen. Mit der Frachtversicherung k\u00f6nnen Waren versichert werden, die mit Transportmitteln aller Art bef\u00f6rdert werden, die f\u00fcr die Be- und Entladung von G\u00fctern zum Einsatz kommen. Die G\u00fcter k\u00f6nnen mit einer einmaligen Versicherung versichert werden, oder es wird ein langfristiger Versicherungsvertrag abgeschlossen. Der unterzeichnete Versicherungsvertrag hilft beim Vermeiden m\u00f6glicher finanzieller Verluste und Streits, sorgt f\u00fcr Kostenkontrolle und gew\u00e4hrleistet den reibungslosen Ablauf der Transportarbeiten.<\/p>\n<\/div>\n                \n                \n                                <p><a class=\"uk-button uk-button-primary\" href=\"\/de\/logistik-und-transportdienstleistungen\/frachtversicherung\/\">Mehr<\/a><\/p>\n                \n            <\/div>\n        <\/div>\n        \n    <\/div>\n\n    <hr class=\"uk-grid-divider \">\n\n    \n    <div class=\"uk-grid uk-text-left uk-flex-middle\" data-uk-grid-match data-uk-margin=\"{cls:'uk-margin-top'}\">\n\n                <div class=\"uk-width-medium-2-5 uk-text-center\" >\n            <img src=\"\/wp-content\/uploads\/sandeliavimas_medium.jpg\" alt=\"LAGERUNG\">        <\/div>\n        \n                <div class=\"uk-width-medium-3-5\" >\n            <div class=\"uk-panel uk-width-1-1\">\n\n                \n                                <h3 class=\"uk-h2\">\n\n                                            <a class=\"uk-link-reset\" href=\"\/de\/logistik-und-transportdienstleistungen\/lagerung\/\">LAGERUNG<\/a>\n                    \n                    \n                <\/h3>\n                \n                                <div class=\"uk-margin\"><p>UAB \u201eSadvitos Transportas\u201c f\u00fchrt Arbeiten zur Beladung, Sortierung, Verpackung und Kennzeichnung von G\u00fctern durch, k\u00fcmmert sich um die Verbuchung des Warenverkehrs und die damit zusammenh\u00e4ngende Dokumentation, legt den Kunden ausf\u00fchrliche Berichte vor. Die Lagerung erfolgt in modernen R\u00e4umlichkeiten, auf einer Fl\u00e4che von 10 000 q.m., in denen G\u00fcter aller Art aufbewahrt werden k\u00f6nnen. UAB \u201eSADVITOS TRANSPORTAS\u201c bietet beheizte R\u00e4ume und K\u00fchlr\u00e4ume, in denen G\u00fcter gelagert werden, die ein spezielles Temperaturregime erfordern. In den Lagern der Gesellschaft funktioniert ein modernes Warenbuchungssystem, das den genauen Warenverkehr garantiert. Die Sicherheit der G\u00fcter wird durch einen Sicherheitsposten, eine Alarmanlage und ein Video\u00fcberwachungssystem rund um die Uhr gew\u00e4hrleistet.<\/p>\n<\/div>\n                \n                \n                                <p><a class=\"uk-button uk-button-primary\" href=\"\/de\/logistik-und-transportdienstleistungen\/lagerung\/\">Mehr<\/a><\/p>\n                \n            <\/div>\n        <\/div>\n        \n    <\/div>\n\n    <hr class=\"uk-grid-divider \">\n\n    \n    <div class=\"uk-grid uk-text-left uk-flex-middle\" data-uk-grid-match data-uk-margin=\"{cls:'uk-margin-top'}\">\n\n                <div class=\"uk-width-medium-2-5 uk-text-center uk-float-right uk-flex-order-last-medium\" >\n            <img src=\"\/wp-content\/uploads\/muitines_tarpininkas_medium.jpg\" alt=\"ZOLLVERMITTLER\">        <\/div>\n        \n                <div class=\"uk-width-medium-3-5\" >\n            <div class=\"uk-panel uk-width-1-1\">\n\n                \n                                <h3 class=\"uk-h2\">\n\n                                            <a class=\"uk-link-reset\" href=\"\/de\/logistik-und-transportdienstleistungen\/zollvermittler\/\">ZOLLVERMITTLER<\/a>\n                    \n                    \n                <\/h3>\n                \n                                <div class=\"uk-margin\"><p>UAB \u201eSadvitos Transportas\u201c fertigt Zolldokumente aus, k\u00fcmmert sich um Einf\u00fchr-, Ausfuhr- und Transitverfahren, f\u00fcllt CMR- und TIR-Hefte aus, bereitet die elektronischen Daten f\u00fcr TIR vor. Die Gesellschaft vertritt Kunden beim Zoll, hilft beim Erhalt der notwendigen Genehmigungen, Zertifikate und Bescheinigungen, k\u00fcmmert sich um die Kontrolle der Zollverfahren und Ber\u00e4t in allen Fragen der Dokumentation und Formalit\u00e4ten bez\u00fcglich des Zolls. Auf Kundenwunsch k\u00f6nnen Ladungs-, Sortierungs-, Verpackungs- und Sicherungsarbeiten durchgef\u00fchrt werden. Die Dienstleistungen im Rahmen der Zollvermittlung werden unter Berufung auf die in Litauen g\u00fcltigen Vorschriften, EU-Verordnungen und internationale Anforderungen erbracht.<\/p>\n<\/div>\n                \n                \n                                <p><a class=\"uk-button uk-button-primary\" href=\"\/de\/logistik-und-transportdienstleistungen\/zollvermittler\/\">Mehr<\/a><\/p>\n                \n            <\/div>\n        <\/div>\n        \n    <\/div>\n\n    \n\n<\/div>\n\n","protected":false},"excerpt":{"rendered":"<p>Professionelle\u00a0Logistik- und Transportdienstleistungen\u00a0auf dem Seeweg, Landweg und in der Luft. Experten mit langj\u00e4hriger Arbeitserfahrung werden f\u00fcr die G\u00fcterbef\u00f6rderung die optimalen Routen per Schiff, Flugzeug, Eisenbahn oder Kraftfahrzeug ermitteln. UAB \u201eSadvitos transportas\u201c erbringt f\u00fcr die Fracht Lagerungs- und Versicherungsdienstleistungen, vertritt die Kundeninteressen beim Zoll und setzt die Unterlagen f\u00fcr den G\u00fctertransport auf.<\/p>\n","protected":false},"author":3,"featured_media":0,"parent":0,"menu_order":10,"comment_status":"closed","ping_status":"closed","template":"","meta":[],"yoast_head":"<!-- This site is optimized with the Yoast SEO plugin v17.4 - https:\/\/yoast.com\/wordpress\/plugins\/seo\/ -->\n<meta name=\"description\" content=\"Professionelle Logistik- und Transportdienstleistungen auf dem Seeweg, Landweg und in der Luft, multimodale Transporte. Lagerung, Vermittlung beim Zoll.\" \/>\n<meta name=\"robots\" content=\"index, follow, max-snippet:-1, max-image-preview:large, max-video-preview:-1\" \/>\n<link rel=\"canonical\" href=\"http:\/\/www.sadvitairko.lt\/de\/logistik-und-transportdienstleistungen\/\" \/>\n<meta property=\"og:locale\" content=\"de_DE\" \/>\n<meta property=\"og:type\" content=\"article\" \/>\n<meta property=\"og:title\" content=\"Logistik- und Transportdienstleistungen | SADVITOS TRANSPORTAS\" \/>\n<meta property=\"og:description\" content=\"Professionelle Logistik- und Transportdienstleistungen auf dem Seeweg, Landweg und in der Luft, multimodale Transporte. Lagerung, Vermittlung beim Zoll.\" \/>\n<meta property=\"og:url\" content=\"http:\/\/www.sadvitairko.lt\/de\/logistik-und-transportdienstleistungen\/\" \/>\n<meta property=\"og:site_name\" content=\"Sadvita\" \/>\n<meta property=\"article:modified_time\" content=\"2016-05-20T06:52:14+00:00\" \/>\n<meta name=\"twitter:card\" content=\"summary\" \/>\n<script type=\"application\/ld+json\" class=\"yoast-schema-graph\">{\"@context\":\"https:\/\/schema.org\",\"@graph\":[{\"@type\":\"WebSite\",\"@id\":\"http:\/\/www.sadvitairko.lt\/lt\/#website\",\"url\":\"http:\/\/www.sadvitairko.lt\/lt\/\",\"name\":\"Sadvita\",\"description\":\"SADVITOS TRANSPORTAS\",\"potentialAction\":[{\"@type\":\"SearchAction\",\"target\":{\"@type\":\"EntryPoint\",\"urlTemplate\":\"http:\/\/www.sadvitairko.lt\/lt\/?s={search_term_string}\"},\"query-input\":\"required name=search_term_string\"}],\"inLanguage\":\"de\"},{\"@type\":\"WebPage\",\"@id\":\"http:\/\/www.sadvitairko.lt\/de\/logistik-und-transportdienstleistungen\/#webpage\",\"url\":\"http:\/\/www.sadvitairko.lt\/de\/logistik-und-transportdienstleistungen\/\",\"name\":\"Logistik- und Transportdienstleistungen | SADVITOS TRANSPORTAS\",\"isPartOf\":{\"@id\":\"http:\/\/www.sadvitairko.lt\/lt\/#website\"},\"datePublished\":\"2015-08-18T10:57:41+00:00\",\"dateModified\":\"2016-05-20T06:52:14+00:00\",\"description\":\"Professionelle Logistik- und Transportdienstleistungen auf dem Seeweg, Landweg und in der Luft, multimodale Transporte. Lagerung, Vermittlung beim Zoll.\",\"breadcrumb\":{\"@id\":\"http:\/\/www.sadvitairko.lt\/de\/logistik-und-transportdienstleistungen\/#breadcrumb\"},\"inLanguage\":\"de\",\"potentialAction\":[{\"@type\":\"ReadAction\",\"target\":[\"http:\/\/www.sadvitairko.lt\/de\/logistik-und-transportdienstleistungen\/\"]}]},{\"@type\":\"BreadcrumbList\",\"@id\":\"http:\/\/www.sadvitairko.lt\/de\/logistik-und-transportdienstleistungen\/#breadcrumb\",\"itemListElement\":[{\"@type\":\"ListItem\",\"position\":1,\"name\":\"Home\",\"item\":\"http:\/\/www.sadvitairko.lt\/de\/\"},{\"@type\":\"ListItem\",\"position\":2,\"name\":\"Logistik- und Transportdienstleistungen\"}]}]}<\/script>\n<!-- \/ Yoast SEO plugin. -->","yoast_head_json":{"description":"Professionelle Logistik- und Transportdienstleistungen auf dem Seeweg, Landweg und in der Luft, multimodale Transporte. Lagerung, Vermittlung beim Zoll.","robots":{"index":"index","follow":"follow","max-snippet":"max-snippet:-1","max-image-preview":"max-image-preview:large","max-video-preview":"max-video-preview:-1"},"canonical":"http:\/\/www.sadvitairko.lt\/de\/logistik-und-transportdienstleistungen\/","og_locale":"de_DE","og_type":"article","og_title":"Logistik- und Transportdienstleistungen | SADVITOS TRANSPORTAS","og_description":"Professionelle Logistik- und Transportdienstleistungen auf dem Seeweg, Landweg und in der Luft, multimodale Transporte. Lagerung, Vermittlung beim Zoll.","og_url":"http:\/\/www.sadvitairko.lt\/de\/logistik-und-transportdienstleistungen\/","og_site_name":"Sadvita","article_modified_time":"2016-05-20T06:52:14+00:00","twitter_card":"summary","schema":{"@context":"https:\/\/schema.org","@graph":[{"@type":"WebSite","@id":"http:\/\/www.sadvitairko.lt\/lt\/#website","url":"http:\/\/www.sadvitairko.lt\/lt\/","name":"Sadvita","description":"SADVITOS TRANSPORTAS","potentialAction":[{"@type":"SearchAction","target":{"@type":"EntryPoint","urlTemplate":"http:\/\/www.sadvitairko.lt\/lt\/?s={search_term_string}"},"query-input":"required name=search_term_string"}],"inLanguage":"de"},{"@type":"WebPage","@id":"http:\/\/www.sadvitairko.lt\/de\/logistik-und-transportdienstleistungen\/#webpage","url":"http:\/\/www.sadvitairko.lt\/de\/logistik-und-transportdienstleistungen\/","name":"Logistik- und Transportdienstleistungen | SADVITOS TRANSPORTAS","isPartOf":{"@id":"http:\/\/www.sadvitairko.lt\/lt\/#website"},"datePublished":"2015-08-18T10:57:41+00:00","dateModified":"2016-05-20T06:52:14+00:00","description":"Professionelle Logistik- und Transportdienstleistungen auf dem Seeweg, Landweg und in der Luft, multimodale Transporte. Lagerung, Vermittlung beim Zoll.","breadcrumb":{"@id":"http:\/\/www.sadvitairko.lt\/de\/logistik-und-transportdienstleistungen\/#breadcrumb"},"inLanguage":"de","potentialAction":[{"@type":"ReadAction","target":["http:\/\/www.sadvitairko.lt\/de\/logistik-und-transportdienstleistungen\/"]}]},{"@type":"BreadcrumbList","@id":"http:\/\/www.sadvitairko.lt\/de\/logistik-und-transportdienstleistungen\/#breadcrumb","itemListElement":[{"@type":"ListItem","position":1,"name":"Home","item":"http:\/\/www.sadvitairko.lt\/de\/"},{"@type":"ListItem","position":2,"name":"Logistik- und Transportdienstleistungen"}]}]}},"_links":{"self":[{"href":"http:\/\/www.sadvitairko.lt\/de\/wp-json\/wp\/v2\/pages\/1158"}],"collection":[{"href":"http:\/\/www.sadvitairko.lt\/de\/wp-json\/wp\/v2\/pages"}],"about":[{"href":"http:\/\/www.sadvitairko.lt\/de\/wp-json\/wp\/v2\/types\/page"}],"author":[{"embeddable":true,"href":"http:\/\/www.sadvitairko.lt\/de\/wp-json\/wp\/v2\/users\/3"}],"replies":[{"embeddable":true,"href":"http:\/\/www.sadvitairko.lt\/de\/wp-json\/wp\/v2\/comments?post=1158"}],"version-history":[{"count":0,"href":"http:\/\/www.sadvitairko.lt\/de\/wp-json\/wp\/v2\/pages\/1158\/revisions"}],"wp:attachment":[{"href":"http:\/\/www.sadvitairko.lt\/de\/wp-json\/wp\/v2\/media?parent=1158"}],"curies":[{"name":"wp","href":"https:\/\/api.w.org\/{rel}","templated":true}]}}