{"id":1160,"date":"2015-08-18T13:03:35","date_gmt":"2015-08-18T11:03:35","guid":{"rendered":"http:\/\/www.sadvitairko.lt\/?page_id=1160"},"modified":"2016-05-20T08:57:21","modified_gmt":"2016-05-20T06:57:21","slug":"guterbeforderung-auf-dem-seeweg","status":"publish","type":"page","link":"http:\/\/www.sadvitairko.lt\/de\/logistik-und-transportdienstleistungen\/guterbeforderung-auf-dem-seeweg\/","title":{"rendered":"G\u00fcterbef\u00f6rderung auf dem Seeweg"},"content":{"rendered":"<p>Die<strong> G\u00fcterbef\u00f6rderung auf dem Seeweg<\/strong>\u00a0ist die meistverbreitete Transportart, die die maximale Sicherheit der Fracht gew\u00e4hrleistet. Per Schiff werden Standardg\u00fcter und andere G\u00fcter, die diesen Anforderungen nicht entsprechen, transportiert; die besonders gro\u00dfe Nutzlast l\u00e4sst das Verschiffen schwerer Fracht und von Fracht mit gro\u00dfen Abmessungen zu. Zuverl\u00e4ssige Container sch\u00fctzen vor physischer Besch\u00e4digung und gestatten den Transport von Produkten in unterschiedlichen Aggregatzust\u00e4nden, d.\u00a0h. festen, lockere und fl\u00fcssige Stoffe.<\/p>\n<p>UAB \u201eSadvitos transportas\u201c arbeitet mit zuverl\u00e4ssigen Partnern zusammen, erbringt Dienstleistungen zur Bef\u00f6rderung voll beladener Container und von Teilfracht. Die hervorragend entwickelte logistische Infrastruktur garantiert den reibungslosen und unkomplizierten Ablauf der Arbeiten. UAB \u201eSadvitos transportas\u201c liefert Container zu (aus) Seeh\u00e4fen, f\u00fcllt die mit der G\u00fcterbef\u00f6rderung im Zusammenhang stehenden Unterlagen aus, nimmt Aufgaben als Zollvermittler wahr, organisiert die Arbeiten zur Abholung und Lieferung von Fracht.<\/p>\n<p><strong>Haben wir Ihr Interesse geweckt?\u00a0Nehmen Sie Kontakt mit uns auf.<\/strong><\/p>\n","protected":false},"excerpt":{"rendered":"<p>Die G\u00fcterbef\u00f6rderung auf dem Seeweg\u00a0ist die meistverbreitete Transportart, die die maximale Sicherheit der Fracht gew\u00e4hrleistet. Per Schiff werden Standardg\u00fcter und andere G\u00fcter, die diesen Anforderungen nicht entsprechen, transportiert; die besonders gro\u00dfe Nutzlast l\u00e4sst das Verschiffen schwerer Fracht und von Fracht mit gro\u00dfen Abmessungen zu. Zuverl\u00e4ssige Container sch\u00fctzen vor physischer Besch\u00e4digung und gestatten den Transport von [&hellip;]<\/p>\n","protected":false},"author":3,"featured_media":1051,"parent":1158,"menu_order":78,"comment_status":"closed","ping_status":"closed","template":"","meta":[],"yoast_head":"<!-- This site is optimized with the Yoast SEO plugin v17.4 - https:\/\/yoast.com\/wordpress\/plugins\/seo\/ -->\n<meta name=\"description\" content=\"G\u00fcterbef\u00f6rderung auf dem Seeweg. G\u00fctertransport und -spedition per Schiff, Containertransport auf lokalen und internationalen Wasserstra\u00dfen.\" \/>\n<meta name=\"robots\" content=\"index, follow, max-snippet:-1, max-image-preview:large, max-video-preview:-1\" \/>\n<link rel=\"canonical\" href=\"http:\/\/www.sadvitairko.lt\/de\/logistik-und-transportdienstleistungen\/guterbeforderung-auf-dem-seeweg\/\" \/>\n<meta property=\"og:locale\" content=\"de_DE\" \/>\n<meta property=\"og:type\" content=\"article\" \/>\n<meta property=\"og:title\" content=\"G\u00fcterbef\u00f6rderung auf dem Seeweg | SADVITOS TRANSPORTAS\" \/>\n<meta property=\"og:description\" content=\"G\u00fcterbef\u00f6rderung auf dem Seeweg. G\u00fctertransport und -spedition per Schiff, Containertransport auf lokalen und internationalen Wasserstra\u00dfen.\" \/>\n<meta property=\"og:url\" content=\"http:\/\/www.sadvitairko.lt\/de\/logistik-und-transportdienstleistungen\/guterbeforderung-auf-dem-seeweg\/\" \/>\n<meta property=\"og:site_name\" content=\"Sadvita\" \/>\n<meta property=\"article:modified_time\" content=\"2016-05-20T06:57:21+00:00\" \/>\n<meta property=\"og:image\" content=\"http:\/\/www.sadvitairko.lt\/wp-content\/uploads\/kroviniu_gabenimas_jura_large.jpg\" \/>\n\t<meta property=\"og:image:width\" content=\"900\" \/>\n\t<meta property=\"og:image:height\" content=\"300\" \/>\n<meta name=\"twitter:card\" content=\"summary\" \/>\n<meta name=\"twitter:label1\" content=\"Gesch\u00e4tzte Lesezeit\" \/>\n\t<meta name=\"twitter:data1\" content=\"1\u00a0Minute\" \/>\n<script type=\"application\/ld+json\" class=\"yoast-schema-graph\">{\"@context\":\"https:\/\/schema.org\",\"@graph\":[{\"@type\":\"WebSite\",\"@id\":\"http:\/\/www.sadvitairko.lt\/lt\/#website\",\"url\":\"http:\/\/www.sadvitairko.lt\/lt\/\",\"name\":\"Sadvita\",\"description\":\"SADVITOS TRANSPORTAS\",\"potentialAction\":[{\"@type\":\"SearchAction\",\"target\":{\"@type\":\"EntryPoint\",\"urlTemplate\":\"http:\/\/www.sadvitairko.lt\/lt\/?s={search_term_string}\"},\"query-input\":\"required name=search_term_string\"}],\"inLanguage\":\"de\"},{\"@type\":\"ImageObject\",\"@id\":\"http:\/\/www.sadvitairko.lt\/de\/logistik-und-transportdienstleistungen\/guterbeforderung-auf-dem-seeweg\/#primaryimage\",\"inLanguage\":\"de\",\"url\":\"http:\/\/www.sadvitairko.lt\/wp-content\/uploads\/kroviniu_gabenimas_jura_large.jpg\",\"contentUrl\":\"http:\/\/www.sadvitairko.lt\/wp-content\/uploads\/kroviniu_gabenimas_jura_large.jpg\",\"width\":900,\"height\":300,\"caption\":\"Krovini\\u0173 gabenimas j\\u016bra\"},{\"@type\":\"WebPage\",\"@id\":\"http:\/\/www.sadvitairko.lt\/de\/logistik-und-transportdienstleistungen\/guterbeforderung-auf-dem-seeweg\/#webpage\",\"url\":\"http:\/\/www.sadvitairko.lt\/de\/logistik-und-transportdienstleistungen\/guterbeforderung-auf-dem-seeweg\/\",\"name\":\"G\\u00fcterbef\\u00f6rderung auf dem Seeweg | SADVITOS TRANSPORTAS\",\"isPartOf\":{\"@id\":\"http:\/\/www.sadvitairko.lt\/lt\/#website\"},\"primaryImageOfPage\":{\"@id\":\"http:\/\/www.sadvitairko.lt\/de\/logistik-und-transportdienstleistungen\/guterbeforderung-auf-dem-seeweg\/#primaryimage\"},\"datePublished\":\"2015-08-18T11:03:35+00:00\",\"dateModified\":\"2016-05-20T06:57:21+00:00\",\"description\":\"G\\u00fcterbef\\u00f6rderung auf dem Seeweg. G\\u00fctertransport und -spedition per Schiff, Containertransport auf lokalen und internationalen Wasserstra\\u00dfen.\",\"breadcrumb\":{\"@id\":\"http:\/\/www.sadvitairko.lt\/de\/logistik-und-transportdienstleistungen\/guterbeforderung-auf-dem-seeweg\/#breadcrumb\"},\"inLanguage\":\"de\",\"potentialAction\":[{\"@type\":\"ReadAction\",\"target\":[\"http:\/\/www.sadvitairko.lt\/de\/logistik-und-transportdienstleistungen\/guterbeforderung-auf-dem-seeweg\/\"]}]},{\"@type\":\"BreadcrumbList\",\"@id\":\"http:\/\/www.sadvitairko.lt\/de\/logistik-und-transportdienstleistungen\/guterbeforderung-auf-dem-seeweg\/#breadcrumb\",\"itemListElement\":[{\"@type\":\"ListItem\",\"position\":1,\"name\":\"Home\",\"item\":\"http:\/\/www.sadvitairko.lt\/de\/\"},{\"@type\":\"ListItem\",\"position\":2,\"name\":\"Logistik- und Transportdienstleistungen\",\"item\":\"http:\/\/www.sadvitairko.lt\/de\/logistik-und-transportdienstleistungen\/\"},{\"@type\":\"ListItem\",\"position\":3,\"name\":\"G\\u00fcterbef\\u00f6rderung auf dem Seeweg\"}]}]}<\/script>\n<!-- \/ Yoast SEO plugin. -->","yoast_head_json":{"description":"G\u00fcterbef\u00f6rderung auf dem Seeweg. G\u00fctertransport und -spedition per Schiff, Containertransport auf lokalen und internationalen Wasserstra\u00dfen.","robots":{"index":"index","follow":"follow","max-snippet":"max-snippet:-1","max-image-preview":"max-image-preview:large","max-video-preview":"max-video-preview:-1"},"canonical":"http:\/\/www.sadvitairko.lt\/de\/logistik-und-transportdienstleistungen\/guterbeforderung-auf-dem-seeweg\/","og_locale":"de_DE","og_type":"article","og_title":"G\u00fcterbef\u00f6rderung auf dem Seeweg | SADVITOS TRANSPORTAS","og_description":"G\u00fcterbef\u00f6rderung auf dem Seeweg. G\u00fctertransport und -spedition per Schiff, Containertransport auf lokalen und internationalen Wasserstra\u00dfen.","og_url":"http:\/\/www.sadvitairko.lt\/de\/logistik-und-transportdienstleistungen\/guterbeforderung-auf-dem-seeweg\/","og_site_name":"Sadvita","article_modified_time":"2016-05-20T06:57:21+00:00","og_image":[{"width":900,"height":300,"url":"http:\/\/www.sadvitairko.lt\/wp-content\/uploads\/kroviniu_gabenimas_jura_large.jpg","type":"image\/jpeg"}],"twitter_card":"summary","twitter_misc":{"Gesch\u00e4tzte Lesezeit":"1\u00a0Minute"},"schema":{"@context":"https:\/\/schema.org","@graph":[{"@type":"WebSite","@id":"http:\/\/www.sadvitairko.lt\/lt\/#website","url":"http:\/\/www.sadvitairko.lt\/lt\/","name":"Sadvita","description":"SADVITOS TRANSPORTAS","potentialAction":[{"@type":"SearchAction","target":{"@type":"EntryPoint","urlTemplate":"http:\/\/www.sadvitairko.lt\/lt\/?s={search_term_string}"},"query-input":"required name=search_term_string"}],"inLanguage":"de"},{"@type":"ImageObject","@id":"http:\/\/www.sadvitairko.lt\/de\/logistik-und-transportdienstleistungen\/guterbeforderung-auf-dem-seeweg\/#primaryimage","inLanguage":"de","url":"http:\/\/www.sadvitairko.lt\/wp-content\/uploads\/kroviniu_gabenimas_jura_large.jpg","contentUrl":"http:\/\/www.sadvitairko.lt\/wp-content\/uploads\/kroviniu_gabenimas_jura_large.jpg","width":900,"height":300,"caption":"Krovini\u0173 gabenimas j\u016bra"},{"@type":"WebPage","@id":"http:\/\/www.sadvitairko.lt\/de\/logistik-und-transportdienstleistungen\/guterbeforderung-auf-dem-seeweg\/#webpage","url":"http:\/\/www.sadvitairko.lt\/de\/logistik-und-transportdienstleistungen\/guterbeforderung-auf-dem-seeweg\/","name":"G\u00fcterbef\u00f6rderung auf dem Seeweg | SADVITOS TRANSPORTAS","isPartOf":{"@id":"http:\/\/www.sadvitairko.lt\/lt\/#website"},"primaryImageOfPage":{"@id":"http:\/\/www.sadvitairko.lt\/de\/logistik-und-transportdienstleistungen\/guterbeforderung-auf-dem-seeweg\/#primaryimage"},"datePublished":"2015-08-18T11:03:35+00:00","dateModified":"2016-05-20T06:57:21+00:00","description":"G\u00fcterbef\u00f6rderung auf dem Seeweg. G\u00fctertransport und -spedition per Schiff, Containertransport auf lokalen und internationalen Wasserstra\u00dfen.","breadcrumb":{"@id":"http:\/\/www.sadvitairko.lt\/de\/logistik-und-transportdienstleistungen\/guterbeforderung-auf-dem-seeweg\/#breadcrumb"},"inLanguage":"de","potentialAction":[{"@type":"ReadAction","target":["http:\/\/www.sadvitairko.lt\/de\/logistik-und-transportdienstleistungen\/guterbeforderung-auf-dem-seeweg\/"]}]},{"@type":"BreadcrumbList","@id":"http:\/\/www.sadvitairko.lt\/de\/logistik-und-transportdienstleistungen\/guterbeforderung-auf-dem-seeweg\/#breadcrumb","itemListElement":[{"@type":"ListItem","position":1,"name":"Home","item":"http:\/\/www.sadvitairko.lt\/de\/"},{"@type":"ListItem","position":2,"name":"Logistik- und Transportdienstleistungen","item":"http:\/\/www.sadvitairko.lt\/de\/logistik-und-transportdienstleistungen\/"},{"@type":"ListItem","position":3,"name":"G\u00fcterbef\u00f6rderung auf dem Seeweg"}]}]}},"_links":{"self":[{"href":"http:\/\/www.sadvitairko.lt\/de\/wp-json\/wp\/v2\/pages\/1160"}],"collection":[{"href":"http:\/\/www.sadvitairko.lt\/de\/wp-json\/wp\/v2\/pages"}],"about":[{"href":"http:\/\/www.sadvitairko.lt\/de\/wp-json\/wp\/v2\/types\/page"}],"author":[{"embeddable":true,"href":"http:\/\/www.sadvitairko.lt\/de\/wp-json\/wp\/v2\/users\/3"}],"replies":[{"embeddable":true,"href":"http:\/\/www.sadvitairko.lt\/de\/wp-json\/wp\/v2\/comments?post=1160"}],"version-history":[{"count":0,"href":"http:\/\/www.sadvitairko.lt\/de\/wp-json\/wp\/v2\/pages\/1160\/revisions"}],"up":[{"embeddable":true,"href":"http:\/\/www.sadvitairko.lt\/de\/wp-json\/wp\/v2\/pages\/1158"}],"wp:featuredmedia":[{"embeddable":true,"href":"http:\/\/www.sadvitairko.lt\/de\/wp-json\/wp\/v2\/media\/1051"}],"wp:attachment":[{"href":"http:\/\/www.sadvitairko.lt\/de\/wp-json\/wp\/v2\/media?parent=1160"}],"curies":[{"name":"wp","href":"https:\/\/api.w.org\/{rel}","templated":true}]}}