{"id":1162,"date":"2015-08-18T13:07:48","date_gmt":"2015-08-18T11:07:48","guid":{"rendered":"http:\/\/www.sadvitairko.lt\/?page_id=1162"},"modified":"2016-05-20T08:53:05","modified_gmt":"2016-05-20T06:53:05","slug":"guterbeforderung-auf-dem-landweg","status":"publish","type":"page","link":"http:\/\/www.sadvitairko.lt\/de\/logistik-und-transportdienstleistungen\/guterbeforderung-auf-dem-landweg\/","title":{"rendered":"G\u00fcterbef\u00f6rderung auf dem Landweg"},"content":{"rendered":"<p>Die<strong> G\u00fcterbef\u00f6rderung auf dem Landweg<\/strong>\u00a0beinhaltet den Transport vollst\u00e4ndiger Fracht oder von Teilfracht auf der Stra\u00dfe. UAB \u201eSadvitos transportas\u201c stellt die optimale Route f\u00fcr die G\u00fcterbef\u00f6rderung zusammen, bietet Dienstleistungen zur Lagerung der G\u00fcter und Zollvermittlung an. Die Gesellschaft verf\u00fcgt \u00fcber einen gro\u00dfen Fuhrpark von Transportmitteln, bietet Dienstleistungen f\u00fcr den Transport von Fracht verschiedener Gr\u00f6\u00dfe im eigenen Land und f\u00fchrt internationale Transporte durch.<\/p>\n<p>Die G\u00fcterbef\u00f6rderung auf dem Landweg ist die flexibelste Art der G\u00fcterbef\u00f6rderung, mit der sich Fracht unterschiedlicher Gr\u00f6\u00dfe und unterschiedlichen Gewichts transportieren l\u00e4sst. Die Gesellschaft bietet Transportdienstleistungen f\u00fcr Standardg\u00fcter, G\u00fcter mit Sonderanforderungen und Gefahrengut, bef\u00f6rdert Lebensmittel und Fl\u00fcssigprodukte. Durch Einhaltung eines strengen Zeitplans gew\u00e4hrleistet UAB \u201eSadvitos transportas\u201c besonders genaue Versand- und Lieferfristen. Jede Route wird individuell geplant, und aus diesem Grund werden die optimalen Kosten f\u00fcr die G\u00fcterbef\u00f6rderung erzielt.<\/p>\n<p><strong>Haben wir Ihr Interesse geweckt?\u00a0Nehmen Sie Kontakt mit uns auf.<\/strong><\/p>\n","protected":false},"excerpt":{"rendered":"<p>Die G\u00fcterbef\u00f6rderung auf dem Landweg\u00a0beinhaltet den Transport vollst\u00e4ndiger Fracht oder von Teilfracht auf der Stra\u00dfe. UAB \u201eSadvitos transportas\u201c stellt die optimale Route f\u00fcr die G\u00fcterbef\u00f6rderung zusammen, bietet Dienstleistungen zur Lagerung der G\u00fcter und Zollvermittlung an. Die Gesellschaft verf\u00fcgt \u00fcber einen gro\u00dfen Fuhrpark von Transportmitteln, bietet Dienstleistungen f\u00fcr den Transport von Fracht verschiedener Gr\u00f6\u00dfe im eigenen [&hellip;]<\/p>\n","protected":false},"author":3,"featured_media":1099,"parent":1158,"menu_order":20,"comment_status":"closed","ping_status":"closed","template":"","meta":[],"yoast_head":"<!-- This site is optimized with the Yoast SEO plugin v17.4 - https:\/\/yoast.com\/wordpress\/plugins\/seo\/ -->\n<meta name=\"description\" content=\"G\u00fcterbef\u00f6rderung auf dem Landweg, Transport voller Fracht oder Teilfracht auf der Stra\u00dfe. G\u00fctertransport auf dem Landweg, Auswahl von Routen, Vermittlung beim Zoll.\" \/>\n<meta name=\"robots\" content=\"index, follow, max-snippet:-1, max-image-preview:large, max-video-preview:-1\" \/>\n<link rel=\"canonical\" href=\"http:\/\/www.sadvitairko.lt\/de\/logistik-und-transportdienstleistungen\/guterbeforderung-auf-dem-landweg\/\" \/>\n<meta property=\"og:locale\" content=\"de_DE\" \/>\n<meta property=\"og:type\" content=\"article\" \/>\n<meta property=\"og:title\" content=\"G\u00fcterbef\u00f6rderung auf dem Landweg | SADVITOS TRANSPORTAS\" \/>\n<meta property=\"og:description\" content=\"G\u00fcterbef\u00f6rderung auf dem Landweg, Transport voller Fracht oder Teilfracht auf der Stra\u00dfe. G\u00fctertransport auf dem Landweg, Auswahl von Routen, Vermittlung beim Zoll.\" \/>\n<meta property=\"og:url\" content=\"http:\/\/www.sadvitairko.lt\/de\/logistik-und-transportdienstleistungen\/guterbeforderung-auf-dem-landweg\/\" \/>\n<meta property=\"og:site_name\" content=\"Sadvita\" \/>\n<meta property=\"article:modified_time\" content=\"2016-05-20T06:53:05+00:00\" \/>\n<meta property=\"og:image\" content=\"http:\/\/www.sadvitairko.lt\/wp-content\/uploads\/kroviniu_pervezimas_zeme_large.jpg\" \/>\n\t<meta property=\"og:image:width\" content=\"900\" \/>\n\t<meta property=\"og:image:height\" content=\"300\" \/>\n<meta name=\"twitter:card\" content=\"summary\" \/>\n<meta name=\"twitter:label1\" content=\"Gesch\u00e4tzte Lesezeit\" \/>\n\t<meta name=\"twitter:data1\" content=\"1\u00a0Minute\" \/>\n<script type=\"application\/ld+json\" class=\"yoast-schema-graph\">{\"@context\":\"https:\/\/schema.org\",\"@graph\":[{\"@type\":\"WebSite\",\"@id\":\"http:\/\/www.sadvitairko.lt\/lt\/#website\",\"url\":\"http:\/\/www.sadvitairko.lt\/lt\/\",\"name\":\"Sadvita\",\"description\":\"SADVITOS TRANSPORTAS\",\"potentialAction\":[{\"@type\":\"SearchAction\",\"target\":{\"@type\":\"EntryPoint\",\"urlTemplate\":\"http:\/\/www.sadvitairko.lt\/lt\/?s={search_term_string}\"},\"query-input\":\"required name=search_term_string\"}],\"inLanguage\":\"de\"},{\"@type\":\"ImageObject\",\"@id\":\"http:\/\/www.sadvitairko.lt\/de\/logistik-und-transportdienstleistungen\/guterbeforderung-auf-dem-landweg\/#primaryimage\",\"inLanguage\":\"de\",\"url\":\"http:\/\/www.sadvitairko.lt\/wp-content\/uploads\/kroviniu_pervezimas_zeme_large.jpg\",\"contentUrl\":\"http:\/\/www.sadvitairko.lt\/wp-content\/uploads\/kroviniu_pervezimas_zeme_large.jpg\",\"width\":900,\"height\":300},{\"@type\":\"WebPage\",\"@id\":\"http:\/\/www.sadvitairko.lt\/de\/logistik-und-transportdienstleistungen\/guterbeforderung-auf-dem-landweg\/#webpage\",\"url\":\"http:\/\/www.sadvitairko.lt\/de\/logistik-und-transportdienstleistungen\/guterbeforderung-auf-dem-landweg\/\",\"name\":\"G\\u00fcterbef\\u00f6rderung auf dem Landweg | SADVITOS TRANSPORTAS\",\"isPartOf\":{\"@id\":\"http:\/\/www.sadvitairko.lt\/lt\/#website\"},\"primaryImageOfPage\":{\"@id\":\"http:\/\/www.sadvitairko.lt\/de\/logistik-und-transportdienstleistungen\/guterbeforderung-auf-dem-landweg\/#primaryimage\"},\"datePublished\":\"2015-08-18T11:07:48+00:00\",\"dateModified\":\"2016-05-20T06:53:05+00:00\",\"description\":\"G\\u00fcterbef\\u00f6rderung auf dem Landweg, Transport voller Fracht oder Teilfracht auf der Stra\\u00dfe. G\\u00fctertransport auf dem Landweg, Auswahl von Routen, Vermittlung beim Zoll.\",\"breadcrumb\":{\"@id\":\"http:\/\/www.sadvitairko.lt\/de\/logistik-und-transportdienstleistungen\/guterbeforderung-auf-dem-landweg\/#breadcrumb\"},\"inLanguage\":\"de\",\"potentialAction\":[{\"@type\":\"ReadAction\",\"target\":[\"http:\/\/www.sadvitairko.lt\/de\/logistik-und-transportdienstleistungen\/guterbeforderung-auf-dem-landweg\/\"]}]},{\"@type\":\"BreadcrumbList\",\"@id\":\"http:\/\/www.sadvitairko.lt\/de\/logistik-und-transportdienstleistungen\/guterbeforderung-auf-dem-landweg\/#breadcrumb\",\"itemListElement\":[{\"@type\":\"ListItem\",\"position\":1,\"name\":\"Home\",\"item\":\"http:\/\/www.sadvitairko.lt\/de\/\"},{\"@type\":\"ListItem\",\"position\":2,\"name\":\"Logistik- und Transportdienstleistungen\",\"item\":\"http:\/\/www.sadvitairko.lt\/de\/logistik-und-transportdienstleistungen\/\"},{\"@type\":\"ListItem\",\"position\":3,\"name\":\"G\\u00fcterbef\\u00f6rderung auf dem Landweg\"}]}]}<\/script>\n<!-- \/ Yoast SEO plugin. -->","yoast_head_json":{"description":"G\u00fcterbef\u00f6rderung auf dem Landweg, Transport voller Fracht oder Teilfracht auf der Stra\u00dfe. G\u00fctertransport auf dem Landweg, Auswahl von Routen, Vermittlung beim Zoll.","robots":{"index":"index","follow":"follow","max-snippet":"max-snippet:-1","max-image-preview":"max-image-preview:large","max-video-preview":"max-video-preview:-1"},"canonical":"http:\/\/www.sadvitairko.lt\/de\/logistik-und-transportdienstleistungen\/guterbeforderung-auf-dem-landweg\/","og_locale":"de_DE","og_type":"article","og_title":"G\u00fcterbef\u00f6rderung auf dem Landweg | SADVITOS TRANSPORTAS","og_description":"G\u00fcterbef\u00f6rderung auf dem Landweg, Transport voller Fracht oder Teilfracht auf der Stra\u00dfe. G\u00fctertransport auf dem Landweg, Auswahl von Routen, Vermittlung beim Zoll.","og_url":"http:\/\/www.sadvitairko.lt\/de\/logistik-und-transportdienstleistungen\/guterbeforderung-auf-dem-landweg\/","og_site_name":"Sadvita","article_modified_time":"2016-05-20T06:53:05+00:00","og_image":[{"width":900,"height":300,"url":"http:\/\/www.sadvitairko.lt\/wp-content\/uploads\/kroviniu_pervezimas_zeme_large.jpg","type":"image\/jpeg"}],"twitter_card":"summary","twitter_misc":{"Gesch\u00e4tzte Lesezeit":"1\u00a0Minute"},"schema":{"@context":"https:\/\/schema.org","@graph":[{"@type":"WebSite","@id":"http:\/\/www.sadvitairko.lt\/lt\/#website","url":"http:\/\/www.sadvitairko.lt\/lt\/","name":"Sadvita","description":"SADVITOS TRANSPORTAS","potentialAction":[{"@type":"SearchAction","target":{"@type":"EntryPoint","urlTemplate":"http:\/\/www.sadvitairko.lt\/lt\/?s={search_term_string}"},"query-input":"required name=search_term_string"}],"inLanguage":"de"},{"@type":"ImageObject","@id":"http:\/\/www.sadvitairko.lt\/de\/logistik-und-transportdienstleistungen\/guterbeforderung-auf-dem-landweg\/#primaryimage","inLanguage":"de","url":"http:\/\/www.sadvitairko.lt\/wp-content\/uploads\/kroviniu_pervezimas_zeme_large.jpg","contentUrl":"http:\/\/www.sadvitairko.lt\/wp-content\/uploads\/kroviniu_pervezimas_zeme_large.jpg","width":900,"height":300},{"@type":"WebPage","@id":"http:\/\/www.sadvitairko.lt\/de\/logistik-und-transportdienstleistungen\/guterbeforderung-auf-dem-landweg\/#webpage","url":"http:\/\/www.sadvitairko.lt\/de\/logistik-und-transportdienstleistungen\/guterbeforderung-auf-dem-landweg\/","name":"G\u00fcterbef\u00f6rderung auf dem Landweg | SADVITOS TRANSPORTAS","isPartOf":{"@id":"http:\/\/www.sadvitairko.lt\/lt\/#website"},"primaryImageOfPage":{"@id":"http:\/\/www.sadvitairko.lt\/de\/logistik-und-transportdienstleistungen\/guterbeforderung-auf-dem-landweg\/#primaryimage"},"datePublished":"2015-08-18T11:07:48+00:00","dateModified":"2016-05-20T06:53:05+00:00","description":"G\u00fcterbef\u00f6rderung auf dem Landweg, Transport voller Fracht oder Teilfracht auf der Stra\u00dfe. G\u00fctertransport auf dem Landweg, Auswahl von Routen, Vermittlung beim Zoll.","breadcrumb":{"@id":"http:\/\/www.sadvitairko.lt\/de\/logistik-und-transportdienstleistungen\/guterbeforderung-auf-dem-landweg\/#breadcrumb"},"inLanguage":"de","potentialAction":[{"@type":"ReadAction","target":["http:\/\/www.sadvitairko.lt\/de\/logistik-und-transportdienstleistungen\/guterbeforderung-auf-dem-landweg\/"]}]},{"@type":"BreadcrumbList","@id":"http:\/\/www.sadvitairko.lt\/de\/logistik-und-transportdienstleistungen\/guterbeforderung-auf-dem-landweg\/#breadcrumb","itemListElement":[{"@type":"ListItem","position":1,"name":"Home","item":"http:\/\/www.sadvitairko.lt\/de\/"},{"@type":"ListItem","position":2,"name":"Logistik- und Transportdienstleistungen","item":"http:\/\/www.sadvitairko.lt\/de\/logistik-und-transportdienstleistungen\/"},{"@type":"ListItem","position":3,"name":"G\u00fcterbef\u00f6rderung auf dem Landweg"}]}]}},"_links":{"self":[{"href":"http:\/\/www.sadvitairko.lt\/de\/wp-json\/wp\/v2\/pages\/1162"}],"collection":[{"href":"http:\/\/www.sadvitairko.lt\/de\/wp-json\/wp\/v2\/pages"}],"about":[{"href":"http:\/\/www.sadvitairko.lt\/de\/wp-json\/wp\/v2\/types\/page"}],"author":[{"embeddable":true,"href":"http:\/\/www.sadvitairko.lt\/de\/wp-json\/wp\/v2\/users\/3"}],"replies":[{"embeddable":true,"href":"http:\/\/www.sadvitairko.lt\/de\/wp-json\/wp\/v2\/comments?post=1162"}],"version-history":[{"count":0,"href":"http:\/\/www.sadvitairko.lt\/de\/wp-json\/wp\/v2\/pages\/1162\/revisions"}],"up":[{"embeddable":true,"href":"http:\/\/www.sadvitairko.lt\/de\/wp-json\/wp\/v2\/pages\/1158"}],"wp:featuredmedia":[{"embeddable":true,"href":"http:\/\/www.sadvitairko.lt\/de\/wp-json\/wp\/v2\/media\/1099"}],"wp:attachment":[{"href":"http:\/\/www.sadvitairko.lt\/de\/wp-json\/wp\/v2\/media?parent=1162"}],"curies":[{"name":"wp","href":"https:\/\/api.w.org\/{rel}","templated":true}]}}