{"id":1164,"date":"2015-08-18T13:12:06","date_gmt":"2015-08-18T11:12:06","guid":{"rendered":"http:\/\/www.sadvitairko.lt\/?page_id=1164"},"modified":"2016-05-20T08:54:35","modified_gmt":"2016-05-20T06:54:35","slug":"guterbeforderung-auf-der-schiene","status":"publish","type":"page","link":"http:\/\/www.sadvitairko.lt\/de\/logistik-und-transportdienstleistungen\/guterbeforderung-auf-der-schiene\/","title":{"rendered":"G\u00fcterbef\u00f6rderung auf der Schiene"},"content":{"rendered":"<p>Die<strong> G\u00fcterbef\u00f6rderung auf der Schiene<\/strong> ist die wirtschaftlich n\u00fctzlichste Art des G\u00fctertransports, die die Bef\u00f6rderung von Produkten unterschiedlicher Ma\u00dfe, unterschiedlichen Gewichts und von Produkten mit \u00dcbergr\u00f6\u00dfe erm\u00f6glicht. Die Transportkosten \u2013 im Vergleich mit der G\u00fcterbef\u00f6rderung auf der Stra\u00dfe \u2013 verringern sich um mehr als 30\u00a0Prozent. Stabile Container und verschiedenartige Wagons sch\u00fctzen die Waren vor physischer Besch\u00e4digung und sch\u00e4dlichen Umwelteinfl\u00fcssen.<\/p>\n<p>UAB \u201eSadvitos transportas\u201c bietet Transportdienstleistungen mit G\u00fcterwagen und f\u00fchrt Transporte in Russland und den GUS-Staaten durch. Die Ausr\u00fcstung der Wagons wird unter Ber\u00fccksichtigung der Eigenschaften der zu transportierenden Ware individuell zusammengestellt, und auf diese Weise entstehen geringere Transportkosten. Die Gesellschaft w\u00e4hlt die optimalen Routen f\u00fcr den G\u00fctertransport, bearbeitet die mit der G\u00fcterbef\u00f6rderung in Zusammenhang stehenden Unterlagen und vertritt Kundeninteressen beim Zoll. Das Unternehmen arbeitet mit zuverl\u00e4ssigen Partnern im Ausland zusammen, die eine langj\u00e4hrige Arbeitserfahrung haben.<\/p>\n<p><strong>Haben wir Ihr Interesse geweckt?\u00a0Nehmen Sie Kontakt mit uns auf.<\/strong><\/p>\n","protected":false},"excerpt":{"rendered":"<p>Die G\u00fcterbef\u00f6rderung auf der Schiene ist die wirtschaftlich n\u00fctzlichste Art des G\u00fctertransports, die die Bef\u00f6rderung von Produkten unterschiedlicher Ma\u00dfe, unterschiedlichen Gewichts und von Produkten mit \u00dcbergr\u00f6\u00dfe erm\u00f6glicht. Die Transportkosten \u2013 im Vergleich mit der G\u00fcterbef\u00f6rderung auf der Stra\u00dfe \u2013 verringern sich um mehr als 30\u00a0Prozent. Stabile Container und verschiedenartige Wagons sch\u00fctzen die Waren vor physischer [&hellip;]<\/p>\n","protected":false},"author":3,"featured_media":1103,"parent":1158,"menu_order":36,"comment_status":"closed","ping_status":"closed","template":"","meta":[],"yoast_head":"<!-- This site is optimized with the Yoast SEO plugin v17.4 - https:\/\/yoast.com\/wordpress\/plugins\/seo\/ -->\n<meta name=\"description\" content=\"G\u00fcterbef\u00f6rderung auf der Schiene. G\u00fcterbef\u00f6rderung mit Wagons, offenen G\u00fcterwagen, Plattformen und Containern unterschiedlichen Volumens. Maximale Sicherheit und Operativit\u00e4t.\" \/>\n<meta name=\"robots\" content=\"index, follow, max-snippet:-1, max-image-preview:large, max-video-preview:-1\" \/>\n<link rel=\"canonical\" href=\"http:\/\/www.sadvitairko.lt\/de\/logistik-und-transportdienstleistungen\/guterbeforderung-auf-der-schiene\/\" \/>\n<meta property=\"og:locale\" content=\"de_DE\" \/>\n<meta property=\"og:type\" content=\"article\" \/>\n<meta property=\"og:title\" content=\"G\u00fcterbef\u00f6rderung auf der Schiene | SADVITOS TRANSPORTAS\" \/>\n<meta property=\"og:description\" content=\"G\u00fcterbef\u00f6rderung auf der Schiene. G\u00fcterbef\u00f6rderung mit Wagons, offenen G\u00fcterwagen, Plattformen und Containern unterschiedlichen Volumens. Maximale Sicherheit und Operativit\u00e4t.\" \/>\n<meta property=\"og:url\" content=\"http:\/\/www.sadvitairko.lt\/de\/logistik-und-transportdienstleistungen\/guterbeforderung-auf-der-schiene\/\" \/>\n<meta property=\"og:site_name\" content=\"Sadvita\" \/>\n<meta property=\"article:modified_time\" content=\"2016-05-20T06:54:35+00:00\" \/>\n<meta property=\"og:image\" content=\"http:\/\/www.sadvitairko.lt\/wp-content\/uploads\/kroviniu_gabenimas_gelezinkeliu_large.jpg\" \/>\n\t<meta property=\"og:image:width\" content=\"900\" \/>\n\t<meta property=\"og:image:height\" content=\"300\" \/>\n<meta name=\"twitter:card\" content=\"summary\" \/>\n<meta name=\"twitter:label1\" content=\"Gesch\u00e4tzte Lesezeit\" \/>\n\t<meta name=\"twitter:data1\" content=\"1\u00a0Minute\" \/>\n<script type=\"application\/ld+json\" class=\"yoast-schema-graph\">{\"@context\":\"https:\/\/schema.org\",\"@graph\":[{\"@type\":\"WebSite\",\"@id\":\"http:\/\/www.sadvitairko.lt\/lt\/#website\",\"url\":\"http:\/\/www.sadvitairko.lt\/lt\/\",\"name\":\"Sadvita\",\"description\":\"SADVITOS TRANSPORTAS\",\"potentialAction\":[{\"@type\":\"SearchAction\",\"target\":{\"@type\":\"EntryPoint\",\"urlTemplate\":\"http:\/\/www.sadvitairko.lt\/lt\/?s={search_term_string}\"},\"query-input\":\"required name=search_term_string\"}],\"inLanguage\":\"de\"},{\"@type\":\"ImageObject\",\"@id\":\"http:\/\/www.sadvitairko.lt\/de\/logistik-und-transportdienstleistungen\/guterbeforderung-auf-der-schiene\/#primaryimage\",\"inLanguage\":\"de\",\"url\":\"http:\/\/www.sadvitairko.lt\/wp-content\/uploads\/kroviniu_gabenimas_gelezinkeliu_large.jpg\",\"contentUrl\":\"http:\/\/www.sadvitairko.lt\/wp-content\/uploads\/kroviniu_gabenimas_gelezinkeliu_large.jpg\",\"width\":900,\"height\":300},{\"@type\":\"WebPage\",\"@id\":\"http:\/\/www.sadvitairko.lt\/de\/logistik-und-transportdienstleistungen\/guterbeforderung-auf-der-schiene\/#webpage\",\"url\":\"http:\/\/www.sadvitairko.lt\/de\/logistik-und-transportdienstleistungen\/guterbeforderung-auf-der-schiene\/\",\"name\":\"G\\u00fcterbef\\u00f6rderung auf der Schiene | SADVITOS TRANSPORTAS\",\"isPartOf\":{\"@id\":\"http:\/\/www.sadvitairko.lt\/lt\/#website\"},\"primaryImageOfPage\":{\"@id\":\"http:\/\/www.sadvitairko.lt\/de\/logistik-und-transportdienstleistungen\/guterbeforderung-auf-der-schiene\/#primaryimage\"},\"datePublished\":\"2015-08-18T11:12:06+00:00\",\"dateModified\":\"2016-05-20T06:54:35+00:00\",\"description\":\"G\\u00fcterbef\\u00f6rderung auf der Schiene. G\\u00fcterbef\\u00f6rderung mit Wagons, offenen G\\u00fcterwagen, Plattformen und Containern unterschiedlichen Volumens. Maximale Sicherheit und Operativit\\u00e4t.\",\"breadcrumb\":{\"@id\":\"http:\/\/www.sadvitairko.lt\/de\/logistik-und-transportdienstleistungen\/guterbeforderung-auf-der-schiene\/#breadcrumb\"},\"inLanguage\":\"de\",\"potentialAction\":[{\"@type\":\"ReadAction\",\"target\":[\"http:\/\/www.sadvitairko.lt\/de\/logistik-und-transportdienstleistungen\/guterbeforderung-auf-der-schiene\/\"]}]},{\"@type\":\"BreadcrumbList\",\"@id\":\"http:\/\/www.sadvitairko.lt\/de\/logistik-und-transportdienstleistungen\/guterbeforderung-auf-der-schiene\/#breadcrumb\",\"itemListElement\":[{\"@type\":\"ListItem\",\"position\":1,\"name\":\"Home\",\"item\":\"http:\/\/www.sadvitairko.lt\/de\/\"},{\"@type\":\"ListItem\",\"position\":2,\"name\":\"Logistik- und Transportdienstleistungen\",\"item\":\"http:\/\/www.sadvitairko.lt\/de\/logistik-und-transportdienstleistungen\/\"},{\"@type\":\"ListItem\",\"position\":3,\"name\":\"G\\u00fcterbef\\u00f6rderung auf der Schiene\"}]}]}<\/script>\n<!-- \/ Yoast SEO plugin. -->","yoast_head_json":{"description":"G\u00fcterbef\u00f6rderung auf der Schiene. G\u00fcterbef\u00f6rderung mit Wagons, offenen G\u00fcterwagen, Plattformen und Containern unterschiedlichen Volumens. Maximale Sicherheit und Operativit\u00e4t.","robots":{"index":"index","follow":"follow","max-snippet":"max-snippet:-1","max-image-preview":"max-image-preview:large","max-video-preview":"max-video-preview:-1"},"canonical":"http:\/\/www.sadvitairko.lt\/de\/logistik-und-transportdienstleistungen\/guterbeforderung-auf-der-schiene\/","og_locale":"de_DE","og_type":"article","og_title":"G\u00fcterbef\u00f6rderung auf der Schiene | SADVITOS TRANSPORTAS","og_description":"G\u00fcterbef\u00f6rderung auf der Schiene. G\u00fcterbef\u00f6rderung mit Wagons, offenen G\u00fcterwagen, Plattformen und Containern unterschiedlichen Volumens. Maximale Sicherheit und Operativit\u00e4t.","og_url":"http:\/\/www.sadvitairko.lt\/de\/logistik-und-transportdienstleistungen\/guterbeforderung-auf-der-schiene\/","og_site_name":"Sadvita","article_modified_time":"2016-05-20T06:54:35+00:00","og_image":[{"width":900,"height":300,"url":"http:\/\/www.sadvitairko.lt\/wp-content\/uploads\/kroviniu_gabenimas_gelezinkeliu_large.jpg","type":"image\/jpeg"}],"twitter_card":"summary","twitter_misc":{"Gesch\u00e4tzte Lesezeit":"1\u00a0Minute"},"schema":{"@context":"https:\/\/schema.org","@graph":[{"@type":"WebSite","@id":"http:\/\/www.sadvitairko.lt\/lt\/#website","url":"http:\/\/www.sadvitairko.lt\/lt\/","name":"Sadvita","description":"SADVITOS TRANSPORTAS","potentialAction":[{"@type":"SearchAction","target":{"@type":"EntryPoint","urlTemplate":"http:\/\/www.sadvitairko.lt\/lt\/?s={search_term_string}"},"query-input":"required name=search_term_string"}],"inLanguage":"de"},{"@type":"ImageObject","@id":"http:\/\/www.sadvitairko.lt\/de\/logistik-und-transportdienstleistungen\/guterbeforderung-auf-der-schiene\/#primaryimage","inLanguage":"de","url":"http:\/\/www.sadvitairko.lt\/wp-content\/uploads\/kroviniu_gabenimas_gelezinkeliu_large.jpg","contentUrl":"http:\/\/www.sadvitairko.lt\/wp-content\/uploads\/kroviniu_gabenimas_gelezinkeliu_large.jpg","width":900,"height":300},{"@type":"WebPage","@id":"http:\/\/www.sadvitairko.lt\/de\/logistik-und-transportdienstleistungen\/guterbeforderung-auf-der-schiene\/#webpage","url":"http:\/\/www.sadvitairko.lt\/de\/logistik-und-transportdienstleistungen\/guterbeforderung-auf-der-schiene\/","name":"G\u00fcterbef\u00f6rderung auf der Schiene | SADVITOS TRANSPORTAS","isPartOf":{"@id":"http:\/\/www.sadvitairko.lt\/lt\/#website"},"primaryImageOfPage":{"@id":"http:\/\/www.sadvitairko.lt\/de\/logistik-und-transportdienstleistungen\/guterbeforderung-auf-der-schiene\/#primaryimage"},"datePublished":"2015-08-18T11:12:06+00:00","dateModified":"2016-05-20T06:54:35+00:00","description":"G\u00fcterbef\u00f6rderung auf der Schiene. G\u00fcterbef\u00f6rderung mit Wagons, offenen G\u00fcterwagen, Plattformen und Containern unterschiedlichen Volumens. Maximale Sicherheit und Operativit\u00e4t.","breadcrumb":{"@id":"http:\/\/www.sadvitairko.lt\/de\/logistik-und-transportdienstleistungen\/guterbeforderung-auf-der-schiene\/#breadcrumb"},"inLanguage":"de","potentialAction":[{"@type":"ReadAction","target":["http:\/\/www.sadvitairko.lt\/de\/logistik-und-transportdienstleistungen\/guterbeforderung-auf-der-schiene\/"]}]},{"@type":"BreadcrumbList","@id":"http:\/\/www.sadvitairko.lt\/de\/logistik-und-transportdienstleistungen\/guterbeforderung-auf-der-schiene\/#breadcrumb","itemListElement":[{"@type":"ListItem","position":1,"name":"Home","item":"http:\/\/www.sadvitairko.lt\/de\/"},{"@type":"ListItem","position":2,"name":"Logistik- und Transportdienstleistungen","item":"http:\/\/www.sadvitairko.lt\/de\/logistik-und-transportdienstleistungen\/"},{"@type":"ListItem","position":3,"name":"G\u00fcterbef\u00f6rderung auf der Schiene"}]}]}},"_links":{"self":[{"href":"http:\/\/www.sadvitairko.lt\/de\/wp-json\/wp\/v2\/pages\/1164"}],"collection":[{"href":"http:\/\/www.sadvitairko.lt\/de\/wp-json\/wp\/v2\/pages"}],"about":[{"href":"http:\/\/www.sadvitairko.lt\/de\/wp-json\/wp\/v2\/types\/page"}],"author":[{"embeddable":true,"href":"http:\/\/www.sadvitairko.lt\/de\/wp-json\/wp\/v2\/users\/3"}],"replies":[{"embeddable":true,"href":"http:\/\/www.sadvitairko.lt\/de\/wp-json\/wp\/v2\/comments?post=1164"}],"version-history":[{"count":0,"href":"http:\/\/www.sadvitairko.lt\/de\/wp-json\/wp\/v2\/pages\/1164\/revisions"}],"up":[{"embeddable":true,"href":"http:\/\/www.sadvitairko.lt\/de\/wp-json\/wp\/v2\/pages\/1158"}],"wp:featuredmedia":[{"embeddable":true,"href":"http:\/\/www.sadvitairko.lt\/de\/wp-json\/wp\/v2\/media\/1103"}],"wp:attachment":[{"href":"http:\/\/www.sadvitairko.lt\/de\/wp-json\/wp\/v2\/media?parent=1164"}],"curies":[{"name":"wp","href":"https:\/\/api.w.org\/{rel}","templated":true}]}}