{"id":1166,"date":"2015-08-18T13:15:24","date_gmt":"2015-08-18T11:15:24","guid":{"rendered":"http:\/\/www.sadvitairko.lt\/?page_id=1166"},"modified":"2016-05-20T08:53:33","modified_gmt":"2016-05-20T06:53:33","slug":"guterbeforderung-in-der-luft","status":"publish","type":"page","link":"http:\/\/www.sadvitairko.lt\/de\/logistik-und-transportdienstleistungen\/guterbeforderung-in-der-luft\/","title":{"rendered":"G\u00fcterbef\u00f6rderung in der Luft"},"content":{"rendered":"<p>Die<strong> G\u00fcterbef\u00f6rderung in der Luft<\/strong> ist die schnellste und sicherste Art des G\u00fctertransports, bei der eiliger, schnell verderblicher, gef\u00e4hrlicher und hochwertiger Fracht besondere Aufmerksamkeit beigemessen wird. Die G\u00fcterbef\u00f6rderung kann in unterschiedliche L\u00e4nder der Welt erfolgen, wobei die Anforderungen bez\u00fcglich einer minimalen Lieferzeit eingehalten werden; d.\u00a0h. der Lufttransport und die ausgebaute Infrastruktur erm\u00f6glichen das \u00dcberwinden gro\u00dfer Entfernungen in maximal kurzer Zeit.<\/p>\n<p>UAB \u201eSadvitos transportas\u201c bietet professionelle Dienstleistungen im Bereich Luftlogistik. Der G\u00fctertransport findet in alle L\u00e4nder weltweit statt; dabei werden Standardg\u00fcter, \u00fcbergro\u00dfe, gef\u00e4hrliche G\u00fcter und G\u00fcter, die ein spezielles Temperaturregime erfordern, transportiert. Die Gesellschaft setzt die Frachtdokumente auf und bietet Vermittlungsdienstleistungen beim Zoll. Auf Kundenwunsch \u00fcbernimmt UAB \u201eSadvitos transportas\u201c Lagerung, Sortierung und Verpackung von G\u00fctern, organisiert die Abholung und Lieferung.<\/p>\n<p><strong>Haben wir Ihr Interesse geweckt?\u00a0Nehmen Sie Kontakt mit uns auf.<\/strong><\/p>\n","protected":false},"excerpt":{"rendered":"<p>Die G\u00fcterbef\u00f6rderung in der Luft ist die schnellste und sicherste Art des G\u00fctertransports, bei der eiliger, schnell verderblicher, gef\u00e4hrlicher und hochwertiger Fracht besondere Aufmerksamkeit beigemessen wird. Die G\u00fcterbef\u00f6rderung kann in unterschiedliche L\u00e4nder der Welt erfolgen, wobei die Anforderungen bez\u00fcglich einer minimalen Lieferzeit eingehalten werden; d.\u00a0h. der Lufttransport und die ausgebaute Infrastruktur erm\u00f6glichen das \u00dcberwinden gro\u00dfer [&hellip;]<\/p>\n","protected":false},"author":3,"featured_media":1053,"parent":1158,"menu_order":28,"comment_status":"closed","ping_status":"closed","template":"","meta":[],"yoast_head":"<!-- This site is optimized with the Yoast SEO plugin v17.4 - https:\/\/yoast.com\/wordpress\/plugins\/seo\/ -->\n<meta name=\"description\" content=\"G\u00fcterbef\u00f6rderung in der Luft. Transport eiliger, wertvoller und schnell verderblicher G\u00fcter. Aufsetzung von Frachtdokumenten, Besch\u00e4ftigung mit Zollformalit\u00e4ten.\" \/>\n<meta name=\"robots\" content=\"index, follow, max-snippet:-1, max-image-preview:large, max-video-preview:-1\" \/>\n<link rel=\"canonical\" href=\"http:\/\/www.sadvitairko.lt\/de\/logistik-und-transportdienstleistungen\/guterbeforderung-in-der-luft\/\" \/>\n<meta property=\"og:locale\" content=\"de_DE\" \/>\n<meta property=\"og:type\" content=\"article\" \/>\n<meta property=\"og:title\" content=\"G\u00fcterbef\u00f6rderung in der Luft | SADVITOS TRANSPORTAS\" \/>\n<meta property=\"og:description\" content=\"G\u00fcterbef\u00f6rderung in der Luft. Transport eiliger, wertvoller und schnell verderblicher G\u00fcter. Aufsetzung von Frachtdokumenten, Besch\u00e4ftigung mit Zollformalit\u00e4ten.\" \/>\n<meta property=\"og:url\" content=\"http:\/\/www.sadvitairko.lt\/de\/logistik-und-transportdienstleistungen\/guterbeforderung-in-der-luft\/\" \/>\n<meta property=\"og:site_name\" content=\"Sadvita\" \/>\n<meta property=\"article:modified_time\" content=\"2016-05-20T06:53:33+00:00\" \/>\n<meta property=\"og:image\" content=\"http:\/\/www.sadvitairko.lt\/wp-content\/uploads\/kroviniu_gabenimas_oru_large.jpg\" \/>\n\t<meta property=\"og:image:width\" content=\"900\" \/>\n\t<meta property=\"og:image:height\" content=\"300\" \/>\n<meta name=\"twitter:card\" content=\"summary\" \/>\n<meta name=\"twitter:label1\" content=\"Gesch\u00e4tzte Lesezeit\" \/>\n\t<meta name=\"twitter:data1\" content=\"1\u00a0Minute\" \/>\n<script type=\"application\/ld+json\" class=\"yoast-schema-graph\">{\"@context\":\"https:\/\/schema.org\",\"@graph\":[{\"@type\":\"WebSite\",\"@id\":\"http:\/\/www.sadvitairko.lt\/lt\/#website\",\"url\":\"http:\/\/www.sadvitairko.lt\/lt\/\",\"name\":\"Sadvita\",\"description\":\"SADVITOS TRANSPORTAS\",\"potentialAction\":[{\"@type\":\"SearchAction\",\"target\":{\"@type\":\"EntryPoint\",\"urlTemplate\":\"http:\/\/www.sadvitairko.lt\/lt\/?s={search_term_string}\"},\"query-input\":\"required name=search_term_string\"}],\"inLanguage\":\"de\"},{\"@type\":\"ImageObject\",\"@id\":\"http:\/\/www.sadvitairko.lt\/de\/logistik-und-transportdienstleistungen\/guterbeforderung-in-der-luft\/#primaryimage\",\"inLanguage\":\"de\",\"url\":\"http:\/\/www.sadvitairko.lt\/wp-content\/uploads\/kroviniu_gabenimas_oru_large.jpg\",\"contentUrl\":\"http:\/\/www.sadvitairko.lt\/wp-content\/uploads\/kroviniu_gabenimas_oru_large.jpg\",\"width\":900,\"height\":300,\"caption\":\"Krovini\\u0173 gabenimas oru\"},{\"@type\":\"WebPage\",\"@id\":\"http:\/\/www.sadvitairko.lt\/de\/logistik-und-transportdienstleistungen\/guterbeforderung-in-der-luft\/#webpage\",\"url\":\"http:\/\/www.sadvitairko.lt\/de\/logistik-und-transportdienstleistungen\/guterbeforderung-in-der-luft\/\",\"name\":\"G\\u00fcterbef\\u00f6rderung in der Luft | SADVITOS TRANSPORTAS\",\"isPartOf\":{\"@id\":\"http:\/\/www.sadvitairko.lt\/lt\/#website\"},\"primaryImageOfPage\":{\"@id\":\"http:\/\/www.sadvitairko.lt\/de\/logistik-und-transportdienstleistungen\/guterbeforderung-in-der-luft\/#primaryimage\"},\"datePublished\":\"2015-08-18T11:15:24+00:00\",\"dateModified\":\"2016-05-20T06:53:33+00:00\",\"description\":\"G\\u00fcterbef\\u00f6rderung in der Luft. Transport eiliger, wertvoller und schnell verderblicher G\\u00fcter. Aufsetzung von Frachtdokumenten, Besch\\u00e4ftigung mit Zollformalit\\u00e4ten.\",\"breadcrumb\":{\"@id\":\"http:\/\/www.sadvitairko.lt\/de\/logistik-und-transportdienstleistungen\/guterbeforderung-in-der-luft\/#breadcrumb\"},\"inLanguage\":\"de\",\"potentialAction\":[{\"@type\":\"ReadAction\",\"target\":[\"http:\/\/www.sadvitairko.lt\/de\/logistik-und-transportdienstleistungen\/guterbeforderung-in-der-luft\/\"]}]},{\"@type\":\"BreadcrumbList\",\"@id\":\"http:\/\/www.sadvitairko.lt\/de\/logistik-und-transportdienstleistungen\/guterbeforderung-in-der-luft\/#breadcrumb\",\"itemListElement\":[{\"@type\":\"ListItem\",\"position\":1,\"name\":\"Home\",\"item\":\"http:\/\/www.sadvitairko.lt\/de\/\"},{\"@type\":\"ListItem\",\"position\":2,\"name\":\"Logistik- und Transportdienstleistungen\",\"item\":\"http:\/\/www.sadvitairko.lt\/de\/logistik-und-transportdienstleistungen\/\"},{\"@type\":\"ListItem\",\"position\":3,\"name\":\"G\\u00fcterbef\\u00f6rderung in der Luft\"}]}]}<\/script>\n<!-- \/ Yoast SEO plugin. -->","yoast_head_json":{"description":"G\u00fcterbef\u00f6rderung in der Luft. Transport eiliger, wertvoller und schnell verderblicher G\u00fcter. Aufsetzung von Frachtdokumenten, Besch\u00e4ftigung mit Zollformalit\u00e4ten.","robots":{"index":"index","follow":"follow","max-snippet":"max-snippet:-1","max-image-preview":"max-image-preview:large","max-video-preview":"max-video-preview:-1"},"canonical":"http:\/\/www.sadvitairko.lt\/de\/logistik-und-transportdienstleistungen\/guterbeforderung-in-der-luft\/","og_locale":"de_DE","og_type":"article","og_title":"G\u00fcterbef\u00f6rderung in der Luft | SADVITOS TRANSPORTAS","og_description":"G\u00fcterbef\u00f6rderung in der Luft. Transport eiliger, wertvoller und schnell verderblicher G\u00fcter. Aufsetzung von Frachtdokumenten, Besch\u00e4ftigung mit Zollformalit\u00e4ten.","og_url":"http:\/\/www.sadvitairko.lt\/de\/logistik-und-transportdienstleistungen\/guterbeforderung-in-der-luft\/","og_site_name":"Sadvita","article_modified_time":"2016-05-20T06:53:33+00:00","og_image":[{"width":900,"height":300,"url":"http:\/\/www.sadvitairko.lt\/wp-content\/uploads\/kroviniu_gabenimas_oru_large.jpg","type":"image\/jpeg"}],"twitter_card":"summary","twitter_misc":{"Gesch\u00e4tzte Lesezeit":"1\u00a0Minute"},"schema":{"@context":"https:\/\/schema.org","@graph":[{"@type":"WebSite","@id":"http:\/\/www.sadvitairko.lt\/lt\/#website","url":"http:\/\/www.sadvitairko.lt\/lt\/","name":"Sadvita","description":"SADVITOS TRANSPORTAS","potentialAction":[{"@type":"SearchAction","target":{"@type":"EntryPoint","urlTemplate":"http:\/\/www.sadvitairko.lt\/lt\/?s={search_term_string}"},"query-input":"required name=search_term_string"}],"inLanguage":"de"},{"@type":"ImageObject","@id":"http:\/\/www.sadvitairko.lt\/de\/logistik-und-transportdienstleistungen\/guterbeforderung-in-der-luft\/#primaryimage","inLanguage":"de","url":"http:\/\/www.sadvitairko.lt\/wp-content\/uploads\/kroviniu_gabenimas_oru_large.jpg","contentUrl":"http:\/\/www.sadvitairko.lt\/wp-content\/uploads\/kroviniu_gabenimas_oru_large.jpg","width":900,"height":300,"caption":"Krovini\u0173 gabenimas oru"},{"@type":"WebPage","@id":"http:\/\/www.sadvitairko.lt\/de\/logistik-und-transportdienstleistungen\/guterbeforderung-in-der-luft\/#webpage","url":"http:\/\/www.sadvitairko.lt\/de\/logistik-und-transportdienstleistungen\/guterbeforderung-in-der-luft\/","name":"G\u00fcterbef\u00f6rderung in der Luft | SADVITOS TRANSPORTAS","isPartOf":{"@id":"http:\/\/www.sadvitairko.lt\/lt\/#website"},"primaryImageOfPage":{"@id":"http:\/\/www.sadvitairko.lt\/de\/logistik-und-transportdienstleistungen\/guterbeforderung-in-der-luft\/#primaryimage"},"datePublished":"2015-08-18T11:15:24+00:00","dateModified":"2016-05-20T06:53:33+00:00","description":"G\u00fcterbef\u00f6rderung in der Luft. Transport eiliger, wertvoller und schnell verderblicher G\u00fcter. Aufsetzung von Frachtdokumenten, Besch\u00e4ftigung mit Zollformalit\u00e4ten.","breadcrumb":{"@id":"http:\/\/www.sadvitairko.lt\/de\/logistik-und-transportdienstleistungen\/guterbeforderung-in-der-luft\/#breadcrumb"},"inLanguage":"de","potentialAction":[{"@type":"ReadAction","target":["http:\/\/www.sadvitairko.lt\/de\/logistik-und-transportdienstleistungen\/guterbeforderung-in-der-luft\/"]}]},{"@type":"BreadcrumbList","@id":"http:\/\/www.sadvitairko.lt\/de\/logistik-und-transportdienstleistungen\/guterbeforderung-in-der-luft\/#breadcrumb","itemListElement":[{"@type":"ListItem","position":1,"name":"Home","item":"http:\/\/www.sadvitairko.lt\/de\/"},{"@type":"ListItem","position":2,"name":"Logistik- und Transportdienstleistungen","item":"http:\/\/www.sadvitairko.lt\/de\/logistik-und-transportdienstleistungen\/"},{"@type":"ListItem","position":3,"name":"G\u00fcterbef\u00f6rderung in der Luft"}]}]}},"_links":{"self":[{"href":"http:\/\/www.sadvitairko.lt\/de\/wp-json\/wp\/v2\/pages\/1166"}],"collection":[{"href":"http:\/\/www.sadvitairko.lt\/de\/wp-json\/wp\/v2\/pages"}],"about":[{"href":"http:\/\/www.sadvitairko.lt\/de\/wp-json\/wp\/v2\/types\/page"}],"author":[{"embeddable":true,"href":"http:\/\/www.sadvitairko.lt\/de\/wp-json\/wp\/v2\/users\/3"}],"replies":[{"embeddable":true,"href":"http:\/\/www.sadvitairko.lt\/de\/wp-json\/wp\/v2\/comments?post=1166"}],"version-history":[{"count":0,"href":"http:\/\/www.sadvitairko.lt\/de\/wp-json\/wp\/v2\/pages\/1166\/revisions"}],"up":[{"embeddable":true,"href":"http:\/\/www.sadvitairko.lt\/de\/wp-json\/wp\/v2\/pages\/1158"}],"wp:featuredmedia":[{"embeddable":true,"href":"http:\/\/www.sadvitairko.lt\/de\/wp-json\/wp\/v2\/media\/1053"}],"wp:attachment":[{"href":"http:\/\/www.sadvitairko.lt\/de\/wp-json\/wp\/v2\/media?parent=1166"}],"curies":[{"name":"wp","href":"https:\/\/api.w.org\/{rel}","templated":true}]}}