{"id":1168,"date":"2015-08-18T13:28:19","date_gmt":"2015-08-18T11:28:19","guid":{"rendered":"http:\/\/www.sadvitairko.lt\/?page_id=1168"},"modified":"2016-05-20T08:54:03","modified_gmt":"2016-05-20T06:54:03","slug":"multimodale-transporte","status":"publish","type":"page","link":"http:\/\/www.sadvitairko.lt\/de\/logistik-und-transportdienstleistungen\/multimodale-transporte\/","title":{"rendered":"Multimodale Transporte"},"content":{"rendered":"<p><strong>Multimodale Transporte<\/strong>\u00a0sind eine Art der Frachtbef\u00f6rderung, bei der f\u00fcr die Bef\u00f6rderung der Waren verschiedene Transportarten eingesetzt werden. Multimodale Transporte werden organisiert, wenn die G\u00fcterbef\u00f6rderung mit einer Transportart unm\u00f6glich ist oder zu viel Zeit in Anspruch nimmt. Bei der \u00dcberwindung gro\u00dfer Entfernungen hilft der multimodale Transport bei der Senkung der Frachtbef\u00f6rderungskosten, besonders wenn es sich dabei um Fracht gro\u00dfen Umfangs und maximalen Gewichts handelt.<\/p>\n<p>Die Logistikexperten bei UAB \u201eSadvitos transportas\u201c verf\u00fcgen \u00fcber langj\u00e4hrige Arbeitserfahrung. Sie bewerten die Eigenschaften einer konkreten Fracht und die W\u00fcnsche des Kunden, bieten h\u00f6chstrentable Varianten f\u00fcr multimodalen Transport, w\u00e4hlen die optimalen Routen und optimieren die Kosten und Zeit f\u00fcr den Frachttransport. Die Gesellschaft bietet Dienstleistung zur Lagerung von G\u00fctern, setzt Frachtdokumente auf und vertritt die Kundeninteressen beim Zoll, bei Seeh\u00e4fen, Flugh\u00e4fen und Bahnh\u00f6fen.<\/p>\n<p><strong>Haben wir Ihr Interesse geweckt?\u00a0Nehmen Sie Kontakt mit uns auf.<\/strong><\/p>\n","protected":false},"excerpt":{"rendered":"<p>Multimodale Transporte\u00a0sind eine Art der Frachtbef\u00f6rderung, bei der f\u00fcr die Bef\u00f6rderung der Waren verschiedene Transportarten eingesetzt werden. Multimodale Transporte werden organisiert, wenn die G\u00fcterbef\u00f6rderung mit einer Transportart unm\u00f6glich ist oder zu viel Zeit in Anspruch nimmt. Bei der \u00dcberwindung gro\u00dfer Entfernungen hilft der multimodale Transport bei der Senkung der Frachtbef\u00f6rderungskosten, besonders wenn es sich dabei [&hellip;]<\/p>\n","protected":false},"author":3,"featured_media":1057,"parent":1158,"menu_order":34,"comment_status":"closed","ping_status":"closed","template":"","meta":[],"yoast_head":"<!-- This site is optimized with the Yoast SEO plugin v17.4 - https:\/\/yoast.com\/wordpress\/plugins\/seo\/ -->\n<meta name=\"description\" content=\"Multimodale Transporte, Routenwahl, Vermittlung beim Zoll. Multimodale G\u00fctertransporte auf dem Landweg, Seeweg und in der Luft.\" \/>\n<meta name=\"robots\" content=\"index, follow, max-snippet:-1, max-image-preview:large, max-video-preview:-1\" \/>\n<link rel=\"canonical\" href=\"http:\/\/www.sadvitairko.lt\/de\/logistik-und-transportdienstleistungen\/multimodale-transporte\/\" \/>\n<meta property=\"og:locale\" content=\"de_DE\" \/>\n<meta property=\"og:type\" content=\"article\" \/>\n<meta property=\"og:title\" content=\"Multimodale Transporte | SADVITOS TRANSPORTAS\" \/>\n<meta property=\"og:description\" content=\"Multimodale Transporte, Routenwahl, Vermittlung beim Zoll. Multimodale G\u00fctertransporte auf dem Landweg, Seeweg und in der Luft.\" \/>\n<meta property=\"og:url\" content=\"http:\/\/www.sadvitairko.lt\/de\/logistik-und-transportdienstleistungen\/multimodale-transporte\/\" \/>\n<meta property=\"og:site_name\" content=\"Sadvita\" \/>\n<meta property=\"article:modified_time\" content=\"2016-05-20T06:54:03+00:00\" \/>\n<meta property=\"og:image\" content=\"http:\/\/www.sadvitairko.lt\/wp-content\/uploads\/multimodaliniai_pervezimai_large.jpg\" \/>\n\t<meta property=\"og:image:width\" content=\"900\" \/>\n\t<meta property=\"og:image:height\" content=\"300\" \/>\n<meta name=\"twitter:card\" content=\"summary\" \/>\n<meta name=\"twitter:label1\" content=\"Gesch\u00e4tzte Lesezeit\" \/>\n\t<meta name=\"twitter:data1\" content=\"1\u00a0Minute\" \/>\n<script type=\"application\/ld+json\" class=\"yoast-schema-graph\">{\"@context\":\"https:\/\/schema.org\",\"@graph\":[{\"@type\":\"WebSite\",\"@id\":\"http:\/\/www.sadvitairko.lt\/lt\/#website\",\"url\":\"http:\/\/www.sadvitairko.lt\/lt\/\",\"name\":\"Sadvita\",\"description\":\"SADVITOS TRANSPORTAS\",\"potentialAction\":[{\"@type\":\"SearchAction\",\"target\":{\"@type\":\"EntryPoint\",\"urlTemplate\":\"http:\/\/www.sadvitairko.lt\/lt\/?s={search_term_string}\"},\"query-input\":\"required name=search_term_string\"}],\"inLanguage\":\"de\"},{\"@type\":\"ImageObject\",\"@id\":\"http:\/\/www.sadvitairko.lt\/de\/logistik-und-transportdienstleistungen\/multimodale-transporte\/#primaryimage\",\"inLanguage\":\"de\",\"url\":\"http:\/\/www.sadvitairko.lt\/wp-content\/uploads\/multimodaliniai_pervezimai_large.jpg\",\"contentUrl\":\"http:\/\/www.sadvitairko.lt\/wp-content\/uploads\/multimodaliniai_pervezimai_large.jpg\",\"width\":900,\"height\":300,\"caption\":\"Multimodaliniai perve\\u017eimai\"},{\"@type\":\"WebPage\",\"@id\":\"http:\/\/www.sadvitairko.lt\/de\/logistik-und-transportdienstleistungen\/multimodale-transporte\/#webpage\",\"url\":\"http:\/\/www.sadvitairko.lt\/de\/logistik-und-transportdienstleistungen\/multimodale-transporte\/\",\"name\":\"Multimodale Transporte | SADVITOS TRANSPORTAS\",\"isPartOf\":{\"@id\":\"http:\/\/www.sadvitairko.lt\/lt\/#website\"},\"primaryImageOfPage\":{\"@id\":\"http:\/\/www.sadvitairko.lt\/de\/logistik-und-transportdienstleistungen\/multimodale-transporte\/#primaryimage\"},\"datePublished\":\"2015-08-18T11:28:19+00:00\",\"dateModified\":\"2016-05-20T06:54:03+00:00\",\"description\":\"Multimodale Transporte, Routenwahl, Vermittlung beim Zoll. Multimodale G\\u00fctertransporte auf dem Landweg, Seeweg und in der Luft.\",\"breadcrumb\":{\"@id\":\"http:\/\/www.sadvitairko.lt\/de\/logistik-und-transportdienstleistungen\/multimodale-transporte\/#breadcrumb\"},\"inLanguage\":\"de\",\"potentialAction\":[{\"@type\":\"ReadAction\",\"target\":[\"http:\/\/www.sadvitairko.lt\/de\/logistik-und-transportdienstleistungen\/multimodale-transporte\/\"]}]},{\"@type\":\"BreadcrumbList\",\"@id\":\"http:\/\/www.sadvitairko.lt\/de\/logistik-und-transportdienstleistungen\/multimodale-transporte\/#breadcrumb\",\"itemListElement\":[{\"@type\":\"ListItem\",\"position\":1,\"name\":\"Home\",\"item\":\"http:\/\/www.sadvitairko.lt\/de\/\"},{\"@type\":\"ListItem\",\"position\":2,\"name\":\"Logistik- und Transportdienstleistungen\",\"item\":\"http:\/\/www.sadvitairko.lt\/de\/logistik-und-transportdienstleistungen\/\"},{\"@type\":\"ListItem\",\"position\":3,\"name\":\"Multimodale Transporte\"}]}]}<\/script>\n<!-- \/ Yoast SEO plugin. -->","yoast_head_json":{"description":"Multimodale Transporte, Routenwahl, Vermittlung beim Zoll. Multimodale G\u00fctertransporte auf dem Landweg, Seeweg und in der Luft.","robots":{"index":"index","follow":"follow","max-snippet":"max-snippet:-1","max-image-preview":"max-image-preview:large","max-video-preview":"max-video-preview:-1"},"canonical":"http:\/\/www.sadvitairko.lt\/de\/logistik-und-transportdienstleistungen\/multimodale-transporte\/","og_locale":"de_DE","og_type":"article","og_title":"Multimodale Transporte | SADVITOS TRANSPORTAS","og_description":"Multimodale Transporte, Routenwahl, Vermittlung beim Zoll. Multimodale G\u00fctertransporte auf dem Landweg, Seeweg und in der Luft.","og_url":"http:\/\/www.sadvitairko.lt\/de\/logistik-und-transportdienstleistungen\/multimodale-transporte\/","og_site_name":"Sadvita","article_modified_time":"2016-05-20T06:54:03+00:00","og_image":[{"width":900,"height":300,"url":"http:\/\/www.sadvitairko.lt\/wp-content\/uploads\/multimodaliniai_pervezimai_large.jpg","type":"image\/jpeg"}],"twitter_card":"summary","twitter_misc":{"Gesch\u00e4tzte Lesezeit":"1\u00a0Minute"},"schema":{"@context":"https:\/\/schema.org","@graph":[{"@type":"WebSite","@id":"http:\/\/www.sadvitairko.lt\/lt\/#website","url":"http:\/\/www.sadvitairko.lt\/lt\/","name":"Sadvita","description":"SADVITOS TRANSPORTAS","potentialAction":[{"@type":"SearchAction","target":{"@type":"EntryPoint","urlTemplate":"http:\/\/www.sadvitairko.lt\/lt\/?s={search_term_string}"},"query-input":"required name=search_term_string"}],"inLanguage":"de"},{"@type":"ImageObject","@id":"http:\/\/www.sadvitairko.lt\/de\/logistik-und-transportdienstleistungen\/multimodale-transporte\/#primaryimage","inLanguage":"de","url":"http:\/\/www.sadvitairko.lt\/wp-content\/uploads\/multimodaliniai_pervezimai_large.jpg","contentUrl":"http:\/\/www.sadvitairko.lt\/wp-content\/uploads\/multimodaliniai_pervezimai_large.jpg","width":900,"height":300,"caption":"Multimodaliniai perve\u017eimai"},{"@type":"WebPage","@id":"http:\/\/www.sadvitairko.lt\/de\/logistik-und-transportdienstleistungen\/multimodale-transporte\/#webpage","url":"http:\/\/www.sadvitairko.lt\/de\/logistik-und-transportdienstleistungen\/multimodale-transporte\/","name":"Multimodale Transporte | SADVITOS TRANSPORTAS","isPartOf":{"@id":"http:\/\/www.sadvitairko.lt\/lt\/#website"},"primaryImageOfPage":{"@id":"http:\/\/www.sadvitairko.lt\/de\/logistik-und-transportdienstleistungen\/multimodale-transporte\/#primaryimage"},"datePublished":"2015-08-18T11:28:19+00:00","dateModified":"2016-05-20T06:54:03+00:00","description":"Multimodale Transporte, Routenwahl, Vermittlung beim Zoll. Multimodale G\u00fctertransporte auf dem Landweg, Seeweg und in der Luft.","breadcrumb":{"@id":"http:\/\/www.sadvitairko.lt\/de\/logistik-und-transportdienstleistungen\/multimodale-transporte\/#breadcrumb"},"inLanguage":"de","potentialAction":[{"@type":"ReadAction","target":["http:\/\/www.sadvitairko.lt\/de\/logistik-und-transportdienstleistungen\/multimodale-transporte\/"]}]},{"@type":"BreadcrumbList","@id":"http:\/\/www.sadvitairko.lt\/de\/logistik-und-transportdienstleistungen\/multimodale-transporte\/#breadcrumb","itemListElement":[{"@type":"ListItem","position":1,"name":"Home","item":"http:\/\/www.sadvitairko.lt\/de\/"},{"@type":"ListItem","position":2,"name":"Logistik- und Transportdienstleistungen","item":"http:\/\/www.sadvitairko.lt\/de\/logistik-und-transportdienstleistungen\/"},{"@type":"ListItem","position":3,"name":"Multimodale Transporte"}]}]}},"_links":{"self":[{"href":"http:\/\/www.sadvitairko.lt\/de\/wp-json\/wp\/v2\/pages\/1168"}],"collection":[{"href":"http:\/\/www.sadvitairko.lt\/de\/wp-json\/wp\/v2\/pages"}],"about":[{"href":"http:\/\/www.sadvitairko.lt\/de\/wp-json\/wp\/v2\/types\/page"}],"author":[{"embeddable":true,"href":"http:\/\/www.sadvitairko.lt\/de\/wp-json\/wp\/v2\/users\/3"}],"replies":[{"embeddable":true,"href":"http:\/\/www.sadvitairko.lt\/de\/wp-json\/wp\/v2\/comments?post=1168"}],"version-history":[{"count":0,"href":"http:\/\/www.sadvitairko.lt\/de\/wp-json\/wp\/v2\/pages\/1168\/revisions"}],"up":[{"embeddable":true,"href":"http:\/\/www.sadvitairko.lt\/de\/wp-json\/wp\/v2\/pages\/1158"}],"wp:featuredmedia":[{"embeddable":true,"href":"http:\/\/www.sadvitairko.lt\/de\/wp-json\/wp\/v2\/media\/1057"}],"wp:attachment":[{"href":"http:\/\/www.sadvitairko.lt\/de\/wp-json\/wp\/v2\/media?parent=1168"}],"curies":[{"name":"wp","href":"https:\/\/api.w.org\/{rel}","templated":true}]}}