{"id":1170,"date":"2015-08-18T13:31:54","date_gmt":"2015-08-18T11:31:54","guid":{"rendered":"http:\/\/www.sadvitairko.lt\/?page_id=1170"},"modified":"2016-05-20T08:55:13","modified_gmt":"2016-05-20T06:55:13","slug":"zollvermittler","status":"publish","type":"page","link":"http:\/\/www.sadvitairko.lt\/de\/logistik-und-transportdienstleistungen\/zollvermittler\/","title":{"rendered":"Zollvermittler"},"content":{"rendered":"<p>Ein professioneller\u00a0<strong>Zollvermittler<\/strong>\u00a0erleichtert komplizierte Zollverfahren, gew\u00e4hrleistet den reibungslosen Ablauf der G\u00fcterbef\u00f6rderung und Warenlagerung. UAB \u201eSadvitos transportas\u201c f\u00fcllt Zolldokumente aus, k\u00fcmmert sich um die Zollsteuern und bietet anderweitige mit Zollverfahren im Zusammenhang stehende Dienstleistungen.<\/p>\n<p>UAB \u201eSadvitos transportas\u201c fertigt Zolldokumente aus, k\u00fcmmert sich um Einf\u00fchr-, Ausfuhr- und Transitverfahren, f\u00fcllt CMR- und TIR-Hefte aus, bereitet die elektronischen Daten f\u00fcr TIR vor. Die Gesellschaft vertritt Kunden beim Zoll, hilft beim Erhalt der notwendigen Genehmigungen, Zertifikate und Bescheinigungen, k\u00fcmmert sich um die Kontrolle der Zollverfahren und Ber\u00e4t in allen Fragen der Dokumentation und Formalit\u00e4ten bez\u00fcglich des Zolls. Auf Kundenwunsch k\u00f6nnen Ladungs-, Sortierungs-, Verpackungs- und Sicherungsarbeiten durchgef\u00fchrt werden. Die Dienstleistungen im Rahmen der Zollvermittlung werden unter Berufung auf die in Litauen g\u00fcltigen Vorschriften, EU-Verordnungen und internationale Anforderungen erbracht.<\/p>\n<p><strong>Haben wir Ihr Interesse geweckt?\u00a0Nehmen Sie Kontakt mit uns auf.<\/strong><\/p>\n","protected":false},"excerpt":{"rendered":"<p>Ein professioneller\u00a0Zollvermittler\u00a0erleichtert komplizierte Zollverfahren, gew\u00e4hrleistet den reibungslosen Ablauf der G\u00fcterbef\u00f6rderung und Warenlagerung. UAB \u201eSadvitos transportas\u201c f\u00fcllt Zolldokumente aus, k\u00fcmmert sich um die Zollsteuern und bietet anderweitige mit Zollverfahren im Zusammenhang stehende Dienstleistungen. UAB \u201eSadvitos transportas\u201c fertigt Zolldokumente aus, k\u00fcmmert sich um Einf\u00fchr-, Ausfuhr- und Transitverfahren, f\u00fcllt CMR- und TIR-Hefte aus, bereitet die elektronischen Daten f\u00fcr [&hellip;]<\/p>\n","protected":false},"author":3,"featured_media":1055,"parent":1158,"menu_order":52,"comment_status":"closed","ping_status":"closed","template":"","meta":[],"yoast_head":"<!-- This site is optimized with the Yoast SEO plugin v17.4 - https:\/\/yoast.com\/wordpress\/plugins\/seo\/ -->\n<meta name=\"description\" content=\"Zuverl\u00e4ssiger Zollvermittler \u2013 Ausf\u00fcllen von Zolldokumenten, Zollverfahren, Kundenvertretung beim Zoll und andere Dienstleistungen als Zollvermittler.\" \/>\n<meta name=\"robots\" content=\"index, follow, max-snippet:-1, max-image-preview:large, max-video-preview:-1\" \/>\n<link rel=\"canonical\" href=\"http:\/\/www.sadvitairko.lt\/de\/logistik-und-transportdienstleistungen\/zollvermittler\/\" \/>\n<meta property=\"og:locale\" content=\"de_DE\" \/>\n<meta property=\"og:type\" content=\"article\" \/>\n<meta property=\"og:title\" content=\"Zollvermittler | SADVITOS TRANSPORTAS\" \/>\n<meta property=\"og:description\" content=\"Zuverl\u00e4ssiger Zollvermittler \u2013 Ausf\u00fcllen von Zolldokumenten, Zollverfahren, Kundenvertretung beim Zoll und andere Dienstleistungen als Zollvermittler.\" \/>\n<meta property=\"og:url\" content=\"http:\/\/www.sadvitairko.lt\/de\/logistik-und-transportdienstleistungen\/zollvermittler\/\" \/>\n<meta property=\"og:site_name\" content=\"Sadvita\" \/>\n<meta property=\"article:modified_time\" content=\"2016-05-20T06:55:13+00:00\" \/>\n<meta property=\"og:image\" content=\"http:\/\/www.sadvitairko.lt\/wp-content\/uploads\/muitines_tarpininkas_large.jpg\" \/>\n\t<meta property=\"og:image:width\" content=\"900\" \/>\n\t<meta property=\"og:image:height\" content=\"300\" \/>\n<meta name=\"twitter:card\" content=\"summary\" \/>\n<meta name=\"twitter:label1\" content=\"Gesch\u00e4tzte Lesezeit\" \/>\n\t<meta name=\"twitter:data1\" content=\"1\u00a0Minute\" \/>\n<script type=\"application\/ld+json\" class=\"yoast-schema-graph\">{\"@context\":\"https:\/\/schema.org\",\"@graph\":[{\"@type\":\"WebSite\",\"@id\":\"http:\/\/www.sadvitairko.lt\/lt\/#website\",\"url\":\"http:\/\/www.sadvitairko.lt\/lt\/\",\"name\":\"Sadvita\",\"description\":\"SADVITOS TRANSPORTAS\",\"potentialAction\":[{\"@type\":\"SearchAction\",\"target\":{\"@type\":\"EntryPoint\",\"urlTemplate\":\"http:\/\/www.sadvitairko.lt\/lt\/?s={search_term_string}\"},\"query-input\":\"required name=search_term_string\"}],\"inLanguage\":\"de\"},{\"@type\":\"ImageObject\",\"@id\":\"http:\/\/www.sadvitairko.lt\/de\/logistik-und-transportdienstleistungen\/zollvermittler\/#primaryimage\",\"inLanguage\":\"de\",\"url\":\"http:\/\/www.sadvitairko.lt\/wp-content\/uploads\/muitines_tarpininkas_large.jpg\",\"contentUrl\":\"http:\/\/www.sadvitairko.lt\/wp-content\/uploads\/muitines_tarpininkas_large.jpg\",\"width\":900,\"height\":300,\"caption\":\"Muitin\\u0117s tarpininkas\"},{\"@type\":\"WebPage\",\"@id\":\"http:\/\/www.sadvitairko.lt\/de\/logistik-und-transportdienstleistungen\/zollvermittler\/#webpage\",\"url\":\"http:\/\/www.sadvitairko.lt\/de\/logistik-und-transportdienstleistungen\/zollvermittler\/\",\"name\":\"Zollvermittler | SADVITOS TRANSPORTAS\",\"isPartOf\":{\"@id\":\"http:\/\/www.sadvitairko.lt\/lt\/#website\"},\"primaryImageOfPage\":{\"@id\":\"http:\/\/www.sadvitairko.lt\/de\/logistik-und-transportdienstleistungen\/zollvermittler\/#primaryimage\"},\"datePublished\":\"2015-08-18T11:31:54+00:00\",\"dateModified\":\"2016-05-20T06:55:13+00:00\",\"description\":\"Zuverl\\u00e4ssiger Zollvermittler \\u2013 Ausf\\u00fcllen von Zolldokumenten, Zollverfahren, Kundenvertretung beim Zoll und andere Dienstleistungen als Zollvermittler.\",\"breadcrumb\":{\"@id\":\"http:\/\/www.sadvitairko.lt\/de\/logistik-und-transportdienstleistungen\/zollvermittler\/#breadcrumb\"},\"inLanguage\":\"de\",\"potentialAction\":[{\"@type\":\"ReadAction\",\"target\":[\"http:\/\/www.sadvitairko.lt\/de\/logistik-und-transportdienstleistungen\/zollvermittler\/\"]}]},{\"@type\":\"BreadcrumbList\",\"@id\":\"http:\/\/www.sadvitairko.lt\/de\/logistik-und-transportdienstleistungen\/zollvermittler\/#breadcrumb\",\"itemListElement\":[{\"@type\":\"ListItem\",\"position\":1,\"name\":\"Home\",\"item\":\"http:\/\/www.sadvitairko.lt\/de\/\"},{\"@type\":\"ListItem\",\"position\":2,\"name\":\"Logistik- und Transportdienstleistungen\",\"item\":\"http:\/\/www.sadvitairko.lt\/de\/logistik-und-transportdienstleistungen\/\"},{\"@type\":\"ListItem\",\"position\":3,\"name\":\"Zollvermittler\"}]}]}<\/script>\n<!-- \/ Yoast SEO plugin. -->","yoast_head_json":{"description":"Zuverl\u00e4ssiger Zollvermittler \u2013 Ausf\u00fcllen von Zolldokumenten, Zollverfahren, Kundenvertretung beim Zoll und andere Dienstleistungen als Zollvermittler.","robots":{"index":"index","follow":"follow","max-snippet":"max-snippet:-1","max-image-preview":"max-image-preview:large","max-video-preview":"max-video-preview:-1"},"canonical":"http:\/\/www.sadvitairko.lt\/de\/logistik-und-transportdienstleistungen\/zollvermittler\/","og_locale":"de_DE","og_type":"article","og_title":"Zollvermittler | SADVITOS TRANSPORTAS","og_description":"Zuverl\u00e4ssiger Zollvermittler \u2013 Ausf\u00fcllen von Zolldokumenten, Zollverfahren, Kundenvertretung beim Zoll und andere Dienstleistungen als Zollvermittler.","og_url":"http:\/\/www.sadvitairko.lt\/de\/logistik-und-transportdienstleistungen\/zollvermittler\/","og_site_name":"Sadvita","article_modified_time":"2016-05-20T06:55:13+00:00","og_image":[{"width":900,"height":300,"url":"http:\/\/www.sadvitairko.lt\/wp-content\/uploads\/muitines_tarpininkas_large.jpg","type":"image\/jpeg"}],"twitter_card":"summary","twitter_misc":{"Gesch\u00e4tzte Lesezeit":"1\u00a0Minute"},"schema":{"@context":"https:\/\/schema.org","@graph":[{"@type":"WebSite","@id":"http:\/\/www.sadvitairko.lt\/lt\/#website","url":"http:\/\/www.sadvitairko.lt\/lt\/","name":"Sadvita","description":"SADVITOS TRANSPORTAS","potentialAction":[{"@type":"SearchAction","target":{"@type":"EntryPoint","urlTemplate":"http:\/\/www.sadvitairko.lt\/lt\/?s={search_term_string}"},"query-input":"required name=search_term_string"}],"inLanguage":"de"},{"@type":"ImageObject","@id":"http:\/\/www.sadvitairko.lt\/de\/logistik-und-transportdienstleistungen\/zollvermittler\/#primaryimage","inLanguage":"de","url":"http:\/\/www.sadvitairko.lt\/wp-content\/uploads\/muitines_tarpininkas_large.jpg","contentUrl":"http:\/\/www.sadvitairko.lt\/wp-content\/uploads\/muitines_tarpininkas_large.jpg","width":900,"height":300,"caption":"Muitin\u0117s tarpininkas"},{"@type":"WebPage","@id":"http:\/\/www.sadvitairko.lt\/de\/logistik-und-transportdienstleistungen\/zollvermittler\/#webpage","url":"http:\/\/www.sadvitairko.lt\/de\/logistik-und-transportdienstleistungen\/zollvermittler\/","name":"Zollvermittler | SADVITOS TRANSPORTAS","isPartOf":{"@id":"http:\/\/www.sadvitairko.lt\/lt\/#website"},"primaryImageOfPage":{"@id":"http:\/\/www.sadvitairko.lt\/de\/logistik-und-transportdienstleistungen\/zollvermittler\/#primaryimage"},"datePublished":"2015-08-18T11:31:54+00:00","dateModified":"2016-05-20T06:55:13+00:00","description":"Zuverl\u00e4ssiger Zollvermittler \u2013 Ausf\u00fcllen von Zolldokumenten, Zollverfahren, Kundenvertretung beim Zoll und andere Dienstleistungen als Zollvermittler.","breadcrumb":{"@id":"http:\/\/www.sadvitairko.lt\/de\/logistik-und-transportdienstleistungen\/zollvermittler\/#breadcrumb"},"inLanguage":"de","potentialAction":[{"@type":"ReadAction","target":["http:\/\/www.sadvitairko.lt\/de\/logistik-und-transportdienstleistungen\/zollvermittler\/"]}]},{"@type":"BreadcrumbList","@id":"http:\/\/www.sadvitairko.lt\/de\/logistik-und-transportdienstleistungen\/zollvermittler\/#breadcrumb","itemListElement":[{"@type":"ListItem","position":1,"name":"Home","item":"http:\/\/www.sadvitairko.lt\/de\/"},{"@type":"ListItem","position":2,"name":"Logistik- und Transportdienstleistungen","item":"http:\/\/www.sadvitairko.lt\/de\/logistik-und-transportdienstleistungen\/"},{"@type":"ListItem","position":3,"name":"Zollvermittler"}]}]}},"_links":{"self":[{"href":"http:\/\/www.sadvitairko.lt\/de\/wp-json\/wp\/v2\/pages\/1170"}],"collection":[{"href":"http:\/\/www.sadvitairko.lt\/de\/wp-json\/wp\/v2\/pages"}],"about":[{"href":"http:\/\/www.sadvitairko.lt\/de\/wp-json\/wp\/v2\/types\/page"}],"author":[{"embeddable":true,"href":"http:\/\/www.sadvitairko.lt\/de\/wp-json\/wp\/v2\/users\/3"}],"replies":[{"embeddable":true,"href":"http:\/\/www.sadvitairko.lt\/de\/wp-json\/wp\/v2\/comments?post=1170"}],"version-history":[{"count":0,"href":"http:\/\/www.sadvitairko.lt\/de\/wp-json\/wp\/v2\/pages\/1170\/revisions"}],"up":[{"embeddable":true,"href":"http:\/\/www.sadvitairko.lt\/de\/wp-json\/wp\/v2\/pages\/1158"}],"wp:featuredmedia":[{"embeddable":true,"href":"http:\/\/www.sadvitairko.lt\/de\/wp-json\/wp\/v2\/media\/1055"}],"wp:attachment":[{"href":"http:\/\/www.sadvitairko.lt\/de\/wp-json\/wp\/v2\/media?parent=1170"}],"curies":[{"name":"wp","href":"https:\/\/api.w.org\/{rel}","templated":true}]}}