{"id":1172,"date":"2015-08-18T13:38:25","date_gmt":"2015-08-18T11:38:25","guid":{"rendered":"http:\/\/www.sadvitairko.lt\/?page_id=1172"},"modified":"2016-05-20T08:56:24","modified_gmt":"2016-05-20T06:56:24","slug":"frachtversicherung","status":"publish","type":"page","link":"http:\/\/www.sadvitairko.lt\/de\/logistik-und-transportdienstleistungen\/frachtversicherung\/","title":{"rendered":"Frachtversicherung"},"content":{"rendered":"<p><strong>Die Frachtversicherung<\/strong>\u00a0ist eine der wichtigsten Bedingungen, um den reibungslosen Ablauf der G\u00fcterbef\u00f6rderung zu gew\u00e4hrleisten. In Zusammenarbeit mit zuverl\u00e4ssigen Versicherungsgesellschaften und unter Ber\u00fccksichtigung aller Feinheiten des geplanten Transports bietet die Gesellschaft \u201eSadvitos transportas\u201c die g\u00fcnstigsten Versicherungspreise und einen zuverl\u00e4ssigen Schutz des Transportguts.<\/p>\n<p>Die Experten von UAB \u201eSadvitos transportas\u201c mit langj\u00e4hriger Arbeitserfahrung bewerten die Eigenschaften der Fracht und die individuellen Erwartungen des Kunden und bieten optimale Versicherungsbedingungen. Mit der Frachtversicherung k\u00f6nnen Waren versichert werden, die mit Transportmitteln aller Art bef\u00f6rdert werden, die f\u00fcr die Be- und Entladung von G\u00fctern zum Einsatz kommen. Die G\u00fcter k\u00f6nnen mit einer einmaligen Versicherung versichert werden, oder es wird ein langfristiger Versicherungsvertrag abgeschlossen. Der unterzeichnete Versicherungsvertrag hilft beim Vermeiden m\u00f6glicher finanzieller Verluste und Streits, sorgt f\u00fcr Kostenkontrolle und gew\u00e4hrleistet den reibungslosen Ablauf der Transportarbeiten.<\/p>\n<p><strong>Haben wir Ihr Interesse geweckt?\u00a0Nehmen Sie Kontakt mit uns auf.<\/strong><\/p>\n","protected":false},"excerpt":{"rendered":"<p>Die Frachtversicherung\u00a0ist eine der wichtigsten Bedingungen, um den reibungslosen Ablauf der G\u00fcterbef\u00f6rderung zu gew\u00e4hrleisten. In Zusammenarbeit mit zuverl\u00e4ssigen Versicherungsgesellschaften und unter Ber\u00fccksichtigung aller Feinheiten des geplanten Transports bietet die Gesellschaft \u201eSadvitos transportas\u201c die g\u00fcnstigsten Versicherungspreise und einen zuverl\u00e4ssigen Schutz des Transportguts. Die Experten von UAB \u201eSadvitos transportas\u201c mit langj\u00e4hriger Arbeitserfahrung bewerten die Eigenschaften der Fracht [&hellip;]<\/p>\n","protected":false},"author":3,"featured_media":1049,"parent":1158,"menu_order":64,"comment_status":"closed","ping_status":"closed","template":"","meta":[],"yoast_head":"<!-- This site is optimized with the Yoast SEO plugin v17.4 - https:\/\/yoast.com\/wordpress\/plugins\/seo\/ -->\n<meta name=\"description\" content=\"Einmalige Frachtversicherung und Langfristige Frachtversicherung. Zuverl\u00e4ssige Frachtversicherungsdienstleistungen und wettbewerbsf\u00e4hige Versicherungspreise.\" \/>\n<meta name=\"robots\" content=\"index, follow, max-snippet:-1, max-image-preview:large, max-video-preview:-1\" \/>\n<link rel=\"canonical\" href=\"http:\/\/www.sadvitairko.lt\/de\/logistik-und-transportdienstleistungen\/frachtversicherung\/\" \/>\n<meta property=\"og:locale\" content=\"de_DE\" \/>\n<meta property=\"og:type\" content=\"article\" \/>\n<meta property=\"og:title\" content=\"Frachtversicherung | SADVITOS TRANSPORTAS\" \/>\n<meta property=\"og:description\" content=\"Einmalige Frachtversicherung und Langfristige Frachtversicherung. Zuverl\u00e4ssige Frachtversicherungsdienstleistungen und wettbewerbsf\u00e4hige Versicherungspreise.\" \/>\n<meta property=\"og:url\" content=\"http:\/\/www.sadvitairko.lt\/de\/logistik-und-transportdienstleistungen\/frachtversicherung\/\" \/>\n<meta property=\"og:site_name\" content=\"Sadvita\" \/>\n<meta property=\"article:modified_time\" content=\"2016-05-20T06:56:24+00:00\" \/>\n<meta property=\"og:image\" content=\"http:\/\/www.sadvitairko.lt\/wp-content\/uploads\/kroviniu_draudimas_large.jpg\" \/>\n\t<meta property=\"og:image:width\" content=\"900\" \/>\n\t<meta property=\"og:image:height\" content=\"300\" \/>\n<meta name=\"twitter:card\" content=\"summary\" \/>\n<meta name=\"twitter:label1\" content=\"Gesch\u00e4tzte Lesezeit\" \/>\n\t<meta name=\"twitter:data1\" content=\"1\u00a0Minute\" \/>\n<script type=\"application\/ld+json\" class=\"yoast-schema-graph\">{\"@context\":\"https:\/\/schema.org\",\"@graph\":[{\"@type\":\"WebSite\",\"@id\":\"http:\/\/www.sadvitairko.lt\/lt\/#website\",\"url\":\"http:\/\/www.sadvitairko.lt\/lt\/\",\"name\":\"Sadvita\",\"description\":\"SADVITOS TRANSPORTAS\",\"potentialAction\":[{\"@type\":\"SearchAction\",\"target\":{\"@type\":\"EntryPoint\",\"urlTemplate\":\"http:\/\/www.sadvitairko.lt\/lt\/?s={search_term_string}\"},\"query-input\":\"required name=search_term_string\"}],\"inLanguage\":\"de\"},{\"@type\":\"ImageObject\",\"@id\":\"http:\/\/www.sadvitairko.lt\/de\/logistik-und-transportdienstleistungen\/frachtversicherung\/#primaryimage\",\"inLanguage\":\"de\",\"url\":\"http:\/\/www.sadvitairko.lt\/wp-content\/uploads\/kroviniu_draudimas_large.jpg\",\"contentUrl\":\"http:\/\/www.sadvitairko.lt\/wp-content\/uploads\/kroviniu_draudimas_large.jpg\",\"width\":900,\"height\":300,\"caption\":\"Krovini\\u0173 draudimas\"},{\"@type\":\"WebPage\",\"@id\":\"http:\/\/www.sadvitairko.lt\/de\/logistik-und-transportdienstleistungen\/frachtversicherung\/#webpage\",\"url\":\"http:\/\/www.sadvitairko.lt\/de\/logistik-und-transportdienstleistungen\/frachtversicherung\/\",\"name\":\"Frachtversicherung | SADVITOS TRANSPORTAS\",\"isPartOf\":{\"@id\":\"http:\/\/www.sadvitairko.lt\/lt\/#website\"},\"primaryImageOfPage\":{\"@id\":\"http:\/\/www.sadvitairko.lt\/de\/logistik-und-transportdienstleistungen\/frachtversicherung\/#primaryimage\"},\"datePublished\":\"2015-08-18T11:38:25+00:00\",\"dateModified\":\"2016-05-20T06:56:24+00:00\",\"description\":\"Einmalige Frachtversicherung und Langfristige Frachtversicherung. Zuverl\\u00e4ssige Frachtversicherungsdienstleistungen und wettbewerbsf\\u00e4hige Versicherungspreise.\",\"breadcrumb\":{\"@id\":\"http:\/\/www.sadvitairko.lt\/de\/logistik-und-transportdienstleistungen\/frachtversicherung\/#breadcrumb\"},\"inLanguage\":\"de\",\"potentialAction\":[{\"@type\":\"ReadAction\",\"target\":[\"http:\/\/www.sadvitairko.lt\/de\/logistik-und-transportdienstleistungen\/frachtversicherung\/\"]}]},{\"@type\":\"BreadcrumbList\",\"@id\":\"http:\/\/www.sadvitairko.lt\/de\/logistik-und-transportdienstleistungen\/frachtversicherung\/#breadcrumb\",\"itemListElement\":[{\"@type\":\"ListItem\",\"position\":1,\"name\":\"Home\",\"item\":\"http:\/\/www.sadvitairko.lt\/de\/\"},{\"@type\":\"ListItem\",\"position\":2,\"name\":\"Logistik- und Transportdienstleistungen\",\"item\":\"http:\/\/www.sadvitairko.lt\/de\/logistik-und-transportdienstleistungen\/\"},{\"@type\":\"ListItem\",\"position\":3,\"name\":\"Frachtversicherung\"}]}]}<\/script>\n<!-- \/ Yoast SEO plugin. -->","yoast_head_json":{"description":"Einmalige Frachtversicherung und Langfristige Frachtversicherung. Zuverl\u00e4ssige Frachtversicherungsdienstleistungen und wettbewerbsf\u00e4hige Versicherungspreise.","robots":{"index":"index","follow":"follow","max-snippet":"max-snippet:-1","max-image-preview":"max-image-preview:large","max-video-preview":"max-video-preview:-1"},"canonical":"http:\/\/www.sadvitairko.lt\/de\/logistik-und-transportdienstleistungen\/frachtversicherung\/","og_locale":"de_DE","og_type":"article","og_title":"Frachtversicherung | SADVITOS TRANSPORTAS","og_description":"Einmalige Frachtversicherung und Langfristige Frachtversicherung. Zuverl\u00e4ssige Frachtversicherungsdienstleistungen und wettbewerbsf\u00e4hige Versicherungspreise.","og_url":"http:\/\/www.sadvitairko.lt\/de\/logistik-und-transportdienstleistungen\/frachtversicherung\/","og_site_name":"Sadvita","article_modified_time":"2016-05-20T06:56:24+00:00","og_image":[{"width":900,"height":300,"url":"http:\/\/www.sadvitairko.lt\/wp-content\/uploads\/kroviniu_draudimas_large.jpg","type":"image\/jpeg"}],"twitter_card":"summary","twitter_misc":{"Gesch\u00e4tzte Lesezeit":"1\u00a0Minute"},"schema":{"@context":"https:\/\/schema.org","@graph":[{"@type":"WebSite","@id":"http:\/\/www.sadvitairko.lt\/lt\/#website","url":"http:\/\/www.sadvitairko.lt\/lt\/","name":"Sadvita","description":"SADVITOS TRANSPORTAS","potentialAction":[{"@type":"SearchAction","target":{"@type":"EntryPoint","urlTemplate":"http:\/\/www.sadvitairko.lt\/lt\/?s={search_term_string}"},"query-input":"required name=search_term_string"}],"inLanguage":"de"},{"@type":"ImageObject","@id":"http:\/\/www.sadvitairko.lt\/de\/logistik-und-transportdienstleistungen\/frachtversicherung\/#primaryimage","inLanguage":"de","url":"http:\/\/www.sadvitairko.lt\/wp-content\/uploads\/kroviniu_draudimas_large.jpg","contentUrl":"http:\/\/www.sadvitairko.lt\/wp-content\/uploads\/kroviniu_draudimas_large.jpg","width":900,"height":300,"caption":"Krovini\u0173 draudimas"},{"@type":"WebPage","@id":"http:\/\/www.sadvitairko.lt\/de\/logistik-und-transportdienstleistungen\/frachtversicherung\/#webpage","url":"http:\/\/www.sadvitairko.lt\/de\/logistik-und-transportdienstleistungen\/frachtversicherung\/","name":"Frachtversicherung | SADVITOS TRANSPORTAS","isPartOf":{"@id":"http:\/\/www.sadvitairko.lt\/lt\/#website"},"primaryImageOfPage":{"@id":"http:\/\/www.sadvitairko.lt\/de\/logistik-und-transportdienstleistungen\/frachtversicherung\/#primaryimage"},"datePublished":"2015-08-18T11:38:25+00:00","dateModified":"2016-05-20T06:56:24+00:00","description":"Einmalige Frachtversicherung und Langfristige Frachtversicherung. Zuverl\u00e4ssige Frachtversicherungsdienstleistungen und wettbewerbsf\u00e4hige Versicherungspreise.","breadcrumb":{"@id":"http:\/\/www.sadvitairko.lt\/de\/logistik-und-transportdienstleistungen\/frachtversicherung\/#breadcrumb"},"inLanguage":"de","potentialAction":[{"@type":"ReadAction","target":["http:\/\/www.sadvitairko.lt\/de\/logistik-und-transportdienstleistungen\/frachtversicherung\/"]}]},{"@type":"BreadcrumbList","@id":"http:\/\/www.sadvitairko.lt\/de\/logistik-und-transportdienstleistungen\/frachtversicherung\/#breadcrumb","itemListElement":[{"@type":"ListItem","position":1,"name":"Home","item":"http:\/\/www.sadvitairko.lt\/de\/"},{"@type":"ListItem","position":2,"name":"Logistik- und Transportdienstleistungen","item":"http:\/\/www.sadvitairko.lt\/de\/logistik-und-transportdienstleistungen\/"},{"@type":"ListItem","position":3,"name":"Frachtversicherung"}]}]}},"_links":{"self":[{"href":"http:\/\/www.sadvitairko.lt\/de\/wp-json\/wp\/v2\/pages\/1172"}],"collection":[{"href":"http:\/\/www.sadvitairko.lt\/de\/wp-json\/wp\/v2\/pages"}],"about":[{"href":"http:\/\/www.sadvitairko.lt\/de\/wp-json\/wp\/v2\/types\/page"}],"author":[{"embeddable":true,"href":"http:\/\/www.sadvitairko.lt\/de\/wp-json\/wp\/v2\/users\/3"}],"replies":[{"embeddable":true,"href":"http:\/\/www.sadvitairko.lt\/de\/wp-json\/wp\/v2\/comments?post=1172"}],"version-history":[{"count":0,"href":"http:\/\/www.sadvitairko.lt\/de\/wp-json\/wp\/v2\/pages\/1172\/revisions"}],"up":[{"embeddable":true,"href":"http:\/\/www.sadvitairko.lt\/de\/wp-json\/wp\/v2\/pages\/1158"}],"wp:featuredmedia":[{"embeddable":true,"href":"http:\/\/www.sadvitairko.lt\/de\/wp-json\/wp\/v2\/media\/1049"}],"wp:attachment":[{"href":"http:\/\/www.sadvitairko.lt\/de\/wp-json\/wp\/v2\/media?parent=1172"}],"curies":[{"name":"wp","href":"https:\/\/api.w.org\/{rel}","templated":true}]}}