{"id":1174,"date":"2015-08-18T13:41:57","date_gmt":"2015-08-18T11:41:57","guid":{"rendered":"http:\/\/www.sadvitairko.lt\/?page_id=1174"},"modified":"2016-05-20T08:55:49","modified_gmt":"2016-05-20T06:55:49","slug":"lagerung","status":"publish","type":"page","link":"http:\/\/www.sadvitairko.lt\/de\/logistik-und-transportdienstleistungen\/lagerung\/","title":{"rendered":"Lagerung"},"content":{"rendered":"<p>Die<strong> Lagerung<\/strong>\u00a0ist einer der wichtigsten Teile im Transport- und Logistikprozess von G\u00fctern, der den angemessenen Schutz der G\u00fcter, die Warenverteilung und -kontrolle gew\u00e4hrleistet. Das wichtigste Ziel der Lagerung ist die Gew\u00e4hrleistung der G\u00fctererhaltung und die Vorbereitung der Waren auf die Ausfuhr.<\/p>\n<p>UAB \u201eSadvitos transportas\u201c f\u00fchrt Arbeiten zur Beladung, Sortierung, Verpackung und Kennzeichnung von G\u00fctern durch, k\u00fcmmert sich um die Verbuchung des Warenverkehrs und die damit zusammenh\u00e4ngende Dokumentation, legt den Kunden ausf\u00fchrliche Berichte vor. Die Lagerung erfolgt in modernen R\u00e4umlichkeiten, auf einer Fl\u00e4che von 10\u00a0000 q.m., in denen G\u00fcter aller Art aufbewahrt werden k\u00f6nnen. UAB \u201eSadvitos transportas\u201c bietet beheizte R\u00e4ume und K\u00fchlr\u00e4ume, in denen G\u00fcter gelagert werden, die ein spezielles Temperaturregime erfordern. In den Lagern der Gesellschaft funktioniert ein modernes Warenbuchungssystem, das den genauen Warenverkehr garantiert. Die Sicherheit der G\u00fcter wird durch einen Sicherheitsposten, eine Alarmanlage und ein Video\u00fcberwachungssystem rund um die Uhr gew\u00e4hrleistet.<\/p>\n<p><strong>Haben wir Ihr Interesse geweckt?\u00a0Nehmen Sie Kontakt mit uns auf.<\/strong><\/p>\n","protected":false},"excerpt":{"rendered":"<p>Die Lagerung\u00a0ist einer der wichtigsten Teile im Transport- und Logistikprozess von G\u00fctern, der den angemessenen Schutz der G\u00fcter, die Warenverteilung und -kontrolle gew\u00e4hrleistet. Das wichtigste Ziel der Lagerung ist die Gew\u00e4hrleistung der G\u00fctererhaltung und die Vorbereitung der Waren auf die Ausfuhr. UAB \u201eSadvitos transportas\u201c f\u00fchrt Arbeiten zur Beladung, Sortierung, Verpackung und Kennzeichnung von G\u00fctern durch, [&hellip;]<\/p>\n","protected":false},"author":3,"featured_media":1061,"parent":1158,"menu_order":59,"comment_status":"closed","ping_status":"closed","template":"","meta":[],"yoast_head":"<!-- This site is optimized with the Yoast SEO plugin v17.4 - https:\/\/yoast.com\/wordpress\/plugins\/seo\/ -->\n<meta name=\"description\" content=\"Lagerung von G\u00fctern mit Norm- und \u00dcbergr\u00f6\u00dfe in modernen R\u00e4umlichkeiten. Be- und Entladung von G\u00fctern, Lagerdienstleistungen, Dokumentenkontrolle.\" \/>\n<meta name=\"robots\" content=\"index, follow, max-snippet:-1, max-image-preview:large, max-video-preview:-1\" \/>\n<link rel=\"canonical\" href=\"http:\/\/www.sadvitairko.lt\/de\/logistik-und-transportdienstleistungen\/lagerung\/\" \/>\n<meta property=\"og:locale\" content=\"de_DE\" \/>\n<meta property=\"og:type\" content=\"article\" \/>\n<meta property=\"og:title\" content=\"Lagerung | SADVITOS TRANSPORTAS\" \/>\n<meta property=\"og:description\" content=\"Lagerung von G\u00fctern mit Norm- und \u00dcbergr\u00f6\u00dfe in modernen R\u00e4umlichkeiten. Be- und Entladung von G\u00fctern, Lagerdienstleistungen, Dokumentenkontrolle.\" \/>\n<meta property=\"og:url\" content=\"http:\/\/www.sadvitairko.lt\/de\/logistik-und-transportdienstleistungen\/lagerung\/\" \/>\n<meta property=\"og:site_name\" content=\"Sadvita\" \/>\n<meta property=\"article:modified_time\" content=\"2016-05-20T06:55:49+00:00\" \/>\n<meta property=\"og:image\" content=\"http:\/\/www.sadvitairko.lt\/wp-content\/uploads\/sandeliavimas_large.jpg\" \/>\n\t<meta property=\"og:image:width\" content=\"900\" \/>\n\t<meta property=\"og:image:height\" content=\"300\" \/>\n<meta name=\"twitter:card\" content=\"summary\" \/>\n<meta name=\"twitter:label1\" content=\"Gesch\u00e4tzte Lesezeit\" \/>\n\t<meta name=\"twitter:data1\" content=\"1\u00a0Minute\" \/>\n<script type=\"application\/ld+json\" class=\"yoast-schema-graph\">{\"@context\":\"https:\/\/schema.org\",\"@graph\":[{\"@type\":\"WebSite\",\"@id\":\"http:\/\/www.sadvitairko.lt\/lt\/#website\",\"url\":\"http:\/\/www.sadvitairko.lt\/lt\/\",\"name\":\"Sadvita\",\"description\":\"SADVITOS TRANSPORTAS\",\"potentialAction\":[{\"@type\":\"SearchAction\",\"target\":{\"@type\":\"EntryPoint\",\"urlTemplate\":\"http:\/\/www.sadvitairko.lt\/lt\/?s={search_term_string}\"},\"query-input\":\"required name=search_term_string\"}],\"inLanguage\":\"de\"},{\"@type\":\"ImageObject\",\"@id\":\"http:\/\/www.sadvitairko.lt\/de\/logistik-und-transportdienstleistungen\/lagerung\/#primaryimage\",\"inLanguage\":\"de\",\"url\":\"http:\/\/www.sadvitairko.lt\/wp-content\/uploads\/sandeliavimas_large.jpg\",\"contentUrl\":\"http:\/\/www.sadvitairko.lt\/wp-content\/uploads\/sandeliavimas_large.jpg\",\"width\":900,\"height\":300,\"caption\":\"Sand\\u0117liavimas\"},{\"@type\":\"WebPage\",\"@id\":\"http:\/\/www.sadvitairko.lt\/de\/logistik-und-transportdienstleistungen\/lagerung\/#webpage\",\"url\":\"http:\/\/www.sadvitairko.lt\/de\/logistik-und-transportdienstleistungen\/lagerung\/\",\"name\":\"Lagerung | SADVITOS TRANSPORTAS\",\"isPartOf\":{\"@id\":\"http:\/\/www.sadvitairko.lt\/lt\/#website\"},\"primaryImageOfPage\":{\"@id\":\"http:\/\/www.sadvitairko.lt\/de\/logistik-und-transportdienstleistungen\/lagerung\/#primaryimage\"},\"datePublished\":\"2015-08-18T11:41:57+00:00\",\"dateModified\":\"2016-05-20T06:55:49+00:00\",\"description\":\"Lagerung von G\\u00fctern mit Norm- und \\u00dcbergr\\u00f6\\u00dfe in modernen R\\u00e4umlichkeiten. Be- und Entladung von G\\u00fctern, Lagerdienstleistungen, Dokumentenkontrolle.\",\"breadcrumb\":{\"@id\":\"http:\/\/www.sadvitairko.lt\/de\/logistik-und-transportdienstleistungen\/lagerung\/#breadcrumb\"},\"inLanguage\":\"de\",\"potentialAction\":[{\"@type\":\"ReadAction\",\"target\":[\"http:\/\/www.sadvitairko.lt\/de\/logistik-und-transportdienstleistungen\/lagerung\/\"]}]},{\"@type\":\"BreadcrumbList\",\"@id\":\"http:\/\/www.sadvitairko.lt\/de\/logistik-und-transportdienstleistungen\/lagerung\/#breadcrumb\",\"itemListElement\":[{\"@type\":\"ListItem\",\"position\":1,\"name\":\"Home\",\"item\":\"http:\/\/www.sadvitairko.lt\/de\/\"},{\"@type\":\"ListItem\",\"position\":2,\"name\":\"Logistik- und Transportdienstleistungen\",\"item\":\"http:\/\/www.sadvitairko.lt\/de\/logistik-und-transportdienstleistungen\/\"},{\"@type\":\"ListItem\",\"position\":3,\"name\":\"Lagerung\"}]}]}<\/script>\n<!-- \/ Yoast SEO plugin. -->","yoast_head_json":{"description":"Lagerung von G\u00fctern mit Norm- und \u00dcbergr\u00f6\u00dfe in modernen R\u00e4umlichkeiten. Be- und Entladung von G\u00fctern, Lagerdienstleistungen, Dokumentenkontrolle.","robots":{"index":"index","follow":"follow","max-snippet":"max-snippet:-1","max-image-preview":"max-image-preview:large","max-video-preview":"max-video-preview:-1"},"canonical":"http:\/\/www.sadvitairko.lt\/de\/logistik-und-transportdienstleistungen\/lagerung\/","og_locale":"de_DE","og_type":"article","og_title":"Lagerung | SADVITOS TRANSPORTAS","og_description":"Lagerung von G\u00fctern mit Norm- und \u00dcbergr\u00f6\u00dfe in modernen R\u00e4umlichkeiten. Be- und Entladung von G\u00fctern, Lagerdienstleistungen, Dokumentenkontrolle.","og_url":"http:\/\/www.sadvitairko.lt\/de\/logistik-und-transportdienstleistungen\/lagerung\/","og_site_name":"Sadvita","article_modified_time":"2016-05-20T06:55:49+00:00","og_image":[{"width":900,"height":300,"url":"http:\/\/www.sadvitairko.lt\/wp-content\/uploads\/sandeliavimas_large.jpg","type":"image\/jpeg"}],"twitter_card":"summary","twitter_misc":{"Gesch\u00e4tzte Lesezeit":"1\u00a0Minute"},"schema":{"@context":"https:\/\/schema.org","@graph":[{"@type":"WebSite","@id":"http:\/\/www.sadvitairko.lt\/lt\/#website","url":"http:\/\/www.sadvitairko.lt\/lt\/","name":"Sadvita","description":"SADVITOS TRANSPORTAS","potentialAction":[{"@type":"SearchAction","target":{"@type":"EntryPoint","urlTemplate":"http:\/\/www.sadvitairko.lt\/lt\/?s={search_term_string}"},"query-input":"required name=search_term_string"}],"inLanguage":"de"},{"@type":"ImageObject","@id":"http:\/\/www.sadvitairko.lt\/de\/logistik-und-transportdienstleistungen\/lagerung\/#primaryimage","inLanguage":"de","url":"http:\/\/www.sadvitairko.lt\/wp-content\/uploads\/sandeliavimas_large.jpg","contentUrl":"http:\/\/www.sadvitairko.lt\/wp-content\/uploads\/sandeliavimas_large.jpg","width":900,"height":300,"caption":"Sand\u0117liavimas"},{"@type":"WebPage","@id":"http:\/\/www.sadvitairko.lt\/de\/logistik-und-transportdienstleistungen\/lagerung\/#webpage","url":"http:\/\/www.sadvitairko.lt\/de\/logistik-und-transportdienstleistungen\/lagerung\/","name":"Lagerung | SADVITOS TRANSPORTAS","isPartOf":{"@id":"http:\/\/www.sadvitairko.lt\/lt\/#website"},"primaryImageOfPage":{"@id":"http:\/\/www.sadvitairko.lt\/de\/logistik-und-transportdienstleistungen\/lagerung\/#primaryimage"},"datePublished":"2015-08-18T11:41:57+00:00","dateModified":"2016-05-20T06:55:49+00:00","description":"Lagerung von G\u00fctern mit Norm- und \u00dcbergr\u00f6\u00dfe in modernen R\u00e4umlichkeiten. Be- und Entladung von G\u00fctern, Lagerdienstleistungen, Dokumentenkontrolle.","breadcrumb":{"@id":"http:\/\/www.sadvitairko.lt\/de\/logistik-und-transportdienstleistungen\/lagerung\/#breadcrumb"},"inLanguage":"de","potentialAction":[{"@type":"ReadAction","target":["http:\/\/www.sadvitairko.lt\/de\/logistik-und-transportdienstleistungen\/lagerung\/"]}]},{"@type":"BreadcrumbList","@id":"http:\/\/www.sadvitairko.lt\/de\/logistik-und-transportdienstleistungen\/lagerung\/#breadcrumb","itemListElement":[{"@type":"ListItem","position":1,"name":"Home","item":"http:\/\/www.sadvitairko.lt\/de\/"},{"@type":"ListItem","position":2,"name":"Logistik- und Transportdienstleistungen","item":"http:\/\/www.sadvitairko.lt\/de\/logistik-und-transportdienstleistungen\/"},{"@type":"ListItem","position":3,"name":"Lagerung"}]}]}},"_links":{"self":[{"href":"http:\/\/www.sadvitairko.lt\/de\/wp-json\/wp\/v2\/pages\/1174"}],"collection":[{"href":"http:\/\/www.sadvitairko.lt\/de\/wp-json\/wp\/v2\/pages"}],"about":[{"href":"http:\/\/www.sadvitairko.lt\/de\/wp-json\/wp\/v2\/types\/page"}],"author":[{"embeddable":true,"href":"http:\/\/www.sadvitairko.lt\/de\/wp-json\/wp\/v2\/users\/3"}],"replies":[{"embeddable":true,"href":"http:\/\/www.sadvitairko.lt\/de\/wp-json\/wp\/v2\/comments?post=1174"}],"version-history":[{"count":0,"href":"http:\/\/www.sadvitairko.lt\/de\/wp-json\/wp\/v2\/pages\/1174\/revisions"}],"up":[{"embeddable":true,"href":"http:\/\/www.sadvitairko.lt\/de\/wp-json\/wp\/v2\/pages\/1158"}],"wp:featuredmedia":[{"embeddable":true,"href":"http:\/\/www.sadvitairko.lt\/de\/wp-json\/wp\/v2\/media\/1061"}],"wp:attachment":[{"href":"http:\/\/www.sadvitairko.lt\/de\/wp-json\/wp\/v2\/media?parent=1174"}],"curies":[{"name":"wp","href":"https:\/\/api.w.org\/{rel}","templated":true}]}}