{"id":1182,"date":"2015-08-18T14:09:25","date_gmt":"2015-08-18T12:09:25","guid":{"rendered":"http:\/\/www.sadvitairko.lt\/?page_id=1182"},"modified":"2016-05-20T09:25:42","modified_gmt":"2016-05-20T07:25:42","slug":"azienda-dei-trasporti-e-logistica","status":"publish","type":"page","link":"http:\/\/www.sadvitairko.lt\/it\/azienda-dei-trasporti-e-logistica\/","title":{"rendered":"Azienda dei trasporti e logistica"},"content":{"rendered":"<p style=\"text-align: justify;\">Ogni azienda quando cerca i partner per una collaborazione di fiducia si pone spesso la seguente domanda, quale delle compagnie di servizi scegliere per una futura e fruttuosa partnership?<\/p>\n<p><strong>Azienda dei trasporti e logistica <\/strong>UAB \u201eSadvitos transportas\u201c\u00a0propone i propri servizi sul mercato dal 2004.<\/p>\n<p style=\"text-align: justify;\">Le principali attivit\u00e0 dell\u2018azienda sono i trasporti locali ed internazionali, trasporto merci con le navi, ferrovia e autotrasporti; movimentazione merci nel porto di Klaip\u0117da ed altri; mediazione doganale; selezione del migliore percorso per il trasporto merci, logistica; servizio di \u201critiro consegna merci\u201d; rappresentazione di tutti i tipi di navi; noleggio navi.<\/p>\n<p style=\"text-align: justify;\">Azienda di gestione professionale risponde velocemente alle richieste di un ambiente in rapida evoluzione. Stiamo migliorando continuamente le nostre possibilit\u00e0, competiamo, cerchiamo di essere primi in tutti i modi e di fornire la migliore qualit\u00e0 di servizi. Prestiamo molta attenzione ai nostri clienti e proteggiamo la loro propriet\u00e0 affidatoci.<\/p>\n<p style=\"text-align: justify;\">I nostri clienti sono le aziende che apprezzano il loro tempo e dei loro clienti, che non vogliono avere preoccupazioni circa la sicurezza del trasporto delle proprie merci verso i paesi del mondo, e cercano i partner affidabili a lungo termine.<\/p>\n<p style=\"text-align: justify;\"><strong>Noi non veniamo scelti solo dalle compagnie lituane, europee, ma anche da quelle russe, apprezziamo e siamo lieti di eseguire i loro ordini.<\/strong><\/p>\n<hr \/>\n<p style=\"text-align: justify;\"><strong>I vantaggi della collaborazione:<\/strong><\/p>\n<ul>\n<li style=\"text-align: justify;\"><strong>Prezzi vantaggiosi.<\/strong> Approfittiamo dei rapporti sicuri con i nostri partner e facciamo accuratamente i progetti e i percorsi di trasporto, e li proponiamo alle\u00a0 migliori tariffe.<\/li>\n<li style=\"text-align: justify;\"><strong>L\u2019approccio multidimensionale.<\/strong> I nostri specialisti si occuperanno di tutte le domande legate al trasporto: valutando accuratamente le specifiche delle merci trasportabili, costruiranno la catena di fornitura conveniente, proporranno i piani assicurativi migliori e risolveranno le domande riguardo sdoganamento merci.<\/li>\n<li style=\"text-align: justify;\"><strong>Esecuzione precisa del contratto.<\/strong> Sappiamo come \u00e8 importante consegnare le merci al posto indicato nel tempo richiesto. Per questo seguiamo nel nostro lavoro il principio di rispettare con fermezza i termini prestabiliti.<\/li>\n<li style=\"text-align: justify;\"><strong>Alta qualit\u00e0 dei servizi.<\/strong> Valutiamo ogni cliente, dedichiamo una particolare attenzione alla qualit\u00e0 di consegna merci, ai servizi e teniamo a cuore le esigenze individuali del cliente.<\/li>\n<\/ul>\n<p><strong>Troveremo una soluzione logistica ideale per la vostra azienda!<\/strong><\/p>\n<hr \/>\n","protected":false},"excerpt":{"rendered":"<p>Ogni azienda quando cerca i partner per una collaborazione di fiducia si pone spesso la seguente domanda, quale delle compagnie di servizi scegliere per una futura e fruttuosa partnership? Azienda dei trasporti e logistica UAB \u201eSadvitos transportas\u201c\u00a0propone i propri servizi sul mercato dal 2004. Le principali attivit\u00e0 dell\u2018azienda sono i trasporti locali ed internazionali, trasporto [&hellip;]<\/p>\n","protected":false},"author":3,"featured_media":0,"parent":0,"menu_order":17,"comment_status":"closed","ping_status":"closed","template":"","meta":[],"yoast_head":"<!-- This site is optimized with the Yoast SEO plugin v17.4 - https:\/\/yoast.com\/wordpress\/plugins\/seo\/ -->\n<meta name=\"description\" content=\"Azienda professionale di trasporti e logistica. Trasporto e movimentazione merci e selezione dei migliori percorsi, logistica e la mediazione doganale.\" \/>\n<meta name=\"robots\" content=\"index, follow, max-snippet:-1, max-image-preview:large, max-video-preview:-1\" \/>\n<link rel=\"canonical\" href=\"http:\/\/www.sadvitairko.lt\/it\/azienda-dei-trasporti-e-logistica\/\" \/>\n<meta property=\"og:locale\" content=\"it_IT\" \/>\n<meta property=\"og:type\" content=\"article\" \/>\n<meta property=\"og:title\" content=\"Azienda di trasporto e logistica | SADVITOS TRANSPORTAS\" \/>\n<meta property=\"og:description\" content=\"Azienda professionale di trasporti e logistica. Trasporto e movimentazione merci e selezione dei migliori percorsi, logistica e la mediazione doganale.\" \/>\n<meta property=\"og:url\" content=\"http:\/\/www.sadvitairko.lt\/it\/azienda-dei-trasporti-e-logistica\/\" \/>\n<meta property=\"og:site_name\" content=\"Sadvita\" \/>\n<meta property=\"article:modified_time\" content=\"2016-05-20T07:25:42+00:00\" \/>\n<meta name=\"twitter:card\" content=\"summary\" \/>\n<meta name=\"twitter:label1\" content=\"Tempo di lettura stimato\" \/>\n\t<meta name=\"twitter:data1\" content=\"2 minuti\" \/>\n<script type=\"application\/ld+json\" class=\"yoast-schema-graph\">{\"@context\":\"https:\/\/schema.org\",\"@graph\":[{\"@type\":\"WebSite\",\"@id\":\"http:\/\/www.sadvitairko.lt\/lt\/#website\",\"url\":\"http:\/\/www.sadvitairko.lt\/lt\/\",\"name\":\"Sadvita\",\"description\":\"SADVITOS TRANSPORTAS\",\"potentialAction\":[{\"@type\":\"SearchAction\",\"target\":{\"@type\":\"EntryPoint\",\"urlTemplate\":\"http:\/\/www.sadvitairko.lt\/lt\/?s={search_term_string}\"},\"query-input\":\"required name=search_term_string\"}],\"inLanguage\":\"it-IT\"},{\"@type\":\"WebPage\",\"@id\":\"http:\/\/www.sadvitairko.lt\/it\/azienda-dei-trasporti-e-logistica\/#webpage\",\"url\":\"http:\/\/www.sadvitairko.lt\/it\/azienda-dei-trasporti-e-logistica\/\",\"name\":\"Azienda di trasporto e logistica | SADVITOS TRANSPORTAS\",\"isPartOf\":{\"@id\":\"http:\/\/www.sadvitairko.lt\/lt\/#website\"},\"datePublished\":\"2015-08-18T12:09:25+00:00\",\"dateModified\":\"2016-05-20T07:25:42+00:00\",\"description\":\"Azienda professionale di trasporti e logistica. Trasporto e movimentazione merci e selezione dei migliori percorsi, logistica e la mediazione doganale.\",\"breadcrumb\":{\"@id\":\"http:\/\/www.sadvitairko.lt\/it\/azienda-dei-trasporti-e-logistica\/#breadcrumb\"},\"inLanguage\":\"it-IT\",\"potentialAction\":[{\"@type\":\"ReadAction\",\"target\":[\"http:\/\/www.sadvitairko.lt\/it\/azienda-dei-trasporti-e-logistica\/\"]}]},{\"@type\":\"BreadcrumbList\",\"@id\":\"http:\/\/www.sadvitairko.lt\/it\/azienda-dei-trasporti-e-logistica\/#breadcrumb\",\"itemListElement\":[{\"@type\":\"ListItem\",\"position\":1,\"name\":\"Home\",\"item\":\"http:\/\/www.sadvitairko.lt\/it\/\"},{\"@type\":\"ListItem\",\"position\":2,\"name\":\"Azienda dei trasporti e logistica\"}]}]}<\/script>\n<!-- \/ Yoast SEO plugin. -->","yoast_head_json":{"description":"Azienda professionale di trasporti e logistica. Trasporto e movimentazione merci e selezione dei migliori percorsi, logistica e la mediazione doganale.","robots":{"index":"index","follow":"follow","max-snippet":"max-snippet:-1","max-image-preview":"max-image-preview:large","max-video-preview":"max-video-preview:-1"},"canonical":"http:\/\/www.sadvitairko.lt\/it\/azienda-dei-trasporti-e-logistica\/","og_locale":"it_IT","og_type":"article","og_title":"Azienda di trasporto e logistica | SADVITOS TRANSPORTAS","og_description":"Azienda professionale di trasporti e logistica. Trasporto e movimentazione merci e selezione dei migliori percorsi, logistica e la mediazione doganale.","og_url":"http:\/\/www.sadvitairko.lt\/it\/azienda-dei-trasporti-e-logistica\/","og_site_name":"Sadvita","article_modified_time":"2016-05-20T07:25:42+00:00","twitter_card":"summary","twitter_misc":{"Tempo di lettura stimato":"2 minuti"},"schema":{"@context":"https:\/\/schema.org","@graph":[{"@type":"WebSite","@id":"http:\/\/www.sadvitairko.lt\/lt\/#website","url":"http:\/\/www.sadvitairko.lt\/lt\/","name":"Sadvita","description":"SADVITOS TRANSPORTAS","potentialAction":[{"@type":"SearchAction","target":{"@type":"EntryPoint","urlTemplate":"http:\/\/www.sadvitairko.lt\/lt\/?s={search_term_string}"},"query-input":"required name=search_term_string"}],"inLanguage":"it-IT"},{"@type":"WebPage","@id":"http:\/\/www.sadvitairko.lt\/it\/azienda-dei-trasporti-e-logistica\/#webpage","url":"http:\/\/www.sadvitairko.lt\/it\/azienda-dei-trasporti-e-logistica\/","name":"Azienda di trasporto e logistica | SADVITOS TRANSPORTAS","isPartOf":{"@id":"http:\/\/www.sadvitairko.lt\/lt\/#website"},"datePublished":"2015-08-18T12:09:25+00:00","dateModified":"2016-05-20T07:25:42+00:00","description":"Azienda professionale di trasporti e logistica. Trasporto e movimentazione merci e selezione dei migliori percorsi, logistica e la mediazione doganale.","breadcrumb":{"@id":"http:\/\/www.sadvitairko.lt\/it\/azienda-dei-trasporti-e-logistica\/#breadcrumb"},"inLanguage":"it-IT","potentialAction":[{"@type":"ReadAction","target":["http:\/\/www.sadvitairko.lt\/it\/azienda-dei-trasporti-e-logistica\/"]}]},{"@type":"BreadcrumbList","@id":"http:\/\/www.sadvitairko.lt\/it\/azienda-dei-trasporti-e-logistica\/#breadcrumb","itemListElement":[{"@type":"ListItem","position":1,"name":"Home","item":"http:\/\/www.sadvitairko.lt\/it\/"},{"@type":"ListItem","position":2,"name":"Azienda dei trasporti e logistica"}]}]}},"_links":{"self":[{"href":"http:\/\/www.sadvitairko.lt\/it\/wp-json\/wp\/v2\/pages\/1182"}],"collection":[{"href":"http:\/\/www.sadvitairko.lt\/it\/wp-json\/wp\/v2\/pages"}],"about":[{"href":"http:\/\/www.sadvitairko.lt\/it\/wp-json\/wp\/v2\/types\/page"}],"author":[{"embeddable":true,"href":"http:\/\/www.sadvitairko.lt\/it\/wp-json\/wp\/v2\/users\/3"}],"replies":[{"embeddable":true,"href":"http:\/\/www.sadvitairko.lt\/it\/wp-json\/wp\/v2\/comments?post=1182"}],"version-history":[{"count":0,"href":"http:\/\/www.sadvitairko.lt\/it\/wp-json\/wp\/v2\/pages\/1182\/revisions"}],"wp:attachment":[{"href":"http:\/\/www.sadvitairko.lt\/it\/wp-json\/wp\/v2\/media?parent=1182"}],"curies":[{"name":"wp","href":"https:\/\/api.w.org\/{rel}","templated":true}]}}