{"id":1188,"date":"2015-08-18T14:28:47","date_gmt":"2015-08-18T12:28:47","guid":{"rendered":"http:\/\/www.sadvitairko.lt\/?page_id=1188"},"modified":"2016-05-20T09:16:36","modified_gmt":"2016-05-20T07:16:36","slug":"trasporto-merci-via-aerea","status":"publish","type":"page","link":"http:\/\/www.sadvitairko.lt\/it\/servizi-di-trasporto-e-logistica\/trasporto-merci-via-aerea\/","title":{"rendered":"Trasporto merci via aerea"},"content":{"rendered":"<p><strong>Trasporto merci via aerea <\/strong>\u00e8 il tipo di trasporto pi\u00f9 veloce e sicuro di carico misto, si presta una particolare attenzione alla consegna urgente, alle merci con date di breve scadenza, pericolose e di alto valore. Il trasporto del carico pu\u00f2 essere effettuato in tutte le localit\u00e0 del mondo, realizzando i requisiti dei termini pi\u00f9 brevi della consegna, vale a dire che il trasporto merci via aerea e l\u2019infrastruttura logistica ben sviluppata permette di coprire grandi distanze in breve tempo.<\/p>\n<p>UAB \u201eSadvitos transportas\u201c fornisce i servizi professionali del trasporto e logistica via aerea. Il trasporto viene effettuato in vari paesi del mondo, si possono trasportare le merci standard, fuori misure standard, pericolose e quelle a condizioni di temperature speciali. L\u2019Azienda esegue i compiti di mediatore doganale e prepara la documentazione necessaria del trasporto del carico. A richiesta del cliente, UAB \u201eSadvitos transportas\u201c\u00a0esegue i compiti di magazzinaggio, ordinamento ed imballaggio merce, organizza il ritiro e la consegna del carico.<\/p>\n<p><strong>Se siete interessati, contattateci!<\/strong><\/p>\n","protected":false},"excerpt":{"rendered":"<p>Trasporto merci via aerea \u00e8 il tipo di trasporto pi\u00f9 veloce e sicuro di carico misto, si presta una particolare attenzione alla consegna urgente, alle merci con date di breve scadenza, pericolose e di alto valore. Il trasporto del carico pu\u00f2 essere effettuato in tutte le localit\u00e0 del mondo, realizzando i requisiti dei termini pi\u00f9 [&hellip;]<\/p>\n","protected":false},"author":3,"featured_media":1053,"parent":1180,"menu_order":28,"comment_status":"closed","ping_status":"closed","template":"","meta":[],"yoast_head":"<!-- This site is optimized with the Yoast SEO plugin v17.4 - https:\/\/yoast.com\/wordpress\/plugins\/seo\/ -->\n<meta name=\"description\" content=\"Trasporto merci via aerea. Trasporto delle merce con consegna urgente e quelli deperibili. Preparazione dei documenti del carico, servizio preparazione dei documenti doganali.\" \/>\n<meta name=\"robots\" content=\"index, follow, max-snippet:-1, max-image-preview:large, max-video-preview:-1\" \/>\n<link rel=\"canonical\" href=\"http:\/\/www.sadvitairko.lt\/it\/servizi-di-trasporto-e-logistica\/trasporto-merci-via-aerea\/\" \/>\n<meta property=\"og:locale\" content=\"it_IT\" \/>\n<meta property=\"og:type\" content=\"article\" \/>\n<meta property=\"og:title\" content=\"Trasporto merci via aerea | SADVITOS TRANSPORTAS\" \/>\n<meta property=\"og:description\" content=\"Trasporto merci via aerea. Trasporto delle merce con consegna urgente e quelli deperibili. Preparazione dei documenti del carico, servizio preparazione dei documenti doganali.\" \/>\n<meta property=\"og:url\" content=\"http:\/\/www.sadvitairko.lt\/it\/servizi-di-trasporto-e-logistica\/trasporto-merci-via-aerea\/\" \/>\n<meta property=\"og:site_name\" content=\"Sadvita\" \/>\n<meta property=\"article:modified_time\" content=\"2016-05-20T07:16:36+00:00\" \/>\n<meta property=\"og:image\" content=\"http:\/\/www.sadvitairko.lt\/wp-content\/uploads\/kroviniu_gabenimas_oru_large.jpg\" \/>\n\t<meta property=\"og:image:width\" content=\"900\" \/>\n\t<meta property=\"og:image:height\" content=\"300\" \/>\n<meta name=\"twitter:card\" content=\"summary\" \/>\n<meta name=\"twitter:label1\" content=\"Tempo di lettura stimato\" \/>\n\t<meta name=\"twitter:data1\" content=\"1 minuto\" \/>\n<script type=\"application\/ld+json\" class=\"yoast-schema-graph\">{\"@context\":\"https:\/\/schema.org\",\"@graph\":[{\"@type\":\"WebSite\",\"@id\":\"http:\/\/www.sadvitairko.lt\/lt\/#website\",\"url\":\"http:\/\/www.sadvitairko.lt\/lt\/\",\"name\":\"Sadvita\",\"description\":\"SADVITOS TRANSPORTAS\",\"potentialAction\":[{\"@type\":\"SearchAction\",\"target\":{\"@type\":\"EntryPoint\",\"urlTemplate\":\"http:\/\/www.sadvitairko.lt\/lt\/?s={search_term_string}\"},\"query-input\":\"required name=search_term_string\"}],\"inLanguage\":\"it-IT\"},{\"@type\":\"ImageObject\",\"@id\":\"http:\/\/www.sadvitairko.lt\/it\/servizi-di-trasporto-e-logistica\/trasporto-merci-via-aerea\/#primaryimage\",\"inLanguage\":\"it-IT\",\"url\":\"http:\/\/www.sadvitairko.lt\/wp-content\/uploads\/kroviniu_gabenimas_oru_large.jpg\",\"contentUrl\":\"http:\/\/www.sadvitairko.lt\/wp-content\/uploads\/kroviniu_gabenimas_oru_large.jpg\",\"width\":900,\"height\":300,\"caption\":\"Krovini\\u0173 gabenimas oru\"},{\"@type\":\"WebPage\",\"@id\":\"http:\/\/www.sadvitairko.lt\/it\/servizi-di-trasporto-e-logistica\/trasporto-merci-via-aerea\/#webpage\",\"url\":\"http:\/\/www.sadvitairko.lt\/it\/servizi-di-trasporto-e-logistica\/trasporto-merci-via-aerea\/\",\"name\":\"Trasporto merci via aerea | SADVITOS TRANSPORTAS\",\"isPartOf\":{\"@id\":\"http:\/\/www.sadvitairko.lt\/lt\/#website\"},\"primaryImageOfPage\":{\"@id\":\"http:\/\/www.sadvitairko.lt\/it\/servizi-di-trasporto-e-logistica\/trasporto-merci-via-aerea\/#primaryimage\"},\"datePublished\":\"2015-08-18T12:28:47+00:00\",\"dateModified\":\"2016-05-20T07:16:36+00:00\",\"description\":\"Trasporto merci via aerea. Trasporto delle merce con consegna urgente e quelli deperibili. Preparazione dei documenti del carico, servizio preparazione dei documenti doganali.\",\"breadcrumb\":{\"@id\":\"http:\/\/www.sadvitairko.lt\/it\/servizi-di-trasporto-e-logistica\/trasporto-merci-via-aerea\/#breadcrumb\"},\"inLanguage\":\"it-IT\",\"potentialAction\":[{\"@type\":\"ReadAction\",\"target\":[\"http:\/\/www.sadvitairko.lt\/it\/servizi-di-trasporto-e-logistica\/trasporto-merci-via-aerea\/\"]}]},{\"@type\":\"BreadcrumbList\",\"@id\":\"http:\/\/www.sadvitairko.lt\/it\/servizi-di-trasporto-e-logistica\/trasporto-merci-via-aerea\/#breadcrumb\",\"itemListElement\":[{\"@type\":\"ListItem\",\"position\":1,\"name\":\"Home\",\"item\":\"http:\/\/www.sadvitairko.lt\/it\/\"},{\"@type\":\"ListItem\",\"position\":2,\"name\":\"Servizi di trasporto e logistica\",\"item\":\"http:\/\/www.sadvitairko.lt\/it\/servizi-di-trasporto-e-logistica\/\"},{\"@type\":\"ListItem\",\"position\":3,\"name\":\"Trasporto merci via aerea\"}]}]}<\/script>\n<!-- \/ Yoast SEO plugin. -->","yoast_head_json":{"description":"Trasporto merci via aerea. Trasporto delle merce con consegna urgente e quelli deperibili. Preparazione dei documenti del carico, servizio preparazione dei documenti doganali.","robots":{"index":"index","follow":"follow","max-snippet":"max-snippet:-1","max-image-preview":"max-image-preview:large","max-video-preview":"max-video-preview:-1"},"canonical":"http:\/\/www.sadvitairko.lt\/it\/servizi-di-trasporto-e-logistica\/trasporto-merci-via-aerea\/","og_locale":"it_IT","og_type":"article","og_title":"Trasporto merci via aerea | SADVITOS TRANSPORTAS","og_description":"Trasporto merci via aerea. Trasporto delle merce con consegna urgente e quelli deperibili. Preparazione dei documenti del carico, servizio preparazione dei documenti doganali.","og_url":"http:\/\/www.sadvitairko.lt\/it\/servizi-di-trasporto-e-logistica\/trasporto-merci-via-aerea\/","og_site_name":"Sadvita","article_modified_time":"2016-05-20T07:16:36+00:00","og_image":[{"width":900,"height":300,"url":"http:\/\/www.sadvitairko.lt\/wp-content\/uploads\/kroviniu_gabenimas_oru_large.jpg","type":"image\/jpeg"}],"twitter_card":"summary","twitter_misc":{"Tempo di lettura stimato":"1 minuto"},"schema":{"@context":"https:\/\/schema.org","@graph":[{"@type":"WebSite","@id":"http:\/\/www.sadvitairko.lt\/lt\/#website","url":"http:\/\/www.sadvitairko.lt\/lt\/","name":"Sadvita","description":"SADVITOS TRANSPORTAS","potentialAction":[{"@type":"SearchAction","target":{"@type":"EntryPoint","urlTemplate":"http:\/\/www.sadvitairko.lt\/lt\/?s={search_term_string}"},"query-input":"required name=search_term_string"}],"inLanguage":"it-IT"},{"@type":"ImageObject","@id":"http:\/\/www.sadvitairko.lt\/it\/servizi-di-trasporto-e-logistica\/trasporto-merci-via-aerea\/#primaryimage","inLanguage":"it-IT","url":"http:\/\/www.sadvitairko.lt\/wp-content\/uploads\/kroviniu_gabenimas_oru_large.jpg","contentUrl":"http:\/\/www.sadvitairko.lt\/wp-content\/uploads\/kroviniu_gabenimas_oru_large.jpg","width":900,"height":300,"caption":"Krovini\u0173 gabenimas oru"},{"@type":"WebPage","@id":"http:\/\/www.sadvitairko.lt\/it\/servizi-di-trasporto-e-logistica\/trasporto-merci-via-aerea\/#webpage","url":"http:\/\/www.sadvitairko.lt\/it\/servizi-di-trasporto-e-logistica\/trasporto-merci-via-aerea\/","name":"Trasporto merci via aerea | SADVITOS TRANSPORTAS","isPartOf":{"@id":"http:\/\/www.sadvitairko.lt\/lt\/#website"},"primaryImageOfPage":{"@id":"http:\/\/www.sadvitairko.lt\/it\/servizi-di-trasporto-e-logistica\/trasporto-merci-via-aerea\/#primaryimage"},"datePublished":"2015-08-18T12:28:47+00:00","dateModified":"2016-05-20T07:16:36+00:00","description":"Trasporto merci via aerea. Trasporto delle merce con consegna urgente e quelli deperibili. Preparazione dei documenti del carico, servizio preparazione dei documenti doganali.","breadcrumb":{"@id":"http:\/\/www.sadvitairko.lt\/it\/servizi-di-trasporto-e-logistica\/trasporto-merci-via-aerea\/#breadcrumb"},"inLanguage":"it-IT","potentialAction":[{"@type":"ReadAction","target":["http:\/\/www.sadvitairko.lt\/it\/servizi-di-trasporto-e-logistica\/trasporto-merci-via-aerea\/"]}]},{"@type":"BreadcrumbList","@id":"http:\/\/www.sadvitairko.lt\/it\/servizi-di-trasporto-e-logistica\/trasporto-merci-via-aerea\/#breadcrumb","itemListElement":[{"@type":"ListItem","position":1,"name":"Home","item":"http:\/\/www.sadvitairko.lt\/it\/"},{"@type":"ListItem","position":2,"name":"Servizi di trasporto e logistica","item":"http:\/\/www.sadvitairko.lt\/it\/servizi-di-trasporto-e-logistica\/"},{"@type":"ListItem","position":3,"name":"Trasporto merci via aerea"}]}]}},"_links":{"self":[{"href":"http:\/\/www.sadvitairko.lt\/it\/wp-json\/wp\/v2\/pages\/1188"}],"collection":[{"href":"http:\/\/www.sadvitairko.lt\/it\/wp-json\/wp\/v2\/pages"}],"about":[{"href":"http:\/\/www.sadvitairko.lt\/it\/wp-json\/wp\/v2\/types\/page"}],"author":[{"embeddable":true,"href":"http:\/\/www.sadvitairko.lt\/it\/wp-json\/wp\/v2\/users\/3"}],"replies":[{"embeddable":true,"href":"http:\/\/www.sadvitairko.lt\/it\/wp-json\/wp\/v2\/comments?post=1188"}],"version-history":[{"count":0,"href":"http:\/\/www.sadvitairko.lt\/it\/wp-json\/wp\/v2\/pages\/1188\/revisions"}],"up":[{"embeddable":true,"href":"http:\/\/www.sadvitairko.lt\/it\/wp-json\/wp\/v2\/pages\/1180"}],"wp:featuredmedia":[{"embeddable":true,"href":"http:\/\/www.sadvitairko.lt\/it\/wp-json\/wp\/v2\/media\/1053"}],"wp:attachment":[{"href":"http:\/\/www.sadvitairko.lt\/it\/wp-json\/wp\/v2\/media?parent=1188"}],"curies":[{"name":"wp","href":"https:\/\/api.w.org\/{rel}","templated":true}]}}