{"id":1196,"date":"2015-08-18T14:52:48","date_gmt":"2015-08-18T12:52:48","guid":{"rendered":"http:\/\/www.sadvitairko.lt\/?page_id=1196"},"modified":"2016-05-20T09:23:06","modified_gmt":"2016-05-20T07:23:06","slug":"assicurazione-delle-merci-trasportate","status":"publish","type":"page","link":"http:\/\/www.sadvitairko.lt\/it\/servizi-di-trasporto-e-logistica\/assicurazione-delle-merci-trasportate\/","title":{"rendered":"Assicurazione delle merci trasportate"},"content":{"rendered":"<p><strong>Assicurazione delle merci trasportate <\/strong>\u00a0\u00e8 una delle condizioni pi\u00f9 importanti che garantisce l\u2019efficacia del trasporto del carico. L\u2019azienda UAB \u201eSadvitos transportas\u201c\u00a0collabora con le societ\u00e0 migliori nel campo delle assicurazioni delle merci e presta attenzione a tutte le particolarit\u00e0 del carico di trasporto in pianificazione, propone al cliente i prezzi pi\u00f9 vantaggiosi dell\u2019assicurazione delle merci e la protezione affidabile del carico.<\/p>\n<p>Gli specialisti con l\u2019esperienza lavorativa pluriennale nel campo logistico della UAB \u201eSadvitos transportas\u201c, dopo aver valutato le condizioni del carico di trasporto e le esigenze di ogni cliente, propongono le condizioni di assicurazione delle merci pi\u00f9 convenienti. Si possono assicurare ogni tipo di merce con l\u2019assicurazione, che vengono portate con ogni tipo di mezzo di trasporto per carico e scarico merci. Le merci possono essere coperte con assicurazione di volta in volta oppure avere i contratti di copertura assicurativa a lungo termine. Il contratto di assicurazione aiuta a prevenire i possibili danni economici e le controversie, permette di controllare le spese aziendali e garantisce la fluidit\u00e0 dei lavori di trasporto.<\/p>\n<p><strong>Se siete interessati, contattateci!<\/strong><\/p>\n","protected":false},"excerpt":{"rendered":"<p>Assicurazione delle merci trasportate \u00a0\u00e8 una delle condizioni pi\u00f9 importanti che garantisce l\u2019efficacia del trasporto del carico. L\u2019azienda UAB \u201eSadvitos transportas\u201c\u00a0collabora con le societ\u00e0 migliori nel campo delle assicurazioni delle merci e presta attenzione a tutte le particolarit\u00e0 del carico di trasporto in pianificazione, propone al cliente i prezzi pi\u00f9 vantaggiosi dell\u2019assicurazione delle merci e [&hellip;]<\/p>\n","protected":false},"author":3,"featured_media":1049,"parent":1180,"menu_order":64,"comment_status":"closed","ping_status":"closed","template":"","meta":[],"yoast_head":"<!-- This site is optimized with the Yoast SEO plugin v17.4 - https:\/\/yoast.com\/wordpress\/plugins\/seo\/ -->\n<meta name=\"description\" content=\"Servizi di assicurazione delle merci trasportate volta per volta e a lungo termine. Servizi di assicurazione delle merci affidabili a prezzi assicurativi competitivi.\" \/>\n<meta name=\"robots\" content=\"index, follow, max-snippet:-1, max-image-preview:large, max-video-preview:-1\" \/>\n<link rel=\"canonical\" href=\"http:\/\/www.sadvitairko.lt\/it\/servizi-di-trasporto-e-logistica\/assicurazione-delle-merci-trasportate\/\" \/>\n<meta property=\"og:locale\" content=\"it_IT\" \/>\n<meta property=\"og:type\" content=\"article\" \/>\n<meta property=\"og:title\" content=\"Assicurazione delle merci trasportate | SADVITOS TRANSPORTAS\" \/>\n<meta property=\"og:description\" content=\"Servizi di assicurazione delle merci trasportate volta per volta e a lungo termine. Servizi di assicurazione delle merci affidabili a prezzi assicurativi competitivi.\" \/>\n<meta property=\"og:url\" content=\"http:\/\/www.sadvitairko.lt\/it\/servizi-di-trasporto-e-logistica\/assicurazione-delle-merci-trasportate\/\" \/>\n<meta property=\"og:site_name\" content=\"Sadvita\" \/>\n<meta property=\"article:modified_time\" content=\"2016-05-20T07:23:06+00:00\" \/>\n<meta property=\"og:image\" content=\"http:\/\/www.sadvitairko.lt\/wp-content\/uploads\/kroviniu_draudimas_large.jpg\" \/>\n\t<meta property=\"og:image:width\" content=\"900\" \/>\n\t<meta property=\"og:image:height\" content=\"300\" \/>\n<meta name=\"twitter:card\" content=\"summary\" \/>\n<meta name=\"twitter:label1\" content=\"Tempo di lettura stimato\" \/>\n\t<meta name=\"twitter:data1\" content=\"1 minuto\" \/>\n<script type=\"application\/ld+json\" class=\"yoast-schema-graph\">{\"@context\":\"https:\/\/schema.org\",\"@graph\":[{\"@type\":\"WebSite\",\"@id\":\"http:\/\/www.sadvitairko.lt\/lt\/#website\",\"url\":\"http:\/\/www.sadvitairko.lt\/lt\/\",\"name\":\"Sadvita\",\"description\":\"SADVITOS TRANSPORTAS\",\"potentialAction\":[{\"@type\":\"SearchAction\",\"target\":{\"@type\":\"EntryPoint\",\"urlTemplate\":\"http:\/\/www.sadvitairko.lt\/lt\/?s={search_term_string}\"},\"query-input\":\"required name=search_term_string\"}],\"inLanguage\":\"it-IT\"},{\"@type\":\"ImageObject\",\"@id\":\"http:\/\/www.sadvitairko.lt\/it\/servizi-di-trasporto-e-logistica\/assicurazione-delle-merci-trasportate\/#primaryimage\",\"inLanguage\":\"it-IT\",\"url\":\"http:\/\/www.sadvitairko.lt\/wp-content\/uploads\/kroviniu_draudimas_large.jpg\",\"contentUrl\":\"http:\/\/www.sadvitairko.lt\/wp-content\/uploads\/kroviniu_draudimas_large.jpg\",\"width\":900,\"height\":300,\"caption\":\"Krovini\\u0173 draudimas\"},{\"@type\":\"WebPage\",\"@id\":\"http:\/\/www.sadvitairko.lt\/it\/servizi-di-trasporto-e-logistica\/assicurazione-delle-merci-trasportate\/#webpage\",\"url\":\"http:\/\/www.sadvitairko.lt\/it\/servizi-di-trasporto-e-logistica\/assicurazione-delle-merci-trasportate\/\",\"name\":\"Assicurazione delle merci trasportate | SADVITOS TRANSPORTAS\",\"isPartOf\":{\"@id\":\"http:\/\/www.sadvitairko.lt\/lt\/#website\"},\"primaryImageOfPage\":{\"@id\":\"http:\/\/www.sadvitairko.lt\/it\/servizi-di-trasporto-e-logistica\/assicurazione-delle-merci-trasportate\/#primaryimage\"},\"datePublished\":\"2015-08-18T12:52:48+00:00\",\"dateModified\":\"2016-05-20T07:23:06+00:00\",\"description\":\"Servizi di assicurazione delle merci trasportate volta per volta e a lungo termine. Servizi di assicurazione delle merci affidabili a prezzi assicurativi competitivi.\",\"breadcrumb\":{\"@id\":\"http:\/\/www.sadvitairko.lt\/it\/servizi-di-trasporto-e-logistica\/assicurazione-delle-merci-trasportate\/#breadcrumb\"},\"inLanguage\":\"it-IT\",\"potentialAction\":[{\"@type\":\"ReadAction\",\"target\":[\"http:\/\/www.sadvitairko.lt\/it\/servizi-di-trasporto-e-logistica\/assicurazione-delle-merci-trasportate\/\"]}]},{\"@type\":\"BreadcrumbList\",\"@id\":\"http:\/\/www.sadvitairko.lt\/it\/servizi-di-trasporto-e-logistica\/assicurazione-delle-merci-trasportate\/#breadcrumb\",\"itemListElement\":[{\"@type\":\"ListItem\",\"position\":1,\"name\":\"Home\",\"item\":\"http:\/\/www.sadvitairko.lt\/it\/\"},{\"@type\":\"ListItem\",\"position\":2,\"name\":\"Servizi di trasporto e logistica\",\"item\":\"http:\/\/www.sadvitairko.lt\/it\/servizi-di-trasporto-e-logistica\/\"},{\"@type\":\"ListItem\",\"position\":3,\"name\":\"Assicurazione delle merci trasportate\"}]}]}<\/script>\n<!-- \/ Yoast SEO plugin. -->","yoast_head_json":{"description":"Servizi di assicurazione delle merci trasportate volta per volta e a lungo termine. Servizi di assicurazione delle merci affidabili a prezzi assicurativi competitivi.","robots":{"index":"index","follow":"follow","max-snippet":"max-snippet:-1","max-image-preview":"max-image-preview:large","max-video-preview":"max-video-preview:-1"},"canonical":"http:\/\/www.sadvitairko.lt\/it\/servizi-di-trasporto-e-logistica\/assicurazione-delle-merci-trasportate\/","og_locale":"it_IT","og_type":"article","og_title":"Assicurazione delle merci trasportate | SADVITOS TRANSPORTAS","og_description":"Servizi di assicurazione delle merci trasportate volta per volta e a lungo termine. Servizi di assicurazione delle merci affidabili a prezzi assicurativi competitivi.","og_url":"http:\/\/www.sadvitairko.lt\/it\/servizi-di-trasporto-e-logistica\/assicurazione-delle-merci-trasportate\/","og_site_name":"Sadvita","article_modified_time":"2016-05-20T07:23:06+00:00","og_image":[{"width":900,"height":300,"url":"http:\/\/www.sadvitairko.lt\/wp-content\/uploads\/kroviniu_draudimas_large.jpg","type":"image\/jpeg"}],"twitter_card":"summary","twitter_misc":{"Tempo di lettura stimato":"1 minuto"},"schema":{"@context":"https:\/\/schema.org","@graph":[{"@type":"WebSite","@id":"http:\/\/www.sadvitairko.lt\/lt\/#website","url":"http:\/\/www.sadvitairko.lt\/lt\/","name":"Sadvita","description":"SADVITOS TRANSPORTAS","potentialAction":[{"@type":"SearchAction","target":{"@type":"EntryPoint","urlTemplate":"http:\/\/www.sadvitairko.lt\/lt\/?s={search_term_string}"},"query-input":"required name=search_term_string"}],"inLanguage":"it-IT"},{"@type":"ImageObject","@id":"http:\/\/www.sadvitairko.lt\/it\/servizi-di-trasporto-e-logistica\/assicurazione-delle-merci-trasportate\/#primaryimage","inLanguage":"it-IT","url":"http:\/\/www.sadvitairko.lt\/wp-content\/uploads\/kroviniu_draudimas_large.jpg","contentUrl":"http:\/\/www.sadvitairko.lt\/wp-content\/uploads\/kroviniu_draudimas_large.jpg","width":900,"height":300,"caption":"Krovini\u0173 draudimas"},{"@type":"WebPage","@id":"http:\/\/www.sadvitairko.lt\/it\/servizi-di-trasporto-e-logistica\/assicurazione-delle-merci-trasportate\/#webpage","url":"http:\/\/www.sadvitairko.lt\/it\/servizi-di-trasporto-e-logistica\/assicurazione-delle-merci-trasportate\/","name":"Assicurazione delle merci trasportate | SADVITOS TRANSPORTAS","isPartOf":{"@id":"http:\/\/www.sadvitairko.lt\/lt\/#website"},"primaryImageOfPage":{"@id":"http:\/\/www.sadvitairko.lt\/it\/servizi-di-trasporto-e-logistica\/assicurazione-delle-merci-trasportate\/#primaryimage"},"datePublished":"2015-08-18T12:52:48+00:00","dateModified":"2016-05-20T07:23:06+00:00","description":"Servizi di assicurazione delle merci trasportate volta per volta e a lungo termine. Servizi di assicurazione delle merci affidabili a prezzi assicurativi competitivi.","breadcrumb":{"@id":"http:\/\/www.sadvitairko.lt\/it\/servizi-di-trasporto-e-logistica\/assicurazione-delle-merci-trasportate\/#breadcrumb"},"inLanguage":"it-IT","potentialAction":[{"@type":"ReadAction","target":["http:\/\/www.sadvitairko.lt\/it\/servizi-di-trasporto-e-logistica\/assicurazione-delle-merci-trasportate\/"]}]},{"@type":"BreadcrumbList","@id":"http:\/\/www.sadvitairko.lt\/it\/servizi-di-trasporto-e-logistica\/assicurazione-delle-merci-trasportate\/#breadcrumb","itemListElement":[{"@type":"ListItem","position":1,"name":"Home","item":"http:\/\/www.sadvitairko.lt\/it\/"},{"@type":"ListItem","position":2,"name":"Servizi di trasporto e logistica","item":"http:\/\/www.sadvitairko.lt\/it\/servizi-di-trasporto-e-logistica\/"},{"@type":"ListItem","position":3,"name":"Assicurazione delle merci trasportate"}]}]}},"_links":{"self":[{"href":"http:\/\/www.sadvitairko.lt\/it\/wp-json\/wp\/v2\/pages\/1196"}],"collection":[{"href":"http:\/\/www.sadvitairko.lt\/it\/wp-json\/wp\/v2\/pages"}],"about":[{"href":"http:\/\/www.sadvitairko.lt\/it\/wp-json\/wp\/v2\/types\/page"}],"author":[{"embeddable":true,"href":"http:\/\/www.sadvitairko.lt\/it\/wp-json\/wp\/v2\/users\/3"}],"replies":[{"embeddable":true,"href":"http:\/\/www.sadvitairko.lt\/it\/wp-json\/wp\/v2\/comments?post=1196"}],"version-history":[{"count":0,"href":"http:\/\/www.sadvitairko.lt\/it\/wp-json\/wp\/v2\/pages\/1196\/revisions"}],"up":[{"embeddable":true,"href":"http:\/\/www.sadvitairko.lt\/it\/wp-json\/wp\/v2\/pages\/1180"}],"wp:featuredmedia":[{"embeddable":true,"href":"http:\/\/www.sadvitairko.lt\/it\/wp-json\/wp\/v2\/media\/1049"}],"wp:attachment":[{"href":"http:\/\/www.sadvitairko.lt\/it\/wp-json\/wp\/v2\/media?parent=1196"}],"curies":[{"name":"wp","href":"https:\/\/api.w.org\/{rel}","templated":true}]}}