{"id":120,"date":"2011-07-31T16:57:02","date_gmt":"2011-07-31T16:57:02","guid":{"rendered":"http:\/\/192.168.1.50\/Themes\/2012\/Nano2\/Website_WP\/?page_id=120"},"modified":"2016-05-20T08:32:20","modified_gmt":"2016-05-20T06:32:20","slug":"kroviniu-gabenimas-jura","status":"publish","type":"page","link":"http:\/\/www.sadvitairko.lt\/lt\/logistikos-ir-transporto-paslaugos\/kroviniu-gabenimas-jura\/","title":{"rendered":"Krovini\u0173 gabenimas j\u016bra"},"content":{"rendered":"<p><strong>Krovini\u0173 gabenimas j\u016bra<\/strong> \u2013 labiausiai paplitusi transportavimo r\u016b\u0161is, u\u017etikrinanti maksimal\u0173 krovinio saugum\u0105. Skai\u010diuojama, kad daugiau nei 75 proc. vis\u0173 tarptautin\u0117s prekybos u\u017eduo\u010di\u0173 vykdoma j\u016br\u0173 keliais.<\/p>\n<p>Krovini\u0173 transportavimas vandeniu yra vienas ekonomi\u0161kiausi\u0173 b\u016bd\u0173, rekomenduojamas tuo atveju, kai krovinio gabenimo laikas neatlieka lemiamo vaidmens. Laivais transportuojami standartiniai ir \u0161i\u0173 reikalavim\u0173 neatitinkantys kroviniai, o itin didel\u0117 keliamoji galia leid\u017eia plukdyti sunkius ir dideli\u0173 gabarit\u0173 krovinius. Patikimi konteineriai apsaugo nuo fizini\u0173 pa\u017eeidim\u0173 ir leid\u017eia transportuoti \u012fvairios agregatin\u0117s b\u016bsenos produktus, t. y. kietas, birias ir skystas med\u017eiagas. \u012evertinus atskiro krovinio kiek\u012f ir individualius jo i\u0161matavimus, parenkami skirtingo dyd\u017eio transportavimo konteineriai.<\/p>\n<p>UAB \u201eSadvitos transportas\u201c bendradarbiauja su patikimais partneriais, teikia piln\u0173 konteineri\u0173 ir dalini\u0173 krovini\u0173 gabenimo paslaugas. Krovini\u0173 transportavimas vykdomas \u0161alies vanden\u0173 keliais ir j\u016bromis. <strong>Krovini\u0173 gabenimas j\u016bra<\/strong> vertinamas d\u0117l itin ma\u017e\u0173 transportavimo ka\u0161t\u0173 ir nenutr\u016bkstamo krovinio jud\u0117jimo vis\u0105 par\u0105. Transportavimas vykdomas nepriklausomai nuo oro s\u0105lyg\u0173 ir met\u0173 laiko.<\/p>\n<p>Puikiai i\u0161vystyta UAB \u201eSadvitos transportas\u201c logistikos infrastrukt\u016bra u\u017etikrina, jog visi klausimai, susij\u0119 su j\u016br\u0173 transporto paslaugomis, bus i\u0161spr\u0119sti skland\u017eiai ir operatyviai. Bendrov\u0117je dirbantys j\u016br\u0173 transporto ekspertai, \u012fvertin\u0119 konkretaus krovinio ypatybes ir kliento l\u016bkes\u010dius, si\u016blo efektyvius, prakti\u0161kus ir konkurencingus sprendimus, realizuojan\u010dius konkre\u010dios pramon\u0117s srities ir individualaus u\u017esakovo poreikius. UAB \u201eSadvitos transportas\u201c teikia konteineri\u0173 pristatymo \u012f (i\u0161) j\u016br\u0173 uost\u0173 paslaugas, pildo su krovini\u0173 gabenimu susijusius dokumentus, atlieka muitin\u0117s tarpininko u\u017eduotis, teikia pilnai i\u0161vystytos infrastrukt\u016bros paslaugas, organizuoja krovini\u0173 pa\u0117mimo ir pristatymo darbus.<\/p>\n<p><strong>Susidom\u0117jote?\u00a0Susisiekite su mumis.<\/strong><\/p>\n","protected":false},"excerpt":{"rendered":"<p>Krovini\u0173 gabenimas j\u016bra \u2013 labiausiai paplitusi transportavimo r\u016b\u0161is, u\u017etikrinanti maksimal\u0173 krovinio saugum\u0105. Skai\u010diuojama, kad daugiau nei 75 proc. vis\u0173 tarptautin\u0117s prekybos u\u017eduo\u010di\u0173 vykdoma j\u016br\u0173 keliais. Krovini\u0173 transportavimas vandeniu yra vienas ekonomi\u0161kiausi\u0173 b\u016bd\u0173, rekomenduojamas tuo atveju, kai krovinio gabenimo laikas neatlieka lemiamo vaidmens. Laivais transportuojami standartiniai ir \u0161i\u0173 reikalavim\u0173 neatitinkantys kroviniai, o itin didel\u0117 keliamoji galia [&hellip;]<\/p>\n","protected":false},"author":3,"featured_media":1051,"parent":86,"menu_order":78,"comment_status":"closed","ping_status":"closed","template":"","meta":[],"yoast_head":"<!-- This site is optimized with the Yoast SEO plugin v17.4 - https:\/\/yoast.com\/wordpress\/plugins\/seo\/ -->\n<meta name=\"description\" content=\"Krovini\u0173 gabenimas j\u016bra. Krovini\u0173 transportavimas ir ekspedijavimas laivais, konteineri\u0173 perve\u017eimas vietiniais ir tarptautiniais vandens keliais.\" \/>\n<meta name=\"robots\" content=\"index, follow, max-snippet:-1, max-image-preview:large, max-video-preview:-1\" \/>\n<link rel=\"canonical\" href=\"http:\/\/www.sadvitairko.lt\/lt\/logistikos-ir-transporto-paslaugos\/kroviniu-gabenimas-jura\/\" \/>\n<meta property=\"og:locale\" content=\"lt_LT\" \/>\n<meta property=\"og:type\" content=\"article\" \/>\n<meta property=\"og:title\" content=\"Krovini\u0173 gabenimas j\u016bra | SADVITOS TRANSPORTAS\" \/>\n<meta property=\"og:description\" content=\"Krovini\u0173 gabenimas j\u016bra. Krovini\u0173 transportavimas ir ekspedijavimas laivais, konteineri\u0173 perve\u017eimas vietiniais ir tarptautiniais vandens keliais.\" \/>\n<meta property=\"og:url\" content=\"http:\/\/www.sadvitairko.lt\/lt\/logistikos-ir-transporto-paslaugos\/kroviniu-gabenimas-jura\/\" \/>\n<meta property=\"og:site_name\" content=\"Sadvita\" \/>\n<meta property=\"article:modified_time\" content=\"2016-05-20T06:32:20+00:00\" \/>\n<meta property=\"og:image\" content=\"http:\/\/www.sadvitairko.lt\/wp-content\/uploads\/kroviniu_gabenimas_jura_large.jpg\" \/>\n\t<meta property=\"og:image:width\" content=\"900\" \/>\n\t<meta property=\"og:image:height\" content=\"300\" \/>\n<meta name=\"twitter:card\" content=\"summary\" \/>\n<meta name=\"twitter:label1\" content=\"Est. reading time\" \/>\n\t<meta name=\"twitter:data1\" content=\"1 minut\u0117\" \/>\n<script type=\"application\/ld+json\" class=\"yoast-schema-graph\">{\"@context\":\"https:\/\/schema.org\",\"@graph\":[{\"@type\":\"WebSite\",\"@id\":\"http:\/\/www.sadvitairko.lt\/lt\/#website\",\"url\":\"http:\/\/www.sadvitairko.lt\/lt\/\",\"name\":\"Sadvita\",\"description\":\"SADVITOS TRANSPORTAS\",\"potentialAction\":[{\"@type\":\"SearchAction\",\"target\":{\"@type\":\"EntryPoint\",\"urlTemplate\":\"http:\/\/www.sadvitairko.lt\/lt\/?s={search_term_string}\"},\"query-input\":\"required name=search_term_string\"}],\"inLanguage\":\"lt-LT\"},{\"@type\":\"ImageObject\",\"@id\":\"http:\/\/www.sadvitairko.lt\/lt\/logistikos-ir-transporto-paslaugos\/kroviniu-gabenimas-jura\/#primaryimage\",\"inLanguage\":\"lt-LT\",\"url\":\"http:\/\/www.sadvitairko.lt\/wp-content\/uploads\/kroviniu_gabenimas_jura_large.jpg\",\"contentUrl\":\"http:\/\/www.sadvitairko.lt\/wp-content\/uploads\/kroviniu_gabenimas_jura_large.jpg\",\"width\":900,\"height\":300,\"caption\":\"Krovini\\u0173 gabenimas j\\u016bra\"},{\"@type\":\"WebPage\",\"@id\":\"http:\/\/www.sadvitairko.lt\/lt\/logistikos-ir-transporto-paslaugos\/kroviniu-gabenimas-jura\/#webpage\",\"url\":\"http:\/\/www.sadvitairko.lt\/lt\/logistikos-ir-transporto-paslaugos\/kroviniu-gabenimas-jura\/\",\"name\":\"Krovini\\u0173 gabenimas j\\u016bra | SADVITOS TRANSPORTAS\",\"isPartOf\":{\"@id\":\"http:\/\/www.sadvitairko.lt\/lt\/#website\"},\"primaryImageOfPage\":{\"@id\":\"http:\/\/www.sadvitairko.lt\/lt\/logistikos-ir-transporto-paslaugos\/kroviniu-gabenimas-jura\/#primaryimage\"},\"datePublished\":\"2011-07-31T16:57:02+00:00\",\"dateModified\":\"2016-05-20T06:32:20+00:00\",\"description\":\"Krovini\\u0173 gabenimas j\\u016bra. Krovini\\u0173 transportavimas ir ekspedijavimas laivais, konteineri\\u0173 perve\\u017eimas vietiniais ir tarptautiniais vandens keliais.\",\"breadcrumb\":{\"@id\":\"http:\/\/www.sadvitairko.lt\/lt\/logistikos-ir-transporto-paslaugos\/kroviniu-gabenimas-jura\/#breadcrumb\"},\"inLanguage\":\"lt-LT\",\"potentialAction\":[{\"@type\":\"ReadAction\",\"target\":[\"http:\/\/www.sadvitairko.lt\/lt\/logistikos-ir-transporto-paslaugos\/kroviniu-gabenimas-jura\/\"]}]},{\"@type\":\"BreadcrumbList\",\"@id\":\"http:\/\/www.sadvitairko.lt\/lt\/logistikos-ir-transporto-paslaugos\/kroviniu-gabenimas-jura\/#breadcrumb\",\"itemListElement\":[{\"@type\":\"ListItem\",\"position\":1,\"name\":\"Home\",\"item\":\"http:\/\/www.sadvitairko.lt\/lt\/\"},{\"@type\":\"ListItem\",\"position\":2,\"name\":\"Logistikos ir transporto paslaugos\",\"item\":\"http:\/\/www.sadvitairko.lt\/lt\/logistikos-ir-transporto-paslaugos\/\"},{\"@type\":\"ListItem\",\"position\":3,\"name\":\"Krovini\\u0173 gabenimas j\\u016bra\"}]}]}<\/script>\n<!-- \/ Yoast SEO plugin. -->","yoast_head_json":{"description":"Krovini\u0173 gabenimas j\u016bra. Krovini\u0173 transportavimas ir ekspedijavimas laivais, konteineri\u0173 perve\u017eimas vietiniais ir tarptautiniais vandens keliais.","robots":{"index":"index","follow":"follow","max-snippet":"max-snippet:-1","max-image-preview":"max-image-preview:large","max-video-preview":"max-video-preview:-1"},"canonical":"http:\/\/www.sadvitairko.lt\/lt\/logistikos-ir-transporto-paslaugos\/kroviniu-gabenimas-jura\/","og_locale":"lt_LT","og_type":"article","og_title":"Krovini\u0173 gabenimas j\u016bra | SADVITOS TRANSPORTAS","og_description":"Krovini\u0173 gabenimas j\u016bra. Krovini\u0173 transportavimas ir ekspedijavimas laivais, konteineri\u0173 perve\u017eimas vietiniais ir tarptautiniais vandens keliais.","og_url":"http:\/\/www.sadvitairko.lt\/lt\/logistikos-ir-transporto-paslaugos\/kroviniu-gabenimas-jura\/","og_site_name":"Sadvita","article_modified_time":"2016-05-20T06:32:20+00:00","og_image":[{"width":900,"height":300,"url":"http:\/\/www.sadvitairko.lt\/wp-content\/uploads\/kroviniu_gabenimas_jura_large.jpg","type":"image\/jpeg"}],"twitter_card":"summary","twitter_misc":{"Est. reading time":"1 minut\u0117"},"schema":{"@context":"https:\/\/schema.org","@graph":[{"@type":"WebSite","@id":"http:\/\/www.sadvitairko.lt\/lt\/#website","url":"http:\/\/www.sadvitairko.lt\/lt\/","name":"Sadvita","description":"SADVITOS TRANSPORTAS","potentialAction":[{"@type":"SearchAction","target":{"@type":"EntryPoint","urlTemplate":"http:\/\/www.sadvitairko.lt\/lt\/?s={search_term_string}"},"query-input":"required name=search_term_string"}],"inLanguage":"lt-LT"},{"@type":"ImageObject","@id":"http:\/\/www.sadvitairko.lt\/lt\/logistikos-ir-transporto-paslaugos\/kroviniu-gabenimas-jura\/#primaryimage","inLanguage":"lt-LT","url":"http:\/\/www.sadvitairko.lt\/wp-content\/uploads\/kroviniu_gabenimas_jura_large.jpg","contentUrl":"http:\/\/www.sadvitairko.lt\/wp-content\/uploads\/kroviniu_gabenimas_jura_large.jpg","width":900,"height":300,"caption":"Krovini\u0173 gabenimas j\u016bra"},{"@type":"WebPage","@id":"http:\/\/www.sadvitairko.lt\/lt\/logistikos-ir-transporto-paslaugos\/kroviniu-gabenimas-jura\/#webpage","url":"http:\/\/www.sadvitairko.lt\/lt\/logistikos-ir-transporto-paslaugos\/kroviniu-gabenimas-jura\/","name":"Krovini\u0173 gabenimas j\u016bra | SADVITOS TRANSPORTAS","isPartOf":{"@id":"http:\/\/www.sadvitairko.lt\/lt\/#website"},"primaryImageOfPage":{"@id":"http:\/\/www.sadvitairko.lt\/lt\/logistikos-ir-transporto-paslaugos\/kroviniu-gabenimas-jura\/#primaryimage"},"datePublished":"2011-07-31T16:57:02+00:00","dateModified":"2016-05-20T06:32:20+00:00","description":"Krovini\u0173 gabenimas j\u016bra. Krovini\u0173 transportavimas ir ekspedijavimas laivais, konteineri\u0173 perve\u017eimas vietiniais ir tarptautiniais vandens keliais.","breadcrumb":{"@id":"http:\/\/www.sadvitairko.lt\/lt\/logistikos-ir-transporto-paslaugos\/kroviniu-gabenimas-jura\/#breadcrumb"},"inLanguage":"lt-LT","potentialAction":[{"@type":"ReadAction","target":["http:\/\/www.sadvitairko.lt\/lt\/logistikos-ir-transporto-paslaugos\/kroviniu-gabenimas-jura\/"]}]},{"@type":"BreadcrumbList","@id":"http:\/\/www.sadvitairko.lt\/lt\/logistikos-ir-transporto-paslaugos\/kroviniu-gabenimas-jura\/#breadcrumb","itemListElement":[{"@type":"ListItem","position":1,"name":"Home","item":"http:\/\/www.sadvitairko.lt\/lt\/"},{"@type":"ListItem","position":2,"name":"Logistikos ir transporto paslaugos","item":"http:\/\/www.sadvitairko.lt\/lt\/logistikos-ir-transporto-paslaugos\/"},{"@type":"ListItem","position":3,"name":"Krovini\u0173 gabenimas j\u016bra"}]}]}},"_links":{"self":[{"href":"http:\/\/www.sadvitairko.lt\/lt\/wp-json\/wp\/v2\/pages\/120"}],"collection":[{"href":"http:\/\/www.sadvitairko.lt\/lt\/wp-json\/wp\/v2\/pages"}],"about":[{"href":"http:\/\/www.sadvitairko.lt\/lt\/wp-json\/wp\/v2\/types\/page"}],"author":[{"embeddable":true,"href":"http:\/\/www.sadvitairko.lt\/lt\/wp-json\/wp\/v2\/users\/3"}],"replies":[{"embeddable":true,"href":"http:\/\/www.sadvitairko.lt\/lt\/wp-json\/wp\/v2\/comments?post=120"}],"version-history":[{"count":0,"href":"http:\/\/www.sadvitairko.lt\/lt\/wp-json\/wp\/v2\/pages\/120\/revisions"}],"up":[{"embeddable":true,"href":"http:\/\/www.sadvitairko.lt\/lt\/wp-json\/wp\/v2\/pages\/86"}],"wp:featuredmedia":[{"embeddable":true,"href":"http:\/\/www.sadvitairko.lt\/lt\/wp-json\/wp\/v2\/media\/1051"}],"wp:attachment":[{"href":"http:\/\/www.sadvitairko.lt\/lt\/wp-json\/wp\/v2\/media?parent=120"}],"curies":[{"name":"wp","href":"https:\/\/api.w.org\/{rel}","templated":true}]}}