{"id":30,"date":"2011-05-02T11:45:06","date_gmt":"2011-05-02T09:45:06","guid":{"rendered":"http:\/\/192.168.1.50\/Themes\/2012\/Nano2\/Website_WP\/?page_id=30"},"modified":"2016-05-20T08:27:23","modified_gmt":"2016-05-20T06:27:23","slug":"30-2","status":"publish","type":"page","link":"http:\/\/www.sadvitairko.lt\/lt\/","title":{"rendered":"Antra\u0161tinis"},"content":{"rendered":"","protected":false},"excerpt":{"rendered":"","protected":false},"author":3,"featured_media":0,"parent":0,"menu_order":4,"comment_status":"closed","ping_status":"closed","template":"","meta":[],"yoast_head":"<!-- This site is optimized with the Yoast SEO plugin v17.4 - https:\/\/yoast.com\/wordpress\/plugins\/seo\/ -->\n<meta name=\"description\" content=\"Krovini\u0173 perve\u017eimas j\u016bra, sausuma ir oru. Vietinis ir tarptautinis krovini\u0173 perve\u017eimas, krovini\u0173 draudimas, sand\u0117liavimas, i\u0161muitinimas.\" \/>\n<meta name=\"robots\" content=\"index, follow, max-snippet:-1, max-image-preview:large, max-video-preview:-1\" \/>\n<link rel=\"canonical\" href=\"http:\/\/www.sadvitairko.lt\/lt\/\" \/>\n<meta property=\"og:locale\" content=\"lt_LT\" \/>\n<meta property=\"og:type\" content=\"article\" \/>\n<meta property=\"og:title\" content=\"Krovini\u0173 perve\u017eimas |\u00a0SADVITOS TRANSPORTAS\" \/>\n<meta property=\"og:description\" content=\"Krovini\u0173 perve\u017eimas j\u016bra, sausuma ir oru. Vietinis ir tarptautinis krovini\u0173 perve\u017eimas, krovini\u0173 draudimas, sand\u0117liavimas, i\u0161muitinimas.\" \/>\n<meta property=\"og:url\" content=\"http:\/\/www.sadvitairko.lt\/lt\/\" \/>\n<meta property=\"og:site_name\" content=\"Sadvita\" \/>\n<meta property=\"article:modified_time\" content=\"2016-05-20T06:27:23+00:00\" \/>\n<meta name=\"twitter:card\" content=\"summary\" \/>\n<script type=\"application\/ld+json\" class=\"yoast-schema-graph\">{\"@context\":\"https:\/\/schema.org\",\"@graph\":[{\"@type\":\"WebSite\",\"@id\":\"http:\/\/www.sadvitairko.lt\/lt\/#website\",\"url\":\"http:\/\/www.sadvitairko.lt\/lt\/\",\"name\":\"Sadvita\",\"description\":\"SADVITOS TRANSPORTAS\",\"potentialAction\":[{\"@type\":\"SearchAction\",\"target\":{\"@type\":\"EntryPoint\",\"urlTemplate\":\"http:\/\/www.sadvitairko.lt\/lt\/?s={search_term_string}\"},\"query-input\":\"required name=search_term_string\"}],\"inLanguage\":\"lt-LT\"},{\"@type\":\"WebPage\",\"@id\":\"http:\/\/www.sadvitairko.lt\/lt\/#webpage\",\"url\":\"http:\/\/www.sadvitairko.lt\/lt\/\",\"name\":\"Krovini\\u0173 perve\\u017eimas |\\u00a0SADVITOS TRANSPORTAS\",\"isPartOf\":{\"@id\":\"http:\/\/www.sadvitairko.lt\/lt\/#website\"},\"datePublished\":\"2011-05-02T09:45:06+00:00\",\"dateModified\":\"2016-05-20T06:27:23+00:00\",\"description\":\"Krovini\\u0173 perve\\u017eimas j\\u016bra, sausuma ir oru. Vietinis ir tarptautinis krovini\\u0173 perve\\u017eimas, krovini\\u0173 draudimas, sand\\u0117liavimas, i\\u0161muitinimas.\",\"breadcrumb\":{\"@id\":\"http:\/\/www.sadvitairko.lt\/lt\/#breadcrumb\"},\"inLanguage\":\"lt-LT\",\"potentialAction\":[{\"@type\":\"ReadAction\",\"target\":[\"http:\/\/www.sadvitairko.lt\/lt\/\"]}]},{\"@type\":\"BreadcrumbList\",\"@id\":\"http:\/\/www.sadvitairko.lt\/lt\/#breadcrumb\",\"itemListElement\":[{\"@type\":\"ListItem\",\"position\":1,\"name\":\"Home\",\"item\":\"http:\/\/www.sadvitairko.lt\/lt\/\"},{\"@type\":\"ListItem\",\"position\":2,\"name\":\"Antra\\u0161tinis\"}]}]}<\/script>\n<!-- \/ Yoast SEO plugin. -->","yoast_head_json":{"description":"Krovini\u0173 perve\u017eimas j\u016bra, sausuma ir oru. Vietinis ir tarptautinis krovini\u0173 perve\u017eimas, krovini\u0173 draudimas, sand\u0117liavimas, i\u0161muitinimas.","robots":{"index":"index","follow":"follow","max-snippet":"max-snippet:-1","max-image-preview":"max-image-preview:large","max-video-preview":"max-video-preview:-1"},"canonical":"http:\/\/www.sadvitairko.lt\/lt\/","og_locale":"lt_LT","og_type":"article","og_title":"Krovini\u0173 perve\u017eimas |\u00a0SADVITOS TRANSPORTAS","og_description":"Krovini\u0173 perve\u017eimas j\u016bra, sausuma ir oru. Vietinis ir tarptautinis krovini\u0173 perve\u017eimas, krovini\u0173 draudimas, sand\u0117liavimas, i\u0161muitinimas.","og_url":"http:\/\/www.sadvitairko.lt\/lt\/","og_site_name":"Sadvita","article_modified_time":"2016-05-20T06:27:23+00:00","twitter_card":"summary","schema":{"@context":"https:\/\/schema.org","@graph":[{"@type":"WebSite","@id":"http:\/\/www.sadvitairko.lt\/lt\/#website","url":"http:\/\/www.sadvitairko.lt\/lt\/","name":"Sadvita","description":"SADVITOS TRANSPORTAS","potentialAction":[{"@type":"SearchAction","target":{"@type":"EntryPoint","urlTemplate":"http:\/\/www.sadvitairko.lt\/lt\/?s={search_term_string}"},"query-input":"required name=search_term_string"}],"inLanguage":"lt-LT"},{"@type":"WebPage","@id":"http:\/\/www.sadvitairko.lt\/lt\/#webpage","url":"http:\/\/www.sadvitairko.lt\/lt\/","name":"Krovini\u0173 perve\u017eimas |\u00a0SADVITOS TRANSPORTAS","isPartOf":{"@id":"http:\/\/www.sadvitairko.lt\/lt\/#website"},"datePublished":"2011-05-02T09:45:06+00:00","dateModified":"2016-05-20T06:27:23+00:00","description":"Krovini\u0173 perve\u017eimas j\u016bra, sausuma ir oru. Vietinis ir tarptautinis krovini\u0173 perve\u017eimas, krovini\u0173 draudimas, sand\u0117liavimas, i\u0161muitinimas.","breadcrumb":{"@id":"http:\/\/www.sadvitairko.lt\/lt\/#breadcrumb"},"inLanguage":"lt-LT","potentialAction":[{"@type":"ReadAction","target":["http:\/\/www.sadvitairko.lt\/lt\/"]}]},{"@type":"BreadcrumbList","@id":"http:\/\/www.sadvitairko.lt\/lt\/#breadcrumb","itemListElement":[{"@type":"ListItem","position":1,"name":"Home","item":"http:\/\/www.sadvitairko.lt\/lt\/"},{"@type":"ListItem","position":2,"name":"Antra\u0161tinis"}]}]}},"_links":{"self":[{"href":"http:\/\/www.sadvitairko.lt\/lt\/wp-json\/wp\/v2\/pages\/30"}],"collection":[{"href":"http:\/\/www.sadvitairko.lt\/lt\/wp-json\/wp\/v2\/pages"}],"about":[{"href":"http:\/\/www.sadvitairko.lt\/lt\/wp-json\/wp\/v2\/types\/page"}],"author":[{"embeddable":true,"href":"http:\/\/www.sadvitairko.lt\/lt\/wp-json\/wp\/v2\/users\/3"}],"replies":[{"embeddable":true,"href":"http:\/\/www.sadvitairko.lt\/lt\/wp-json\/wp\/v2\/comments?post=30"}],"version-history":[{"count":0,"href":"http:\/\/www.sadvitairko.lt\/lt\/wp-json\/wp\/v2\/pages\/30\/revisions"}],"wp:attachment":[{"href":"http:\/\/www.sadvitairko.lt\/lt\/wp-json\/wp\/v2\/media?parent=30"}],"curies":[{"name":"wp","href":"https:\/\/api.w.org\/{rel}","templated":true}]}}