{"id":86,"date":"2011-06-08T11:32:55","date_gmt":"2011-06-08T11:32:55","guid":{"rendered":"http:\/\/192.168.1.50\/Themes\/2012\/Nano2\/Website_WP\/?page_id=86"},"modified":"2016-05-20T08:28:02","modified_gmt":"2016-05-20T06:28:02","slug":"logistikos-ir-transporto-paslaugos","status":"publish","type":"page","link":"http:\/\/www.sadvitairko.lt\/lt\/logistikos-ir-transporto-paslaugos\/","title":{"rendered":"Logistikos ir transporto paslaugos"},"content":{"rendered":"<p>Profesionalios <strong>logistikos ir transporto paslaugos<\/strong> j\u016br\u0173, sausumos ir oro keliais. Ilgamet\u0119 darbo patirt\u012f turintys logistikos specialistai parinks optimaliausius krovinio gabenimo mar\u0161rutus laivais, l\u0117ktuvais, gele\u017einkeliais ir automobiliais. UAB \u201eSadvitos transportas\u201c teikia krovini\u0173 sand\u0117liavimo ir draudimo paslaugas, atstovauja kliento interesus muitin\u0117se ir rengia krovini\u0173 transportavimo dokumentus.<\/p>\n<hr \/>\n\n<div >\n\n\n    \n    <div class=\"uk-grid uk-text-left uk-flex-middle\" data-uk-grid-match data-uk-margin=\"{cls:'uk-margin-top'}\">\n\n                <div class=\"uk-width-medium-2-5 uk-text-center\" >\n            <img src=\"\/wp-content\/uploads\/kroviniu_gabenimas_jura_medium.jpg\" alt=\"KROVINI\u0172 GABENIMAS J\u016aRA\">        <\/div>\n        \n                <div class=\"uk-width-medium-3-5\" >\n            <div class=\"uk-panel uk-width-1-1\">\n\n                \n                                <h3 class=\"uk-h2\">\n\n                                            <a class=\"uk-link-reset\" href=\"\/lt\/logistikos-ir-transporto-paslaugos\/kroviniu-gabenimas-jura\/\">KROVINI\u0172 GABENIMAS J\u016aRA<\/a>\n                    \n                    \n                <\/h3>\n                \n                                <div class=\"uk-margin\"><p>UAB \u201eSadvitos Transportas\u201c bendradarbiauja su patikimais partneriais, teikia piln\u0173 konteineri\u0173 ir dalini\u0173 krovini\u0173 gabenimo paslaugas. Krovini\u0173 transportavimas vykdomas \u0161alies vanden\u0173 keliais ir j\u016bromis. Krovini\u0173 gabenimas j\u016bra vertinamas d\u0117l itin ma\u017e\u0173 transportavimo ka\u0161t\u0173 ir nenutr\u016bkstamo krovinio jud\u0117jimo vis\u0105 par\u0105. Transportavimas vykdomas nepriklausomai nuo oro s\u0105lyg\u0173 ir met\u0173 laiko.<\/p>\n<\/div>\n                \n                \n                                <p><a class=\"uk-button uk-button-primary\" href=\"\/lt\/logistikos-ir-transporto-paslaugos\/kroviniu-gabenimas-jura\/\">Daugiau<\/a><\/p>\n                \n            <\/div>\n        <\/div>\n        \n    <\/div>\n\n    <hr class=\"uk-grid-divider \">\n\n    \n    <div class=\"uk-grid uk-text-left uk-flex-middle\" data-uk-grid-match data-uk-margin=\"{cls:'uk-margin-top'}\">\n\n                <div class=\"uk-width-medium-2-5 uk-text-center uk-float-right uk-flex-order-last-medium\" >\n            <img src=\"\/wp-content\/uploads\/kroviniu_pervezimas_zeme_medium.jpg\" alt=\"KROVINI\u0172 PERVE\u017dIMAS \u017dEME\">        <\/div>\n        \n                <div class=\"uk-width-medium-3-5\" >\n            <div class=\"uk-panel uk-width-1-1\">\n\n                \n                                <h3 class=\"uk-h2\">\n\n                                            <a class=\"uk-link-reset\" href=\"\/lt\/logistikos-ir-transporto-paslaugos\/kroviniu-pervezimas-zeme\/\">KROVINI\u0172 PERVE\u017dIMAS \u017dEME<\/a>\n                    \n                    \n                <\/h3>\n                \n                                <div class=\"uk-margin\"><p>UAB \u201eSadvitos Transportas\u201c teikia standartini\u0173, ypating\u0173 reikalavim\u0173 ir pavojing\u0173 krovini\u0173 gabenimo paslaugas, vykdo maisto ir skyst\u0173j\u0173 produkt\u0173 transportavimo u\u017eduotis. Viena svarbiausi\u0173 \u012fmon\u0117s veikl\u0173 \u2013 rinktini\u0173 krovini\u0173 gabenimas \u2013 tai gana ma\u017eo dyd\u017eio krovini\u0173 surinkimas ir j\u0173 pristatymas gav\u0117jams. Rinktini\u0173 krovini\u0173 transporto paslaugos vienu metu apima kelis u\u017esakymus, t. y. ta pa\u010dia transporto priemone gabenamos skirtingos prek\u0117s vykstant \u012f numatyt\u0105 paskirties viet\u0105, tod\u0117l klientams suteikiama galimyb\u0117 lanks\u010diai reaguoti \u012f rinkos poreikius ir, skiriant minimalias i\u0161laidas transportavimui, palaikyti reikiam\u0105 asortimento lyg\u012f.<\/p>\n<\/div>\n                \n                \n                                <p><a class=\"uk-button uk-button-primary\" href=\"\/lt\/logistikos-ir-transporto-paslaugos\/kroviniu-pervezimas-zeme\/\">Daugiau<\/a><\/p>\n                \n            <\/div>\n        <\/div>\n        \n    <\/div>\n\n    <hr class=\"uk-grid-divider \">\n\n    \n    <div class=\"uk-grid uk-text-left uk-flex-middle\" data-uk-grid-match data-uk-margin=\"{cls:'uk-margin-top'}\">\n\n                <div class=\"uk-width-medium-2-5 uk-text-center\" >\n            <img src=\"\/wp-content\/uploads\/kroviniu_gabenimas_oru_medium.jpg\" alt=\"KROVINI\u0172 GABENIMAS ORU\">        <\/div>\n        \n                <div class=\"uk-width-medium-3-5\" >\n            <div class=\"uk-panel uk-width-1-1\">\n\n                \n                                <h3 class=\"uk-h2\">\n\n                                            <a class=\"uk-link-reset\" href=\"\/lt\/logistikos-ir-transporto-paslaugos\/kroviniu-gabenimas-oru\/\">KROVINI\u0172 GABENIMAS ORU<\/a>\n                    \n                    \n                <\/h3>\n                \n                                <div class=\"uk-margin\"><p>UAB \u201eSadvitos Transportas\u201c teikia profesionalias oro logistikos paslaugas. Krovini\u0173 transportavimas vykdomas \u012f visas pasaulio valstybes, skraidinant standartinius, negabaritinius, pavojingus ir temperat\u016brinio re\u017eimo reikalaujan\u010dius krovinius. Bendrov\u0117 teikia krovinio dokument\u0173 ruo\u0161imo ir tarpininkavimo muitin\u0117se paslaugas. Klientui pageidaujant, UAB \u201eSADVITOS TRANSPORTAS\u201c vykdo krovini\u0173 sand\u0117liavimo, r\u016b\u0161iavimo ir pakavimo darbus, organizuoja krovinio pa\u0117mimo ir pristatymo u\u017eduotis.<\/p>\n<\/div>\n                \n                \n                                <p><a class=\"uk-button uk-button-primary\" href=\"\/lt\/logistikos-ir-transporto-paslaugos\/kroviniu-gabenimas-oru\/\">Daugiau<\/a><\/p>\n                \n            <\/div>\n        <\/div>\n        \n    <\/div>\n\n    <hr class=\"uk-grid-divider \">\n\n    \n    <div class=\"uk-grid uk-text-left uk-flex-middle\" data-uk-grid-match data-uk-margin=\"{cls:'uk-margin-top'}\">\n\n                <div class=\"uk-width-medium-2-5 uk-text-center uk-float-right uk-flex-order-last-medium\" >\n            <img src=\"\/wp-content\/uploads\/kroviniu_gabenimas_gelezinkeliu_medium.jpg\" alt=\"KROVINI\u0172 GABENIMAS GELE\u017dINKELIU\">        <\/div>\n        \n                <div class=\"uk-width-medium-3-5\" >\n            <div class=\"uk-panel uk-width-1-1\">\n\n                \n                                <h3 class=\"uk-h2\">\n\n                                            <a class=\"uk-link-reset\" href=\"\/lt\/logistikos-ir-transporto-paslaugos\/kroviniu-gabenimas-gelezinkeliu\/\">KROVINI\u0172 GABENIMAS GELE\u017dINKELIU<\/a>\n                    \n                    \n                <\/h3>\n                \n                                <div class=\"uk-margin\"><p>UAB \u201eSadvitos Transportas\u201c si\u016blo transportavimo prekiniais vagonais paslaugas ir vykdo konteineri\u0173 perve\u017eimo u\u017eduotis Rusijoje ir NVS \u0161alyse. Traukinio vagon\u0173 \u012franga parenkama individualiai, atsi\u017evelgiant \u012f gabenamo krovinio savybes, tokiu b\u016bdu u\u017etikrinant ma\u017eesnius transportavimo ka\u0161tus. Bendrov\u0117 vykdo piln\u0173 ir dalini\u0173 krovini\u0173 gabenim\u0105 \u012f (i\u0161) pasirinktas gele\u017einkelio krovini\u0173 stotis, teikia standartin\u0117s ir negabaritin\u0117s produkcijos transportavimo paslaugas, organizuoja krovini\u0173 sand\u0117liavimo darbus ir paruo\u0161ia krovinius tolimesniam j\u0173 gabenimui (teikia krovini\u0173 perkrovimo, r\u016b\u0161iavimo ir parengimo paslaugas).<\/p>\n<\/div>\n                \n                \n                                <p><a class=\"uk-button uk-button-primary\" href=\"\/lt\/logistikos-ir-transporto-paslaugos\/kroviniu-gabenimas-gelezinkeliu\/\">Daugiau<\/a><\/p>\n                \n            <\/div>\n        <\/div>\n        \n    <\/div>\n\n    <hr class=\"uk-grid-divider \">\n\n    \n    <div class=\"uk-grid uk-text-left uk-flex-middle\" data-uk-grid-match data-uk-margin=\"{cls:'uk-margin-top'}\">\n\n                <div class=\"uk-width-medium-2-5 uk-text-center\" >\n            <img src=\"\/wp-content\/uploads\/multimodaliniai_pervezimai_medium.jpg\" alt=\"MULTIMODALINIAI PERVE\u017dIMAI\">        <\/div>\n        \n                <div class=\"uk-width-medium-3-5\" >\n            <div class=\"uk-panel uk-width-1-1\">\n\n                \n                                <h3 class=\"uk-h2\">\n\n                                            <a class=\"uk-link-reset\" href=\"\/lt\/logistikos-ir-transporto-paslaugos\/multimodaliniai-pervezimai\/\">MULTIMODALINIAI PERVE\u017dIMAI<\/a>\n                    \n                    \n                <\/h3>\n                \n                                <div class=\"uk-margin\"><p>UAB \u201eSadvitos Transportas\u201c teikia krovini\u0173 sand\u0117liavimo paslaugas, rengia krovinio dokumentus ir atstovauja kliento interesams muitin\u0117se, j\u016br\u0173 ir oro uostuose, stotyse. Multimodaliniai perve\u017eimai ir j\u0173 schema parenkama \u012fvertinus individualaus krovinio tip\u0105, pristatymo viet\u0105 ir skubos reikalavimus. Skirtingomis transporto priemon\u0117mis gali b\u016bti gabenami pilni ir daliniai kroviniai, pavojingi ir greitai gendantys produktai, ypating\u0173 laikymo s\u0105lyg\u0173 reikalaujan\u010dios prek\u0117s. Krovini\u0173 perve\u017eimui naudojamos saugios transporto priemon\u0117s ir patikima \u012franga, apsauganti krovin\u012f nuo galim\u0173 fizini\u0173 pa\u017eeidim\u0173.<\/p>\n<\/div>\n                \n                \n                                <p><a class=\"uk-button uk-button-primary\" href=\"\/lt\/logistikos-ir-transporto-paslaugos\/multimodaliniai-pervezimai\/\">Daugiau<\/a><\/p>\n                \n            <\/div>\n        <\/div>\n        \n    <\/div>\n\n    <hr class=\"uk-grid-divider \">\n\n    \n    <div class=\"uk-grid uk-text-left uk-flex-middle\" data-uk-grid-match data-uk-margin=\"{cls:'uk-margin-top'}\">\n\n                <div class=\"uk-width-medium-2-5 uk-text-center uk-float-right uk-flex-order-last-medium\" >\n            <img src=\"\/wp-content\/uploads\/kroviniu_draudimas_medium.jpg\" alt=\"KROVINI\u0172 DRAUDIMAS\">        <\/div>\n        \n                <div class=\"uk-width-medium-3-5\" >\n            <div class=\"uk-panel uk-width-1-1\">\n\n                \n                                <h3 class=\"uk-h2\">\n\n                                            <a class=\"uk-link-reset\" href=\"\/lt\/logistikos-ir-transporto-paslaugos\/kroviniu-draudimas\/\">KROVINI\u0172 DRAUDIMAS<\/a>\n                    \n                    \n                <\/h3>\n                \n                                <div class=\"uk-margin\"><p>UAB \u201eSadvitos Transportas\u201c si\u016blo patikimas krovini\u0173 draudimo paslaugas. Ilgamet\u0119 darbo patirt\u012f turintys specialistai, \u012fvertin\u0119 konkretaus krovinio savybes ir individualius kliento l\u016bkes\u010dius, si\u016blo optimaliausias draudimo paslaugas ir konsultuoja visais draudimo klausimais. Bendrov\u0117 bendradarbiauja su patikimais partneriais, u\u017etikrinan\u010diais draudimo u\u017eduo\u010di\u0173 sklandum\u0105 ir patikim\u0105 gabenamo krovinio apsaug\u0105.<\/p>\n<\/div>\n                \n                \n                                <p><a class=\"uk-button uk-button-primary\" href=\"\/lt\/logistikos-ir-transporto-paslaugos\/kroviniu-draudimas\/\">Daugiau<\/a><\/p>\n                \n            <\/div>\n        <\/div>\n        \n    <\/div>\n\n    <hr class=\"uk-grid-divider \">\n\n    \n    <div class=\"uk-grid uk-text-left uk-flex-middle\" data-uk-grid-match data-uk-margin=\"{cls:'uk-margin-top'}\">\n\n                <div class=\"uk-width-medium-2-5 uk-text-center\" >\n            <img src=\"\/wp-content\/uploads\/sandeliavimas_medium.jpg\" alt=\"SAND\u0116LIAVIMAS\">        <\/div>\n        \n                <div class=\"uk-width-medium-3-5\" >\n            <div class=\"uk-panel uk-width-1-1\">\n\n                \n                                <h3 class=\"uk-h2\">\n\n                                            <a class=\"uk-link-reset\" href=\"\/lt\/logistikos-ir-transporto-paslaugos\/sandeliavimas\/\">SAND\u0116LIAVIMAS<\/a>\n                    \n                    \n                <\/h3>\n                \n                                <div class=\"uk-margin\"><p>UAB \u201eSadvitos Transportas\u201c teikia profesionalias sand\u0117liavimo paslaugas \u012fmonei priklausan\u010diame ir bendrov\u0117s partneri\u0173 sand\u0117liuose. \u012emon\u0117 vykdo preki\u0173 krovos, r\u016b\u0161iavimo, pakavimo ir \u017eenklinimo darbus, r\u016bpinasi preki\u0173 jud\u0117jimo apskaita ir dokumentacija, teikia i\u0161samias ataskaitas klientams. Sand\u0117liavimas vykdomas moderniose 10 000 kv. m. patalpose, kuriose gali b\u016bti laikomi vis\u0173 tip\u0173 kroviniai. UAB \u201eSADVITOS TRANSPORTAS\u201c si\u016blo \u0161ildomas ir \u0161aldomas saugojimo patalpas, kuriose sand\u0117liuojami specialaus temperat\u016brinio re\u017eimo reikalaujantys kroviniai.<\/p>\n<\/div>\n                \n                \n                                <p><a class=\"uk-button uk-button-primary\" href=\"\/lt\/logistikos-ir-transporto-paslaugos\/sandeliavimas\/\">Daugiau<\/a><\/p>\n                \n            <\/div>\n        <\/div>\n        \n    <\/div>\n\n    <hr class=\"uk-grid-divider \">\n\n    \n    <div class=\"uk-grid uk-text-left uk-flex-middle\" data-uk-grid-match data-uk-margin=\"{cls:'uk-margin-top'}\">\n\n                <div class=\"uk-width-medium-2-5 uk-text-center uk-float-right uk-flex-order-last-medium\" >\n            <img src=\"\/wp-content\/uploads\/muitines_tarpininkas_medium.jpg\" alt=\"MUITIN\u0116S TARPININKAS\">        <\/div>\n        \n                <div class=\"uk-width-medium-3-5\" >\n            <div class=\"uk-panel uk-width-1-1\">\n\n                \n                                <h3 class=\"uk-h2\">\n\n                                            <a class=\"uk-link-reset\" href=\"\/lt\/logistikos-ir-transporto-paslaugos\/muitines-tarpininkas\/\">MUITIN\u0116S TARPININKAS<\/a>\n                    \n                    \n                <\/h3>\n                \n                                <div class=\"uk-margin\"><p>UAB \u201eSadvitos Transportas\u201c ruo\u0161ia muitin\u0117s dokumentus, r\u016bpinasi importo, eksporto ir tranzito proced\u016bromis, pildo CMR ir TIR knygeles, ruo\u0161ia TIR elektroninius duomenis. Bendrov\u0117 atstovauja klientus muitin\u0117se, padeda gauti reikiamus leidimus, sertifikatus ir pa\u017eymas, r\u016bpinasi muitin\u0117s atliekam\u0173 proced\u016br\u0173 kontrole ir konsultuoja visais muitin\u0117s dokumentacijos ir formalum\u0173 klausimais.<\/p>\n<\/div>\n                \n                \n                                <p><a class=\"uk-button uk-button-primary\" href=\"\/lt\/logistikos-ir-transporto-paslaugos\/muitines-tarpininkas\/\">Daugiau<\/a><\/p>\n                \n            <\/div>\n        <\/div>\n        \n    <\/div>\n\n    \n\n<\/div>\n\n","protected":false},"excerpt":{"rendered":"<p>Profesionalios logistikos ir transporto paslaugos j\u016br\u0173, sausumos ir oro keliais. Ilgamet\u0119 darbo patirt\u012f turintys logistikos specialistai parinks optimaliausius krovinio gabenimo mar\u0161rutus laivais, l\u0117ktuvais, gele\u017einkeliais ir automobiliais. UAB \u201eSadvitos transportas\u201c teikia krovini\u0173 sand\u0117liavimo ir draudimo paslaugas, atstovauja kliento interesus muitin\u0117se ir rengia krovini\u0173 transportavimo dokumentus.<\/p>\n","protected":false},"author":3,"featured_media":0,"parent":0,"menu_order":10,"comment_status":"closed","ping_status":"closed","template":"","meta":[],"yoast_head":"<!-- This site is optimized with the Yoast SEO plugin v17.4 - https:\/\/yoast.com\/wordpress\/plugins\/seo\/ -->\n<meta name=\"description\" content=\"Profesionalios logistikos ir transporto paslaugos j\u016bra, sausuma ir oru, multimodaliniai perve\u017eimai. Sand\u0117liavimo paslaugos, tarpininkavimas muitin\u0117je.\" \/>\n<meta name=\"robots\" content=\"index, follow, max-snippet:-1, max-image-preview:large, max-video-preview:-1\" \/>\n<link rel=\"canonical\" href=\"http:\/\/www.sadvitairko.lt\/lt\/logistikos-ir-transporto-paslaugos\/\" \/>\n<meta property=\"og:locale\" content=\"lt_LT\" \/>\n<meta property=\"og:type\" content=\"article\" \/>\n<meta property=\"og:title\" content=\"Logistikos ir transporto paslaugos |\u00a0SADVITOS TRANSPORTAS\" \/>\n<meta property=\"og:description\" content=\"Profesionalios logistikos ir transporto paslaugos j\u016bra, sausuma ir oru, multimodaliniai perve\u017eimai. Sand\u0117liavimo paslaugos, tarpininkavimas muitin\u0117je.\" \/>\n<meta property=\"og:url\" content=\"http:\/\/www.sadvitairko.lt\/lt\/logistikos-ir-transporto-paslaugos\/\" \/>\n<meta property=\"og:site_name\" content=\"Sadvita\" \/>\n<meta property=\"article:modified_time\" content=\"2016-05-20T06:28:02+00:00\" \/>\n<meta name=\"twitter:card\" content=\"summary\" \/>\n<script type=\"application\/ld+json\" class=\"yoast-schema-graph\">{\"@context\":\"https:\/\/schema.org\",\"@graph\":[{\"@type\":\"WebSite\",\"@id\":\"http:\/\/www.sadvitairko.lt\/lt\/#website\",\"url\":\"http:\/\/www.sadvitairko.lt\/lt\/\",\"name\":\"Sadvita\",\"description\":\"SADVITOS TRANSPORTAS\",\"potentialAction\":[{\"@type\":\"SearchAction\",\"target\":{\"@type\":\"EntryPoint\",\"urlTemplate\":\"http:\/\/www.sadvitairko.lt\/lt\/?s={search_term_string}\"},\"query-input\":\"required name=search_term_string\"}],\"inLanguage\":\"lt-LT\"},{\"@type\":\"WebPage\",\"@id\":\"http:\/\/www.sadvitairko.lt\/lt\/logistikos-ir-transporto-paslaugos\/#webpage\",\"url\":\"http:\/\/www.sadvitairko.lt\/lt\/logistikos-ir-transporto-paslaugos\/\",\"name\":\"Logistikos ir transporto paslaugos |\\u00a0SADVITOS TRANSPORTAS\",\"isPartOf\":{\"@id\":\"http:\/\/www.sadvitairko.lt\/lt\/#website\"},\"datePublished\":\"2011-06-08T11:32:55+00:00\",\"dateModified\":\"2016-05-20T06:28:02+00:00\",\"description\":\"Profesionalios logistikos ir transporto paslaugos j\\u016bra, sausuma ir oru, multimodaliniai perve\\u017eimai. Sand\\u0117liavimo paslaugos, tarpininkavimas muitin\\u0117je.\",\"breadcrumb\":{\"@id\":\"http:\/\/www.sadvitairko.lt\/lt\/logistikos-ir-transporto-paslaugos\/#breadcrumb\"},\"inLanguage\":\"lt-LT\",\"potentialAction\":[{\"@type\":\"ReadAction\",\"target\":[\"http:\/\/www.sadvitairko.lt\/lt\/logistikos-ir-transporto-paslaugos\/\"]}]},{\"@type\":\"BreadcrumbList\",\"@id\":\"http:\/\/www.sadvitairko.lt\/lt\/logistikos-ir-transporto-paslaugos\/#breadcrumb\",\"itemListElement\":[{\"@type\":\"ListItem\",\"position\":1,\"name\":\"Home\",\"item\":\"http:\/\/www.sadvitairko.lt\/lt\/\"},{\"@type\":\"ListItem\",\"position\":2,\"name\":\"Logistikos ir transporto paslaugos\"}]}]}<\/script>\n<!-- \/ Yoast SEO plugin. -->","yoast_head_json":{"description":"Profesionalios logistikos ir transporto paslaugos j\u016bra, sausuma ir oru, multimodaliniai perve\u017eimai. Sand\u0117liavimo paslaugos, tarpininkavimas muitin\u0117je.","robots":{"index":"index","follow":"follow","max-snippet":"max-snippet:-1","max-image-preview":"max-image-preview:large","max-video-preview":"max-video-preview:-1"},"canonical":"http:\/\/www.sadvitairko.lt\/lt\/logistikos-ir-transporto-paslaugos\/","og_locale":"lt_LT","og_type":"article","og_title":"Logistikos ir transporto paslaugos |\u00a0SADVITOS TRANSPORTAS","og_description":"Profesionalios logistikos ir transporto paslaugos j\u016bra, sausuma ir oru, multimodaliniai perve\u017eimai. Sand\u0117liavimo paslaugos, tarpininkavimas muitin\u0117je.","og_url":"http:\/\/www.sadvitairko.lt\/lt\/logistikos-ir-transporto-paslaugos\/","og_site_name":"Sadvita","article_modified_time":"2016-05-20T06:28:02+00:00","twitter_card":"summary","schema":{"@context":"https:\/\/schema.org","@graph":[{"@type":"WebSite","@id":"http:\/\/www.sadvitairko.lt\/lt\/#website","url":"http:\/\/www.sadvitairko.lt\/lt\/","name":"Sadvita","description":"SADVITOS TRANSPORTAS","potentialAction":[{"@type":"SearchAction","target":{"@type":"EntryPoint","urlTemplate":"http:\/\/www.sadvitairko.lt\/lt\/?s={search_term_string}"},"query-input":"required name=search_term_string"}],"inLanguage":"lt-LT"},{"@type":"WebPage","@id":"http:\/\/www.sadvitairko.lt\/lt\/logistikos-ir-transporto-paslaugos\/#webpage","url":"http:\/\/www.sadvitairko.lt\/lt\/logistikos-ir-transporto-paslaugos\/","name":"Logistikos ir transporto paslaugos |\u00a0SADVITOS TRANSPORTAS","isPartOf":{"@id":"http:\/\/www.sadvitairko.lt\/lt\/#website"},"datePublished":"2011-06-08T11:32:55+00:00","dateModified":"2016-05-20T06:28:02+00:00","description":"Profesionalios logistikos ir transporto paslaugos j\u016bra, sausuma ir oru, multimodaliniai perve\u017eimai. Sand\u0117liavimo paslaugos, tarpininkavimas muitin\u0117je.","breadcrumb":{"@id":"http:\/\/www.sadvitairko.lt\/lt\/logistikos-ir-transporto-paslaugos\/#breadcrumb"},"inLanguage":"lt-LT","potentialAction":[{"@type":"ReadAction","target":["http:\/\/www.sadvitairko.lt\/lt\/logistikos-ir-transporto-paslaugos\/"]}]},{"@type":"BreadcrumbList","@id":"http:\/\/www.sadvitairko.lt\/lt\/logistikos-ir-transporto-paslaugos\/#breadcrumb","itemListElement":[{"@type":"ListItem","position":1,"name":"Home","item":"http:\/\/www.sadvitairko.lt\/lt\/"},{"@type":"ListItem","position":2,"name":"Logistikos ir transporto paslaugos"}]}]}},"_links":{"self":[{"href":"http:\/\/www.sadvitairko.lt\/lt\/wp-json\/wp\/v2\/pages\/86"}],"collection":[{"href":"http:\/\/www.sadvitairko.lt\/lt\/wp-json\/wp\/v2\/pages"}],"about":[{"href":"http:\/\/www.sadvitairko.lt\/lt\/wp-json\/wp\/v2\/types\/page"}],"author":[{"embeddable":true,"href":"http:\/\/www.sadvitairko.lt\/lt\/wp-json\/wp\/v2\/users\/3"}],"replies":[{"embeddable":true,"href":"http:\/\/www.sadvitairko.lt\/lt\/wp-json\/wp\/v2\/comments?post=86"}],"version-history":[{"count":0,"href":"http:\/\/www.sadvitairko.lt\/lt\/wp-json\/wp\/v2\/pages\/86\/revisions"}],"wp:attachment":[{"href":"http:\/\/www.sadvitairko.lt\/lt\/wp-json\/wp\/v2\/media?parent=86"}],"curies":[{"name":"wp","href":"https:\/\/api.w.org\/{rel}","templated":true}]}}