{"id":878,"date":"2015-07-21T13:47:10","date_gmt":"2015-07-21T11:47:10","guid":{"rendered":"http:\/\/www.sadvitairko.lt\/?page_id=878"},"modified":"2016-05-20T08:28:37","modified_gmt":"2016-05-20T06:28:37","slug":"kroviniu-pervezimas-zeme","status":"publish","type":"page","link":"http:\/\/www.sadvitairko.lt\/lt\/logistikos-ir-transporto-paslaugos\/kroviniu-pervezimas-zeme\/","title":{"rendered":"Krovini\u0173 perve\u017eimas \u017eeme"},"content":{"rendered":"<p><strong>Krovini\u0173 perve\u017eimas \u017eeme<\/strong>\u00a0\u2013 piln\u0173 ir dalini\u0173 krovini\u0173 perve\u017eimas keli\u0173 transportu. Transportavimo paslaugos grupuojamos \u012f dvi atskiras kategorijas, t. y. vietinio ir tolimojo krovini\u0173 gabenimo paslaugas. Apie vietin\u012f transportavim\u0105 kalbama tuomet, kai atstumas tarp preki\u0173 i\u0161siunt\u0117jo ir j\u0173 gav\u0117jo n\u0117ra didelis, t. y., kai transporto priemon\u0117 \u012f pradin\u012f ta\u0161k\u0105 gali sugr\u012f\u017eti t\u0105 pa\u010di\u0105 dien\u0105. Tolimojo krovini\u0173 perve\u017eimo paslaugos taikomos tuomet, kai krovinys gabenamas itin dideliais atstumais.<\/p>\n<p>UAB \u201eSadvitos transportas\u201c sudaro optimaliausi\u0105 krovinio gabenimo mar\u0161rut\u0105, si\u016blo krovini\u0173 sand\u0117liavimo ir muitin\u0117s tarpininko paslaugas. Bendrov\u0117 turi didel\u012f keli\u0173 transporto priemoni\u0173 park\u0105, teikia \u012fvairi\u0173 gabarit\u0173 krovini\u0173 transportavimo paslaugas \u0161alies viduje ir vykdo tarptautinius perve\u017eimus.<\/p>\n<p><strong>Krovini\u0173 perve\u017eimas \u017eeme<\/strong>\u00a0yra pati lanks\u010diausia krovinio gabenimo r\u016b\u0161is, leid\u017eianti perve\u017eti skirting\u0173 matmen\u0173 ir skirtingo svorio krovinius. Laikydamasi grie\u017eto grafiko, bendrov\u0117 u\u017etikrina itin tikslius krovinio i\u0161siuntimo ir gavimo terminus. Kiekvienas mar\u0161rutas planuojamas individualiai, tod\u0117l pasiekiamos optimaliausios krovinio gabenimo s\u0105naudos. Ilgamet\u0119 darbo patirt\u012f turinti komanda suteiks operatyvi\u0105 ir i\u0161sami\u0105 informacij\u0105 apie krovinio jud\u0117jim\u0105 ir u\u017etikrins maksimal\u0173 krovinio saugum\u0105.<\/p>\n<p>UAB \u201eSadvitos transportas\u201c teikia standartini\u0173, ypating\u0173 reikalavim\u0173 ir pavojing\u0173 krovini\u0173 gabenimo paslaugas, vykdo maisto ir skyst\u0173j\u0173 produkt\u0173 transportavimo u\u017eduotis. Viena svarbiausi\u0173 \u012fmon\u0117s veikl\u0173 \u2013 rinktini\u0173 krovini\u0173 gabenimas \u2013 tai gana ma\u017eo dyd\u017eio krovini\u0173 surinkimas ir j\u0173 pristatymas gav\u0117jams. Rinktini\u0173 krovini\u0173 transporto paslaugos vienu metu apima kelis u\u017esakymus, t. y. ta pa\u010dia transporto priemone gabenamos skirtingos prek\u0117s vykstant \u012f numatyt\u0105 paskirties viet\u0105, tod\u0117l klientams suteikiama galimyb\u0117 lanks\u010diai reaguoti \u012f rinkos poreikius ir, skiriant minimalias i\u0161laidas transportavimui, palaikyti reikiam\u0105 asortimento lyg\u012f.<\/p>\n<p><strong>Susidom\u0117jote?\u00a0Susisiekite su mumis.<\/strong><\/p>\n","protected":false},"excerpt":{"rendered":"<p>Krovini\u0173 perve\u017eimas \u017eeme\u00a0\u2013 piln\u0173 ir dalini\u0173 krovini\u0173 perve\u017eimas keli\u0173 transportu. Transportavimo paslaugos grupuojamos \u012f dvi atskiras kategorijas, t. y. vietinio ir tolimojo krovini\u0173 gabenimo paslaugas. Apie vietin\u012f transportavim\u0105 kalbama tuomet, kai atstumas tarp preki\u0173 i\u0161siunt\u0117jo ir j\u0173 gav\u0117jo n\u0117ra didelis, t. y., kai transporto priemon\u0117 \u012f pradin\u012f ta\u0161k\u0105 gali sugr\u012f\u017eti t\u0105 pa\u010di\u0105 dien\u0105. Tolimojo krovini\u0173 [&hellip;]<\/p>\n","protected":false},"author":3,"featured_media":1099,"parent":86,"menu_order":20,"comment_status":"closed","ping_status":"closed","template":"","meta":[],"yoast_head":"<!-- This site is optimized with the Yoast SEO plugin v17.4 - https:\/\/yoast.com\/wordpress\/plugins\/seo\/ -->\n<meta name=\"description\" content=\"Krovini\u0173 perve\u017eimas \u017eeme, piln\u0173 ir dalini\u0173 krovini\u0173 perve\u017eimas keli\u0173 transportu. Krovini\u0173 transportavimas \u017eeme, mar\u0161rut\u0173 parinkimas, tarpininkavimas muitin\u0117je.\" \/>\n<meta name=\"robots\" content=\"index, follow, max-snippet:-1, max-image-preview:large, max-video-preview:-1\" \/>\n<link rel=\"canonical\" href=\"http:\/\/www.sadvitairko.lt\/lt\/logistikos-ir-transporto-paslaugos\/kroviniu-pervezimas-zeme\/\" \/>\n<meta property=\"og:locale\" content=\"lt_LT\" \/>\n<meta property=\"og:type\" content=\"article\" \/>\n<meta property=\"og:title\" content=\"Krovini\u0173 perve\u017eimas \u017eeme | SADVITOS TRANSPORTAS\" \/>\n<meta property=\"og:description\" content=\"Krovini\u0173 perve\u017eimas \u017eeme, piln\u0173 ir dalini\u0173 krovini\u0173 perve\u017eimas keli\u0173 transportu. Krovini\u0173 transportavimas \u017eeme, mar\u0161rut\u0173 parinkimas, tarpininkavimas muitin\u0117je.\" \/>\n<meta property=\"og:url\" content=\"http:\/\/www.sadvitairko.lt\/lt\/logistikos-ir-transporto-paslaugos\/kroviniu-pervezimas-zeme\/\" \/>\n<meta property=\"og:site_name\" content=\"Sadvita\" \/>\n<meta property=\"article:modified_time\" content=\"2016-05-20T06:28:37+00:00\" \/>\n<meta property=\"og:image\" content=\"http:\/\/www.sadvitairko.lt\/wp-content\/uploads\/kroviniu_pervezimas_zeme_large.jpg\" \/>\n\t<meta property=\"og:image:width\" content=\"900\" \/>\n\t<meta property=\"og:image:height\" content=\"300\" \/>\n<meta name=\"twitter:card\" content=\"summary\" \/>\n<meta name=\"twitter:label1\" content=\"Est. reading time\" \/>\n\t<meta name=\"twitter:data1\" content=\"1 minut\u0117\" \/>\n<script type=\"application\/ld+json\" class=\"yoast-schema-graph\">{\"@context\":\"https:\/\/schema.org\",\"@graph\":[{\"@type\":\"WebSite\",\"@id\":\"http:\/\/www.sadvitairko.lt\/lt\/#website\",\"url\":\"http:\/\/www.sadvitairko.lt\/lt\/\",\"name\":\"Sadvita\",\"description\":\"SADVITOS TRANSPORTAS\",\"potentialAction\":[{\"@type\":\"SearchAction\",\"target\":{\"@type\":\"EntryPoint\",\"urlTemplate\":\"http:\/\/www.sadvitairko.lt\/lt\/?s={search_term_string}\"},\"query-input\":\"required name=search_term_string\"}],\"inLanguage\":\"lt-LT\"},{\"@type\":\"ImageObject\",\"@id\":\"http:\/\/www.sadvitairko.lt\/lt\/logistikos-ir-transporto-paslaugos\/kroviniu-pervezimas-zeme\/#primaryimage\",\"inLanguage\":\"lt-LT\",\"url\":\"http:\/\/www.sadvitairko.lt\/wp-content\/uploads\/kroviniu_pervezimas_zeme_large.jpg\",\"contentUrl\":\"http:\/\/www.sadvitairko.lt\/wp-content\/uploads\/kroviniu_pervezimas_zeme_large.jpg\",\"width\":900,\"height\":300},{\"@type\":\"WebPage\",\"@id\":\"http:\/\/www.sadvitairko.lt\/lt\/logistikos-ir-transporto-paslaugos\/kroviniu-pervezimas-zeme\/#webpage\",\"url\":\"http:\/\/www.sadvitairko.lt\/lt\/logistikos-ir-transporto-paslaugos\/kroviniu-pervezimas-zeme\/\",\"name\":\"Krovini\\u0173 perve\\u017eimas \\u017eeme | SADVITOS TRANSPORTAS\",\"isPartOf\":{\"@id\":\"http:\/\/www.sadvitairko.lt\/lt\/#website\"},\"primaryImageOfPage\":{\"@id\":\"http:\/\/www.sadvitairko.lt\/lt\/logistikos-ir-transporto-paslaugos\/kroviniu-pervezimas-zeme\/#primaryimage\"},\"datePublished\":\"2015-07-21T11:47:10+00:00\",\"dateModified\":\"2016-05-20T06:28:37+00:00\",\"description\":\"Krovini\\u0173 perve\\u017eimas \\u017eeme, piln\\u0173 ir dalini\\u0173 krovini\\u0173 perve\\u017eimas keli\\u0173 transportu. Krovini\\u0173 transportavimas \\u017eeme, mar\\u0161rut\\u0173 parinkimas, tarpininkavimas muitin\\u0117je.\",\"breadcrumb\":{\"@id\":\"http:\/\/www.sadvitairko.lt\/lt\/logistikos-ir-transporto-paslaugos\/kroviniu-pervezimas-zeme\/#breadcrumb\"},\"inLanguage\":\"lt-LT\",\"potentialAction\":[{\"@type\":\"ReadAction\",\"target\":[\"http:\/\/www.sadvitairko.lt\/lt\/logistikos-ir-transporto-paslaugos\/kroviniu-pervezimas-zeme\/\"]}]},{\"@type\":\"BreadcrumbList\",\"@id\":\"http:\/\/www.sadvitairko.lt\/lt\/logistikos-ir-transporto-paslaugos\/kroviniu-pervezimas-zeme\/#breadcrumb\",\"itemListElement\":[{\"@type\":\"ListItem\",\"position\":1,\"name\":\"Home\",\"item\":\"http:\/\/www.sadvitairko.lt\/lt\/\"},{\"@type\":\"ListItem\",\"position\":2,\"name\":\"Logistikos ir transporto paslaugos\",\"item\":\"http:\/\/www.sadvitairko.lt\/lt\/logistikos-ir-transporto-paslaugos\/\"},{\"@type\":\"ListItem\",\"position\":3,\"name\":\"Krovini\\u0173 perve\\u017eimas \\u017eeme\"}]}]}<\/script>\n<!-- \/ Yoast SEO plugin. -->","yoast_head_json":{"description":"Krovini\u0173 perve\u017eimas \u017eeme, piln\u0173 ir dalini\u0173 krovini\u0173 perve\u017eimas keli\u0173 transportu. Krovini\u0173 transportavimas \u017eeme, mar\u0161rut\u0173 parinkimas, tarpininkavimas muitin\u0117je.","robots":{"index":"index","follow":"follow","max-snippet":"max-snippet:-1","max-image-preview":"max-image-preview:large","max-video-preview":"max-video-preview:-1"},"canonical":"http:\/\/www.sadvitairko.lt\/lt\/logistikos-ir-transporto-paslaugos\/kroviniu-pervezimas-zeme\/","og_locale":"lt_LT","og_type":"article","og_title":"Krovini\u0173 perve\u017eimas \u017eeme | SADVITOS TRANSPORTAS","og_description":"Krovini\u0173 perve\u017eimas \u017eeme, piln\u0173 ir dalini\u0173 krovini\u0173 perve\u017eimas keli\u0173 transportu. Krovini\u0173 transportavimas \u017eeme, mar\u0161rut\u0173 parinkimas, tarpininkavimas muitin\u0117je.","og_url":"http:\/\/www.sadvitairko.lt\/lt\/logistikos-ir-transporto-paslaugos\/kroviniu-pervezimas-zeme\/","og_site_name":"Sadvita","article_modified_time":"2016-05-20T06:28:37+00:00","og_image":[{"width":900,"height":300,"url":"http:\/\/www.sadvitairko.lt\/wp-content\/uploads\/kroviniu_pervezimas_zeme_large.jpg","type":"image\/jpeg"}],"twitter_card":"summary","twitter_misc":{"Est. reading time":"1 minut\u0117"},"schema":{"@context":"https:\/\/schema.org","@graph":[{"@type":"WebSite","@id":"http:\/\/www.sadvitairko.lt\/lt\/#website","url":"http:\/\/www.sadvitairko.lt\/lt\/","name":"Sadvita","description":"SADVITOS TRANSPORTAS","potentialAction":[{"@type":"SearchAction","target":{"@type":"EntryPoint","urlTemplate":"http:\/\/www.sadvitairko.lt\/lt\/?s={search_term_string}"},"query-input":"required name=search_term_string"}],"inLanguage":"lt-LT"},{"@type":"ImageObject","@id":"http:\/\/www.sadvitairko.lt\/lt\/logistikos-ir-transporto-paslaugos\/kroviniu-pervezimas-zeme\/#primaryimage","inLanguage":"lt-LT","url":"http:\/\/www.sadvitairko.lt\/wp-content\/uploads\/kroviniu_pervezimas_zeme_large.jpg","contentUrl":"http:\/\/www.sadvitairko.lt\/wp-content\/uploads\/kroviniu_pervezimas_zeme_large.jpg","width":900,"height":300},{"@type":"WebPage","@id":"http:\/\/www.sadvitairko.lt\/lt\/logistikos-ir-transporto-paslaugos\/kroviniu-pervezimas-zeme\/#webpage","url":"http:\/\/www.sadvitairko.lt\/lt\/logistikos-ir-transporto-paslaugos\/kroviniu-pervezimas-zeme\/","name":"Krovini\u0173 perve\u017eimas \u017eeme | SADVITOS TRANSPORTAS","isPartOf":{"@id":"http:\/\/www.sadvitairko.lt\/lt\/#website"},"primaryImageOfPage":{"@id":"http:\/\/www.sadvitairko.lt\/lt\/logistikos-ir-transporto-paslaugos\/kroviniu-pervezimas-zeme\/#primaryimage"},"datePublished":"2015-07-21T11:47:10+00:00","dateModified":"2016-05-20T06:28:37+00:00","description":"Krovini\u0173 perve\u017eimas \u017eeme, piln\u0173 ir dalini\u0173 krovini\u0173 perve\u017eimas keli\u0173 transportu. Krovini\u0173 transportavimas \u017eeme, mar\u0161rut\u0173 parinkimas, tarpininkavimas muitin\u0117je.","breadcrumb":{"@id":"http:\/\/www.sadvitairko.lt\/lt\/logistikos-ir-transporto-paslaugos\/kroviniu-pervezimas-zeme\/#breadcrumb"},"inLanguage":"lt-LT","potentialAction":[{"@type":"ReadAction","target":["http:\/\/www.sadvitairko.lt\/lt\/logistikos-ir-transporto-paslaugos\/kroviniu-pervezimas-zeme\/"]}]},{"@type":"BreadcrumbList","@id":"http:\/\/www.sadvitairko.lt\/lt\/logistikos-ir-transporto-paslaugos\/kroviniu-pervezimas-zeme\/#breadcrumb","itemListElement":[{"@type":"ListItem","position":1,"name":"Home","item":"http:\/\/www.sadvitairko.lt\/lt\/"},{"@type":"ListItem","position":2,"name":"Logistikos ir transporto paslaugos","item":"http:\/\/www.sadvitairko.lt\/lt\/logistikos-ir-transporto-paslaugos\/"},{"@type":"ListItem","position":3,"name":"Krovini\u0173 perve\u017eimas \u017eeme"}]}]}},"_links":{"self":[{"href":"http:\/\/www.sadvitairko.lt\/lt\/wp-json\/wp\/v2\/pages\/878"}],"collection":[{"href":"http:\/\/www.sadvitairko.lt\/lt\/wp-json\/wp\/v2\/pages"}],"about":[{"href":"http:\/\/www.sadvitairko.lt\/lt\/wp-json\/wp\/v2\/types\/page"}],"author":[{"embeddable":true,"href":"http:\/\/www.sadvitairko.lt\/lt\/wp-json\/wp\/v2\/users\/3"}],"replies":[{"embeddable":true,"href":"http:\/\/www.sadvitairko.lt\/lt\/wp-json\/wp\/v2\/comments?post=878"}],"version-history":[{"count":0,"href":"http:\/\/www.sadvitairko.lt\/lt\/wp-json\/wp\/v2\/pages\/878\/revisions"}],"up":[{"embeddable":true,"href":"http:\/\/www.sadvitairko.lt\/lt\/wp-json\/wp\/v2\/pages\/86"}],"wp:featuredmedia":[{"embeddable":true,"href":"http:\/\/www.sadvitairko.lt\/lt\/wp-json\/wp\/v2\/media\/1099"}],"wp:attachment":[{"href":"http:\/\/www.sadvitairko.lt\/lt\/wp-json\/wp\/v2\/media?parent=878"}],"curies":[{"name":"wp","href":"https:\/\/api.w.org\/{rel}","templated":true}]}}