{"id":883,"date":"2015-07-21T13:52:51","date_gmt":"2015-07-21T11:52:51","guid":{"rendered":"http:\/\/www.sadvitairko.lt\/?page_id=883"},"modified":"2016-05-20T08:29:08","modified_gmt":"2016-05-20T06:29:08","slug":"kroviniu-gabenimas-oru","status":"publish","type":"page","link":"http:\/\/www.sadvitairko.lt\/lt\/logistikos-ir-transporto-paslaugos\/kroviniu-gabenimas-oru\/","title":{"rendered":"Krovini\u0173 gabenimas oru"},"content":{"rendered":"<p><strong>Krovini\u0173 gabenimas oru<\/strong> sudaro daugiau nei 30 proc. vis\u0173 pasaulyje transportuojam\u0173 krovini\u0173 vert\u0117s ir turi mil\u017eini\u0161k\u0105 \u012ftak\u0105 tarptautinio verslo pl\u0117trai. \u0160iandien aviacijos industrija yra viena grie\u017e\u010diausiai standartizuot\u0173 tarptautini\u0173 \u016bkio \u0161ak\u0173, auk\u0161\u010diausius reikalavimus siejanti su maksimaliais skryd\u017ei\u0173 saugumo ir punktualumo rodikliais.<\/p>\n<p>Krovini\u0173 transportavimas oro keliais yra grei\u010diausias ir saugiausias \u012fvairiar\u016b\u0161i\u0173 krovini\u0173 gabenimo b\u016bdas, ypating\u0105 d\u0117mes\u012f skiriantis skubiems, greitai gendantiems, pavojingiems ir didel\u0117s vert\u0117s kroviniams. Krovini\u0173 gabenimas gali b\u016bti vykdomas \u012fvairiomis pasaulio \u0161ali\u0173 kryptimis, realizuojant minimali\u0173 pristatymo termin\u0173 reikalavimus, t. y. oro transportas ir i\u0161pl\u0117tota infrastrukt\u016bra leid\u017eia \u012fveikti itin didelius atstumus maksimaliai trumpu laiku.<\/p>\n<p>UAB \u201eSadvitos transportas\u201c vykdo i\u0161pl\u0117totas krovini\u0173 gabenimo oru u\u017eduotis, si\u016blo muitin\u0117s tarpininkavimo ir krovini\u0173 sand\u0117liavimo paslaugas. Kroviniai gali b\u016bti skraidinami reguliariais arba u\u017esakomaisiais skryd\u017eiais. Klientui pageidaujant, si\u016blomos prioritetin\u0117s krovini\u0173 gabenimo paslaugos.<\/p>\n<p><strong>Krovini\u0173 gabenimas oru<\/strong> pritaikomas ma\u017e\u0173, standartini\u0173 gabarit\u0173 ir individuali\u0173 matmen\u0173, itin didelio svorio krovini\u0173 transportavimui. L\u0117ktuvais gali b\u016bti gabenami ir ypating\u0173 laikymo s\u0105lyg\u0173 reikalaujantys kroviniai, t. y. numatyti kroviniai transportuojami specialiuose konteineriuose su sausu ledu, kuris visos kelion\u0117s metu palaiko pageidaujam\u0105 temperat\u016br\u0105.<\/p>\n<p>UAB \u201eSadvitos transportas\u201c teikia profesionalias oro logistikos paslaugas. Krovini\u0173 transportavimas vykdomas \u012f visas pasaulio valstybes, skraidinant standartinius, negabaritinius, pavojingus ir temperat\u016brinio re\u017eimo reikalaujan\u010dius krovinius. Bendrov\u0117 teikia krovinio dokument\u0173 ruo\u0161imo ir tarpininkavimo muitin\u0117se paslaugas. Klientui pageidaujant, UAB \u201eSadvitos transportas\u201c vykdo krovini\u0173 sand\u0117liavimo, r\u016b\u0161iavimo ir pakavimo darbus, organizuoja krovinio pa\u0117mimo ir pristatymo u\u017eduotis.<\/p>\n<p><strong>Susidom\u0117jote?\u00a0Susisiekite su mumis.<\/strong><\/p>\n","protected":false},"excerpt":{"rendered":"<p>Krovini\u0173 gabenimas oru sudaro daugiau nei 30 proc. vis\u0173 pasaulyje transportuojam\u0173 krovini\u0173 vert\u0117s ir turi mil\u017eini\u0161k\u0105 \u012ftak\u0105 tarptautinio verslo pl\u0117trai. \u0160iandien aviacijos industrija yra viena grie\u017e\u010diausiai standartizuot\u0173 tarptautini\u0173 \u016bkio \u0161ak\u0173, auk\u0161\u010diausius reikalavimus siejanti su maksimaliais skryd\u017ei\u0173 saugumo ir punktualumo rodikliais. Krovini\u0173 transportavimas oro keliais yra grei\u010diausias ir saugiausias \u012fvairiar\u016b\u0161i\u0173 krovini\u0173 gabenimo b\u016bdas, ypating\u0105 d\u0117mes\u012f skiriantis [&hellip;]<\/p>\n","protected":false},"author":3,"featured_media":1053,"parent":86,"menu_order":28,"comment_status":"closed","ping_status":"closed","template":"","meta":[],"yoast_head":"<!-- This site is optimized with the Yoast SEO plugin v17.4 - https:\/\/yoast.com\/wordpress\/plugins\/seo\/ -->\n<meta name=\"description\" content=\"Krovini\u0173 gabenimas oru. Skubi\u0173, verting\u0173 ir greitai gendan\u010di\u0173 krovini\u0173 transportavimas. Krovinio dokument\u0173 ruo\u0161imas, muitin\u0117s formalum\u0173 tvarkymas.\" \/>\n<meta name=\"robots\" content=\"index, follow, max-snippet:-1, max-image-preview:large, max-video-preview:-1\" \/>\n<link rel=\"canonical\" href=\"http:\/\/www.sadvitairko.lt\/lt\/logistikos-ir-transporto-paslaugos\/kroviniu-gabenimas-oru\/\" \/>\n<meta property=\"og:locale\" content=\"lt_LT\" \/>\n<meta property=\"og:type\" content=\"article\" \/>\n<meta property=\"og:title\" content=\"Krovini\u0173 gabenimas oru | SADVITOS TRANSPORTAS\" \/>\n<meta property=\"og:description\" content=\"Krovini\u0173 gabenimas oru. Skubi\u0173, verting\u0173 ir greitai gendan\u010di\u0173 krovini\u0173 transportavimas. Krovinio dokument\u0173 ruo\u0161imas, muitin\u0117s formalum\u0173 tvarkymas.\" \/>\n<meta property=\"og:url\" content=\"http:\/\/www.sadvitairko.lt\/lt\/logistikos-ir-transporto-paslaugos\/kroviniu-gabenimas-oru\/\" \/>\n<meta property=\"og:site_name\" content=\"Sadvita\" \/>\n<meta property=\"article:modified_time\" content=\"2016-05-20T06:29:08+00:00\" \/>\n<meta property=\"og:image\" content=\"http:\/\/www.sadvitairko.lt\/wp-content\/uploads\/kroviniu_gabenimas_oru_large.jpg\" \/>\n\t<meta property=\"og:image:width\" content=\"900\" \/>\n\t<meta property=\"og:image:height\" content=\"300\" \/>\n<meta name=\"twitter:card\" content=\"summary\" \/>\n<meta name=\"twitter:label1\" content=\"Est. reading time\" \/>\n\t<meta name=\"twitter:data1\" content=\"1 minut\u0117\" \/>\n<script type=\"application\/ld+json\" class=\"yoast-schema-graph\">{\"@context\":\"https:\/\/schema.org\",\"@graph\":[{\"@type\":\"WebSite\",\"@id\":\"http:\/\/www.sadvitairko.lt\/lt\/#website\",\"url\":\"http:\/\/www.sadvitairko.lt\/lt\/\",\"name\":\"Sadvita\",\"description\":\"SADVITOS TRANSPORTAS\",\"potentialAction\":[{\"@type\":\"SearchAction\",\"target\":{\"@type\":\"EntryPoint\",\"urlTemplate\":\"http:\/\/www.sadvitairko.lt\/lt\/?s={search_term_string}\"},\"query-input\":\"required name=search_term_string\"}],\"inLanguage\":\"lt-LT\"},{\"@type\":\"ImageObject\",\"@id\":\"http:\/\/www.sadvitairko.lt\/lt\/logistikos-ir-transporto-paslaugos\/kroviniu-gabenimas-oru\/#primaryimage\",\"inLanguage\":\"lt-LT\",\"url\":\"http:\/\/www.sadvitairko.lt\/wp-content\/uploads\/kroviniu_gabenimas_oru_large.jpg\",\"contentUrl\":\"http:\/\/www.sadvitairko.lt\/wp-content\/uploads\/kroviniu_gabenimas_oru_large.jpg\",\"width\":900,\"height\":300,\"caption\":\"Krovini\\u0173 gabenimas oru\"},{\"@type\":\"WebPage\",\"@id\":\"http:\/\/www.sadvitairko.lt\/lt\/logistikos-ir-transporto-paslaugos\/kroviniu-gabenimas-oru\/#webpage\",\"url\":\"http:\/\/www.sadvitairko.lt\/lt\/logistikos-ir-transporto-paslaugos\/kroviniu-gabenimas-oru\/\",\"name\":\"Krovini\\u0173 gabenimas oru | SADVITOS TRANSPORTAS\",\"isPartOf\":{\"@id\":\"http:\/\/www.sadvitairko.lt\/lt\/#website\"},\"primaryImageOfPage\":{\"@id\":\"http:\/\/www.sadvitairko.lt\/lt\/logistikos-ir-transporto-paslaugos\/kroviniu-gabenimas-oru\/#primaryimage\"},\"datePublished\":\"2015-07-21T11:52:51+00:00\",\"dateModified\":\"2016-05-20T06:29:08+00:00\",\"description\":\"Krovini\\u0173 gabenimas oru. Skubi\\u0173, verting\\u0173 ir greitai gendan\\u010di\\u0173 krovini\\u0173 transportavimas. Krovinio dokument\\u0173 ruo\\u0161imas, muitin\\u0117s formalum\\u0173 tvarkymas.\",\"breadcrumb\":{\"@id\":\"http:\/\/www.sadvitairko.lt\/lt\/logistikos-ir-transporto-paslaugos\/kroviniu-gabenimas-oru\/#breadcrumb\"},\"inLanguage\":\"lt-LT\",\"potentialAction\":[{\"@type\":\"ReadAction\",\"target\":[\"http:\/\/www.sadvitairko.lt\/lt\/logistikos-ir-transporto-paslaugos\/kroviniu-gabenimas-oru\/\"]}]},{\"@type\":\"BreadcrumbList\",\"@id\":\"http:\/\/www.sadvitairko.lt\/lt\/logistikos-ir-transporto-paslaugos\/kroviniu-gabenimas-oru\/#breadcrumb\",\"itemListElement\":[{\"@type\":\"ListItem\",\"position\":1,\"name\":\"Home\",\"item\":\"http:\/\/www.sadvitairko.lt\/lt\/\"},{\"@type\":\"ListItem\",\"position\":2,\"name\":\"Logistikos ir transporto paslaugos\",\"item\":\"http:\/\/www.sadvitairko.lt\/lt\/logistikos-ir-transporto-paslaugos\/\"},{\"@type\":\"ListItem\",\"position\":3,\"name\":\"Krovini\\u0173 gabenimas oru\"}]}]}<\/script>\n<!-- \/ Yoast SEO plugin. -->","yoast_head_json":{"description":"Krovini\u0173 gabenimas oru. Skubi\u0173, verting\u0173 ir greitai gendan\u010di\u0173 krovini\u0173 transportavimas. Krovinio dokument\u0173 ruo\u0161imas, muitin\u0117s formalum\u0173 tvarkymas.","robots":{"index":"index","follow":"follow","max-snippet":"max-snippet:-1","max-image-preview":"max-image-preview:large","max-video-preview":"max-video-preview:-1"},"canonical":"http:\/\/www.sadvitairko.lt\/lt\/logistikos-ir-transporto-paslaugos\/kroviniu-gabenimas-oru\/","og_locale":"lt_LT","og_type":"article","og_title":"Krovini\u0173 gabenimas oru | SADVITOS TRANSPORTAS","og_description":"Krovini\u0173 gabenimas oru. Skubi\u0173, verting\u0173 ir greitai gendan\u010di\u0173 krovini\u0173 transportavimas. Krovinio dokument\u0173 ruo\u0161imas, muitin\u0117s formalum\u0173 tvarkymas.","og_url":"http:\/\/www.sadvitairko.lt\/lt\/logistikos-ir-transporto-paslaugos\/kroviniu-gabenimas-oru\/","og_site_name":"Sadvita","article_modified_time":"2016-05-20T06:29:08+00:00","og_image":[{"width":900,"height":300,"url":"http:\/\/www.sadvitairko.lt\/wp-content\/uploads\/kroviniu_gabenimas_oru_large.jpg","type":"image\/jpeg"}],"twitter_card":"summary","twitter_misc":{"Est. reading time":"1 minut\u0117"},"schema":{"@context":"https:\/\/schema.org","@graph":[{"@type":"WebSite","@id":"http:\/\/www.sadvitairko.lt\/lt\/#website","url":"http:\/\/www.sadvitairko.lt\/lt\/","name":"Sadvita","description":"SADVITOS TRANSPORTAS","potentialAction":[{"@type":"SearchAction","target":{"@type":"EntryPoint","urlTemplate":"http:\/\/www.sadvitairko.lt\/lt\/?s={search_term_string}"},"query-input":"required name=search_term_string"}],"inLanguage":"lt-LT"},{"@type":"ImageObject","@id":"http:\/\/www.sadvitairko.lt\/lt\/logistikos-ir-transporto-paslaugos\/kroviniu-gabenimas-oru\/#primaryimage","inLanguage":"lt-LT","url":"http:\/\/www.sadvitairko.lt\/wp-content\/uploads\/kroviniu_gabenimas_oru_large.jpg","contentUrl":"http:\/\/www.sadvitairko.lt\/wp-content\/uploads\/kroviniu_gabenimas_oru_large.jpg","width":900,"height":300,"caption":"Krovini\u0173 gabenimas oru"},{"@type":"WebPage","@id":"http:\/\/www.sadvitairko.lt\/lt\/logistikos-ir-transporto-paslaugos\/kroviniu-gabenimas-oru\/#webpage","url":"http:\/\/www.sadvitairko.lt\/lt\/logistikos-ir-transporto-paslaugos\/kroviniu-gabenimas-oru\/","name":"Krovini\u0173 gabenimas oru | SADVITOS TRANSPORTAS","isPartOf":{"@id":"http:\/\/www.sadvitairko.lt\/lt\/#website"},"primaryImageOfPage":{"@id":"http:\/\/www.sadvitairko.lt\/lt\/logistikos-ir-transporto-paslaugos\/kroviniu-gabenimas-oru\/#primaryimage"},"datePublished":"2015-07-21T11:52:51+00:00","dateModified":"2016-05-20T06:29:08+00:00","description":"Krovini\u0173 gabenimas oru. Skubi\u0173, verting\u0173 ir greitai gendan\u010di\u0173 krovini\u0173 transportavimas. Krovinio dokument\u0173 ruo\u0161imas, muitin\u0117s formalum\u0173 tvarkymas.","breadcrumb":{"@id":"http:\/\/www.sadvitairko.lt\/lt\/logistikos-ir-transporto-paslaugos\/kroviniu-gabenimas-oru\/#breadcrumb"},"inLanguage":"lt-LT","potentialAction":[{"@type":"ReadAction","target":["http:\/\/www.sadvitairko.lt\/lt\/logistikos-ir-transporto-paslaugos\/kroviniu-gabenimas-oru\/"]}]},{"@type":"BreadcrumbList","@id":"http:\/\/www.sadvitairko.lt\/lt\/logistikos-ir-transporto-paslaugos\/kroviniu-gabenimas-oru\/#breadcrumb","itemListElement":[{"@type":"ListItem","position":1,"name":"Home","item":"http:\/\/www.sadvitairko.lt\/lt\/"},{"@type":"ListItem","position":2,"name":"Logistikos ir transporto paslaugos","item":"http:\/\/www.sadvitairko.lt\/lt\/logistikos-ir-transporto-paslaugos\/"},{"@type":"ListItem","position":3,"name":"Krovini\u0173 gabenimas oru"}]}]}},"_links":{"self":[{"href":"http:\/\/www.sadvitairko.lt\/lt\/wp-json\/wp\/v2\/pages\/883"}],"collection":[{"href":"http:\/\/www.sadvitairko.lt\/lt\/wp-json\/wp\/v2\/pages"}],"about":[{"href":"http:\/\/www.sadvitairko.lt\/lt\/wp-json\/wp\/v2\/types\/page"}],"author":[{"embeddable":true,"href":"http:\/\/www.sadvitairko.lt\/lt\/wp-json\/wp\/v2\/users\/3"}],"replies":[{"embeddable":true,"href":"http:\/\/www.sadvitairko.lt\/lt\/wp-json\/wp\/v2\/comments?post=883"}],"version-history":[{"count":0,"href":"http:\/\/www.sadvitairko.lt\/lt\/wp-json\/wp\/v2\/pages\/883\/revisions"}],"up":[{"embeddable":true,"href":"http:\/\/www.sadvitairko.lt\/lt\/wp-json\/wp\/v2\/pages\/86"}],"wp:featuredmedia":[{"embeddable":true,"href":"http:\/\/www.sadvitairko.lt\/lt\/wp-json\/wp\/v2\/media\/1053"}],"wp:attachment":[{"href":"http:\/\/www.sadvitairko.lt\/lt\/wp-json\/wp\/v2\/media?parent=883"}],"curies":[{"name":"wp","href":"https:\/\/api.w.org\/{rel}","templated":true}]}}