{"id":899,"date":"2015-07-28T09:50:50","date_gmt":"2015-07-28T07:50:50","guid":{"rendered":"http:\/\/www.sadvitairko.lt\/?page_id=899"},"modified":"2016-05-20T08:32:53","modified_gmt":"2016-05-20T06:32:53","slug":"logistikos-ir-transporto-kompanija","status":"publish","type":"page","link":"http:\/\/www.sadvitairko.lt\/lt\/logistikos-ir-transporto-kompanija\/","title":{"rendered":"Logistikos ir transporto kompanija"},"content":{"rendered":"<p style=\"text-align: justify;\">Kiekviena organizacija, ie\u0161kodama partneri\u0173 patikimam bendradarbiavimui, nuolat susiduria su problema: kuri\u0105 i\u0161 daugelio savo paslaugas si\u016blan\u010di\u0173 kompanij\u0173 pasirinkti patikimai partnerystei?<\/p>\n<p><strong>Logistikos ir transporto kompanija<\/strong> \u201eSadvitos transportas\u201c savo paslaugas kryptingai teikia nuo 2004 m.<\/p>\n<p style=\"text-align: justify;\">Pagrindin\u0117 organizacijos veikla \u2013 vietiniai ir tarptautiniai perve\u017eimai, krovini\u0173 gabenimas laivais, gele\u017einkeliu bei autotransportu; krovini\u0173 perkrovimas Klaip\u0117dos ir kituose uostuose; tarpininkavimas muitin\u0117je; optimali\u0173 krovini\u0173 gabenimo mar\u0161rut\u0173 parinkimas, transporto logistika; krovini\u0173 pristatymas \u201enuo dur\u0173 prie dur\u0173\u201c; vis\u0173 tip\u0173 laiv\u0173 agentavimas; laiv\u0173 frachtavimas.<\/p>\n<p style=\"text-align: justify;\">Profesionali \u012fmon\u0117s vadyba leid\u017eia operatyviai reaguoti \u012f greitai kintan\u010di\u0105 aplink\u0105. Mes nuolat tobuliname savo paj\u0117gumus, konkuruojam, siekiame pirmauti ir visais b\u016bdais stengiam\u0117s suteikti auk\u0161\u010diausi\u0105 paslaug\u0173 kokyb\u0119. Mes vertiname savo klientus ir saugom j\u0173 nuosavyb\u0119, patik\u0117t\u0105 mums.<\/p>\n<p style=\"text-align: justify;\">M\u016bs\u0173 klientai \u2013 organizacijos, kurios brangina savo ir savo klient\u0173 laik\u0105, kurios nenori tur\u0117ti r\u016bpes\u010di\u0173 d\u0117l saugaus savo krovini\u0173 gabenimo \u012f bet kokias pasaulio \u0161alis ir kurios ie\u0161ko ilgalaiki\u0173 bei patikim\u0173 partneri\u0173.<\/p>\n<p style=\"text-align: justify;\"><strong>Mus renkasi ne tik Lietuvos ir kit\u0173 Europos \u0161ali\u0173, bet ir Rusijos kompanijos, kuri\u0173 gautus u\u017esakymus mes vertiname ir jais d\u017eiaugiam\u0117s.<\/strong><\/p>\n<hr \/>\n<p style=\"text-align: justify;\"><strong>Bendradarbiavimo nauda:<\/strong><\/p>\n<ul>\n<li style=\"text-align: justify;\"><strong>Palankios kainos.<br \/>\n<\/strong>Mes naudojam\u0117s patikimais ry\u0161iais su partneriais ir kruop\u0161\u010diai sudarome optimalius projektus ir transporto mar\u0161rutus, kuriuos si\u016blome jums u\u017e geriausi\u0105 \u012fmanom\u0105 kain\u0105.<\/li>\n<li style=\"text-align: justify;\"><strong>\u012evairiapusis po\u017ei\u016bris.<\/strong><br \/>\nM\u016bs\u0173 specialistai pasir\u016bpins visais su gabenimu susijusiais klausimais: jie kruop\u0161\u010diai apsvarstys gabenam\u0173 preki\u0173 specifik\u0105, sudarys pelningiausi\u0105 tiekimo grandin\u0119, pasi\u016blys geriausius draudimo planus ir i\u0161spr\u0119s klausimus, susijusius su krovini\u0173 muitiniu \u012fforminimu.<\/li>\n<li style=\"text-align: justify;\"><strong>Tikslus sutarties vykdymas.<\/strong><br \/>\nMes \u017einome, kaip svarbu prekes pristatyti \u012f reikiam\u0105 viet\u0105 reikiamu laiku. Tod\u0117l savo darbe laikom\u0117s principo grie\u017etai laikytis nustatyt\u0173 termin\u0173.<\/li>\n<li style=\"text-align: justify;\"><strong>Auk\u0161ta paslaug\u0173 kokyb\u0117.<\/strong><br \/>\nMes vertiname kiekvien\u0105 klient\u0105, tod\u0117l ypating\u0105 d\u0117mes\u012f skiriame kokybi\u0161kam vis\u0173 krovini\u0173 gabenimo paslaug\u0173 atlikimui ir atsi\u017evelgiame \u012f individualius kliento poreikius.<\/li>\n<\/ul>\n<p><strong>Mielai rasime ideal\u0173 logistikos sprendim\u0105 j\u016bs\u0173 \u012fmonei!<\/strong><\/p>\n<hr \/>\n","protected":false},"excerpt":{"rendered":"<p>Kiekviena organizacija, ie\u0161kodama partneri\u0173 patikimam bendradarbiavimui, nuolat susiduria su problema: kuri\u0105 i\u0161 daugelio savo paslaugas si\u016blan\u010di\u0173 kompanij\u0173 pasirinkti patikimai partnerystei? Logistikos ir transporto kompanija \u201eSadvitos transportas\u201c savo paslaugas kryptingai teikia nuo 2004 m. Pagrindin\u0117 organizacijos veikla \u2013 vietiniai ir tarptautiniai perve\u017eimai, krovini\u0173 gabenimas laivais, gele\u017einkeliu bei autotransportu; krovini\u0173 perkrovimas Klaip\u0117dos ir kituose uostuose; tarpininkavimas muitin\u0117je; [&hellip;]<\/p>\n","protected":false},"author":3,"featured_media":0,"parent":0,"menu_order":17,"comment_status":"closed","ping_status":"closed","template":"","meta":[],"yoast_head":"<!-- This site is optimized with the Yoast SEO plugin v17.4 - https:\/\/yoast.com\/wordpress\/plugins\/seo\/ -->\n<meta name=\"description\" content=\"Profesionali logistikos ir transporto kompanija. Krovini\u0173 perve\u017eimas ir gabenimas optimaliausiais mar\u0161rutais, logistika ir tarpininkavimas muitin\u0117je.\" \/>\n<meta name=\"robots\" content=\"index, follow, max-snippet:-1, max-image-preview:large, max-video-preview:-1\" \/>\n<link rel=\"canonical\" href=\"http:\/\/www.sadvitairko.lt\/lt\/logistikos-ir-transporto-kompanija\/\" \/>\n<meta property=\"og:locale\" content=\"lt_LT\" \/>\n<meta property=\"og:type\" content=\"article\" \/>\n<meta property=\"og:title\" content=\"Logistikos ir transporto kompanija | SADVITOS TRANSPORTAS\" \/>\n<meta property=\"og:description\" content=\"Profesionali logistikos ir transporto kompanija. Krovini\u0173 perve\u017eimas ir gabenimas optimaliausiais mar\u0161rutais, logistika ir tarpininkavimas muitin\u0117je.\" \/>\n<meta property=\"og:url\" content=\"http:\/\/www.sadvitairko.lt\/lt\/logistikos-ir-transporto-kompanija\/\" \/>\n<meta property=\"og:site_name\" content=\"Sadvita\" \/>\n<meta property=\"article:modified_time\" content=\"2016-05-20T06:32:53+00:00\" \/>\n<meta name=\"twitter:card\" content=\"summary\" \/>\n<meta name=\"twitter:label1\" content=\"Est. reading time\" \/>\n\t<meta name=\"twitter:data1\" content=\"2 minut\u0117s\" \/>\n<script type=\"application\/ld+json\" class=\"yoast-schema-graph\">{\"@context\":\"https:\/\/schema.org\",\"@graph\":[{\"@type\":\"WebSite\",\"@id\":\"http:\/\/www.sadvitairko.lt\/lt\/#website\",\"url\":\"http:\/\/www.sadvitairko.lt\/lt\/\",\"name\":\"Sadvita\",\"description\":\"SADVITOS TRANSPORTAS\",\"potentialAction\":[{\"@type\":\"SearchAction\",\"target\":{\"@type\":\"EntryPoint\",\"urlTemplate\":\"http:\/\/www.sadvitairko.lt\/lt\/?s={search_term_string}\"},\"query-input\":\"required name=search_term_string\"}],\"inLanguage\":\"lt-LT\"},{\"@type\":\"WebPage\",\"@id\":\"http:\/\/www.sadvitairko.lt\/lt\/logistikos-ir-transporto-kompanija\/#webpage\",\"url\":\"http:\/\/www.sadvitairko.lt\/lt\/logistikos-ir-transporto-kompanija\/\",\"name\":\"Logistikos ir transporto kompanija | SADVITOS TRANSPORTAS\",\"isPartOf\":{\"@id\":\"http:\/\/www.sadvitairko.lt\/lt\/#website\"},\"datePublished\":\"2015-07-28T07:50:50+00:00\",\"dateModified\":\"2016-05-20T06:32:53+00:00\",\"description\":\"Profesionali logistikos ir transporto kompanija. Krovini\\u0173 perve\\u017eimas ir gabenimas optimaliausiais mar\\u0161rutais, logistika ir tarpininkavimas muitin\\u0117je.\",\"breadcrumb\":{\"@id\":\"http:\/\/www.sadvitairko.lt\/lt\/logistikos-ir-transporto-kompanija\/#breadcrumb\"},\"inLanguage\":\"lt-LT\",\"potentialAction\":[{\"@type\":\"ReadAction\",\"target\":[\"http:\/\/www.sadvitairko.lt\/lt\/logistikos-ir-transporto-kompanija\/\"]}]},{\"@type\":\"BreadcrumbList\",\"@id\":\"http:\/\/www.sadvitairko.lt\/lt\/logistikos-ir-transporto-kompanija\/#breadcrumb\",\"itemListElement\":[{\"@type\":\"ListItem\",\"position\":1,\"name\":\"Home\",\"item\":\"http:\/\/www.sadvitairko.lt\/lt\/\"},{\"@type\":\"ListItem\",\"position\":2,\"name\":\"Logistikos ir transporto kompanija\"}]}]}<\/script>\n<!-- \/ Yoast SEO plugin. -->","yoast_head_json":{"description":"Profesionali logistikos ir transporto kompanija. Krovini\u0173 perve\u017eimas ir gabenimas optimaliausiais mar\u0161rutais, logistika ir tarpininkavimas muitin\u0117je.","robots":{"index":"index","follow":"follow","max-snippet":"max-snippet:-1","max-image-preview":"max-image-preview:large","max-video-preview":"max-video-preview:-1"},"canonical":"http:\/\/www.sadvitairko.lt\/lt\/logistikos-ir-transporto-kompanija\/","og_locale":"lt_LT","og_type":"article","og_title":"Logistikos ir transporto kompanija | SADVITOS TRANSPORTAS","og_description":"Profesionali logistikos ir transporto kompanija. Krovini\u0173 perve\u017eimas ir gabenimas optimaliausiais mar\u0161rutais, logistika ir tarpininkavimas muitin\u0117je.","og_url":"http:\/\/www.sadvitairko.lt\/lt\/logistikos-ir-transporto-kompanija\/","og_site_name":"Sadvita","article_modified_time":"2016-05-20T06:32:53+00:00","twitter_card":"summary","twitter_misc":{"Est. reading time":"2 minut\u0117s"},"schema":{"@context":"https:\/\/schema.org","@graph":[{"@type":"WebSite","@id":"http:\/\/www.sadvitairko.lt\/lt\/#website","url":"http:\/\/www.sadvitairko.lt\/lt\/","name":"Sadvita","description":"SADVITOS TRANSPORTAS","potentialAction":[{"@type":"SearchAction","target":{"@type":"EntryPoint","urlTemplate":"http:\/\/www.sadvitairko.lt\/lt\/?s={search_term_string}"},"query-input":"required name=search_term_string"}],"inLanguage":"lt-LT"},{"@type":"WebPage","@id":"http:\/\/www.sadvitairko.lt\/lt\/logistikos-ir-transporto-kompanija\/#webpage","url":"http:\/\/www.sadvitairko.lt\/lt\/logistikos-ir-transporto-kompanija\/","name":"Logistikos ir transporto kompanija | SADVITOS TRANSPORTAS","isPartOf":{"@id":"http:\/\/www.sadvitairko.lt\/lt\/#website"},"datePublished":"2015-07-28T07:50:50+00:00","dateModified":"2016-05-20T06:32:53+00:00","description":"Profesionali logistikos ir transporto kompanija. Krovini\u0173 perve\u017eimas ir gabenimas optimaliausiais mar\u0161rutais, logistika ir tarpininkavimas muitin\u0117je.","breadcrumb":{"@id":"http:\/\/www.sadvitairko.lt\/lt\/logistikos-ir-transporto-kompanija\/#breadcrumb"},"inLanguage":"lt-LT","potentialAction":[{"@type":"ReadAction","target":["http:\/\/www.sadvitairko.lt\/lt\/logistikos-ir-transporto-kompanija\/"]}]},{"@type":"BreadcrumbList","@id":"http:\/\/www.sadvitairko.lt\/lt\/logistikos-ir-transporto-kompanija\/#breadcrumb","itemListElement":[{"@type":"ListItem","position":1,"name":"Home","item":"http:\/\/www.sadvitairko.lt\/lt\/"},{"@type":"ListItem","position":2,"name":"Logistikos ir transporto kompanija"}]}]}},"_links":{"self":[{"href":"http:\/\/www.sadvitairko.lt\/lt\/wp-json\/wp\/v2\/pages\/899"}],"collection":[{"href":"http:\/\/www.sadvitairko.lt\/lt\/wp-json\/wp\/v2\/pages"}],"about":[{"href":"http:\/\/www.sadvitairko.lt\/lt\/wp-json\/wp\/v2\/types\/page"}],"author":[{"embeddable":true,"href":"http:\/\/www.sadvitairko.lt\/lt\/wp-json\/wp\/v2\/users\/3"}],"replies":[{"embeddable":true,"href":"http:\/\/www.sadvitairko.lt\/lt\/wp-json\/wp\/v2\/comments?post=899"}],"version-history":[{"count":0,"href":"http:\/\/www.sadvitairko.lt\/lt\/wp-json\/wp\/v2\/pages\/899\/revisions"}],"wp:attachment":[{"href":"http:\/\/www.sadvitairko.lt\/lt\/wp-json\/wp\/v2\/media?parent=899"}],"curies":[{"name":"wp","href":"https:\/\/api.w.org\/{rel}","templated":true}]}}