{"id":916,"date":"2015-07-28T10:01:06","date_gmt":"2015-07-28T08:01:06","guid":{"rendered":"http:\/\/www.sadvitairko.lt\/?page_id=916"},"modified":"2016-05-20T08:33:27","modified_gmt":"2016-05-20T06:33:27","slug":"siulome-darba","status":"publish","type":"page","link":"http:\/\/www.sadvitairko.lt\/lt\/siulome-darba\/","title":{"rendered":"Si\u016blome darb\u0105"},"content":{"rendered":"<p>Jeigu Jus domina darbas m\u016bs\u0173 bendrov\u0117je, pra\u0161ome savo gyvenimo apra\u0161ym\u0105 (CV) si\u0173sti adresu<strong> <a href=\"mailto:info@sadvitairko.lt\">info@sadvitairko.lt<\/a><\/strong><\/p>\n<hr \/>\n<p><strong>Mes si\u016blome:<\/strong><br \/>\nAtsaking\u0105, \u012fdom\u0173 ir dinami\u0161k\u0105 darb\u0105, mokymus, kvalifikacijos k\u0117limo galimybes bei karjeros perspektyvas, kompetencij\u0105 atitinkant\u012f darbo u\u017emokest\u012f.<\/p>\n","protected":false},"excerpt":{"rendered":"<p>Jeigu Jus domina darbas m\u016bs\u0173 bendrov\u0117je, pra\u0161ome savo gyvenimo apra\u0161ym\u0105 (CV) si\u0173sti adresu info@sadvitairko.lt Mes si\u016blome: Atsaking\u0105, \u012fdom\u0173 ir dinami\u0161k\u0105 darb\u0105, mokymus, kvalifikacijos k\u0117limo galimybes bei karjeros perspektyvas, kompetencij\u0105 atitinkant\u012f darbo u\u017emokest\u012f.<\/p>\n","protected":false},"author":3,"featured_media":0,"parent":0,"menu_order":44,"comment_status":"closed","ping_status":"closed","template":"","meta":[],"yoast_head":"<!-- This site is optimized with the Yoast SEO plugin v17.4 - https:\/\/yoast.com\/wordpress\/plugins\/seo\/ -->\n<meta name=\"description\" content=\"Domit\u0117s karjera \u012fmon\u0117je SADVITOS TRANSPORTAS? Si\u016blome atsaking\u0105, \u012fdom\u0173, dinami\u0161k\u0105 darb\u0105, karjeros perspektyvas. Organizuojame kvalifikacijos k\u0117limo kursus.\" \/>\n<meta name=\"robots\" content=\"index, follow, max-snippet:-1, max-image-preview:large, max-video-preview:-1\" \/>\n<link rel=\"canonical\" href=\"http:\/\/www.sadvitairko.lt\/lt\/siulome-darba\/\" \/>\n<meta property=\"og:locale\" content=\"lt_LT\" \/>\n<meta property=\"og:type\" content=\"article\" \/>\n<meta property=\"og:title\" content=\"Si\u016blome darb\u0105 | SADVITOS TRANSPORTAS\" \/>\n<meta property=\"og:description\" content=\"Domit\u0117s karjera \u012fmon\u0117je SADVITOS TRANSPORTAS? Si\u016blome atsaking\u0105, \u012fdom\u0173, dinami\u0161k\u0105 darb\u0105, karjeros perspektyvas. Organizuojame kvalifikacijos k\u0117limo kursus.\" \/>\n<meta property=\"og:url\" content=\"http:\/\/www.sadvitairko.lt\/lt\/siulome-darba\/\" \/>\n<meta property=\"og:site_name\" content=\"Sadvita\" \/>\n<meta property=\"article:modified_time\" content=\"2016-05-20T06:33:27+00:00\" \/>\n<meta name=\"twitter:card\" content=\"summary\" \/>\n<script type=\"application\/ld+json\" class=\"yoast-schema-graph\">{\"@context\":\"https:\/\/schema.org\",\"@graph\":[{\"@type\":\"WebSite\",\"@id\":\"http:\/\/www.sadvitairko.lt\/lt\/#website\",\"url\":\"http:\/\/www.sadvitairko.lt\/lt\/\",\"name\":\"Sadvita\",\"description\":\"SADVITOS TRANSPORTAS\",\"potentialAction\":[{\"@type\":\"SearchAction\",\"target\":{\"@type\":\"EntryPoint\",\"urlTemplate\":\"http:\/\/www.sadvitairko.lt\/lt\/?s={search_term_string}\"},\"query-input\":\"required name=search_term_string\"}],\"inLanguage\":\"lt-LT\"},{\"@type\":\"WebPage\",\"@id\":\"http:\/\/www.sadvitairko.lt\/lt\/siulome-darba\/#webpage\",\"url\":\"http:\/\/www.sadvitairko.lt\/lt\/siulome-darba\/\",\"name\":\"Si\\u016blome darb\\u0105 | SADVITOS TRANSPORTAS\",\"isPartOf\":{\"@id\":\"http:\/\/www.sadvitairko.lt\/lt\/#website\"},\"datePublished\":\"2015-07-28T08:01:06+00:00\",\"dateModified\":\"2016-05-20T06:33:27+00:00\",\"description\":\"Domit\\u0117s karjera \\u012fmon\\u0117je SADVITOS TRANSPORTAS? Si\\u016blome atsaking\\u0105, \\u012fdom\\u0173, dinami\\u0161k\\u0105 darb\\u0105, karjeros perspektyvas. Organizuojame kvalifikacijos k\\u0117limo kursus.\",\"breadcrumb\":{\"@id\":\"http:\/\/www.sadvitairko.lt\/lt\/siulome-darba\/#breadcrumb\"},\"inLanguage\":\"lt-LT\",\"potentialAction\":[{\"@type\":\"ReadAction\",\"target\":[\"http:\/\/www.sadvitairko.lt\/lt\/siulome-darba\/\"]}]},{\"@type\":\"BreadcrumbList\",\"@id\":\"http:\/\/www.sadvitairko.lt\/lt\/siulome-darba\/#breadcrumb\",\"itemListElement\":[{\"@type\":\"ListItem\",\"position\":1,\"name\":\"Home\",\"item\":\"http:\/\/www.sadvitairko.lt\/lt\/\"},{\"@type\":\"ListItem\",\"position\":2,\"name\":\"Si\\u016blome darb\\u0105\"}]}]}<\/script>\n<!-- \/ Yoast SEO plugin. -->","yoast_head_json":{"description":"Domit\u0117s karjera \u012fmon\u0117je SADVITOS TRANSPORTAS? Si\u016blome atsaking\u0105, \u012fdom\u0173, dinami\u0161k\u0105 darb\u0105, karjeros perspektyvas. Organizuojame kvalifikacijos k\u0117limo kursus.","robots":{"index":"index","follow":"follow","max-snippet":"max-snippet:-1","max-image-preview":"max-image-preview:large","max-video-preview":"max-video-preview:-1"},"canonical":"http:\/\/www.sadvitairko.lt\/lt\/siulome-darba\/","og_locale":"lt_LT","og_type":"article","og_title":"Si\u016blome darb\u0105 | SADVITOS TRANSPORTAS","og_description":"Domit\u0117s karjera \u012fmon\u0117je SADVITOS TRANSPORTAS? Si\u016blome atsaking\u0105, \u012fdom\u0173, dinami\u0161k\u0105 darb\u0105, karjeros perspektyvas. Organizuojame kvalifikacijos k\u0117limo kursus.","og_url":"http:\/\/www.sadvitairko.lt\/lt\/siulome-darba\/","og_site_name":"Sadvita","article_modified_time":"2016-05-20T06:33:27+00:00","twitter_card":"summary","schema":{"@context":"https:\/\/schema.org","@graph":[{"@type":"WebSite","@id":"http:\/\/www.sadvitairko.lt\/lt\/#website","url":"http:\/\/www.sadvitairko.lt\/lt\/","name":"Sadvita","description":"SADVITOS TRANSPORTAS","potentialAction":[{"@type":"SearchAction","target":{"@type":"EntryPoint","urlTemplate":"http:\/\/www.sadvitairko.lt\/lt\/?s={search_term_string}"},"query-input":"required name=search_term_string"}],"inLanguage":"lt-LT"},{"@type":"WebPage","@id":"http:\/\/www.sadvitairko.lt\/lt\/siulome-darba\/#webpage","url":"http:\/\/www.sadvitairko.lt\/lt\/siulome-darba\/","name":"Si\u016blome darb\u0105 | SADVITOS TRANSPORTAS","isPartOf":{"@id":"http:\/\/www.sadvitairko.lt\/lt\/#website"},"datePublished":"2015-07-28T08:01:06+00:00","dateModified":"2016-05-20T06:33:27+00:00","description":"Domit\u0117s karjera \u012fmon\u0117je SADVITOS TRANSPORTAS? Si\u016blome atsaking\u0105, \u012fdom\u0173, dinami\u0161k\u0105 darb\u0105, karjeros perspektyvas. Organizuojame kvalifikacijos k\u0117limo kursus.","breadcrumb":{"@id":"http:\/\/www.sadvitairko.lt\/lt\/siulome-darba\/#breadcrumb"},"inLanguage":"lt-LT","potentialAction":[{"@type":"ReadAction","target":["http:\/\/www.sadvitairko.lt\/lt\/siulome-darba\/"]}]},{"@type":"BreadcrumbList","@id":"http:\/\/www.sadvitairko.lt\/lt\/siulome-darba\/#breadcrumb","itemListElement":[{"@type":"ListItem","position":1,"name":"Home","item":"http:\/\/www.sadvitairko.lt\/lt\/"},{"@type":"ListItem","position":2,"name":"Si\u016blome darb\u0105"}]}]}},"_links":{"self":[{"href":"http:\/\/www.sadvitairko.lt\/lt\/wp-json\/wp\/v2\/pages\/916"}],"collection":[{"href":"http:\/\/www.sadvitairko.lt\/lt\/wp-json\/wp\/v2\/pages"}],"about":[{"href":"http:\/\/www.sadvitairko.lt\/lt\/wp-json\/wp\/v2\/types\/page"}],"author":[{"embeddable":true,"href":"http:\/\/www.sadvitairko.lt\/lt\/wp-json\/wp\/v2\/users\/3"}],"replies":[{"embeddable":true,"href":"http:\/\/www.sadvitairko.lt\/lt\/wp-json\/wp\/v2\/comments?post=916"}],"version-history":[{"count":0,"href":"http:\/\/www.sadvitairko.lt\/lt\/wp-json\/wp\/v2\/pages\/916\/revisions"}],"wp:attachment":[{"href":"http:\/\/www.sadvitairko.lt\/lt\/wp-json\/wp\/v2\/media?parent=916"}],"curies":[{"name":"wp","href":"https:\/\/api.w.org\/{rel}","templated":true}]}}