{"id":921,"date":"2015-07-28T10:11:31","date_gmt":"2015-07-28T08:11:31","guid":{"rendered":"http:\/\/www.sadvitairko.lt\/?page_id=921"},"modified":"2016-05-20T08:31:18","modified_gmt":"2016-05-20T06:31:18","slug":"sandeliavimas","status":"publish","type":"page","link":"http:\/\/www.sadvitairko.lt\/lt\/logistikos-ir-transporto-paslaugos\/sandeliavimas\/","title":{"rendered":"Sand\u0117liavimas"},"content":{"rendered":"<p><strong>Sand\u0117liavimas<\/strong> \u2013 viena svarbiausi\u0173 krovini\u0173 transportavimo ir logistikos proceso dali\u0173, u\u017etikrinanti tinkam\u0105 krovini\u0173 apsaug\u0105, preki\u0173 paskirstym\u0105 ir kontrol\u0119. Svarbiausias sand\u0117liavimo tikslas \u2013 pasir\u016bpinti krovinio i\u0161laikymu ir parengti prekes eksportui.<\/p>\n<p>UAB \u201eSadvitos transportas\u201c teikia profesionalias sand\u0117liavimo paslaugas \u012fmonei priklausan\u010diame ir bendrov\u0117s partneri\u0173 sand\u0117liuose. \u012emon\u0117 vykdo preki\u0173 krovos, r\u016b\u0161iavimo, pakavimo ir \u017eenklinimo darbus, r\u016bpinasi preki\u0173 jud\u0117jimo apskaita ir dokumentacija, teikia i\u0161samias ataskaitas klientams. <strong>Sand\u0117liavimas<\/strong> vykdomas moderniose 10 000 kv. m. patalpose, kuriose gali b\u016bti laikomi vis\u0173 tip\u0173 kroviniai. UAB \u201eSadvitos transportas\u201c si\u016blo \u0161ildomas ir \u0161aldomas saugojimo patalpas, kuriose sand\u0117liuojami specialaus temperat\u016brinio re\u017eimo reikalaujantys kroviniai.<\/p>\n<p>Bendrov\u0117s sand\u0117liai \u012frengti patogioje vietoje su geru priva\u017eiavimu. Krovos darbus palengvina moderni technika ir kvalifikuotas personalas, galintis aptarnauti itin didel\u012f krovini\u0173 sraut\u0105. Sand\u0117liavimo patalpose \u012frengta 15 ramp\u0173, veikia moderni oro kontrol\u0117s ir ventiliacijos sistema, palaikanti konkre\u010diai produkcijai b\u016btin\u0105 temperat\u016br\u0105 ir u\u017etikrinanti efektyvi\u0105 temperat\u016bros ir dr\u0117gm\u0117s lygio kontrol\u0119. Bendrov\u0117s sand\u0117liuose \u012frengta efektyvi patalp\u0173 apsaugos sistema, persp\u0117janti apie gaisro pavoj\u0173 ir vykdanti automatinio gesinimo funkcijas.<\/p>\n<p>UAB \u201eSadvitos transportas\u201c sand\u0117liuose \u012fdiegta moderni krovini\u0173 apskaitos sistema, u\u017etikrinti tiksl\u0173 preki\u0173 jud\u0117jim\u0105. Ilgamet\u0119 darbo patirt\u012f turintys specialistai informuoja klientus apie krovinio laikymo viet\u0105, preki\u0173 liku\u010dius ir papildomus u\u017esakymus. Krovini\u0173 saugum\u0105 u\u017etikrina vis\u0105 par\u0105 veikiantis apsaugos postas, apsaugin\u0117s signalizacijos ir vaizdo steb\u0117jimo sistemos. Bendrov\u0117 teikia neriboto laiko krovini\u0173 saugojimo paslaugas, atlieka preki\u0173 r\u016b\u0161iavimo, sv\u0117rimo, komplektavimo darbus, tvarko su krovinio saugojimu susijusius dokumentus, kontroliuoja produkt\u0173 kokyb\u0117s reglamentus, teikia krovini\u0173 i\u0161krovimo, pakrovimo ir pristatymo paslaugas.<\/p>\n<p><strong>Susidom\u0117jote?\u00a0Susisiekite su mumis.<\/strong><\/p>\n","protected":false},"excerpt":{"rendered":"<p>Sand\u0117liavimas \u2013 viena svarbiausi\u0173 krovini\u0173 transportavimo ir logistikos proceso dali\u0173, u\u017etikrinanti tinkam\u0105 krovini\u0173 apsaug\u0105, preki\u0173 paskirstym\u0105 ir kontrol\u0119. Svarbiausias sand\u0117liavimo tikslas \u2013 pasir\u016bpinti krovinio i\u0161laikymu ir parengti prekes eksportui. UAB \u201eSadvitos transportas\u201c teikia profesionalias sand\u0117liavimo paslaugas \u012fmonei priklausan\u010diame ir bendrov\u0117s partneri\u0173 sand\u0117liuose. \u012emon\u0117 vykdo preki\u0173 krovos, r\u016b\u0161iavimo, pakavimo ir \u017eenklinimo darbus, r\u016bpinasi preki\u0173 jud\u0117jimo apskaita [&hellip;]<\/p>\n","protected":false},"author":3,"featured_media":1061,"parent":86,"menu_order":59,"comment_status":"closed","ping_status":"closed","template":"","meta":[],"yoast_head":"<!-- This site is optimized with the Yoast SEO plugin v17.4 - https:\/\/yoast.com\/wordpress\/plugins\/seo\/ -->\n<meta name=\"description\" content=\"Gabaritini\u0173 ir negabaritini\u0173 krovini\u0173 sand\u0117liavimas moderniose patalpose. Krovini\u0173 i\u0161krovimas ir pakrovimas, sand\u0117liavimo paslaugos, dokument\u0173 kontrol\u0117.\" \/>\n<meta name=\"robots\" content=\"index, follow, max-snippet:-1, max-image-preview:large, max-video-preview:-1\" \/>\n<link rel=\"canonical\" href=\"http:\/\/www.sadvitairko.lt\/lt\/logistikos-ir-transporto-paslaugos\/sandeliavimas\/\" \/>\n<meta property=\"og:locale\" content=\"lt_LT\" \/>\n<meta property=\"og:type\" content=\"article\" \/>\n<meta property=\"og:title\" content=\"Sand\u0117liavimas | SADVITOS TRANSPORTAS\" \/>\n<meta property=\"og:description\" content=\"Gabaritini\u0173 ir negabaritini\u0173 krovini\u0173 sand\u0117liavimas moderniose patalpose. Krovini\u0173 i\u0161krovimas ir pakrovimas, sand\u0117liavimo paslaugos, dokument\u0173 kontrol\u0117.\" \/>\n<meta property=\"og:url\" content=\"http:\/\/www.sadvitairko.lt\/lt\/logistikos-ir-transporto-paslaugos\/sandeliavimas\/\" \/>\n<meta property=\"og:site_name\" content=\"Sadvita\" \/>\n<meta property=\"article:modified_time\" content=\"2016-05-20T06:31:18+00:00\" \/>\n<meta property=\"og:image\" content=\"http:\/\/www.sadvitairko.lt\/wp-content\/uploads\/sandeliavimas_large.jpg\" \/>\n\t<meta property=\"og:image:width\" content=\"900\" \/>\n\t<meta property=\"og:image:height\" content=\"300\" \/>\n<meta name=\"twitter:card\" content=\"summary\" \/>\n<meta name=\"twitter:label1\" content=\"Est. reading time\" \/>\n\t<meta name=\"twitter:data1\" content=\"1 minut\u0117\" \/>\n<script type=\"application\/ld+json\" class=\"yoast-schema-graph\">{\"@context\":\"https:\/\/schema.org\",\"@graph\":[{\"@type\":\"WebSite\",\"@id\":\"http:\/\/www.sadvitairko.lt\/lt\/#website\",\"url\":\"http:\/\/www.sadvitairko.lt\/lt\/\",\"name\":\"Sadvita\",\"description\":\"SADVITOS TRANSPORTAS\",\"potentialAction\":[{\"@type\":\"SearchAction\",\"target\":{\"@type\":\"EntryPoint\",\"urlTemplate\":\"http:\/\/www.sadvitairko.lt\/lt\/?s={search_term_string}\"},\"query-input\":\"required name=search_term_string\"}],\"inLanguage\":\"lt-LT\"},{\"@type\":\"ImageObject\",\"@id\":\"http:\/\/www.sadvitairko.lt\/lt\/logistikos-ir-transporto-paslaugos\/sandeliavimas\/#primaryimage\",\"inLanguage\":\"lt-LT\",\"url\":\"http:\/\/www.sadvitairko.lt\/wp-content\/uploads\/sandeliavimas_large.jpg\",\"contentUrl\":\"http:\/\/www.sadvitairko.lt\/wp-content\/uploads\/sandeliavimas_large.jpg\",\"width\":900,\"height\":300,\"caption\":\"Sand\\u0117liavimas\"},{\"@type\":\"WebPage\",\"@id\":\"http:\/\/www.sadvitairko.lt\/lt\/logistikos-ir-transporto-paslaugos\/sandeliavimas\/#webpage\",\"url\":\"http:\/\/www.sadvitairko.lt\/lt\/logistikos-ir-transporto-paslaugos\/sandeliavimas\/\",\"name\":\"Sand\\u0117liavimas | SADVITOS TRANSPORTAS\",\"isPartOf\":{\"@id\":\"http:\/\/www.sadvitairko.lt\/lt\/#website\"},\"primaryImageOfPage\":{\"@id\":\"http:\/\/www.sadvitairko.lt\/lt\/logistikos-ir-transporto-paslaugos\/sandeliavimas\/#primaryimage\"},\"datePublished\":\"2015-07-28T08:11:31+00:00\",\"dateModified\":\"2016-05-20T06:31:18+00:00\",\"description\":\"Gabaritini\\u0173 ir negabaritini\\u0173 krovini\\u0173 sand\\u0117liavimas moderniose patalpose. Krovini\\u0173 i\\u0161krovimas ir pakrovimas, sand\\u0117liavimo paslaugos, dokument\\u0173 kontrol\\u0117.\",\"breadcrumb\":{\"@id\":\"http:\/\/www.sadvitairko.lt\/lt\/logistikos-ir-transporto-paslaugos\/sandeliavimas\/#breadcrumb\"},\"inLanguage\":\"lt-LT\",\"potentialAction\":[{\"@type\":\"ReadAction\",\"target\":[\"http:\/\/www.sadvitairko.lt\/lt\/logistikos-ir-transporto-paslaugos\/sandeliavimas\/\"]}]},{\"@type\":\"BreadcrumbList\",\"@id\":\"http:\/\/www.sadvitairko.lt\/lt\/logistikos-ir-transporto-paslaugos\/sandeliavimas\/#breadcrumb\",\"itemListElement\":[{\"@type\":\"ListItem\",\"position\":1,\"name\":\"Home\",\"item\":\"http:\/\/www.sadvitairko.lt\/lt\/\"},{\"@type\":\"ListItem\",\"position\":2,\"name\":\"Logistikos ir transporto paslaugos\",\"item\":\"http:\/\/www.sadvitairko.lt\/lt\/logistikos-ir-transporto-paslaugos\/\"},{\"@type\":\"ListItem\",\"position\":3,\"name\":\"Sand\\u0117liavimas\"}]}]}<\/script>\n<!-- \/ Yoast SEO plugin. -->","yoast_head_json":{"description":"Gabaritini\u0173 ir negabaritini\u0173 krovini\u0173 sand\u0117liavimas moderniose patalpose. Krovini\u0173 i\u0161krovimas ir pakrovimas, sand\u0117liavimo paslaugos, dokument\u0173 kontrol\u0117.","robots":{"index":"index","follow":"follow","max-snippet":"max-snippet:-1","max-image-preview":"max-image-preview:large","max-video-preview":"max-video-preview:-1"},"canonical":"http:\/\/www.sadvitairko.lt\/lt\/logistikos-ir-transporto-paslaugos\/sandeliavimas\/","og_locale":"lt_LT","og_type":"article","og_title":"Sand\u0117liavimas | SADVITOS TRANSPORTAS","og_description":"Gabaritini\u0173 ir negabaritini\u0173 krovini\u0173 sand\u0117liavimas moderniose patalpose. Krovini\u0173 i\u0161krovimas ir pakrovimas, sand\u0117liavimo paslaugos, dokument\u0173 kontrol\u0117.","og_url":"http:\/\/www.sadvitairko.lt\/lt\/logistikos-ir-transporto-paslaugos\/sandeliavimas\/","og_site_name":"Sadvita","article_modified_time":"2016-05-20T06:31:18+00:00","og_image":[{"width":900,"height":300,"url":"http:\/\/www.sadvitairko.lt\/wp-content\/uploads\/sandeliavimas_large.jpg","type":"image\/jpeg"}],"twitter_card":"summary","twitter_misc":{"Est. reading time":"1 minut\u0117"},"schema":{"@context":"https:\/\/schema.org","@graph":[{"@type":"WebSite","@id":"http:\/\/www.sadvitairko.lt\/lt\/#website","url":"http:\/\/www.sadvitairko.lt\/lt\/","name":"Sadvita","description":"SADVITOS TRANSPORTAS","potentialAction":[{"@type":"SearchAction","target":{"@type":"EntryPoint","urlTemplate":"http:\/\/www.sadvitairko.lt\/lt\/?s={search_term_string}"},"query-input":"required name=search_term_string"}],"inLanguage":"lt-LT"},{"@type":"ImageObject","@id":"http:\/\/www.sadvitairko.lt\/lt\/logistikos-ir-transporto-paslaugos\/sandeliavimas\/#primaryimage","inLanguage":"lt-LT","url":"http:\/\/www.sadvitairko.lt\/wp-content\/uploads\/sandeliavimas_large.jpg","contentUrl":"http:\/\/www.sadvitairko.lt\/wp-content\/uploads\/sandeliavimas_large.jpg","width":900,"height":300,"caption":"Sand\u0117liavimas"},{"@type":"WebPage","@id":"http:\/\/www.sadvitairko.lt\/lt\/logistikos-ir-transporto-paslaugos\/sandeliavimas\/#webpage","url":"http:\/\/www.sadvitairko.lt\/lt\/logistikos-ir-transporto-paslaugos\/sandeliavimas\/","name":"Sand\u0117liavimas | SADVITOS TRANSPORTAS","isPartOf":{"@id":"http:\/\/www.sadvitairko.lt\/lt\/#website"},"primaryImageOfPage":{"@id":"http:\/\/www.sadvitairko.lt\/lt\/logistikos-ir-transporto-paslaugos\/sandeliavimas\/#primaryimage"},"datePublished":"2015-07-28T08:11:31+00:00","dateModified":"2016-05-20T06:31:18+00:00","description":"Gabaritini\u0173 ir negabaritini\u0173 krovini\u0173 sand\u0117liavimas moderniose patalpose. Krovini\u0173 i\u0161krovimas ir pakrovimas, sand\u0117liavimo paslaugos, dokument\u0173 kontrol\u0117.","breadcrumb":{"@id":"http:\/\/www.sadvitairko.lt\/lt\/logistikos-ir-transporto-paslaugos\/sandeliavimas\/#breadcrumb"},"inLanguage":"lt-LT","potentialAction":[{"@type":"ReadAction","target":["http:\/\/www.sadvitairko.lt\/lt\/logistikos-ir-transporto-paslaugos\/sandeliavimas\/"]}]},{"@type":"BreadcrumbList","@id":"http:\/\/www.sadvitairko.lt\/lt\/logistikos-ir-transporto-paslaugos\/sandeliavimas\/#breadcrumb","itemListElement":[{"@type":"ListItem","position":1,"name":"Home","item":"http:\/\/www.sadvitairko.lt\/lt\/"},{"@type":"ListItem","position":2,"name":"Logistikos ir transporto paslaugos","item":"http:\/\/www.sadvitairko.lt\/lt\/logistikos-ir-transporto-paslaugos\/"},{"@type":"ListItem","position":3,"name":"Sand\u0117liavimas"}]}]}},"_links":{"self":[{"href":"http:\/\/www.sadvitairko.lt\/lt\/wp-json\/wp\/v2\/pages\/921"}],"collection":[{"href":"http:\/\/www.sadvitairko.lt\/lt\/wp-json\/wp\/v2\/pages"}],"about":[{"href":"http:\/\/www.sadvitairko.lt\/lt\/wp-json\/wp\/v2\/types\/page"}],"author":[{"embeddable":true,"href":"http:\/\/www.sadvitairko.lt\/lt\/wp-json\/wp\/v2\/users\/3"}],"replies":[{"embeddable":true,"href":"http:\/\/www.sadvitairko.lt\/lt\/wp-json\/wp\/v2\/comments?post=921"}],"version-history":[{"count":0,"href":"http:\/\/www.sadvitairko.lt\/lt\/wp-json\/wp\/v2\/pages\/921\/revisions"}],"up":[{"embeddable":true,"href":"http:\/\/www.sadvitairko.lt\/lt\/wp-json\/wp\/v2\/pages\/86"}],"wp:featuredmedia":[{"embeddable":true,"href":"http:\/\/www.sadvitairko.lt\/lt\/wp-json\/wp\/v2\/media\/1061"}],"wp:attachment":[{"href":"http:\/\/www.sadvitairko.lt\/lt\/wp-json\/wp\/v2\/media?parent=921"}],"curies":[{"name":"wp","href":"https:\/\/api.w.org\/{rel}","templated":true}]}}