{"id":922,"date":"2015-07-28T10:04:29","date_gmt":"2015-07-28T08:04:29","guid":{"rendered":"http:\/\/www.sadvitairko.lt\/?page_id=922"},"modified":"2016-05-20T08:29:44","modified_gmt":"2016-05-20T06:29:44","slug":"multimodaliniai-pervezimai","status":"publish","type":"page","link":"http:\/\/www.sadvitairko.lt\/lt\/logistikos-ir-transporto-paslaugos\/multimodaliniai-pervezimai\/","title":{"rendered":"Multimodaliniai perve\u017eimai"},"content":{"rendered":"<p><strong>Multimodaliniai perve\u017eimai<\/strong> \u2013 tai krovini\u0173 transportavimo b\u016bdas, kuomet numatyt\u0173 preki\u0173 gabenimui panaudojamos kelios transporto r\u016b\u0161ys, pvz., j\u016br\u0173 ir keli\u0173, oro ir gele\u017einkeli\u0173 keliai. Multimodaliniai perve\u017eimai organizuojami tuomet, kai krovinio gabenimas viena transporto r\u016b\u0161imi yra ne\u012fmanomas arba reikalauja labai daug laiko. \u012eveikiant didelius atstumus, multimodalinis transportavimas padeda suma\u017einti krovinio gabenimo ka\u0161tus, ypa\u010d tuo atveju, kai transportuojami didel\u0117s apimties ir maksimalaus svorio kroviniai.<\/p>\n<p>\u012evairiar\u016b\u0161io transporto organizavimui panaudojama visa logistikos sferos infrastrukt\u016bra, t. y. krovinio gabenimui b\u016btini patikimi terminalai, modernios sand\u0117liavimo patalpos, i\u0161pl\u0117totos strukt\u016bros uostai, stotys ir t. t. Vis\u0173 multimodalini\u0173 perve\u017eim\u0173 dalyvi\u0173 veiksmai turi b\u016bti tikslingi ir tarpusavyje suderinti. Siekdami u\u017etikrinti krovinio transportavimo sklandum\u0105 ir operatyvum\u0105, UAB \u201eSadvitos transportas\u201c vadovaujasi itin grie\u017etais kokyb\u0117s reikalavimais ir tikslaus grafiko prioritetais. Ilgamet\u0119 darbo patirt\u012f turintys logistikos specialistai, \u012fvertin\u0119 konkretaus krovinio savybes ir kliento pageidavimus, si\u016blo rentabiliausius multimodalinio perve\u017eimo variantus, parinkdami optimaliausius mar\u0161rutus ir optimizuodami krovinio transportavimo ka\u0161tus bei laik\u0105.<\/p>\n<p>UAB \u201eSadvitos transportas\u201c teikia krovini\u0173 sand\u0117liavimo paslaugas, rengia krovinio dokumentus ir atstovauja kliento interesams muitin\u0117se, j\u016br\u0173 ir oro uostuose, stotyse. <strong>Multimodaliniai perve\u017eimai<\/strong> ir j\u0173 schema parenkama \u012fvertinus individualaus krovinio tip\u0105, pristatymo viet\u0105 ir skubos reikalavimus. Skirtingomis transporto priemon\u0117mis gali b\u016bti gabenami pilni ir daliniai kroviniai, pavojingi ir greitai gendantys produktai, ypating\u0173 laikymo s\u0105lyg\u0173 reikalaujan\u010dios prek\u0117s. Krovini\u0173 perve\u017eimui naudojamos saugios transporto priemon\u0117s ir patikima \u012franga, apsauganti krovin\u012f nuo galim\u0173 fizini\u0173 pa\u017eeidim\u0173.<\/p>\n<p><strong>Susidom\u0117jote?\u00a0Susisiekite su mumis.<\/strong><\/p>\n","protected":false},"excerpt":{"rendered":"<p>Multimodaliniai perve\u017eimai \u2013 tai krovini\u0173 transportavimo b\u016bdas, kuomet numatyt\u0173 preki\u0173 gabenimui panaudojamos kelios transporto r\u016b\u0161ys, pvz., j\u016br\u0173 ir keli\u0173, oro ir gele\u017einkeli\u0173 keliai. Multimodaliniai perve\u017eimai organizuojami tuomet, kai krovinio gabenimas viena transporto r\u016b\u0161imi yra ne\u012fmanomas arba reikalauja labai daug laiko. \u012eveikiant didelius atstumus, multimodalinis transportavimas padeda suma\u017einti krovinio gabenimo ka\u0161tus, ypa\u010d tuo atveju, kai transportuojami [&hellip;]<\/p>\n","protected":false},"author":3,"featured_media":1057,"parent":86,"menu_order":34,"comment_status":"closed","ping_status":"closed","template":"","meta":[],"yoast_head":"<!-- This site is optimized with the Yoast SEO plugin v17.4 - https:\/\/yoast.com\/wordpress\/plugins\/seo\/ -->\n<meta name=\"description\" content=\"Multimodaliniai perve\u017eimai, mar\u0161rut\u0173 parinkimas, tarpininkavimas muitin\u0117je. Multimodaliniai krovini\u0173 perve\u017eimai sausumos, j\u016br\u0173 ir oro keliais.\" \/>\n<meta name=\"robots\" content=\"index, follow, max-snippet:-1, max-image-preview:large, max-video-preview:-1\" \/>\n<link rel=\"canonical\" href=\"http:\/\/www.sadvitairko.lt\/lt\/logistikos-ir-transporto-paslaugos\/multimodaliniai-pervezimai\/\" \/>\n<meta property=\"og:locale\" content=\"lt_LT\" \/>\n<meta property=\"og:type\" content=\"article\" \/>\n<meta property=\"og:title\" content=\"Multimodaliniai perve\u017eimai | SADVITOS TRANSPORTAS\" \/>\n<meta property=\"og:description\" content=\"Multimodaliniai perve\u017eimai, mar\u0161rut\u0173 parinkimas, tarpininkavimas muitin\u0117je. Multimodaliniai krovini\u0173 perve\u017eimai sausumos, j\u016br\u0173 ir oro keliais.\" \/>\n<meta property=\"og:url\" content=\"http:\/\/www.sadvitairko.lt\/lt\/logistikos-ir-transporto-paslaugos\/multimodaliniai-pervezimai\/\" \/>\n<meta property=\"og:site_name\" content=\"Sadvita\" \/>\n<meta property=\"article:modified_time\" content=\"2016-05-20T06:29:44+00:00\" \/>\n<meta property=\"og:image\" content=\"http:\/\/www.sadvitairko.lt\/wp-content\/uploads\/multimodaliniai_pervezimai_large.jpg\" \/>\n\t<meta property=\"og:image:width\" content=\"900\" \/>\n\t<meta property=\"og:image:height\" content=\"300\" \/>\n<meta name=\"twitter:card\" content=\"summary\" \/>\n<meta name=\"twitter:label1\" content=\"Est. reading time\" \/>\n\t<meta name=\"twitter:data1\" content=\"1 minut\u0117\" \/>\n<script type=\"application\/ld+json\" class=\"yoast-schema-graph\">{\"@context\":\"https:\/\/schema.org\",\"@graph\":[{\"@type\":\"WebSite\",\"@id\":\"http:\/\/www.sadvitairko.lt\/lt\/#website\",\"url\":\"http:\/\/www.sadvitairko.lt\/lt\/\",\"name\":\"Sadvita\",\"description\":\"SADVITOS TRANSPORTAS\",\"potentialAction\":[{\"@type\":\"SearchAction\",\"target\":{\"@type\":\"EntryPoint\",\"urlTemplate\":\"http:\/\/www.sadvitairko.lt\/lt\/?s={search_term_string}\"},\"query-input\":\"required name=search_term_string\"}],\"inLanguage\":\"lt-LT\"},{\"@type\":\"ImageObject\",\"@id\":\"http:\/\/www.sadvitairko.lt\/lt\/logistikos-ir-transporto-paslaugos\/multimodaliniai-pervezimai\/#primaryimage\",\"inLanguage\":\"lt-LT\",\"url\":\"http:\/\/www.sadvitairko.lt\/wp-content\/uploads\/multimodaliniai_pervezimai_large.jpg\",\"contentUrl\":\"http:\/\/www.sadvitairko.lt\/wp-content\/uploads\/multimodaliniai_pervezimai_large.jpg\",\"width\":900,\"height\":300,\"caption\":\"Multimodaliniai perve\\u017eimai\"},{\"@type\":\"WebPage\",\"@id\":\"http:\/\/www.sadvitairko.lt\/lt\/logistikos-ir-transporto-paslaugos\/multimodaliniai-pervezimai\/#webpage\",\"url\":\"http:\/\/www.sadvitairko.lt\/lt\/logistikos-ir-transporto-paslaugos\/multimodaliniai-pervezimai\/\",\"name\":\"Multimodaliniai perve\\u017eimai | SADVITOS TRANSPORTAS\",\"isPartOf\":{\"@id\":\"http:\/\/www.sadvitairko.lt\/lt\/#website\"},\"primaryImageOfPage\":{\"@id\":\"http:\/\/www.sadvitairko.lt\/lt\/logistikos-ir-transporto-paslaugos\/multimodaliniai-pervezimai\/#primaryimage\"},\"datePublished\":\"2015-07-28T08:04:29+00:00\",\"dateModified\":\"2016-05-20T06:29:44+00:00\",\"description\":\"Multimodaliniai perve\\u017eimai, mar\\u0161rut\\u0173 parinkimas, tarpininkavimas muitin\\u0117je. Multimodaliniai krovini\\u0173 perve\\u017eimai sausumos, j\\u016br\\u0173 ir oro keliais.\",\"breadcrumb\":{\"@id\":\"http:\/\/www.sadvitairko.lt\/lt\/logistikos-ir-transporto-paslaugos\/multimodaliniai-pervezimai\/#breadcrumb\"},\"inLanguage\":\"lt-LT\",\"potentialAction\":[{\"@type\":\"ReadAction\",\"target\":[\"http:\/\/www.sadvitairko.lt\/lt\/logistikos-ir-transporto-paslaugos\/multimodaliniai-pervezimai\/\"]}]},{\"@type\":\"BreadcrumbList\",\"@id\":\"http:\/\/www.sadvitairko.lt\/lt\/logistikos-ir-transporto-paslaugos\/multimodaliniai-pervezimai\/#breadcrumb\",\"itemListElement\":[{\"@type\":\"ListItem\",\"position\":1,\"name\":\"Home\",\"item\":\"http:\/\/www.sadvitairko.lt\/lt\/\"},{\"@type\":\"ListItem\",\"position\":2,\"name\":\"Logistikos ir transporto paslaugos\",\"item\":\"http:\/\/www.sadvitairko.lt\/lt\/logistikos-ir-transporto-paslaugos\/\"},{\"@type\":\"ListItem\",\"position\":3,\"name\":\"Multimodaliniai perve\\u017eimai\"}]}]}<\/script>\n<!-- \/ Yoast SEO plugin. -->","yoast_head_json":{"description":"Multimodaliniai perve\u017eimai, mar\u0161rut\u0173 parinkimas, tarpininkavimas muitin\u0117je. Multimodaliniai krovini\u0173 perve\u017eimai sausumos, j\u016br\u0173 ir oro keliais.","robots":{"index":"index","follow":"follow","max-snippet":"max-snippet:-1","max-image-preview":"max-image-preview:large","max-video-preview":"max-video-preview:-1"},"canonical":"http:\/\/www.sadvitairko.lt\/lt\/logistikos-ir-transporto-paslaugos\/multimodaliniai-pervezimai\/","og_locale":"lt_LT","og_type":"article","og_title":"Multimodaliniai perve\u017eimai | SADVITOS TRANSPORTAS","og_description":"Multimodaliniai perve\u017eimai, mar\u0161rut\u0173 parinkimas, tarpininkavimas muitin\u0117je. Multimodaliniai krovini\u0173 perve\u017eimai sausumos, j\u016br\u0173 ir oro keliais.","og_url":"http:\/\/www.sadvitairko.lt\/lt\/logistikos-ir-transporto-paslaugos\/multimodaliniai-pervezimai\/","og_site_name":"Sadvita","article_modified_time":"2016-05-20T06:29:44+00:00","og_image":[{"width":900,"height":300,"url":"http:\/\/www.sadvitairko.lt\/wp-content\/uploads\/multimodaliniai_pervezimai_large.jpg","type":"image\/jpeg"}],"twitter_card":"summary","twitter_misc":{"Est. reading time":"1 minut\u0117"},"schema":{"@context":"https:\/\/schema.org","@graph":[{"@type":"WebSite","@id":"http:\/\/www.sadvitairko.lt\/lt\/#website","url":"http:\/\/www.sadvitairko.lt\/lt\/","name":"Sadvita","description":"SADVITOS TRANSPORTAS","potentialAction":[{"@type":"SearchAction","target":{"@type":"EntryPoint","urlTemplate":"http:\/\/www.sadvitairko.lt\/lt\/?s={search_term_string}"},"query-input":"required name=search_term_string"}],"inLanguage":"lt-LT"},{"@type":"ImageObject","@id":"http:\/\/www.sadvitairko.lt\/lt\/logistikos-ir-transporto-paslaugos\/multimodaliniai-pervezimai\/#primaryimage","inLanguage":"lt-LT","url":"http:\/\/www.sadvitairko.lt\/wp-content\/uploads\/multimodaliniai_pervezimai_large.jpg","contentUrl":"http:\/\/www.sadvitairko.lt\/wp-content\/uploads\/multimodaliniai_pervezimai_large.jpg","width":900,"height":300,"caption":"Multimodaliniai perve\u017eimai"},{"@type":"WebPage","@id":"http:\/\/www.sadvitairko.lt\/lt\/logistikos-ir-transporto-paslaugos\/multimodaliniai-pervezimai\/#webpage","url":"http:\/\/www.sadvitairko.lt\/lt\/logistikos-ir-transporto-paslaugos\/multimodaliniai-pervezimai\/","name":"Multimodaliniai perve\u017eimai | SADVITOS TRANSPORTAS","isPartOf":{"@id":"http:\/\/www.sadvitairko.lt\/lt\/#website"},"primaryImageOfPage":{"@id":"http:\/\/www.sadvitairko.lt\/lt\/logistikos-ir-transporto-paslaugos\/multimodaliniai-pervezimai\/#primaryimage"},"datePublished":"2015-07-28T08:04:29+00:00","dateModified":"2016-05-20T06:29:44+00:00","description":"Multimodaliniai perve\u017eimai, mar\u0161rut\u0173 parinkimas, tarpininkavimas muitin\u0117je. Multimodaliniai krovini\u0173 perve\u017eimai sausumos, j\u016br\u0173 ir oro keliais.","breadcrumb":{"@id":"http:\/\/www.sadvitairko.lt\/lt\/logistikos-ir-transporto-paslaugos\/multimodaliniai-pervezimai\/#breadcrumb"},"inLanguage":"lt-LT","potentialAction":[{"@type":"ReadAction","target":["http:\/\/www.sadvitairko.lt\/lt\/logistikos-ir-transporto-paslaugos\/multimodaliniai-pervezimai\/"]}]},{"@type":"BreadcrumbList","@id":"http:\/\/www.sadvitairko.lt\/lt\/logistikos-ir-transporto-paslaugos\/multimodaliniai-pervezimai\/#breadcrumb","itemListElement":[{"@type":"ListItem","position":1,"name":"Home","item":"http:\/\/www.sadvitairko.lt\/lt\/"},{"@type":"ListItem","position":2,"name":"Logistikos ir transporto paslaugos","item":"http:\/\/www.sadvitairko.lt\/lt\/logistikos-ir-transporto-paslaugos\/"},{"@type":"ListItem","position":3,"name":"Multimodaliniai perve\u017eimai"}]}]}},"_links":{"self":[{"href":"http:\/\/www.sadvitairko.lt\/lt\/wp-json\/wp\/v2\/pages\/922"}],"collection":[{"href":"http:\/\/www.sadvitairko.lt\/lt\/wp-json\/wp\/v2\/pages"}],"about":[{"href":"http:\/\/www.sadvitairko.lt\/lt\/wp-json\/wp\/v2\/types\/page"}],"author":[{"embeddable":true,"href":"http:\/\/www.sadvitairko.lt\/lt\/wp-json\/wp\/v2\/users\/3"}],"replies":[{"embeddable":true,"href":"http:\/\/www.sadvitairko.lt\/lt\/wp-json\/wp\/v2\/comments?post=922"}],"version-history":[{"count":0,"href":"http:\/\/www.sadvitairko.lt\/lt\/wp-json\/wp\/v2\/pages\/922\/revisions"}],"up":[{"embeddable":true,"href":"http:\/\/www.sadvitairko.lt\/lt\/wp-json\/wp\/v2\/pages\/86"}],"wp:featuredmedia":[{"embeddable":true,"href":"http:\/\/www.sadvitairko.lt\/lt\/wp-json\/wp\/v2\/media\/1057"}],"wp:attachment":[{"href":"http:\/\/www.sadvitairko.lt\/lt\/wp-json\/wp\/v2\/media?parent=922"}],"curies":[{"name":"wp","href":"https:\/\/api.w.org\/{rel}","templated":true}]}}