{"id":942,"date":"2015-07-28T10:21:54","date_gmt":"2015-07-28T08:21:54","guid":{"rendered":"http:\/\/www.sadvitairko.lt\/?page_id=942"},"modified":"2016-05-20T08:30:45","modified_gmt":"2016-05-20T06:30:45","slug":"muitines-tarpininkas","status":"publish","type":"page","link":"http:\/\/www.sadvitairko.lt\/lt\/logistikos-ir-transporto-paslaugos\/muitines-tarpininkas\/","title":{"rendered":"Muitin\u0117s tarpininkas"},"content":{"rendered":"<p>Profesionalus <strong>muitin\u0117s tarpininkas<\/strong> palengvina sud\u0117tingas muitines proced\u016bras, u\u017etikrina krovinio gabenimo ir sand\u0117liavimo darb\u0173 sklandum\u0105. UAB \u201eSadvitos transportas\u201c pildo muitin\u0117s dokumentus, r\u016bpinasi muito mokes\u010diais ir teikia kitas su muito proced\u016bromis susijusias paslaugas.<\/p>\n<p>Muitin\u0117 yra atsakinga u\u017e mokes\u010di\u0173 surinkimo bei nuostat\u0173 laikymosi kontrol\u0119. Numatytos muitin\u0117s proced\u016bros pradedamos \u0161alyje, kurioje i\u0161siun\u010diamas konkretus krovinys, ir baigiamos krovinio paskirties vietoje. Muitin\u0117s darbai ir muito mokes\u010diai padeda kontroliuoti \u0161alies eksporto ir importo apimtis. Remdama teis\u0117t\u0105 prekyb\u0105 ir stiprindama atskir\u0173 verslo sektori\u0173 konkurencingum\u0105, muitin\u0117 siekia u\u017etikrinti teising\u0105 muit\u0173 ir kit\u0173 mokes\u010di\u0173 mok\u0117jimo sistem\u0105, kovoti su piratavimu, neteis\u0117ta, teroristine ir nusikalstama veikla. Muitin\u0117 kontroliuoja draud\u017eiam\u0173 ar ribojam\u0173 krovini\u0173 perve\u017eim\u0173 kontrol\u0119, nustato importo ir eksporto mokes\u010di\u0173 dyd\u012f, atsi\u017evelgdama i\u0161ve\u017eam\u0173 ar \u012fve\u017eam\u0173 preki\u0173 pob\u016bd\u012f ir j\u0173 vert\u0119.<\/p>\n<p>UAB \u201eSadvitos transportas\u201c ruo\u0161ia muitin\u0117s dokumentus, r\u016bpinasi importo, eksporto ir tranzito proced\u016bromis, pildo CMR ir TIR knygeles, ruo\u0161ia TIR elektroninius duomenis. Bendrov\u0117 atstovauja klientus muitin\u0117se, padeda gauti reikiamus leidimus, sertifikatus ir pa\u017eymas, r\u016bpinasi muitin\u0117s atliekam\u0173 proced\u016br\u0173 kontrole ir konsultuoja visais muitin\u0117s dokumentacijos ir formalum\u0173 klausimais.<\/p>\n<p><strong>Muitin\u0117s tarpininkas<\/strong> u\u017etikrina, kad visa muitin\u0117s dokumentacija bus tvarkinga ir tinkamai paruo\u0161ta. UAB \u201eSadvitos transportas\u201c greitai ir profesionaliai sutvarko visas muitin\u0117s proced\u016bras, su jomis susijusius dokumentus ir atstovauja klientams deklaruojant prekes. Klientui pageidaujant, atliekami preki\u0173 krovimo, r\u016b\u0161iavimo, pakavimo ir saugojimo darbai. Muitin\u0117s tarpininko paslaugos teikiamos remiantis Lietuvoje galiojan\u010diomis nuostatomis, Europos S\u0105jungos reglamentais ir tarptautiniais reikalavimais.<\/p>\n<p><strong>Susidom\u0117jote?\u00a0Susisiekite su mumis.<\/strong><\/p>\n","protected":false},"excerpt":{"rendered":"<p>Profesionalus muitin\u0117s tarpininkas palengvina sud\u0117tingas muitines proced\u016bras, u\u017etikrina krovinio gabenimo ir sand\u0117liavimo darb\u0173 sklandum\u0105. UAB \u201eSadvitos transportas\u201c pildo muitin\u0117s dokumentus, r\u016bpinasi muito mokes\u010diais ir teikia kitas su muito proced\u016bromis susijusias paslaugas. Muitin\u0117 yra atsakinga u\u017e mokes\u010di\u0173 surinkimo bei nuostat\u0173 laikymosi kontrol\u0119. Numatytos muitin\u0117s proced\u016bros pradedamos \u0161alyje, kurioje i\u0161siun\u010diamas konkretus krovinys, ir baigiamos krovinio paskirties vietoje. [&hellip;]<\/p>\n","protected":false},"author":3,"featured_media":1055,"parent":86,"menu_order":52,"comment_status":"closed","ping_status":"closed","template":"","meta":[],"yoast_head":"<!-- This site is optimized with the Yoast SEO plugin v17.4 - https:\/\/yoast.com\/wordpress\/plugins\/seo\/ -->\n<meta name=\"description\" content=\"Patikimas muitin\u0117s tarpininkas - muitin\u0117s dokument\u0173 pildymas, muito mokes\u010di\u0173 proced\u016bros, kliento atstovavimas muitin\u0117je ir kitos muitin\u0117s tarpininko paslaugos.\" \/>\n<meta name=\"robots\" content=\"index, follow, max-snippet:-1, max-image-preview:large, max-video-preview:-1\" \/>\n<link rel=\"canonical\" href=\"http:\/\/www.sadvitairko.lt\/lt\/logistikos-ir-transporto-paslaugos\/muitines-tarpininkas\/\" \/>\n<meta property=\"og:locale\" content=\"lt_LT\" \/>\n<meta property=\"og:type\" content=\"article\" \/>\n<meta property=\"og:title\" content=\"Muitin\u0117s tarpininkas | SADVITOS TRANSPORTAS\" \/>\n<meta property=\"og:description\" content=\"Patikimas muitin\u0117s tarpininkas - muitin\u0117s dokument\u0173 pildymas, muito mokes\u010di\u0173 proced\u016bros, kliento atstovavimas muitin\u0117je ir kitos muitin\u0117s tarpininko paslaugos.\" \/>\n<meta property=\"og:url\" content=\"http:\/\/www.sadvitairko.lt\/lt\/logistikos-ir-transporto-paslaugos\/muitines-tarpininkas\/\" \/>\n<meta property=\"og:site_name\" content=\"Sadvita\" \/>\n<meta property=\"article:modified_time\" content=\"2016-05-20T06:30:45+00:00\" \/>\n<meta property=\"og:image\" content=\"http:\/\/www.sadvitairko.lt\/wp-content\/uploads\/muitines_tarpininkas_large.jpg\" \/>\n\t<meta property=\"og:image:width\" content=\"900\" \/>\n\t<meta property=\"og:image:height\" content=\"300\" \/>\n<meta name=\"twitter:card\" content=\"summary\" \/>\n<meta name=\"twitter:label1\" content=\"Est. reading time\" \/>\n\t<meta name=\"twitter:data1\" content=\"1 minut\u0117\" \/>\n<script type=\"application\/ld+json\" class=\"yoast-schema-graph\">{\"@context\":\"https:\/\/schema.org\",\"@graph\":[{\"@type\":\"WebSite\",\"@id\":\"http:\/\/www.sadvitairko.lt\/lt\/#website\",\"url\":\"http:\/\/www.sadvitairko.lt\/lt\/\",\"name\":\"Sadvita\",\"description\":\"SADVITOS TRANSPORTAS\",\"potentialAction\":[{\"@type\":\"SearchAction\",\"target\":{\"@type\":\"EntryPoint\",\"urlTemplate\":\"http:\/\/www.sadvitairko.lt\/lt\/?s={search_term_string}\"},\"query-input\":\"required name=search_term_string\"}],\"inLanguage\":\"lt-LT\"},{\"@type\":\"ImageObject\",\"@id\":\"http:\/\/www.sadvitairko.lt\/lt\/logistikos-ir-transporto-paslaugos\/muitines-tarpininkas\/#primaryimage\",\"inLanguage\":\"lt-LT\",\"url\":\"http:\/\/www.sadvitairko.lt\/wp-content\/uploads\/muitines_tarpininkas_large.jpg\",\"contentUrl\":\"http:\/\/www.sadvitairko.lt\/wp-content\/uploads\/muitines_tarpininkas_large.jpg\",\"width\":900,\"height\":300,\"caption\":\"Muitin\\u0117s tarpininkas\"},{\"@type\":\"WebPage\",\"@id\":\"http:\/\/www.sadvitairko.lt\/lt\/logistikos-ir-transporto-paslaugos\/muitines-tarpininkas\/#webpage\",\"url\":\"http:\/\/www.sadvitairko.lt\/lt\/logistikos-ir-transporto-paslaugos\/muitines-tarpininkas\/\",\"name\":\"Muitin\\u0117s tarpininkas | SADVITOS TRANSPORTAS\",\"isPartOf\":{\"@id\":\"http:\/\/www.sadvitairko.lt\/lt\/#website\"},\"primaryImageOfPage\":{\"@id\":\"http:\/\/www.sadvitairko.lt\/lt\/logistikos-ir-transporto-paslaugos\/muitines-tarpininkas\/#primaryimage\"},\"datePublished\":\"2015-07-28T08:21:54+00:00\",\"dateModified\":\"2016-05-20T06:30:45+00:00\",\"description\":\"Patikimas muitin\\u0117s tarpininkas - muitin\\u0117s dokument\\u0173 pildymas, muito mokes\\u010di\\u0173 proced\\u016bros, kliento atstovavimas muitin\\u0117je ir kitos muitin\\u0117s tarpininko paslaugos.\",\"breadcrumb\":{\"@id\":\"http:\/\/www.sadvitairko.lt\/lt\/logistikos-ir-transporto-paslaugos\/muitines-tarpininkas\/#breadcrumb\"},\"inLanguage\":\"lt-LT\",\"potentialAction\":[{\"@type\":\"ReadAction\",\"target\":[\"http:\/\/www.sadvitairko.lt\/lt\/logistikos-ir-transporto-paslaugos\/muitines-tarpininkas\/\"]}]},{\"@type\":\"BreadcrumbList\",\"@id\":\"http:\/\/www.sadvitairko.lt\/lt\/logistikos-ir-transporto-paslaugos\/muitines-tarpininkas\/#breadcrumb\",\"itemListElement\":[{\"@type\":\"ListItem\",\"position\":1,\"name\":\"Home\",\"item\":\"http:\/\/www.sadvitairko.lt\/lt\/\"},{\"@type\":\"ListItem\",\"position\":2,\"name\":\"Logistikos ir transporto paslaugos\",\"item\":\"http:\/\/www.sadvitairko.lt\/lt\/logistikos-ir-transporto-paslaugos\/\"},{\"@type\":\"ListItem\",\"position\":3,\"name\":\"Muitin\\u0117s tarpininkas\"}]}]}<\/script>\n<!-- \/ Yoast SEO plugin. -->","yoast_head_json":{"description":"Patikimas muitin\u0117s tarpininkas - muitin\u0117s dokument\u0173 pildymas, muito mokes\u010di\u0173 proced\u016bros, kliento atstovavimas muitin\u0117je ir kitos muitin\u0117s tarpininko paslaugos.","robots":{"index":"index","follow":"follow","max-snippet":"max-snippet:-1","max-image-preview":"max-image-preview:large","max-video-preview":"max-video-preview:-1"},"canonical":"http:\/\/www.sadvitairko.lt\/lt\/logistikos-ir-transporto-paslaugos\/muitines-tarpininkas\/","og_locale":"lt_LT","og_type":"article","og_title":"Muitin\u0117s tarpininkas | SADVITOS TRANSPORTAS","og_description":"Patikimas muitin\u0117s tarpininkas - muitin\u0117s dokument\u0173 pildymas, muito mokes\u010di\u0173 proced\u016bros, kliento atstovavimas muitin\u0117je ir kitos muitin\u0117s tarpininko paslaugos.","og_url":"http:\/\/www.sadvitairko.lt\/lt\/logistikos-ir-transporto-paslaugos\/muitines-tarpininkas\/","og_site_name":"Sadvita","article_modified_time":"2016-05-20T06:30:45+00:00","og_image":[{"width":900,"height":300,"url":"http:\/\/www.sadvitairko.lt\/wp-content\/uploads\/muitines_tarpininkas_large.jpg","type":"image\/jpeg"}],"twitter_card":"summary","twitter_misc":{"Est. reading time":"1 minut\u0117"},"schema":{"@context":"https:\/\/schema.org","@graph":[{"@type":"WebSite","@id":"http:\/\/www.sadvitairko.lt\/lt\/#website","url":"http:\/\/www.sadvitairko.lt\/lt\/","name":"Sadvita","description":"SADVITOS TRANSPORTAS","potentialAction":[{"@type":"SearchAction","target":{"@type":"EntryPoint","urlTemplate":"http:\/\/www.sadvitairko.lt\/lt\/?s={search_term_string}"},"query-input":"required name=search_term_string"}],"inLanguage":"lt-LT"},{"@type":"ImageObject","@id":"http:\/\/www.sadvitairko.lt\/lt\/logistikos-ir-transporto-paslaugos\/muitines-tarpininkas\/#primaryimage","inLanguage":"lt-LT","url":"http:\/\/www.sadvitairko.lt\/wp-content\/uploads\/muitines_tarpininkas_large.jpg","contentUrl":"http:\/\/www.sadvitairko.lt\/wp-content\/uploads\/muitines_tarpininkas_large.jpg","width":900,"height":300,"caption":"Muitin\u0117s tarpininkas"},{"@type":"WebPage","@id":"http:\/\/www.sadvitairko.lt\/lt\/logistikos-ir-transporto-paslaugos\/muitines-tarpininkas\/#webpage","url":"http:\/\/www.sadvitairko.lt\/lt\/logistikos-ir-transporto-paslaugos\/muitines-tarpininkas\/","name":"Muitin\u0117s tarpininkas | SADVITOS TRANSPORTAS","isPartOf":{"@id":"http:\/\/www.sadvitairko.lt\/lt\/#website"},"primaryImageOfPage":{"@id":"http:\/\/www.sadvitairko.lt\/lt\/logistikos-ir-transporto-paslaugos\/muitines-tarpininkas\/#primaryimage"},"datePublished":"2015-07-28T08:21:54+00:00","dateModified":"2016-05-20T06:30:45+00:00","description":"Patikimas muitin\u0117s tarpininkas - muitin\u0117s dokument\u0173 pildymas, muito mokes\u010di\u0173 proced\u016bros, kliento atstovavimas muitin\u0117je ir kitos muitin\u0117s tarpininko paslaugos.","breadcrumb":{"@id":"http:\/\/www.sadvitairko.lt\/lt\/logistikos-ir-transporto-paslaugos\/muitines-tarpininkas\/#breadcrumb"},"inLanguage":"lt-LT","potentialAction":[{"@type":"ReadAction","target":["http:\/\/www.sadvitairko.lt\/lt\/logistikos-ir-transporto-paslaugos\/muitines-tarpininkas\/"]}]},{"@type":"BreadcrumbList","@id":"http:\/\/www.sadvitairko.lt\/lt\/logistikos-ir-transporto-paslaugos\/muitines-tarpininkas\/#breadcrumb","itemListElement":[{"@type":"ListItem","position":1,"name":"Home","item":"http:\/\/www.sadvitairko.lt\/lt\/"},{"@type":"ListItem","position":2,"name":"Logistikos ir transporto paslaugos","item":"http:\/\/www.sadvitairko.lt\/lt\/logistikos-ir-transporto-paslaugos\/"},{"@type":"ListItem","position":3,"name":"Muitin\u0117s tarpininkas"}]}]}},"_links":{"self":[{"href":"http:\/\/www.sadvitairko.lt\/lt\/wp-json\/wp\/v2\/pages\/942"}],"collection":[{"href":"http:\/\/www.sadvitairko.lt\/lt\/wp-json\/wp\/v2\/pages"}],"about":[{"href":"http:\/\/www.sadvitairko.lt\/lt\/wp-json\/wp\/v2\/types\/page"}],"author":[{"embeddable":true,"href":"http:\/\/www.sadvitairko.lt\/lt\/wp-json\/wp\/v2\/users\/3"}],"replies":[{"embeddable":true,"href":"http:\/\/www.sadvitairko.lt\/lt\/wp-json\/wp\/v2\/comments?post=942"}],"version-history":[{"count":0,"href":"http:\/\/www.sadvitairko.lt\/lt\/wp-json\/wp\/v2\/pages\/942\/revisions"}],"up":[{"embeddable":true,"href":"http:\/\/www.sadvitairko.lt\/lt\/wp-json\/wp\/v2\/pages\/86"}],"wp:featuredmedia":[{"embeddable":true,"href":"http:\/\/www.sadvitairko.lt\/lt\/wp-json\/wp\/v2\/media\/1055"}],"wp:attachment":[{"href":"http:\/\/www.sadvitairko.lt\/lt\/wp-json\/wp\/v2\/media?parent=942"}],"curies":[{"name":"wp","href":"https:\/\/api.w.org\/{rel}","templated":true}]}}