{"id":950,"date":"2015-07-28T10:28:14","date_gmt":"2015-07-28T08:28:14","guid":{"rendered":"http:\/\/www.sadvitairko.lt\/?page_id=950"},"modified":"2016-05-20T08:30:18","modified_gmt":"2016-05-20T06:30:18","slug":"kroviniu-gabenimas-gelezinkeliu","status":"publish","type":"page","link":"http:\/\/www.sadvitairko.lt\/lt\/logistikos-ir-transporto-paslaugos\/kroviniu-gabenimas-gelezinkeliu\/","title":{"rendered":"Krovini\u0173 gabenimas gele\u017einkeliu"},"content":{"rendered":"<p><strong>Krovini\u0173 gabenimas\u00a0gele\u017einkeliu<\/strong> \u2013 ekonomi\u0161kai naudingiausias krovini\u0173 transportavimo b\u016bdas, leid\u017eiantis gabenti \u012fvairi\u0173 matmen\u0173, skirtingo svorio ir nestandartini\u0173 gabarit\u0173 prekes. Transportavimo i\u0161laidos, lyginant jas su krovini\u0173 perve\u017eimu automobiliniais keliais, suma\u017e\u0117ja daugiau nei 30 proc.<\/p>\n<p>Esminis krovini\u0173 perve\u017eimo gele\u017einkeliais privalumas \u2013 krovini\u0173 transportavimas ma\u017eesniais ka\u0161tais ir galimyb\u0117 vienu metu gabenti daug skirting\u0173 gabarit\u0173 ir svorio krovini\u0173. <strong>Krovini\u0173 gabenimas\u00a0gele\u017einkeliu<\/strong> nepriklauso nuo met\u0173 laiko ir oro s\u0105lyg\u0173, tod\u0117l gali b\u016bti vykdomas klientui patogiausiu laiku. Tvirti konteineriai ir \u012fvairiar\u016b\u0161iai vagonai (cisterniniai, biraliniai, dengti vagonai, pusvagoniai ir kt.) apsaugo krovin\u012f nuo fizini\u0173 pa\u017eeidim\u0173 ir \u017ealingo aplinkos poveikio. Be to, gele\u017einkeli\u0173 keliais galima perve\u017eti didel\u0117s apimties ir skirting\u0173 agregatini\u0173 b\u016bsen\u0173 (skystus, kietus, birius, dujinius) krovinius.<\/p>\n<p>UAB \u201eSadvitos transportas\u201c si\u016blo transportavimo prekiniais vagonais paslaugas ir vykdo konteineri\u0173 perve\u017eimo u\u017eduotis Rusijoje ir NVS \u0161alyse. Traukinio vagon\u0173 \u012franga parenkama individualiai, atsi\u017evelgiant \u012f gabenamo krovinio savybes, tokiu b\u016bdu u\u017etikrinant ma\u017eesnius transportavimo ka\u0161tus. Bendrov\u0117 vykdo piln\u0173 ir dalini\u0173 krovini\u0173 gabenim\u0105 \u012f (i\u0161) pasirinktas gele\u017einkelio krovini\u0173 stotis, teikia standartin\u0117s ir negabaritin\u0117s produkcijos transportavimo paslaugas, organizuoja krovini\u0173 sand\u0117liavimo darbus ir paruo\u0161ia krovinius tolimesniam j\u0173 gabenimui (teikia krovini\u0173 perkrovimo, r\u016b\u0161iavimo ir parengimo paslaugas).<\/p>\n<p>UAB \u201eSadvitos transportas\u201c parenka optimaliausius krovinio transportavimo mar\u0161rutus, tvarko su krovinio gabenimu susijusius dokumentus ir atstovauja klient\u0173 interesus muitin\u0117se. \u012emon\u0117 bendradarbiauja su patikimais ir ilgamet\u0119 darbo patirt\u012f turin\u010diais u\u017esienio partneriais. Kvalifikuoti logistikos specialistai u\u017etikrina vykdom\u0173 darb\u0173 sklandum\u0105 ir operatyvum\u0105.<\/p>\n<p><strong>Susidom\u0117jote?\u00a0Susisiekite su mumis.<\/strong><\/p>\n","protected":false},"excerpt":{"rendered":"<p>Krovini\u0173 gabenimas\u00a0gele\u017einkeliu \u2013 ekonomi\u0161kai naudingiausias krovini\u0173 transportavimo b\u016bdas, leid\u017eiantis gabenti \u012fvairi\u0173 matmen\u0173, skirtingo svorio ir nestandartini\u0173 gabarit\u0173 prekes. Transportavimo i\u0161laidos, lyginant jas su krovini\u0173 perve\u017eimu automobiliniais keliais, suma\u017e\u0117ja daugiau nei 30 proc. Esminis krovini\u0173 perve\u017eimo gele\u017einkeliais privalumas \u2013 krovini\u0173 transportavimas ma\u017eesniais ka\u0161tais ir galimyb\u0117 vienu metu gabenti daug skirting\u0173 gabarit\u0173 ir svorio krovini\u0173. Krovini\u0173 gabenimas\u00a0gele\u017einkeliu [&hellip;]<\/p>\n","protected":false},"author":3,"featured_media":1103,"parent":86,"menu_order":36,"comment_status":"closed","ping_status":"closed","template":"","meta":[],"yoast_head":"<!-- This site is optimized with the Yoast SEO plugin v17.4 - https:\/\/yoast.com\/wordpress\/plugins\/seo\/ -->\n<meta name=\"description\" content=\"Krovini\u0173 gabenimas gele\u017einkeliu. Krovini\u0173 gabenimas vagonais, pusvagoniais, platformomis, skirting\u0173 talp\u0173 konteineriais. Maksimali sauga ir operatyvumas.\" \/>\n<meta name=\"robots\" content=\"index, follow, max-snippet:-1, max-image-preview:large, max-video-preview:-1\" \/>\n<link rel=\"canonical\" href=\"http:\/\/www.sadvitairko.lt\/lt\/logistikos-ir-transporto-paslaugos\/kroviniu-gabenimas-gelezinkeliu\/\" \/>\n<meta property=\"og:locale\" content=\"lt_LT\" \/>\n<meta property=\"og:type\" content=\"article\" \/>\n<meta property=\"og:title\" content=\"Krovini\u0173 gabenimas gele\u017einkeliu | SADVITOS TRANSPORTAS\" \/>\n<meta property=\"og:description\" content=\"Krovini\u0173 gabenimas gele\u017einkeliu. Krovini\u0173 gabenimas vagonais, pusvagoniais, platformomis, skirting\u0173 talp\u0173 konteineriais. Maksimali sauga ir operatyvumas.\" \/>\n<meta property=\"og:url\" content=\"http:\/\/www.sadvitairko.lt\/lt\/logistikos-ir-transporto-paslaugos\/kroviniu-gabenimas-gelezinkeliu\/\" \/>\n<meta property=\"og:site_name\" content=\"Sadvita\" \/>\n<meta property=\"article:modified_time\" content=\"2016-05-20T06:30:18+00:00\" \/>\n<meta property=\"og:image\" content=\"http:\/\/www.sadvitairko.lt\/wp-content\/uploads\/kroviniu_gabenimas_gelezinkeliu_large.jpg\" \/>\n\t<meta property=\"og:image:width\" content=\"900\" \/>\n\t<meta property=\"og:image:height\" content=\"300\" \/>\n<meta name=\"twitter:card\" content=\"summary\" \/>\n<meta name=\"twitter:label1\" content=\"Est. reading time\" \/>\n\t<meta name=\"twitter:data1\" content=\"1 minut\u0117\" \/>\n<script type=\"application\/ld+json\" class=\"yoast-schema-graph\">{\"@context\":\"https:\/\/schema.org\",\"@graph\":[{\"@type\":\"WebSite\",\"@id\":\"http:\/\/www.sadvitairko.lt\/lt\/#website\",\"url\":\"http:\/\/www.sadvitairko.lt\/lt\/\",\"name\":\"Sadvita\",\"description\":\"SADVITOS TRANSPORTAS\",\"potentialAction\":[{\"@type\":\"SearchAction\",\"target\":{\"@type\":\"EntryPoint\",\"urlTemplate\":\"http:\/\/www.sadvitairko.lt\/lt\/?s={search_term_string}\"},\"query-input\":\"required name=search_term_string\"}],\"inLanguage\":\"lt-LT\"},{\"@type\":\"ImageObject\",\"@id\":\"http:\/\/www.sadvitairko.lt\/lt\/logistikos-ir-transporto-paslaugos\/kroviniu-gabenimas-gelezinkeliu\/#primaryimage\",\"inLanguage\":\"lt-LT\",\"url\":\"http:\/\/www.sadvitairko.lt\/wp-content\/uploads\/kroviniu_gabenimas_gelezinkeliu_large.jpg\",\"contentUrl\":\"http:\/\/www.sadvitairko.lt\/wp-content\/uploads\/kroviniu_gabenimas_gelezinkeliu_large.jpg\",\"width\":900,\"height\":300},{\"@type\":\"WebPage\",\"@id\":\"http:\/\/www.sadvitairko.lt\/lt\/logistikos-ir-transporto-paslaugos\/kroviniu-gabenimas-gelezinkeliu\/#webpage\",\"url\":\"http:\/\/www.sadvitairko.lt\/lt\/logistikos-ir-transporto-paslaugos\/kroviniu-gabenimas-gelezinkeliu\/\",\"name\":\"Krovini\\u0173 gabenimas gele\\u017einkeliu | SADVITOS TRANSPORTAS\",\"isPartOf\":{\"@id\":\"http:\/\/www.sadvitairko.lt\/lt\/#website\"},\"primaryImageOfPage\":{\"@id\":\"http:\/\/www.sadvitairko.lt\/lt\/logistikos-ir-transporto-paslaugos\/kroviniu-gabenimas-gelezinkeliu\/#primaryimage\"},\"datePublished\":\"2015-07-28T08:28:14+00:00\",\"dateModified\":\"2016-05-20T06:30:18+00:00\",\"description\":\"Krovini\\u0173 gabenimas gele\\u017einkeliu. Krovini\\u0173 gabenimas vagonais, pusvagoniais, platformomis, skirting\\u0173 talp\\u0173 konteineriais. Maksimali sauga ir operatyvumas.\",\"breadcrumb\":{\"@id\":\"http:\/\/www.sadvitairko.lt\/lt\/logistikos-ir-transporto-paslaugos\/kroviniu-gabenimas-gelezinkeliu\/#breadcrumb\"},\"inLanguage\":\"lt-LT\",\"potentialAction\":[{\"@type\":\"ReadAction\",\"target\":[\"http:\/\/www.sadvitairko.lt\/lt\/logistikos-ir-transporto-paslaugos\/kroviniu-gabenimas-gelezinkeliu\/\"]}]},{\"@type\":\"BreadcrumbList\",\"@id\":\"http:\/\/www.sadvitairko.lt\/lt\/logistikos-ir-transporto-paslaugos\/kroviniu-gabenimas-gelezinkeliu\/#breadcrumb\",\"itemListElement\":[{\"@type\":\"ListItem\",\"position\":1,\"name\":\"Home\",\"item\":\"http:\/\/www.sadvitairko.lt\/lt\/\"},{\"@type\":\"ListItem\",\"position\":2,\"name\":\"Logistikos ir transporto paslaugos\",\"item\":\"http:\/\/www.sadvitairko.lt\/lt\/logistikos-ir-transporto-paslaugos\/\"},{\"@type\":\"ListItem\",\"position\":3,\"name\":\"Krovini\\u0173 gabenimas gele\\u017einkeliu\"}]}]}<\/script>\n<!-- \/ Yoast SEO plugin. -->","yoast_head_json":{"description":"Krovini\u0173 gabenimas gele\u017einkeliu. Krovini\u0173 gabenimas vagonais, pusvagoniais, platformomis, skirting\u0173 talp\u0173 konteineriais. Maksimali sauga ir operatyvumas.","robots":{"index":"index","follow":"follow","max-snippet":"max-snippet:-1","max-image-preview":"max-image-preview:large","max-video-preview":"max-video-preview:-1"},"canonical":"http:\/\/www.sadvitairko.lt\/lt\/logistikos-ir-transporto-paslaugos\/kroviniu-gabenimas-gelezinkeliu\/","og_locale":"lt_LT","og_type":"article","og_title":"Krovini\u0173 gabenimas gele\u017einkeliu | SADVITOS TRANSPORTAS","og_description":"Krovini\u0173 gabenimas gele\u017einkeliu. Krovini\u0173 gabenimas vagonais, pusvagoniais, platformomis, skirting\u0173 talp\u0173 konteineriais. Maksimali sauga ir operatyvumas.","og_url":"http:\/\/www.sadvitairko.lt\/lt\/logistikos-ir-transporto-paslaugos\/kroviniu-gabenimas-gelezinkeliu\/","og_site_name":"Sadvita","article_modified_time":"2016-05-20T06:30:18+00:00","og_image":[{"width":900,"height":300,"url":"http:\/\/www.sadvitairko.lt\/wp-content\/uploads\/kroviniu_gabenimas_gelezinkeliu_large.jpg","type":"image\/jpeg"}],"twitter_card":"summary","twitter_misc":{"Est. reading time":"1 minut\u0117"},"schema":{"@context":"https:\/\/schema.org","@graph":[{"@type":"WebSite","@id":"http:\/\/www.sadvitairko.lt\/lt\/#website","url":"http:\/\/www.sadvitairko.lt\/lt\/","name":"Sadvita","description":"SADVITOS TRANSPORTAS","potentialAction":[{"@type":"SearchAction","target":{"@type":"EntryPoint","urlTemplate":"http:\/\/www.sadvitairko.lt\/lt\/?s={search_term_string}"},"query-input":"required name=search_term_string"}],"inLanguage":"lt-LT"},{"@type":"ImageObject","@id":"http:\/\/www.sadvitairko.lt\/lt\/logistikos-ir-transporto-paslaugos\/kroviniu-gabenimas-gelezinkeliu\/#primaryimage","inLanguage":"lt-LT","url":"http:\/\/www.sadvitairko.lt\/wp-content\/uploads\/kroviniu_gabenimas_gelezinkeliu_large.jpg","contentUrl":"http:\/\/www.sadvitairko.lt\/wp-content\/uploads\/kroviniu_gabenimas_gelezinkeliu_large.jpg","width":900,"height":300},{"@type":"WebPage","@id":"http:\/\/www.sadvitairko.lt\/lt\/logistikos-ir-transporto-paslaugos\/kroviniu-gabenimas-gelezinkeliu\/#webpage","url":"http:\/\/www.sadvitairko.lt\/lt\/logistikos-ir-transporto-paslaugos\/kroviniu-gabenimas-gelezinkeliu\/","name":"Krovini\u0173 gabenimas gele\u017einkeliu | SADVITOS TRANSPORTAS","isPartOf":{"@id":"http:\/\/www.sadvitairko.lt\/lt\/#website"},"primaryImageOfPage":{"@id":"http:\/\/www.sadvitairko.lt\/lt\/logistikos-ir-transporto-paslaugos\/kroviniu-gabenimas-gelezinkeliu\/#primaryimage"},"datePublished":"2015-07-28T08:28:14+00:00","dateModified":"2016-05-20T06:30:18+00:00","description":"Krovini\u0173 gabenimas gele\u017einkeliu. Krovini\u0173 gabenimas vagonais, pusvagoniais, platformomis, skirting\u0173 talp\u0173 konteineriais. Maksimali sauga ir operatyvumas.","breadcrumb":{"@id":"http:\/\/www.sadvitairko.lt\/lt\/logistikos-ir-transporto-paslaugos\/kroviniu-gabenimas-gelezinkeliu\/#breadcrumb"},"inLanguage":"lt-LT","potentialAction":[{"@type":"ReadAction","target":["http:\/\/www.sadvitairko.lt\/lt\/logistikos-ir-transporto-paslaugos\/kroviniu-gabenimas-gelezinkeliu\/"]}]},{"@type":"BreadcrumbList","@id":"http:\/\/www.sadvitairko.lt\/lt\/logistikos-ir-transporto-paslaugos\/kroviniu-gabenimas-gelezinkeliu\/#breadcrumb","itemListElement":[{"@type":"ListItem","position":1,"name":"Home","item":"http:\/\/www.sadvitairko.lt\/lt\/"},{"@type":"ListItem","position":2,"name":"Logistikos ir transporto paslaugos","item":"http:\/\/www.sadvitairko.lt\/lt\/logistikos-ir-transporto-paslaugos\/"},{"@type":"ListItem","position":3,"name":"Krovini\u0173 gabenimas gele\u017einkeliu"}]}]}},"_links":{"self":[{"href":"http:\/\/www.sadvitairko.lt\/lt\/wp-json\/wp\/v2\/pages\/950"}],"collection":[{"href":"http:\/\/www.sadvitairko.lt\/lt\/wp-json\/wp\/v2\/pages"}],"about":[{"href":"http:\/\/www.sadvitairko.lt\/lt\/wp-json\/wp\/v2\/types\/page"}],"author":[{"embeddable":true,"href":"http:\/\/www.sadvitairko.lt\/lt\/wp-json\/wp\/v2\/users\/3"}],"replies":[{"embeddable":true,"href":"http:\/\/www.sadvitairko.lt\/lt\/wp-json\/wp\/v2\/comments?post=950"}],"version-history":[{"count":0,"href":"http:\/\/www.sadvitairko.lt\/lt\/wp-json\/wp\/v2\/pages\/950\/revisions"}],"up":[{"embeddable":true,"href":"http:\/\/www.sadvitairko.lt\/lt\/wp-json\/wp\/v2\/pages\/86"}],"wp:featuredmedia":[{"embeddable":true,"href":"http:\/\/www.sadvitairko.lt\/lt\/wp-json\/wp\/v2\/media\/1103"}],"wp:attachment":[{"href":"http:\/\/www.sadvitairko.lt\/lt\/wp-json\/wp\/v2\/media?parent=950"}],"curies":[{"name":"wp","href":"https:\/\/api.w.org\/{rel}","templated":true}]}}