{"id":957,"date":"2015-07-28T10:47:38","date_gmt":"2015-07-28T08:47:38","guid":{"rendered":"http:\/\/www.sadvitairko.lt\/?page_id=957"},"modified":"2016-05-20T08:31:50","modified_gmt":"2016-05-20T06:31:50","slug":"kroviniu-draudimas","status":"publish","type":"page","link":"http:\/\/www.sadvitairko.lt\/lt\/logistikos-ir-transporto-paslaugos\/kroviniu-draudimas\/","title":{"rendered":"Krovini\u0173 draudimas"},"content":{"rendered":"<p><strong>Krovini\u0173 draudimas<\/strong> yra viena svarbiausi\u0173 s\u0105lyg\u0173, u\u017etikrinanti krovini\u0173 gabenimo sklandum\u0105. Bendradarbiaudama su patikimomis draudimo bendrov\u0117mis ir atsi\u017evelgdama \u012f visas planuojamo perve\u017eimo subtilybes, bendrov\u0117 \u201eSadvitos transportas\u201c si\u016blo palankiausias draudimo kainas.<\/p>\n<p>Svarbiausias draudimo paslaug\u0173 tikslas \u2013 u\u017etikrinti transportuojamo krovinio saugum\u0105. Krovini\u0173 draudimo paslaugos gali apimti visus pavojus, gr\u0119sian\u010dius konkretaus draudimo metu, arba pagrindines krovinio sugadinimo ir sunaikinimo rizikas, pavyzd\u017eiui, kai krovin\u012f gabenan\u010dios transporto priemon\u0117s papuola \u012f avarin\u0119 situacij\u0105, kai sugri\u016bna krovini\u0173 saugojimo sand\u0117liai, kai krovinys pa\u017eeid\u017eiamas d\u0117l neatsargaus aptarnaujan\u010dio personalo elgesio, stichini\u0173 nelaimi\u0173 ir t. t. Draudimo teikiama apsauga \u012fsigalioja nuo tos akimirkos, kai transportuojami kroviniai i\u0161gabenami i\u0161 draudimo sutartyje numatytos vietos iki krovinio pristatymo vietos. Papildomas <strong>krovini\u0173 draudimas<\/strong> suma\u017eina krovinio sugadinimo rizik\u0105 ir apsaugo nuo papildom\u0173 nuostoli\u0173, transportuojant didel\u0117s vert\u0117s prekes.<\/p>\n<p>UAB \u201eSadvitos transportas\u201c si\u016blo patikimas krovini\u0173 draudimo paslaugas. Ilgamet\u0119 darbo patirt\u012f turintys specialistai, \u012fvertin\u0119 konkretaus krovinio savybes ir individualius kliento l\u016bkes\u010dius, si\u016blo optimaliausias draudimo paslaugas ir konsultuoja visais draudimo klausimais. Bendrov\u0117 bendradarbiauja su patikimais partneriais, u\u017etikrinan\u010diais draudimo u\u017eduo\u010di\u0173 sklandum\u0105 ir patikim\u0105 gabenamo krovinio apsaug\u0105.<\/p>\n<p>Krovini\u0173 draudimu gali b\u016bti draud\u017eiamos prek\u0117s, transportuojamos vis\u0173 r\u016b\u0161i\u0173 transporto priemon\u0117mis, kurios yra naudojamos krovini\u0173 pakrovimui ir i\u0161krovimui. Kroviniai gali b\u016bti draud\u017eiami vienkartiniu draudimu arba sudarant ilgalaikes draudimo sutartis. Pasira\u0161yta draudimo sutartis pad\u0117s i\u0161vengti galim\u0173 finansini\u0173 nuostoli\u0173 ir gin\u010d\u0173, leis kontroliuoti verslo i\u0161laidas ir u\u017etikrins transportavimo darb\u0173 sklandum\u0105.<\/p>\n<p><strong>Susidom\u0117jote?\u00a0Susisiekite su mumis.<\/strong><\/p>\n","protected":false},"excerpt":{"rendered":"<p>Krovini\u0173 draudimas yra viena svarbiausi\u0173 s\u0105lyg\u0173, u\u017etikrinanti krovini\u0173 gabenimo sklandum\u0105. Bendradarbiaudama su patikimomis draudimo bendrov\u0117mis ir atsi\u017evelgdama \u012f visas planuojamo perve\u017eimo subtilybes, bendrov\u0117 \u201eSadvitos transportas\u201c si\u016blo palankiausias draudimo kainas. Svarbiausias draudimo paslaug\u0173 tikslas \u2013 u\u017etikrinti transportuojamo krovinio saugum\u0105. Krovini\u0173 draudimo paslaugos gali apimti visus pavojus, gr\u0119sian\u010dius konkretaus draudimo metu, arba pagrindines krovinio sugadinimo ir sunaikinimo [&hellip;]<\/p>\n","protected":false},"author":3,"featured_media":1049,"parent":86,"menu_order":64,"comment_status":"closed","ping_status":"closed","template":"","meta":[],"yoast_head":"<!-- This site is optimized with the Yoast SEO plugin v17.4 - https:\/\/yoast.com\/wordpress\/plugins\/seo\/ -->\n<meta name=\"description\" content=\"Vienkartinis krovini\u0173 draudimas ir ilgalaik\u0117s krovini\u0173 draudimo paslaugos. Patikimos krovini\u0173 draudimo paslaugos ir konkurencingos draudimo kainos.\" \/>\n<meta name=\"robots\" content=\"index, follow, max-snippet:-1, max-image-preview:large, max-video-preview:-1\" \/>\n<link rel=\"canonical\" href=\"http:\/\/www.sadvitairko.lt\/lt\/logistikos-ir-transporto-paslaugos\/kroviniu-draudimas\/\" \/>\n<meta property=\"og:locale\" content=\"lt_LT\" \/>\n<meta property=\"og:type\" content=\"article\" \/>\n<meta property=\"og:title\" content=\"Krovini\u0173 draudimas | SADVITOS TRANSPORTAS\" \/>\n<meta property=\"og:description\" content=\"Vienkartinis krovini\u0173 draudimas ir ilgalaik\u0117s krovini\u0173 draudimo paslaugos. Patikimos krovini\u0173 draudimo paslaugos ir konkurencingos draudimo kainos.\" \/>\n<meta property=\"og:url\" content=\"http:\/\/www.sadvitairko.lt\/lt\/logistikos-ir-transporto-paslaugos\/kroviniu-draudimas\/\" \/>\n<meta property=\"og:site_name\" content=\"Sadvita\" \/>\n<meta property=\"article:modified_time\" content=\"2016-05-20T06:31:50+00:00\" \/>\n<meta property=\"og:image\" content=\"http:\/\/www.sadvitairko.lt\/wp-content\/uploads\/kroviniu_draudimas_large.jpg\" \/>\n\t<meta property=\"og:image:width\" content=\"900\" \/>\n\t<meta property=\"og:image:height\" content=\"300\" \/>\n<meta name=\"twitter:card\" content=\"summary\" \/>\n<meta name=\"twitter:label1\" content=\"Est. reading time\" \/>\n\t<meta name=\"twitter:data1\" content=\"1 minut\u0117\" \/>\n<script type=\"application\/ld+json\" class=\"yoast-schema-graph\">{\"@context\":\"https:\/\/schema.org\",\"@graph\":[{\"@type\":\"WebSite\",\"@id\":\"http:\/\/www.sadvitairko.lt\/lt\/#website\",\"url\":\"http:\/\/www.sadvitairko.lt\/lt\/\",\"name\":\"Sadvita\",\"description\":\"SADVITOS TRANSPORTAS\",\"potentialAction\":[{\"@type\":\"SearchAction\",\"target\":{\"@type\":\"EntryPoint\",\"urlTemplate\":\"http:\/\/www.sadvitairko.lt\/lt\/?s={search_term_string}\"},\"query-input\":\"required name=search_term_string\"}],\"inLanguage\":\"lt-LT\"},{\"@type\":\"ImageObject\",\"@id\":\"http:\/\/www.sadvitairko.lt\/lt\/logistikos-ir-transporto-paslaugos\/kroviniu-draudimas\/#primaryimage\",\"inLanguage\":\"lt-LT\",\"url\":\"http:\/\/www.sadvitairko.lt\/wp-content\/uploads\/kroviniu_draudimas_large.jpg\",\"contentUrl\":\"http:\/\/www.sadvitairko.lt\/wp-content\/uploads\/kroviniu_draudimas_large.jpg\",\"width\":900,\"height\":300,\"caption\":\"Krovini\\u0173 draudimas\"},{\"@type\":\"WebPage\",\"@id\":\"http:\/\/www.sadvitairko.lt\/lt\/logistikos-ir-transporto-paslaugos\/kroviniu-draudimas\/#webpage\",\"url\":\"http:\/\/www.sadvitairko.lt\/lt\/logistikos-ir-transporto-paslaugos\/kroviniu-draudimas\/\",\"name\":\"Krovini\\u0173 draudimas | SADVITOS TRANSPORTAS\",\"isPartOf\":{\"@id\":\"http:\/\/www.sadvitairko.lt\/lt\/#website\"},\"primaryImageOfPage\":{\"@id\":\"http:\/\/www.sadvitairko.lt\/lt\/logistikos-ir-transporto-paslaugos\/kroviniu-draudimas\/#primaryimage\"},\"datePublished\":\"2015-07-28T08:47:38+00:00\",\"dateModified\":\"2016-05-20T06:31:50+00:00\",\"description\":\"Vienkartinis krovini\\u0173 draudimas ir ilgalaik\\u0117s krovini\\u0173 draudimo paslaugos. Patikimos krovini\\u0173 draudimo paslaugos ir konkurencingos draudimo kainos.\",\"breadcrumb\":{\"@id\":\"http:\/\/www.sadvitairko.lt\/lt\/logistikos-ir-transporto-paslaugos\/kroviniu-draudimas\/#breadcrumb\"},\"inLanguage\":\"lt-LT\",\"potentialAction\":[{\"@type\":\"ReadAction\",\"target\":[\"http:\/\/www.sadvitairko.lt\/lt\/logistikos-ir-transporto-paslaugos\/kroviniu-draudimas\/\"]}]},{\"@type\":\"BreadcrumbList\",\"@id\":\"http:\/\/www.sadvitairko.lt\/lt\/logistikos-ir-transporto-paslaugos\/kroviniu-draudimas\/#breadcrumb\",\"itemListElement\":[{\"@type\":\"ListItem\",\"position\":1,\"name\":\"Home\",\"item\":\"http:\/\/www.sadvitairko.lt\/lt\/\"},{\"@type\":\"ListItem\",\"position\":2,\"name\":\"Logistikos ir transporto paslaugos\",\"item\":\"http:\/\/www.sadvitairko.lt\/lt\/logistikos-ir-transporto-paslaugos\/\"},{\"@type\":\"ListItem\",\"position\":3,\"name\":\"Krovini\\u0173 draudimas\"}]}]}<\/script>\n<!-- \/ Yoast SEO plugin. -->","yoast_head_json":{"description":"Vienkartinis krovini\u0173 draudimas ir ilgalaik\u0117s krovini\u0173 draudimo paslaugos. Patikimos krovini\u0173 draudimo paslaugos ir konkurencingos draudimo kainos.","robots":{"index":"index","follow":"follow","max-snippet":"max-snippet:-1","max-image-preview":"max-image-preview:large","max-video-preview":"max-video-preview:-1"},"canonical":"http:\/\/www.sadvitairko.lt\/lt\/logistikos-ir-transporto-paslaugos\/kroviniu-draudimas\/","og_locale":"lt_LT","og_type":"article","og_title":"Krovini\u0173 draudimas | SADVITOS TRANSPORTAS","og_description":"Vienkartinis krovini\u0173 draudimas ir ilgalaik\u0117s krovini\u0173 draudimo paslaugos. Patikimos krovini\u0173 draudimo paslaugos ir konkurencingos draudimo kainos.","og_url":"http:\/\/www.sadvitairko.lt\/lt\/logistikos-ir-transporto-paslaugos\/kroviniu-draudimas\/","og_site_name":"Sadvita","article_modified_time":"2016-05-20T06:31:50+00:00","og_image":[{"width":900,"height":300,"url":"http:\/\/www.sadvitairko.lt\/wp-content\/uploads\/kroviniu_draudimas_large.jpg","type":"image\/jpeg"}],"twitter_card":"summary","twitter_misc":{"Est. reading time":"1 minut\u0117"},"schema":{"@context":"https:\/\/schema.org","@graph":[{"@type":"WebSite","@id":"http:\/\/www.sadvitairko.lt\/lt\/#website","url":"http:\/\/www.sadvitairko.lt\/lt\/","name":"Sadvita","description":"SADVITOS TRANSPORTAS","potentialAction":[{"@type":"SearchAction","target":{"@type":"EntryPoint","urlTemplate":"http:\/\/www.sadvitairko.lt\/lt\/?s={search_term_string}"},"query-input":"required name=search_term_string"}],"inLanguage":"lt-LT"},{"@type":"ImageObject","@id":"http:\/\/www.sadvitairko.lt\/lt\/logistikos-ir-transporto-paslaugos\/kroviniu-draudimas\/#primaryimage","inLanguage":"lt-LT","url":"http:\/\/www.sadvitairko.lt\/wp-content\/uploads\/kroviniu_draudimas_large.jpg","contentUrl":"http:\/\/www.sadvitairko.lt\/wp-content\/uploads\/kroviniu_draudimas_large.jpg","width":900,"height":300,"caption":"Krovini\u0173 draudimas"},{"@type":"WebPage","@id":"http:\/\/www.sadvitairko.lt\/lt\/logistikos-ir-transporto-paslaugos\/kroviniu-draudimas\/#webpage","url":"http:\/\/www.sadvitairko.lt\/lt\/logistikos-ir-transporto-paslaugos\/kroviniu-draudimas\/","name":"Krovini\u0173 draudimas | SADVITOS TRANSPORTAS","isPartOf":{"@id":"http:\/\/www.sadvitairko.lt\/lt\/#website"},"primaryImageOfPage":{"@id":"http:\/\/www.sadvitairko.lt\/lt\/logistikos-ir-transporto-paslaugos\/kroviniu-draudimas\/#primaryimage"},"datePublished":"2015-07-28T08:47:38+00:00","dateModified":"2016-05-20T06:31:50+00:00","description":"Vienkartinis krovini\u0173 draudimas ir ilgalaik\u0117s krovini\u0173 draudimo paslaugos. Patikimos krovini\u0173 draudimo paslaugos ir konkurencingos draudimo kainos.","breadcrumb":{"@id":"http:\/\/www.sadvitairko.lt\/lt\/logistikos-ir-transporto-paslaugos\/kroviniu-draudimas\/#breadcrumb"},"inLanguage":"lt-LT","potentialAction":[{"@type":"ReadAction","target":["http:\/\/www.sadvitairko.lt\/lt\/logistikos-ir-transporto-paslaugos\/kroviniu-draudimas\/"]}]},{"@type":"BreadcrumbList","@id":"http:\/\/www.sadvitairko.lt\/lt\/logistikos-ir-transporto-paslaugos\/kroviniu-draudimas\/#breadcrumb","itemListElement":[{"@type":"ListItem","position":1,"name":"Home","item":"http:\/\/www.sadvitairko.lt\/lt\/"},{"@type":"ListItem","position":2,"name":"Logistikos ir transporto paslaugos","item":"http:\/\/www.sadvitairko.lt\/lt\/logistikos-ir-transporto-paslaugos\/"},{"@type":"ListItem","position":3,"name":"Krovini\u0173 draudimas"}]}]}},"_links":{"self":[{"href":"http:\/\/www.sadvitairko.lt\/lt\/wp-json\/wp\/v2\/pages\/957"}],"collection":[{"href":"http:\/\/www.sadvitairko.lt\/lt\/wp-json\/wp\/v2\/pages"}],"about":[{"href":"http:\/\/www.sadvitairko.lt\/lt\/wp-json\/wp\/v2\/types\/page"}],"author":[{"embeddable":true,"href":"http:\/\/www.sadvitairko.lt\/lt\/wp-json\/wp\/v2\/users\/3"}],"replies":[{"embeddable":true,"href":"http:\/\/www.sadvitairko.lt\/lt\/wp-json\/wp\/v2\/comments?post=957"}],"version-history":[{"count":0,"href":"http:\/\/www.sadvitairko.lt\/lt\/wp-json\/wp\/v2\/pages\/957\/revisions"}],"up":[{"embeddable":true,"href":"http:\/\/www.sadvitairko.lt\/lt\/wp-json\/wp\/v2\/pages\/86"}],"wp:featuredmedia":[{"embeddable":true,"href":"http:\/\/www.sadvitairko.lt\/lt\/wp-json\/wp\/v2\/media\/1049"}],"wp:attachment":[{"href":"http:\/\/www.sadvitairko.lt\/lt\/wp-json\/wp\/v2\/media?parent=957"}],"curies":[{"name":"wp","href":"https:\/\/api.w.org\/{rel}","templated":true}]}}