{"id":973,"date":"2015-07-28T13:10:51","date_gmt":"2015-07-28T11:10:51","guid":{"rendered":"http:\/\/www.sadvitairko.lt\/?page_id=973"},"modified":"2021-10-26T11:44:10","modified_gmt":"2021-10-26T09:44:10","slug":"kontaktai","status":"publish","type":"page","link":"http:\/\/www.sadvitairko.lt\/lt\/kontaktai\/","title":{"rendered":"Kontaktai"},"content":{"rendered":"<p>Ie\u0161kote patikimo transportavimo partnerio? UAB \u201eSadvitos transportas\u201c vykdo vietinius ir tarptautinius perve\u017eimus, si\u016blo krovini\u0173 draudimo ir sand\u0117liavimo pasaugas, atstovauja kliento interesus muitin\u0117se.<\/p>\n<p>Susisiekite su mumis ir mes atsakysime \u012f visus J\u016bs\u0173 klausimus.<\/p>\n<p><iframe loading=\"lazy\" style=\"margin: 20px auto; border: 0;\" src=\"https:\/\/www.google.com\/maps\/embed?pb=!1m18!1m12!1m3!1d2248.9628186769182!2d21.159843715928098!3d55.68963418053651!2m3!1f0!2f0!3f0!3m2!1i1024!2i768!4f13.1!3m3!1m2!1s0x46e4dc6b84bec757%3A0xbd6cc85f2e3a8bdc!2sDubysos%20g.%2058%2C%20Klaip%C4%97da%2094107!5e0!3m2!1slt!2slt!4v1635240972374!5m2!1slt!2slt&#038;language=lt\" width=\"100%\" height=\"450\" allowfullscreen=\"allowfullscreen\"><\/iframe><\/p>\n","protected":false},"excerpt":{"rendered":"<p>Ie\u0161kote patikimo transportavimo partnerio? UAB \u201eSadvitos transportas\u201c vykdo vietinius ir tarptautinius perve\u017eimus, si\u016blo krovini\u0173 draudimo ir sand\u0117liavimo pasaugas, atstovauja kliento interesus muitin\u0117se. Susisiekite su mumis ir mes atsakysime \u012f visus J\u016bs\u0173 klausimus.<\/p>\n","protected":false},"author":3,"featured_media":0,"parent":0,"menu_order":68,"comment_status":"closed","ping_status":"closed","template":"","meta":[],"yoast_head":"<!-- This site is optimized with the Yoast SEO plugin v17.4 - https:\/\/yoast.com\/wordpress\/plugins\/seo\/ -->\n<meta name=\"description\" content=\"Ie\u0161kote patikimo transportavimo partnerio? UAB \u201eSadvitos transportas\u201c vykdo vietinius ir tarptautinius perve\u017eimus, si\u016blo krovini\u0173 draudimo ir sand\u0117liavimo\" \/>\n<meta name=\"robots\" content=\"index, follow, max-snippet:-1, max-image-preview:large, max-video-preview:-1\" \/>\n<link rel=\"canonical\" href=\"http:\/\/www.sadvitairko.lt\/lt\/kontaktai\/\" \/>\n<meta property=\"og:locale\" content=\"lt_LT\" \/>\n<meta property=\"og:type\" content=\"article\" \/>\n<meta property=\"og:title\" content=\"M\u016bs\u0173 kontaktai | SADVITOS TRANSPORTAS\" \/>\n<meta property=\"og:description\" content=\"Ie\u0161kote patikimo transportavimo partnerio? UAB \u201eSadvitos transportas\u201c vykdo vietinius ir tarptautinius perve\u017eimus, si\u016blo krovini\u0173 draudimo ir sand\u0117liavimo\" \/>\n<meta property=\"og:url\" content=\"http:\/\/www.sadvitairko.lt\/lt\/kontaktai\/\" \/>\n<meta property=\"og:site_name\" content=\"Sadvita\" \/>\n<meta property=\"article:modified_time\" content=\"2021-10-26T09:44:10+00:00\" \/>\n<meta name=\"twitter:card\" content=\"summary\" \/>\n<script type=\"application\/ld+json\" class=\"yoast-schema-graph\">{\"@context\":\"https:\/\/schema.org\",\"@graph\":[{\"@type\":\"WebSite\",\"@id\":\"http:\/\/www.sadvitairko.lt\/lt\/#website\",\"url\":\"http:\/\/www.sadvitairko.lt\/lt\/\",\"name\":\"Sadvita\",\"description\":\"SADVITOS TRANSPORTAS\",\"potentialAction\":[{\"@type\":\"SearchAction\",\"target\":{\"@type\":\"EntryPoint\",\"urlTemplate\":\"http:\/\/www.sadvitairko.lt\/lt\/?s={search_term_string}\"},\"query-input\":\"required name=search_term_string\"}],\"inLanguage\":\"lt-LT\"},{\"@type\":\"WebPage\",\"@id\":\"http:\/\/www.sadvitairko.lt\/lt\/kontaktai\/#webpage\",\"url\":\"http:\/\/www.sadvitairko.lt\/lt\/kontaktai\/\",\"name\":\"M\\u016bs\\u0173 kontaktai | SADVITOS TRANSPORTAS\",\"isPartOf\":{\"@id\":\"http:\/\/www.sadvitairko.lt\/lt\/#website\"},\"datePublished\":\"2015-07-28T11:10:51+00:00\",\"dateModified\":\"2021-10-26T09:44:10+00:00\",\"description\":\"Ie\\u0161kote patikimo transportavimo partnerio? UAB \\u201eSadvitos transportas\\u201c vykdo vietinius ir tarptautinius perve\\u017eimus, si\\u016blo krovini\\u0173 draudimo ir sand\\u0117liavimo\",\"breadcrumb\":{\"@id\":\"http:\/\/www.sadvitairko.lt\/lt\/kontaktai\/#breadcrumb\"},\"inLanguage\":\"lt-LT\",\"potentialAction\":[{\"@type\":\"ReadAction\",\"target\":[\"http:\/\/www.sadvitairko.lt\/lt\/kontaktai\/\"]}]},{\"@type\":\"BreadcrumbList\",\"@id\":\"http:\/\/www.sadvitairko.lt\/lt\/kontaktai\/#breadcrumb\",\"itemListElement\":[{\"@type\":\"ListItem\",\"position\":1,\"name\":\"Home\",\"item\":\"http:\/\/www.sadvitairko.lt\/lt\/\"},{\"@type\":\"ListItem\",\"position\":2,\"name\":\"Kontaktai\"}]}]}<\/script>\n<!-- \/ Yoast SEO plugin. -->","yoast_head_json":{"description":"Ie\u0161kote patikimo transportavimo partnerio? UAB \u201eSadvitos transportas\u201c vykdo vietinius ir tarptautinius perve\u017eimus, si\u016blo krovini\u0173 draudimo ir sand\u0117liavimo","robots":{"index":"index","follow":"follow","max-snippet":"max-snippet:-1","max-image-preview":"max-image-preview:large","max-video-preview":"max-video-preview:-1"},"canonical":"http:\/\/www.sadvitairko.lt\/lt\/kontaktai\/","og_locale":"lt_LT","og_type":"article","og_title":"M\u016bs\u0173 kontaktai | SADVITOS TRANSPORTAS","og_description":"Ie\u0161kote patikimo transportavimo partnerio? UAB \u201eSadvitos transportas\u201c vykdo vietinius ir tarptautinius perve\u017eimus, si\u016blo krovini\u0173 draudimo ir sand\u0117liavimo","og_url":"http:\/\/www.sadvitairko.lt\/lt\/kontaktai\/","og_site_name":"Sadvita","article_modified_time":"2021-10-26T09:44:10+00:00","twitter_card":"summary","schema":{"@context":"https:\/\/schema.org","@graph":[{"@type":"WebSite","@id":"http:\/\/www.sadvitairko.lt\/lt\/#website","url":"http:\/\/www.sadvitairko.lt\/lt\/","name":"Sadvita","description":"SADVITOS TRANSPORTAS","potentialAction":[{"@type":"SearchAction","target":{"@type":"EntryPoint","urlTemplate":"http:\/\/www.sadvitairko.lt\/lt\/?s={search_term_string}"},"query-input":"required name=search_term_string"}],"inLanguage":"lt-LT"},{"@type":"WebPage","@id":"http:\/\/www.sadvitairko.lt\/lt\/kontaktai\/#webpage","url":"http:\/\/www.sadvitairko.lt\/lt\/kontaktai\/","name":"M\u016bs\u0173 kontaktai | SADVITOS TRANSPORTAS","isPartOf":{"@id":"http:\/\/www.sadvitairko.lt\/lt\/#website"},"datePublished":"2015-07-28T11:10:51+00:00","dateModified":"2021-10-26T09:44:10+00:00","description":"Ie\u0161kote patikimo transportavimo partnerio? UAB \u201eSadvitos transportas\u201c vykdo vietinius ir tarptautinius perve\u017eimus, si\u016blo krovini\u0173 draudimo ir sand\u0117liavimo","breadcrumb":{"@id":"http:\/\/www.sadvitairko.lt\/lt\/kontaktai\/#breadcrumb"},"inLanguage":"lt-LT","potentialAction":[{"@type":"ReadAction","target":["http:\/\/www.sadvitairko.lt\/lt\/kontaktai\/"]}]},{"@type":"BreadcrumbList","@id":"http:\/\/www.sadvitairko.lt\/lt\/kontaktai\/#breadcrumb","itemListElement":[{"@type":"ListItem","position":1,"name":"Home","item":"http:\/\/www.sadvitairko.lt\/lt\/"},{"@type":"ListItem","position":2,"name":"Kontaktai"}]}]}},"_links":{"self":[{"href":"http:\/\/www.sadvitairko.lt\/lt\/wp-json\/wp\/v2\/pages\/973"}],"collection":[{"href":"http:\/\/www.sadvitairko.lt\/lt\/wp-json\/wp\/v2\/pages"}],"about":[{"href":"http:\/\/www.sadvitairko.lt\/lt\/wp-json\/wp\/v2\/types\/page"}],"author":[{"embeddable":true,"href":"http:\/\/www.sadvitairko.lt\/lt\/wp-json\/wp\/v2\/users\/3"}],"replies":[{"embeddable":true,"href":"http:\/\/www.sadvitairko.lt\/lt\/wp-json\/wp\/v2\/comments?post=973"}],"version-history":[{"count":2,"href":"http:\/\/www.sadvitairko.lt\/lt\/wp-json\/wp\/v2\/pages\/973\/revisions"}],"predecessor-version":[{"id":1752,"href":"http:\/\/www.sadvitairko.lt\/lt\/wp-json\/wp\/v2\/pages\/973\/revisions\/1752"}],"wp:attachment":[{"href":"http:\/\/www.sadvitairko.lt\/lt\/wp-json\/wp\/v2\/media?parent=973"}],"curies":[{"name":"wp","href":"https:\/\/api.w.org\/{rel}","templated":true}]}}