{"id":1015,"date":"2015-08-10T09:45:44","date_gmt":"2015-08-10T07:45:44","guid":{"rendered":"http:\/\/www.sadvitairko.lt\/?page_id=1015"},"modified":"2016-05-20T10:32:01","modified_gmt":"2016-05-20T08:32:01","slug":"startowa","status":"publish","type":"page","link":"http:\/\/www.sadvitairko.lt\/pl\/","title":{"rendered":"Startowa"},"content":{"rendered":"","protected":false},"excerpt":{"rendered":"","protected":false},"author":3,"featured_media":0,"parent":0,"menu_order":4,"comment_status":"closed","ping_status":"closed","template":"","meta":[],"yoast_head":"<!-- This site is optimized with the Yoast SEO plugin v17.4 - https:\/\/yoast.com\/wordpress\/plugins\/seo\/ -->\n<meta name=\"description\" content=\"Przew\u00f3z \u0142adunk\u00f3w morzem, susz\u0105 oraz powietrzem. Lokalny i mi\u0119dzynarodowy przew\u00f3z \u0142adunk\u00f3w, ubezpieczanie \u0142adunk\u00f3w, magazynowanie, odprawa celna.\" \/>\n<meta name=\"robots\" content=\"index, follow, max-snippet:-1, max-image-preview:large, max-video-preview:-1\" \/>\n<link rel=\"canonical\" href=\"http:\/\/www.sadvitairko.lt\/pl\/\" \/>\n<meta property=\"og:locale\" content=\"pl_PL\" \/>\n<meta property=\"og:type\" content=\"article\" \/>\n<meta property=\"og:title\" content=\"Przew\u00f3z \u0142adunk\u00f3w | SADVITOS TRANSPORTAS\" \/>\n<meta property=\"og:description\" content=\"Przew\u00f3z \u0142adunk\u00f3w morzem, susz\u0105 oraz powietrzem. Lokalny i mi\u0119dzynarodowy przew\u00f3z \u0142adunk\u00f3w, ubezpieczanie \u0142adunk\u00f3w, magazynowanie, odprawa celna.\" \/>\n<meta property=\"og:url\" content=\"http:\/\/www.sadvitairko.lt\/pl\/\" \/>\n<meta property=\"og:site_name\" content=\"Sadvita\" \/>\n<meta property=\"article:modified_time\" content=\"2016-05-20T08:32:01+00:00\" \/>\n<meta name=\"twitter:card\" content=\"summary\" \/>\n<script type=\"application\/ld+json\" class=\"yoast-schema-graph\">{\"@context\":\"https:\/\/schema.org\",\"@graph\":[{\"@type\":\"WebSite\",\"@id\":\"http:\/\/www.sadvitairko.lt\/lt\/#website\",\"url\":\"http:\/\/www.sadvitairko.lt\/lt\/\",\"name\":\"Sadvita\",\"description\":\"SADVITOS TRANSPORTAS\",\"potentialAction\":[{\"@type\":\"SearchAction\",\"target\":{\"@type\":\"EntryPoint\",\"urlTemplate\":\"http:\/\/www.sadvitairko.lt\/lt\/?s={search_term_string}\"},\"query-input\":\"required name=search_term_string\"}],\"inLanguage\":\"pl-PL\"},{\"@type\":\"WebPage\",\"@id\":\"http:\/\/www.sadvitairko.lt\/pl\/#webpage\",\"url\":\"http:\/\/www.sadvitairko.lt\/pl\/\",\"name\":\"Przew\\u00f3z \\u0142adunk\\u00f3w | SADVITOS TRANSPORTAS\",\"isPartOf\":{\"@id\":\"http:\/\/www.sadvitairko.lt\/lt\/#website\"},\"datePublished\":\"2015-08-10T07:45:44+00:00\",\"dateModified\":\"2016-05-20T08:32:01+00:00\",\"description\":\"Przew\\u00f3z \\u0142adunk\\u00f3w morzem, susz\\u0105 oraz powietrzem. Lokalny i mi\\u0119dzynarodowy przew\\u00f3z \\u0142adunk\\u00f3w, ubezpieczanie \\u0142adunk\\u00f3w, magazynowanie, odprawa celna.\",\"breadcrumb\":{\"@id\":\"http:\/\/www.sadvitairko.lt\/pl\/#breadcrumb\"},\"inLanguage\":\"pl-PL\",\"potentialAction\":[{\"@type\":\"ReadAction\",\"target\":[\"http:\/\/www.sadvitairko.lt\/pl\/\"]}]},{\"@type\":\"BreadcrumbList\",\"@id\":\"http:\/\/www.sadvitairko.lt\/pl\/#breadcrumb\",\"itemListElement\":[{\"@type\":\"ListItem\",\"position\":1,\"name\":\"Home\",\"item\":\"http:\/\/www.sadvitairko.lt\/pl\/\"},{\"@type\":\"ListItem\",\"position\":2,\"name\":\"Startowa\"}]}]}<\/script>\n<!-- \/ Yoast SEO plugin. -->","yoast_head_json":{"description":"Przew\u00f3z \u0142adunk\u00f3w morzem, susz\u0105 oraz powietrzem. Lokalny i mi\u0119dzynarodowy przew\u00f3z \u0142adunk\u00f3w, ubezpieczanie \u0142adunk\u00f3w, magazynowanie, odprawa celna.","robots":{"index":"index","follow":"follow","max-snippet":"max-snippet:-1","max-image-preview":"max-image-preview:large","max-video-preview":"max-video-preview:-1"},"canonical":"http:\/\/www.sadvitairko.lt\/pl\/","og_locale":"pl_PL","og_type":"article","og_title":"Przew\u00f3z \u0142adunk\u00f3w | SADVITOS TRANSPORTAS","og_description":"Przew\u00f3z \u0142adunk\u00f3w morzem, susz\u0105 oraz powietrzem. Lokalny i mi\u0119dzynarodowy przew\u00f3z \u0142adunk\u00f3w, ubezpieczanie \u0142adunk\u00f3w, magazynowanie, odprawa celna.","og_url":"http:\/\/www.sadvitairko.lt\/pl\/","og_site_name":"Sadvita","article_modified_time":"2016-05-20T08:32:01+00:00","twitter_card":"summary","schema":{"@context":"https:\/\/schema.org","@graph":[{"@type":"WebSite","@id":"http:\/\/www.sadvitairko.lt\/lt\/#website","url":"http:\/\/www.sadvitairko.lt\/lt\/","name":"Sadvita","description":"SADVITOS TRANSPORTAS","potentialAction":[{"@type":"SearchAction","target":{"@type":"EntryPoint","urlTemplate":"http:\/\/www.sadvitairko.lt\/lt\/?s={search_term_string}"},"query-input":"required name=search_term_string"}],"inLanguage":"pl-PL"},{"@type":"WebPage","@id":"http:\/\/www.sadvitairko.lt\/pl\/#webpage","url":"http:\/\/www.sadvitairko.lt\/pl\/","name":"Przew\u00f3z \u0142adunk\u00f3w | SADVITOS TRANSPORTAS","isPartOf":{"@id":"http:\/\/www.sadvitairko.lt\/lt\/#website"},"datePublished":"2015-08-10T07:45:44+00:00","dateModified":"2016-05-20T08:32:01+00:00","description":"Przew\u00f3z \u0142adunk\u00f3w morzem, susz\u0105 oraz powietrzem. Lokalny i mi\u0119dzynarodowy przew\u00f3z \u0142adunk\u00f3w, ubezpieczanie \u0142adunk\u00f3w, magazynowanie, odprawa celna.","breadcrumb":{"@id":"http:\/\/www.sadvitairko.lt\/pl\/#breadcrumb"},"inLanguage":"pl-PL","potentialAction":[{"@type":"ReadAction","target":["http:\/\/www.sadvitairko.lt\/pl\/"]}]},{"@type":"BreadcrumbList","@id":"http:\/\/www.sadvitairko.lt\/pl\/#breadcrumb","itemListElement":[{"@type":"ListItem","position":1,"name":"Home","item":"http:\/\/www.sadvitairko.lt\/pl\/"},{"@type":"ListItem","position":2,"name":"Startowa"}]}]}},"_links":{"self":[{"href":"http:\/\/www.sadvitairko.lt\/pl\/wp-json\/wp\/v2\/pages\/1015"}],"collection":[{"href":"http:\/\/www.sadvitairko.lt\/pl\/wp-json\/wp\/v2\/pages"}],"about":[{"href":"http:\/\/www.sadvitairko.lt\/pl\/wp-json\/wp\/v2\/types\/page"}],"author":[{"embeddable":true,"href":"http:\/\/www.sadvitairko.lt\/pl\/wp-json\/wp\/v2\/users\/3"}],"replies":[{"embeddable":true,"href":"http:\/\/www.sadvitairko.lt\/pl\/wp-json\/wp\/v2\/comments?post=1015"}],"version-history":[{"count":0,"href":"http:\/\/www.sadvitairko.lt\/pl\/wp-json\/wp\/v2\/pages\/1015\/revisions"}],"wp:attachment":[{"href":"http:\/\/www.sadvitairko.lt\/pl\/wp-json\/wp\/v2\/media?parent=1015"}],"curies":[{"name":"wp","href":"https:\/\/api.w.org\/{rel}","templated":true}]}}