{"id":1228,"date":"2015-08-19T10:38:29","date_gmt":"2015-08-19T08:38:29","guid":{"rendered":"http:\/\/www.sadvitairko.lt\/?page_id=1228"},"modified":"2016-05-20T10:42:41","modified_gmt":"2016-05-20T08:42:41","slug":"spolka-logistyczna-i-transportowa","status":"publish","type":"page","link":"http:\/\/www.sadvitairko.lt\/pl\/spolka-logistyczna-i-transportowa\/","title":{"rendered":"Sp\u00f3\u0142ka logistyczna i transportowa"},"content":{"rendered":"<p style=\"text-align: justify;\">Ka\u017cda organizacja szukaj\u0105ca partner\u00f3w do owocnej i pewnej wsp\u00f3\u0142pracy ci\u0105gle styka si\u0119 z problemem: kogo z mn\u00f3stwa swoje us\u0142ugi proponuj\u0105cych firm wreszcie wybra\u0107, aby to partnerstwo by\u0142o rzeczywi\u015bcie efektywne i naprawd\u0119 godne zaufania?<\/p>\n<p><strong>Sp\u00f3\u0142ka logistyczna i transportowa &#8222;Sadvitos transportas&#8221; <\/strong>swe us\u0142ugi w spos\u00f3b ukierunkowany realizuje oraz rozwija od 2004 roku.<\/p>\n<p style=\"text-align: justify;\">Podstawow\u0105 i g\u0142\u00f3wn\u0105 dzia\u0142alno\u015bci\u0105 firmy s\u0105: lokalne i mi\u0119dzynarodowe przewozy, transportowanie \u0142adunk\u00f3w statkami, kolej\u0105 oraz pojazdami samochodowymi; prze\u0142adunek w K\u0142ajpedzie oraz w innych portach morskich; us\u0142ugi po\u015brednictwa w odprawach celnych; dob\u00f3r najbardziej optymalnych marszrut przewozu, logistyka transportowa; dostarczanie \u0142adunk\u00f3w transportowanych wedle zasady &#8222;od drzwi do drzwi&#8221;; obs\u0142ug\u0119 portow\u0105 wszystkich rodzaj\u00f3w statk\u00f3w; frachtowanie statk\u00f3w.<\/p>\n<p style=\"text-align: justify;\">Profesjonalne menad\u017cerstwo uprawiane przez nasz\u0105 sp\u00f3\u0142k\u0119 daje mo\u017cliwo\u015b\u0107 reagowania na szybko zmieniaj\u0105c\u0105 si\u0119 rzeczywisto\u015b\u0107. My ci\u0105gle pracujemy nad doskonaleniem potencja\u0142u, tworzymy konkurencj\u0119 wobec innych firm, d\u0105\u017cymy do pierwsze\u0144stwa oraz wszelkimi sposobami staramy si\u0119 o najwy\u017csz\u0105 jako\u015b\u0107 naszych us\u0142ug. Bardzo cenimy naszych klient\u00f3w i starannie ochraniamy ich w\u0142asno\u015b\u0107 nam powierzon\u0105.<\/p>\n<p style=\"text-align: justify;\">Nasi klienci &#8211; organizacje, kt\u00f3re bardzo ceni\u0105 czas w\u0142asny oraz czas swoich partner\u00f3w, kt\u00f3re nie \u017cycz\u0105 sobie k\u0142opot\u00f3w z bezpiecze\u0144stwem transportowania swoich \u0142adunk\u00f3w do wszelkich kraj\u00f3w \u015bwiata i kt\u00f3re szukaj\u0105 d\u0142ugoletnich i wiarygodnych partner\u00f3w.<\/p>\n<p style=\"text-align: justify;\"><strong>Nas wybieraj\u0105 nie tylko firmy z Litwy oraz innych kraj\u00f3w Europy, lecz tak\u017ce z Rosji &#8211; wszystkie ich zam\u00f3wienia bardzo cenimy i traktujemy je z rado\u015bci\u0105.<\/strong><\/p>\n<hr \/>\n<p style=\"text-align: justify;\"><strong>Korzy\u015b\u0107 ze wsp\u00f3\u0142pracy:<\/strong><\/p>\n<ul>\n<li style=\"text-align: justify;\"><strong>Dost\u0119pne, konkurencyjne ceny. <\/strong>Utrzymujemy sprawdzone i pewne zwi\u0105zki z parnerami oraz starannie opracowujemy optymalne projekty i marszruty transportowe, kt\u00f3re proponujemy Pa\u0144stwu za najlepsz\u0105 mo\u017cliwie cen\u0119.<\/li>\n<li style=\"text-align: justify;\"><strong>Wszechstronne podej\u015bcie. <\/strong>Nasi specjali\u015bci zadbaj\u0105 o wszystkie sprawy zwi\u0105zane z transportowaniem: w spos\u00f3b dog\u0142\u0119bny uwzgl\u0119dni\u0105 specyfik\u0119 przewo\u017conych towar\u00f3w,\u00a0 opracuj\u0105 najbardziej dochodowy \u0142a\u0144cuch dostaw, zaproponuj\u0105 najlepsze plany ubezpieczeniowe, a tak\u017ce rozwi\u0105\u017c\u0105 kwestie zwi\u0105zane z za\u0142atwianiem formalno\u015bci odpraw celnych.<\/li>\n<li style=\"text-align: justify;\"><strong>Precyzyjne wykonywanie umowy. <\/strong>My wiemy, jak wa\u017cne jest dostarczanie towar\u00f3w do odpowiedniego miejsca w odpowiednim czasie. Tote\u017c w swojej pracy wyznajemy zasad\u0119 &#8211; jak najbardziej precyzyjnie dotrzyma\u0107 termin\u00f3w przewidzianych w umowie.<\/li>\n<li style=\"text-align: justify;\"><strong>Wysoka jako\u015b\u0107 us\u0142ug.<\/strong> My bardzo cenimy ka\u017cdego klienta, dlatego szczeg\u00f3ln\u0105 uwag\u0119 zwracamy na jako\u015bciowe wykonywanie us\u0142ug transportowych oraz na uwzgl\u0119dnianie potrzeb indywidualnych naszych klient\u00f3w.<\/li>\n<\/ul>\n<p><strong>Z wielk\u0105 satysfakcj\u0105 znajdziemy idealne rozwi\u0105zanie logistyczne dla waszej firmy!<\/strong><\/p>\n<hr \/>\n","protected":false},"excerpt":{"rendered":"<p>Ka\u017cda organizacja szukaj\u0105ca partner\u00f3w do owocnej i pewnej wsp\u00f3\u0142pracy ci\u0105gle styka si\u0119 z problemem: kogo z mn\u00f3stwa swoje us\u0142ugi proponuj\u0105cych firm wreszcie wybra\u0107, aby to partnerstwo by\u0142o rzeczywi\u015bcie efektywne i naprawd\u0119 godne zaufania? Sp\u00f3\u0142ka logistyczna i transportowa &#8222;Sadvitos transportas&#8221; swe us\u0142ugi w spos\u00f3b ukierunkowany realizuje oraz rozwija od 2004 roku. Podstawow\u0105 i g\u0142\u00f3wn\u0105 dzia\u0142alno\u015bci\u0105 firmy [&hellip;]<\/p>\n","protected":false},"author":3,"featured_media":0,"parent":0,"menu_order":17,"comment_status":"closed","ping_status":"closed","template":"","meta":[],"yoast_head":"<!-- This site is optimized with the Yoast SEO plugin v17.4 - https:\/\/yoast.com\/wordpress\/plugins\/seo\/ -->\n<meta name=\"description\" content=\"Profesjonalna sp\u00f3\u0142ka logistyczna i transportowa. Przew\u00f3z oraz transportowanie \u0142adunk\u00f3w w najbardziej optymalnie dobranych marszrutach.\" \/>\n<meta name=\"robots\" content=\"index, follow, max-snippet:-1, max-image-preview:large, max-video-preview:-1\" \/>\n<link rel=\"canonical\" href=\"http:\/\/www.sadvitairko.lt\/pl\/spolka-logistyczna-i-transportowa\/\" \/>\n<meta property=\"og:locale\" content=\"pl_PL\" \/>\n<meta property=\"og:type\" content=\"article\" \/>\n<meta property=\"og:title\" content=\"Sp\u00f3\u0142ka logistyczna i transportowa | SADVITOS TRANSPORTAS\" \/>\n<meta property=\"og:description\" content=\"Profesjonalna sp\u00f3\u0142ka logistyczna i transportowa. Przew\u00f3z oraz transportowanie \u0142adunk\u00f3w w najbardziej optymalnie dobranych marszrutach.\" \/>\n<meta property=\"og:url\" content=\"http:\/\/www.sadvitairko.lt\/pl\/spolka-logistyczna-i-transportowa\/\" \/>\n<meta property=\"og:site_name\" content=\"Sadvita\" \/>\n<meta property=\"article:modified_time\" content=\"2016-05-20T08:42:41+00:00\" \/>\n<meta name=\"twitter:card\" content=\"summary\" \/>\n<meta name=\"twitter:label1\" content=\"Szacowany czas czytania\" \/>\n\t<meta name=\"twitter:data1\" content=\"2 minuty\" \/>\n<script type=\"application\/ld+json\" class=\"yoast-schema-graph\">{\"@context\":\"https:\/\/schema.org\",\"@graph\":[{\"@type\":\"WebSite\",\"@id\":\"http:\/\/www.sadvitairko.lt\/lt\/#website\",\"url\":\"http:\/\/www.sadvitairko.lt\/lt\/\",\"name\":\"Sadvita\",\"description\":\"SADVITOS TRANSPORTAS\",\"potentialAction\":[{\"@type\":\"SearchAction\",\"target\":{\"@type\":\"EntryPoint\",\"urlTemplate\":\"http:\/\/www.sadvitairko.lt\/lt\/?s={search_term_string}\"},\"query-input\":\"required name=search_term_string\"}],\"inLanguage\":\"pl-PL\"},{\"@type\":\"WebPage\",\"@id\":\"http:\/\/www.sadvitairko.lt\/pl\/spolka-logistyczna-i-transportowa\/#webpage\",\"url\":\"http:\/\/www.sadvitairko.lt\/pl\/spolka-logistyczna-i-transportowa\/\",\"name\":\"Sp\\u00f3\\u0142ka logistyczna i transportowa | SADVITOS TRANSPORTAS\",\"isPartOf\":{\"@id\":\"http:\/\/www.sadvitairko.lt\/lt\/#website\"},\"datePublished\":\"2015-08-19T08:38:29+00:00\",\"dateModified\":\"2016-05-20T08:42:41+00:00\",\"description\":\"Profesjonalna sp\\u00f3\\u0142ka logistyczna i transportowa. Przew\\u00f3z oraz transportowanie \\u0142adunk\\u00f3w w najbardziej optymalnie dobranych marszrutach.\",\"breadcrumb\":{\"@id\":\"http:\/\/www.sadvitairko.lt\/pl\/spolka-logistyczna-i-transportowa\/#breadcrumb\"},\"inLanguage\":\"pl-PL\",\"potentialAction\":[{\"@type\":\"ReadAction\",\"target\":[\"http:\/\/www.sadvitairko.lt\/pl\/spolka-logistyczna-i-transportowa\/\"]}]},{\"@type\":\"BreadcrumbList\",\"@id\":\"http:\/\/www.sadvitairko.lt\/pl\/spolka-logistyczna-i-transportowa\/#breadcrumb\",\"itemListElement\":[{\"@type\":\"ListItem\",\"position\":1,\"name\":\"Home\",\"item\":\"http:\/\/www.sadvitairko.lt\/pl\/\"},{\"@type\":\"ListItem\",\"position\":2,\"name\":\"Sp\\u00f3\\u0142ka logistyczna i transportowa\"}]}]}<\/script>\n<!-- \/ Yoast SEO plugin. -->","yoast_head_json":{"description":"Profesjonalna sp\u00f3\u0142ka logistyczna i transportowa. Przew\u00f3z oraz transportowanie \u0142adunk\u00f3w w najbardziej optymalnie dobranych marszrutach.","robots":{"index":"index","follow":"follow","max-snippet":"max-snippet:-1","max-image-preview":"max-image-preview:large","max-video-preview":"max-video-preview:-1"},"canonical":"http:\/\/www.sadvitairko.lt\/pl\/spolka-logistyczna-i-transportowa\/","og_locale":"pl_PL","og_type":"article","og_title":"Sp\u00f3\u0142ka logistyczna i transportowa | SADVITOS TRANSPORTAS","og_description":"Profesjonalna sp\u00f3\u0142ka logistyczna i transportowa. Przew\u00f3z oraz transportowanie \u0142adunk\u00f3w w najbardziej optymalnie dobranych marszrutach.","og_url":"http:\/\/www.sadvitairko.lt\/pl\/spolka-logistyczna-i-transportowa\/","og_site_name":"Sadvita","article_modified_time":"2016-05-20T08:42:41+00:00","twitter_card":"summary","twitter_misc":{"Szacowany czas czytania":"2 minuty"},"schema":{"@context":"https:\/\/schema.org","@graph":[{"@type":"WebSite","@id":"http:\/\/www.sadvitairko.lt\/lt\/#website","url":"http:\/\/www.sadvitairko.lt\/lt\/","name":"Sadvita","description":"SADVITOS TRANSPORTAS","potentialAction":[{"@type":"SearchAction","target":{"@type":"EntryPoint","urlTemplate":"http:\/\/www.sadvitairko.lt\/lt\/?s={search_term_string}"},"query-input":"required name=search_term_string"}],"inLanguage":"pl-PL"},{"@type":"WebPage","@id":"http:\/\/www.sadvitairko.lt\/pl\/spolka-logistyczna-i-transportowa\/#webpage","url":"http:\/\/www.sadvitairko.lt\/pl\/spolka-logistyczna-i-transportowa\/","name":"Sp\u00f3\u0142ka logistyczna i transportowa | SADVITOS TRANSPORTAS","isPartOf":{"@id":"http:\/\/www.sadvitairko.lt\/lt\/#website"},"datePublished":"2015-08-19T08:38:29+00:00","dateModified":"2016-05-20T08:42:41+00:00","description":"Profesjonalna sp\u00f3\u0142ka logistyczna i transportowa. Przew\u00f3z oraz transportowanie \u0142adunk\u00f3w w najbardziej optymalnie dobranych marszrutach.","breadcrumb":{"@id":"http:\/\/www.sadvitairko.lt\/pl\/spolka-logistyczna-i-transportowa\/#breadcrumb"},"inLanguage":"pl-PL","potentialAction":[{"@type":"ReadAction","target":["http:\/\/www.sadvitairko.lt\/pl\/spolka-logistyczna-i-transportowa\/"]}]},{"@type":"BreadcrumbList","@id":"http:\/\/www.sadvitairko.lt\/pl\/spolka-logistyczna-i-transportowa\/#breadcrumb","itemListElement":[{"@type":"ListItem","position":1,"name":"Home","item":"http:\/\/www.sadvitairko.lt\/pl\/"},{"@type":"ListItem","position":2,"name":"Sp\u00f3\u0142ka logistyczna i transportowa"}]}]}},"_links":{"self":[{"href":"http:\/\/www.sadvitairko.lt\/pl\/wp-json\/wp\/v2\/pages\/1228"}],"collection":[{"href":"http:\/\/www.sadvitairko.lt\/pl\/wp-json\/wp\/v2\/pages"}],"about":[{"href":"http:\/\/www.sadvitairko.lt\/pl\/wp-json\/wp\/v2\/types\/page"}],"author":[{"embeddable":true,"href":"http:\/\/www.sadvitairko.lt\/pl\/wp-json\/wp\/v2\/users\/3"}],"replies":[{"embeddable":true,"href":"http:\/\/www.sadvitairko.lt\/pl\/wp-json\/wp\/v2\/comments?post=1228"}],"version-history":[{"count":0,"href":"http:\/\/www.sadvitairko.lt\/pl\/wp-json\/wp\/v2\/pages\/1228\/revisions"}],"wp:attachment":[{"href":"http:\/\/www.sadvitairko.lt\/pl\/wp-json\/wp\/v2\/media?parent=1228"}],"curies":[{"name":"wp","href":"https:\/\/api.w.org\/{rel}","templated":true}]}}