{"id":1232,"date":"2015-08-19T10:50:38","date_gmt":"2015-08-19T08:50:38","guid":{"rendered":"http:\/\/www.sadvitairko.lt\/?page_id=1232"},"modified":"2016-05-20T10:32:47","modified_gmt":"2016-05-20T08:32:47","slug":"uslugi-logistyczne-i-transportowe","status":"publish","type":"page","link":"http:\/\/www.sadvitairko.lt\/pl\/uslugi-logistyczne-i-transportowe\/","title":{"rendered":"Us\u0142ugi logistyczne i transportowe"},"content":{"rendered":"<p>Profesjonalne<strong> us\u0142ugi logistyczne i transportowe <\/strong>drogami morskimi, l\u0105dowymi oraz powietrznymi. Specjali\u015bci logistyki, maj\u0105cy d\u0142ugoletnie do\u015bwiadczenie zawodowe, wybior\u0105 optymalne marszruty transportowania \u0142adunk\u00f3w statkami, samolotami oraz pojazdami samochodowymi. Sp\u00f3\u0142ka z o.o. &#8222;Sadvitos transportas&#8221; zapewnia us\u0142ugi magazynowania oraz ubezpieczania \u0142adunk\u00f3w, reprezentuje interesy swych klient\u00f3w w urz\u0119dach celnych i przygotowuje dokumenty transportowania \u0142adunk\u00f3w.<\/p>\n<hr \/>\n\n<div >\n\n\n    \n    <div class=\"uk-grid uk-text-left uk-flex-middle\" data-uk-grid-match data-uk-margin=\"{cls:'uk-margin-top'}\">\n\n                <div class=\"uk-width-medium-2-5 uk-text-center\" >\n            <img src=\"\/wp-content\/uploads\/kroviniu_gabenimas_jura_medium.jpg\" alt=\"TRANSPORTOWANIE \u0141ADUNK\u00d3W DROG\u0104 MORSK\u0104\">        <\/div>\n        \n                <div class=\"uk-width-medium-3-5\" >\n            <div class=\"uk-panel uk-width-1-1\">\n\n                \n                                <h3 class=\"uk-h2\">\n\n                                            <a class=\"uk-link-reset\" href=\"\/pl\/uslugi-logistyczne-i-transportowe\/transportowanie-ladunkow-droga-morska\/\">TRANSPORTOWANIE \u0141ADUNK\u00d3W DROG\u0104 MORSK\u0104<\/a>\n                    \n                    \n                <\/h3>\n                \n                                <div class=\"uk-margin\"><p>Sp\u00f3\u0142ka z o.o. \u201cSadvitos Transportas\u201d wsp\u00f3\u0142pracuje z wiarygodnymi partnerami, dysponuje i realizuje us\u0142ugi transportowania kontener\u00f3w pe\u0142nych oraz \u0142adunk\u00f3w cz\u0119\u015bciowych. Doskonale rozwini\u0119ta infrastruktura logistyczna zapewnia rytmiczno\u015b\u0107 oraz operatywno\u015b\u0107 prac. Sp\u00f3\u0142ka z o.o. \u201cSadvita i Ko\u201d wykonuje przew\u00f3z kontener\u00f3w do (z) port\u00f3w morskich, wype\u0142nia dokumenty dotycz\u0105ce transportowania \u0142adunk\u00f3w, wykonuje zadania zwi\u0105zane z po\u015brednictwem celnym, organizuje prace odbioru i dostarczania \u0142adunk\u00f3w.<\/p>\n<\/div>\n                \n                \n                                <p><a class=\"uk-button uk-button-primary\" href=\"\/pl\/uslugi-logistyczne-i-transportowe\/transportowanie-ladunkow-droga-morska\/\">Wi\u0119cej<\/a><\/p>\n                \n            <\/div>\n        <\/div>\n        \n    <\/div>\n\n    <hr class=\"uk-grid-divider \">\n\n    \n    <div class=\"uk-grid uk-text-left uk-flex-middle\" data-uk-grid-match data-uk-margin=\"{cls:'uk-margin-top'}\">\n\n                <div class=\"uk-width-medium-2-5 uk-text-center uk-float-right uk-flex-order-last-medium\" >\n            <img src=\"\/wp-content\/uploads\/kroviniu_pervezimas_zeme_medium.jpg\" alt=\"TRANSPORTOWANIE \u0141ADUNK\u00d3W L\u0104DEM\">        <\/div>\n        \n                <div class=\"uk-width-medium-3-5\" >\n            <div class=\"uk-panel uk-width-1-1\">\n\n                \n                                <h3 class=\"uk-h2\">\n\n                                            <a class=\"uk-link-reset\" href=\"\/pl\/uslugi-logistyczne-i-transportowe\/transportowanie-ladunkow-ladem\/\">TRANSPORTOWANIE \u0141ADUNK\u00d3W L\u0104DEM<\/a>\n                    \n                    \n                <\/h3>\n                \n                                <div class=\"uk-margin\"><p>Przew\u00f3z \u0142adunk\u00f3w drog\u0105 l\u0105dow\u0105 jest najbardziej elastycznym rodzajem transportowania \u0142adunku \u2013 pozwala on na przew\u00f3z \u0142adunk\u00f3w o r\u00f3\u017cnych wymiarach i r\u00f3\u017cnej wadze. Sp\u00f3\u0142ka realizuje us\u0142ugi transportowania \u0142adunk\u00f3w standardowych, \u0142adunk\u00f3w o specjalnych wymaganiach, jak te\u017c \u0142adunk\u00f3w niebezpiecznych, wykonuje tak\u017ce zadania zwi\u0105zane z transportowaniem \u017cywno\u015bci oraz produkt\u00f3w p\u0142ynnych. Sp\u00f3\u0142ka z o. o. \u201cSadvitos Transportas\u201d \u015bci\u015ble przestrzegaj\u0105c rozk\u0142adu i harmonogramu przewoz\u00f3w zapewnia szczeg\u00f3lnie precyzyjne terminy wysy\u0142ania i odbierania \u0142adunku.  Ka\u017cda marszruta jest planowana indywidualnie, wi\u0119c w sumie utrzymujemy jak najbardziej optymalne najni\u017csze koszty proponowanych us\u0142ug.<\/p>\n<\/div>\n                \n                \n                                <p><a class=\"uk-button uk-button-primary\" href=\"\/pl\/uslugi-logistyczne-i-transportowe\/transportowanie-ladunkow-ladem\/\">Wi\u0119cej<\/a><\/p>\n                \n            <\/div>\n        <\/div>\n        \n    <\/div>\n\n    <hr class=\"uk-grid-divider \">\n\n    \n    <div class=\"uk-grid uk-text-left uk-flex-middle\" data-uk-grid-match data-uk-margin=\"{cls:'uk-margin-top'}\">\n\n                <div class=\"uk-width-medium-2-5 uk-text-center\" >\n            <img src=\"\/wp-content\/uploads\/kroviniu_gabenimas_oru_medium.jpg\" alt=\"TRANSPORTOWANIE \u0141ADUNK\u00d3W POWIETRZEM\">        <\/div>\n        \n                <div class=\"uk-width-medium-3-5\" >\n            <div class=\"uk-panel uk-width-1-1\">\n\n                \n                                <h3 class=\"uk-h2\">\n\n                                            <a class=\"uk-link-reset\" href=\"\/pl\/uslugi-logistyczne-i-transportowe\/transportowanie-ladunkow-powietrzem\/\">TRANSPORTOWANIE \u0141ADUNK\u00d3W POWIETRZEM<\/a>\n                    \n                    \n                <\/h3>\n                \n                                <div class=\"uk-margin\"><p>Sp\u00f3\u0142ka z o. o. \u201eSadvitos Transportas\u201d realizuje wysoce profesjonalne us\u0142ugi logistyczne. \u0141adunki s\u0105 transportowane do wszystkich kraj\u00f3w \u015bwiata, drogami powietrznymi przewo\u017cone standardowe, nie gabarytowe, niebezpieczne \u0142adunki, jak r\u00f3wnie\u017c \u0142adunki o specjalnych wymogach temperatury.  Nasza firma proponuje us\u0142ugi, zwi\u0105zane z przygotowaniem dokumentacji oraz z po\u015brednictwem celnym. Na \u017cyczenie klienta Sp\u00f3\u0142ka z o. o. \u201eSadvita i Ko\u201d wykonuje prace z zakresu magazynowania, sortowania oraz pakowania, a tak\u017ce organizuje zadania zwi\u0105zane z odbiorem i dostaw\u0105 \u0142adunku.<\/p>\n<\/div>\n                \n                \n                                <p><a class=\"uk-button uk-button-primary\" href=\"\/pl\/uslugi-logistyczne-i-transportowe\/transportowanie-ladunkow-powietrzem\/\">Wi\u0119cej<\/a><\/p>\n                \n            <\/div>\n        <\/div>\n        \n    <\/div>\n\n    <hr class=\"uk-grid-divider \">\n\n    \n    <div class=\"uk-grid uk-text-left uk-flex-middle\" data-uk-grid-match data-uk-margin=\"{cls:'uk-margin-top'}\">\n\n                <div class=\"uk-width-medium-2-5 uk-text-center uk-float-right uk-flex-order-last-medium\" >\n            <img src=\"\/wp-content\/uploads\/kroviniu_gabenimas_gelezinkeliu_medium.jpg\" alt=\"TRANSPORTOWANIE \u0141ADUNK\u00d3W KOLEJ\u0104\">        <\/div>\n        \n                <div class=\"uk-width-medium-3-5\" >\n            <div class=\"uk-panel uk-width-1-1\">\n\n                \n                                <h3 class=\"uk-h2\">\n\n                                            <a class=\"uk-link-reset\" href=\"\/pl\/uslugi-logistyczne-i-transportowe\/transportowanie-ladunkow-koleja\/\">TRANSPORTOWANIE \u0141ADUNK\u00d3W KOLEJ\u0104<\/a>\n                    \n                    \n                <\/h3>\n                \n                                <div class=\"uk-margin\"><p>Sp\u00f3\u0142ka z o. o. \u201eSadvitos Transportas\u201d realizuje us\u0142ugi transportowania towarowymi wagonami i przewozu kontener\u00f3w w Rosji i w innych krajach Wsp\u00f3lnoty Niepodleg\u0142ych Pa\u0144stw. Wagony s\u0105 urz\u0105dzone wed\u0142ug indywidualnych potrzeb i wymog\u00f3w w zale\u017cno\u015bci od w\u0142a\u015bciwo\u015bci transportowanego \u0142adunku \u2013 w ten spos\u00f3b zapewnia si\u0119 mniejsze koszty przewozu. Sp\u00f3\u0142ka tak\u017ce opracowuje najbardziej optymalne marszruty transportowania, sporz\u0105dza dokumentacj\u0119 zwi\u0105zan\u0105 przewozem \u0142adunku oraz reprezentuje interesy swych klient\u00f3w w urz\u0119dach celnych.  Nasza firma wsp\u00f3\u0142pracuje z wiarygodnymi partnerami zagranicznymi, maj\u0105cymi wieloletnie do\u015bwiadczenie pracy.<\/p>\n<\/div>\n                \n                \n                                <p><a class=\"uk-button uk-button-primary\" href=\"\/pl\/uslugi-logistyczne-i-transportowe\/transportowanie-ladunkow-koleja\/\">Wi\u0119cej<\/a><\/p>\n                \n            <\/div>\n        <\/div>\n        \n    <\/div>\n\n    <hr class=\"uk-grid-divider \">\n\n    \n    <div class=\"uk-grid uk-text-left uk-flex-middle\" data-uk-grid-match data-uk-margin=\"{cls:'uk-margin-top'}\">\n\n                <div class=\"uk-width-medium-2-5 uk-text-center\" >\n            <img src=\"\/wp-content\/uploads\/multimodaliniai_pervezimai_medium.jpg\" alt=\"PRZEWOZY MULTIMODALNE\">        <\/div>\n        \n                <div class=\"uk-width-medium-3-5\" >\n            <div class=\"uk-panel uk-width-1-1\">\n\n                \n                                <h3 class=\"uk-h2\">\n\n                                            <a class=\"uk-link-reset\" href=\"\/pl\/uslugi-logistyczne-i-transportowe\/przewozy-multimodalne\/\">PRZEWOZY MULTIMODALNE<\/a>\n                    \n                    \n                <\/h3>\n                \n                                <div class=\"uk-margin\"><p>Specjali\u015bci logistyki pracuj\u0105cy we Wsp\u00f3\u0142ce z o. o. \u201eSadvitos Transportas\u201d maj\u0105 d\u0142ugoletnie do\u015bwiadczenie pracy. Po uwzgl\u0119dnieniu i ocenie w\u0142a\u015bciwo\u015bci konkretnego \u0142adunku oraz \u017cycze\u0144 klienta, oni proponuj\u0105 najbardziej op\u0142acalne warianty przewozu multimedialnego \u2013  wybieraj\u0105 najbardziej optymalne marszruty i ustalaj\u0105 najbardziej atrakcyjne koszty i czas transportowania. Sp\u00f3\u0142ka realizuje tak\u017ce us\u0142ugi magazynowania \u0142adunk\u00f3w, przygotowuje dokumentacj\u0119 przewozu \u0142adunku oraz reprezentuje interesy klienta w urz\u0119dach celnych, w portach morskich, na lotniskach i stacjach.<\/p>\n<\/div>\n                \n                \n                                <p><a class=\"uk-button uk-button-primary\" href=\"\/pl\/uslugi-logistyczne-i-transportowe\/przewozy-multimodalne\/\">Wi\u0119cej<\/a><\/p>\n                \n            <\/div>\n        <\/div>\n        \n    <\/div>\n\n    <hr class=\"uk-grid-divider \">\n\n    \n    <div class=\"uk-grid uk-text-left uk-flex-middle\" data-uk-grid-match data-uk-margin=\"{cls:'uk-margin-top'}\">\n\n                <div class=\"uk-width-medium-2-5 uk-text-center uk-float-right uk-flex-order-last-medium\" >\n            <img src=\"\/wp-content\/uploads\/kroviniu_draudimas_medium.jpg\" alt=\"UBEZPIECZENIE \u0141ADUNK\u00d3W\">        <\/div>\n        \n                <div class=\"uk-width-medium-3-5\" >\n            <div class=\"uk-panel uk-width-1-1\">\n\n                \n                                <h3 class=\"uk-h2\">\n\n                                            <a class=\"uk-link-reset\" href=\"\/pl\/uslugi-logistyczne-i-transportowe\/ubezpieczenie-ladunkow\/\">UBEZPIECZENIE \u0141ADUNK\u00d3W<\/a>\n                    \n                    \n                <\/h3>\n                \n                                <div class=\"uk-margin\"><p>Specjali\u015bci Sp\u00f3\u0142ki z o.o. \u201eSadvitos Transportas\u201d, maj\u0105cy d\u0142ugoletnie do\u015bwiadczenie pracy, po ocenie w\u0142a\u015bciwo\u015bci konkretnego \u0142adunku i po uwzgl\u0119dnieniu indywidualnych oczekiwa\u0144 klienta, zaproponuj\u0105 optymalne warunki ubezpieczenia. Ubezpieczenie \u0142adunk\u00f3w obejmuje ubezpieczenie towar\u00f3w, transportowanych przy pomocy wszystkich rodzaj\u00f3w transportu, kt\u00f3re s\u0142u\u017c\u0105 przy za\u0142adowaniu i roz\u0142adowaniu \u0142adunk\u00f3w. \u0141adunki mog\u0105 by\u0107 ubezpieczone jednorazowo lub zawieraj\u0105c d\u0142ugoczasowe umowy ubezpieczeniowe. Zawarta i podpisana umowa ubezpieczenia pomo\u017ce unikn\u0105\u0107 potencjalnych strat finansowych oraz spor\u00f3w, pozwoli skontrolowa\u0107 wydatki przedsi\u0119biorstwa oraz zapewni sprawno\u015b\u0107 prac transportowania.<\/p>\n<\/div>\n                \n                \n                                <p><a class=\"uk-button uk-button-primary\" href=\"\/pl\/uslugi-logistyczne-i-transportowe\/ubezpieczenie-ladunkow\/\">Wi\u0119cej<\/a><\/p>\n                \n            <\/div>\n        <\/div>\n        \n    <\/div>\n\n    <hr class=\"uk-grid-divider \">\n\n    \n    <div class=\"uk-grid uk-text-left uk-flex-middle\" data-uk-grid-match data-uk-margin=\"{cls:'uk-margin-top'}\">\n\n                <div class=\"uk-width-medium-2-5 uk-text-center\" >\n            <img src=\"\/wp-content\/uploads\/sandeliavimas_medium.jpg\" alt=\"MAGAZYNOWANIE\">        <\/div>\n        \n                <div class=\"uk-width-medium-3-5\" >\n            <div class=\"uk-panel uk-width-1-1\">\n\n                \n                                <h3 class=\"uk-h2\">\n\n                                            <a class=\"uk-link-reset\" href=\"\/pl\/uslugi-logistyczne-i-transportowe\/magazynowanie\/\">MAGAZYNOWANIE<\/a>\n                    \n                    \n                <\/h3>\n                \n                                <div class=\"uk-margin\"><p>Sp\u00f3\u0142ka z o. o. \u201eSadvitos Transportas\u201d wykonuje prace zwi\u0105zane z \u0142adowaniem, sortowaniem, pakowaniem i oznakowaniem towar\u00f3w, dba o obrachunki i dokumentacj\u0119 przep\u0142ywu i obiegu towar\u00f3w, przedstawia szczeg\u00f3\u0142owe rozliczenia oraz sprawozdania swym klientom. Magazynowanie wykonuje si\u0119 w nowoczesnych pomieszczeniach o 10 000 m. kw., gdzie mog\u0105 by\u0107 przechowywane \u0142adunki r\u00f3\u017cnego rodzaju. \u201eSadvita i Ko\u201d proponuje pomieszczenia ogrzewane oraz ch\u0142odnicze, w nich mog\u0105 by\u0107 magazynowane \u0142adunki o specjalnych wymogach re\u017cymu temperatury.<\/p>\n<\/div>\n                \n                \n                                <p><a class=\"uk-button uk-button-primary\" href=\"\/pl\/uslugi-logistyczne-i-transportowe\/magazynowanie\/\">Wi\u0119cej<\/a><\/p>\n                \n            <\/div>\n        <\/div>\n        \n    <\/div>\n\n    <hr class=\"uk-grid-divider \">\n\n    \n    <div class=\"uk-grid uk-text-left uk-flex-middle\" data-uk-grid-match data-uk-margin=\"{cls:'uk-margin-top'}\">\n\n                <div class=\"uk-width-medium-2-5 uk-text-center uk-float-right uk-flex-order-last-medium\" >\n            <img src=\"\/wp-content\/uploads\/muitines_tarpininkas_medium.jpg\" alt=\"PO\u015aREDNICTWO CELNE\">        <\/div>\n        \n                <div class=\"uk-width-medium-3-5\" >\n            <div class=\"uk-panel uk-width-1-1\">\n\n                \n                                <h3 class=\"uk-h2\">\n\n                                            <a class=\"uk-link-reset\" href=\"\/pl\/uslugi-logistyczne-i-transportowe\/posrednictwo-celne\/\">PO\u015aREDNICTWO CELNE<\/a>\n                    \n                    \n                <\/h3>\n                \n                                <div class=\"uk-margin\"><p>Sp\u00f3\u0142ka \u201eSadvitos Transportas\u201d przygotowuje dokumenty celne, zajmuje si\u0119 procedurami importu, eksportu i tranzytu, wype\u0142nia ksi\u0105\u017ceczki CMR i TIR, opracowuje elektroniczne dane dla TIR. Nasza Sp\u00f3\u0142ka reprezentuje swoich klient\u00f3w w urz\u0119dach celnych, pomaga w za\u0142atwianiu potrzebnych odpowiednich zezwole\u0144, certyfikat\u00f3w oraz za\u015bwiadcze\u0144, dba o kontrol\u0119 procedur celnych i udziela konsultacji w zakresie wszystkich kwestii zwi\u0105zanych z dokumentacj\u0105 i z formalno\u015bciami celnymi. Na \u017cyczenie klienta s\u0105 wykonywane prace przy za\u0142adowaniu, sortowaniu, pakowaniu oraz przechowywaniu towar\u00f3w. Us\u0142ugi po\u015brednictwa celnego s\u0105 realizowane zgodnie z ustawami obowi\u0105zuj\u0105cymi na Litwie, zgodnie z reglamentacj\u0105 Unii Europejskiej oraz z przepisami mi\u0119dzynarodowymi.<\/p>\n<\/div>\n                \n                \n                                <p><a class=\"uk-button uk-button-primary\" href=\"\/pl\/uslugi-logistyczne-i-transportowe\/posrednictwo-celne\/\">Wi\u0119cej<\/a><\/p>\n                \n            <\/div>\n        <\/div>\n        \n    <\/div>\n\n    \n\n<\/div>\n\n","protected":false},"excerpt":{"rendered":"<p>Profesjonalne us\u0142ugi logistyczne i transportowe drogami morskimi, l\u0105dowymi oraz powietrznymi. Specjali\u015bci logistyki, maj\u0105cy d\u0142ugoletnie do\u015bwiadczenie zawodowe, wybior\u0105 optymalne marszruty transportowania \u0142adunk\u00f3w statkami, samolotami oraz pojazdami samochodowymi. Sp\u00f3\u0142ka z o.o. &#8222;Sadvitos transportas&#8221; zapewnia us\u0142ugi magazynowania oraz ubezpieczania \u0142adunk\u00f3w, reprezentuje interesy swych klient\u00f3w w urz\u0119dach celnych i przygotowuje dokumenty transportowania \u0142adunk\u00f3w.<\/p>\n","protected":false},"author":3,"featured_media":0,"parent":0,"menu_order":10,"comment_status":"closed","ping_status":"closed","template":"","meta":[],"yoast_head":"<!-- This site is optimized with the Yoast SEO plugin v17.4 - https:\/\/yoast.com\/wordpress\/plugins\/seo\/ -->\n<meta name=\"description\" content=\"Profesjonalne us\u0142ugi logistyczne i transportowe na morzu, suszy i w powietrzu, przewozy multimodalne. Us\u0142ugi magazynowania, po\u015brednictwo celne.\" \/>\n<meta name=\"robots\" content=\"index, follow, max-snippet:-1, max-image-preview:large, max-video-preview:-1\" \/>\n<link rel=\"canonical\" href=\"http:\/\/www.sadvitairko.lt\/pl\/uslugi-logistyczne-i-transportowe\/\" \/>\n<meta property=\"og:locale\" content=\"pl_PL\" \/>\n<meta property=\"og:type\" content=\"article\" \/>\n<meta property=\"og:title\" content=\"Us\u0142ugi logistyczne i transportowe | SADVITOS TRANSPORTAS\" \/>\n<meta property=\"og:description\" content=\"Profesjonalne us\u0142ugi logistyczne i transportowe na morzu, suszy i w powietrzu, przewozy multimodalne. Us\u0142ugi magazynowania, po\u015brednictwo celne.\" \/>\n<meta property=\"og:url\" content=\"http:\/\/www.sadvitairko.lt\/pl\/uslugi-logistyczne-i-transportowe\/\" \/>\n<meta property=\"og:site_name\" content=\"Sadvita\" \/>\n<meta property=\"article:modified_time\" content=\"2016-05-20T08:32:47+00:00\" \/>\n<meta name=\"twitter:card\" content=\"summary\" \/>\n<script type=\"application\/ld+json\" class=\"yoast-schema-graph\">{\"@context\":\"https:\/\/schema.org\",\"@graph\":[{\"@type\":\"WebSite\",\"@id\":\"http:\/\/www.sadvitairko.lt\/lt\/#website\",\"url\":\"http:\/\/www.sadvitairko.lt\/lt\/\",\"name\":\"Sadvita\",\"description\":\"SADVITOS TRANSPORTAS\",\"potentialAction\":[{\"@type\":\"SearchAction\",\"target\":{\"@type\":\"EntryPoint\",\"urlTemplate\":\"http:\/\/www.sadvitairko.lt\/lt\/?s={search_term_string}\"},\"query-input\":\"required name=search_term_string\"}],\"inLanguage\":\"pl-PL\"},{\"@type\":\"WebPage\",\"@id\":\"http:\/\/www.sadvitairko.lt\/pl\/uslugi-logistyczne-i-transportowe\/#webpage\",\"url\":\"http:\/\/www.sadvitairko.lt\/pl\/uslugi-logistyczne-i-transportowe\/\",\"name\":\"Us\\u0142ugi logistyczne i transportowe | SADVITOS TRANSPORTAS\",\"isPartOf\":{\"@id\":\"http:\/\/www.sadvitairko.lt\/lt\/#website\"},\"datePublished\":\"2015-08-19T08:50:38+00:00\",\"dateModified\":\"2016-05-20T08:32:47+00:00\",\"description\":\"Profesjonalne us\\u0142ugi logistyczne i transportowe na morzu, suszy i w powietrzu, przewozy multimodalne. Us\\u0142ugi magazynowania, po\\u015brednictwo celne.\",\"breadcrumb\":{\"@id\":\"http:\/\/www.sadvitairko.lt\/pl\/uslugi-logistyczne-i-transportowe\/#breadcrumb\"},\"inLanguage\":\"pl-PL\",\"potentialAction\":[{\"@type\":\"ReadAction\",\"target\":[\"http:\/\/www.sadvitairko.lt\/pl\/uslugi-logistyczne-i-transportowe\/\"]}]},{\"@type\":\"BreadcrumbList\",\"@id\":\"http:\/\/www.sadvitairko.lt\/pl\/uslugi-logistyczne-i-transportowe\/#breadcrumb\",\"itemListElement\":[{\"@type\":\"ListItem\",\"position\":1,\"name\":\"Home\",\"item\":\"http:\/\/www.sadvitairko.lt\/pl\/\"},{\"@type\":\"ListItem\",\"position\":2,\"name\":\"Us\\u0142ugi logistyczne i transportowe\"}]}]}<\/script>\n<!-- \/ Yoast SEO plugin. -->","yoast_head_json":{"description":"Profesjonalne us\u0142ugi logistyczne i transportowe na morzu, suszy i w powietrzu, przewozy multimodalne. Us\u0142ugi magazynowania, po\u015brednictwo celne.","robots":{"index":"index","follow":"follow","max-snippet":"max-snippet:-1","max-image-preview":"max-image-preview:large","max-video-preview":"max-video-preview:-1"},"canonical":"http:\/\/www.sadvitairko.lt\/pl\/uslugi-logistyczne-i-transportowe\/","og_locale":"pl_PL","og_type":"article","og_title":"Us\u0142ugi logistyczne i transportowe | SADVITOS TRANSPORTAS","og_description":"Profesjonalne us\u0142ugi logistyczne i transportowe na morzu, suszy i w powietrzu, przewozy multimodalne. Us\u0142ugi magazynowania, po\u015brednictwo celne.","og_url":"http:\/\/www.sadvitairko.lt\/pl\/uslugi-logistyczne-i-transportowe\/","og_site_name":"Sadvita","article_modified_time":"2016-05-20T08:32:47+00:00","twitter_card":"summary","schema":{"@context":"https:\/\/schema.org","@graph":[{"@type":"WebSite","@id":"http:\/\/www.sadvitairko.lt\/lt\/#website","url":"http:\/\/www.sadvitairko.lt\/lt\/","name":"Sadvita","description":"SADVITOS TRANSPORTAS","potentialAction":[{"@type":"SearchAction","target":{"@type":"EntryPoint","urlTemplate":"http:\/\/www.sadvitairko.lt\/lt\/?s={search_term_string}"},"query-input":"required name=search_term_string"}],"inLanguage":"pl-PL"},{"@type":"WebPage","@id":"http:\/\/www.sadvitairko.lt\/pl\/uslugi-logistyczne-i-transportowe\/#webpage","url":"http:\/\/www.sadvitairko.lt\/pl\/uslugi-logistyczne-i-transportowe\/","name":"Us\u0142ugi logistyczne i transportowe | SADVITOS TRANSPORTAS","isPartOf":{"@id":"http:\/\/www.sadvitairko.lt\/lt\/#website"},"datePublished":"2015-08-19T08:50:38+00:00","dateModified":"2016-05-20T08:32:47+00:00","description":"Profesjonalne us\u0142ugi logistyczne i transportowe na morzu, suszy i w powietrzu, przewozy multimodalne. Us\u0142ugi magazynowania, po\u015brednictwo celne.","breadcrumb":{"@id":"http:\/\/www.sadvitairko.lt\/pl\/uslugi-logistyczne-i-transportowe\/#breadcrumb"},"inLanguage":"pl-PL","potentialAction":[{"@type":"ReadAction","target":["http:\/\/www.sadvitairko.lt\/pl\/uslugi-logistyczne-i-transportowe\/"]}]},{"@type":"BreadcrumbList","@id":"http:\/\/www.sadvitairko.lt\/pl\/uslugi-logistyczne-i-transportowe\/#breadcrumb","itemListElement":[{"@type":"ListItem","position":1,"name":"Home","item":"http:\/\/www.sadvitairko.lt\/pl\/"},{"@type":"ListItem","position":2,"name":"Us\u0142ugi logistyczne i transportowe"}]}]}},"_links":{"self":[{"href":"http:\/\/www.sadvitairko.lt\/pl\/wp-json\/wp\/v2\/pages\/1232"}],"collection":[{"href":"http:\/\/www.sadvitairko.lt\/pl\/wp-json\/wp\/v2\/pages"}],"about":[{"href":"http:\/\/www.sadvitairko.lt\/pl\/wp-json\/wp\/v2\/types\/page"}],"author":[{"embeddable":true,"href":"http:\/\/www.sadvitairko.lt\/pl\/wp-json\/wp\/v2\/users\/3"}],"replies":[{"embeddable":true,"href":"http:\/\/www.sadvitairko.lt\/pl\/wp-json\/wp\/v2\/comments?post=1232"}],"version-history":[{"count":0,"href":"http:\/\/www.sadvitairko.lt\/pl\/wp-json\/wp\/v2\/pages\/1232\/revisions"}],"wp:attachment":[{"href":"http:\/\/www.sadvitairko.lt\/pl\/wp-json\/wp\/v2\/media?parent=1232"}],"curies":[{"name":"wp","href":"https:\/\/api.w.org\/{rel}","templated":true}]}}