{"id":1234,"date":"2015-08-19T10:57:25","date_gmt":"2015-08-19T08:57:25","guid":{"rendered":"http:\/\/www.sadvitairko.lt\/?page_id=1234"},"modified":"2016-05-20T10:41:32","modified_gmt":"2016-05-20T08:41:32","slug":"transportowanie-ladunkow-droga-morska","status":"publish","type":"page","link":"http:\/\/www.sadvitairko.lt\/pl\/uslugi-logistyczne-i-transportowe\/transportowanie-ladunkow-droga-morska\/","title":{"rendered":"Transportowanie \u0142adunk\u00f3w drog\u0105 morsk\u0105"},"content":{"rendered":"<p><strong>Transportowanie \u0142adunk\u00f3w drog\u0105 morsk\u0105 \u2013<\/strong><strong>\u00a0<\/strong>najbardziej rozpowszechniony rodzaj transportowania, kt\u00f3ry zapewnia maksymalne bezpiecze\u0144stwo przewo\u017conego \u0142adunku. Na statkach przewo\u017cone s\u0105 standardowe i nie odpowiadaj\u0105ce tym wymogom \u0142adunki, za\u015b szczeg\u00f3lnie du\u017ca si\u0142a no\u015bna pozwala przewozi\u0107 ci\u0119\u017ckie i wielogabarytowe \u0142adunki. Solidne, pewne kontenery ubezpieczaj\u0105 przed uszkodzeniami fizycznymi i pozwalaj\u0105 transportowa\u0107 produkty o rozmaitych stanach, tzn. materia\u0142y twarde, sypkie oraz p\u0142ynne.<\/p>\n<p>Sp\u00f3\u0142ka z o.o. &#8222;Sadvitos transportas&#8221; wsp\u00f3\u0142pracuje z wiarygodnymi partnerami, dysponuje i realizuje us\u0142ugi transportowania kontener\u00f3w pe\u0142nych oraz \u0142adunk\u00f3w cz\u0119\u015bciowych. Doskonale rozwini\u0119ta infrastruktura logistyczna zapewnia rytmiczno\u015b\u0107 oraz operatywno\u015b\u0107 prac. Sp\u00f3\u0142ka z o.o. &#8222;Sadvitos transportas&#8221; wykonuje przew\u00f3z kontener\u00f3w do (z) port\u00f3w morskich, wype\u0142nia dokumenty dotycz\u0105ce transportowania \u0142adunk\u00f3w, wykonuje zadania zwi\u0105zane z po\u015brednictwem celnym, organizuje prace odbioru i dostarczania \u0142adunk\u00f3w.<\/p>\n<p><strong>Jeste\u015bcie zainteresowani? Skontaktujcie si\u0119 z nami.<\/strong><\/p>\n","protected":false},"excerpt":{"rendered":"<p>Transportowanie \u0142adunk\u00f3w drog\u0105 morsk\u0105 \u2013\u00a0najbardziej rozpowszechniony rodzaj transportowania, kt\u00f3ry zapewnia maksymalne bezpiecze\u0144stwo przewo\u017conego \u0142adunku. Na statkach przewo\u017cone s\u0105 standardowe i nie odpowiadaj\u0105ce tym wymogom \u0142adunki, za\u015b szczeg\u00f3lnie du\u017ca si\u0142a no\u015bna pozwala przewozi\u0107 ci\u0119\u017ckie i wielogabarytowe \u0142adunki. Solidne, pewne kontenery ubezpieczaj\u0105 przed uszkodzeniami fizycznymi i pozwalaj\u0105 transportowa\u0107 produkty o rozmaitych stanach, tzn. materia\u0142y twarde, sypkie oraz [&hellip;]<\/p>\n","protected":false},"author":3,"featured_media":1051,"parent":1232,"menu_order":78,"comment_status":"closed","ping_status":"closed","template":"","meta":[],"yoast_head":"<!-- This site is optimized with the Yoast SEO plugin v17.4 - https:\/\/yoast.com\/wordpress\/plugins\/seo\/ -->\n<meta name=\"description\" content=\"Transportowanie \u0142adunk\u00f3w drog\u0105 morsk\u0105. Transportowanie i ekspediowanie statkami, przew\u00f3z kontener\u00f3w lokalnymi oraz mi\u0119dzynarodowymi drogami wodnymi.\" \/>\n<meta name=\"robots\" content=\"index, follow, max-snippet:-1, max-image-preview:large, max-video-preview:-1\" \/>\n<link rel=\"canonical\" href=\"http:\/\/www.sadvitairko.lt\/pl\/uslugi-logistyczne-i-transportowe\/transportowanie-ladunkow-droga-morska\/\" \/>\n<meta property=\"og:locale\" content=\"pl_PL\" \/>\n<meta property=\"og:type\" content=\"article\" \/>\n<meta property=\"og:title\" content=\"Transportowanie \u0142adunk\u00f3w drog\u0105 morsk\u0105 | SADVITOS TRANSPORTAS\" \/>\n<meta property=\"og:description\" content=\"Transportowanie \u0142adunk\u00f3w drog\u0105 morsk\u0105. Transportowanie i ekspediowanie statkami, przew\u00f3z kontener\u00f3w lokalnymi oraz mi\u0119dzynarodowymi drogami wodnymi.\" \/>\n<meta property=\"og:url\" content=\"http:\/\/www.sadvitairko.lt\/pl\/uslugi-logistyczne-i-transportowe\/transportowanie-ladunkow-droga-morska\/\" \/>\n<meta property=\"og:site_name\" content=\"Sadvita\" \/>\n<meta property=\"article:modified_time\" content=\"2016-05-20T08:41:32+00:00\" \/>\n<meta property=\"og:image\" content=\"http:\/\/www.sadvitairko.lt\/wp-content\/uploads\/kroviniu_gabenimas_jura_large.jpg\" \/>\n\t<meta property=\"og:image:width\" content=\"900\" \/>\n\t<meta property=\"og:image:height\" content=\"300\" \/>\n<meta name=\"twitter:card\" content=\"summary\" \/>\n<meta name=\"twitter:label1\" content=\"Szacowany czas czytania\" \/>\n\t<meta name=\"twitter:data1\" content=\"1 minuta\" \/>\n<script type=\"application\/ld+json\" class=\"yoast-schema-graph\">{\"@context\":\"https:\/\/schema.org\",\"@graph\":[{\"@type\":\"WebSite\",\"@id\":\"http:\/\/www.sadvitairko.lt\/lt\/#website\",\"url\":\"http:\/\/www.sadvitairko.lt\/lt\/\",\"name\":\"Sadvita\",\"description\":\"SADVITOS TRANSPORTAS\",\"potentialAction\":[{\"@type\":\"SearchAction\",\"target\":{\"@type\":\"EntryPoint\",\"urlTemplate\":\"http:\/\/www.sadvitairko.lt\/lt\/?s={search_term_string}\"},\"query-input\":\"required name=search_term_string\"}],\"inLanguage\":\"pl-PL\"},{\"@type\":\"ImageObject\",\"@id\":\"http:\/\/www.sadvitairko.lt\/pl\/uslugi-logistyczne-i-transportowe\/transportowanie-ladunkow-droga-morska\/#primaryimage\",\"inLanguage\":\"pl-PL\",\"url\":\"http:\/\/www.sadvitairko.lt\/wp-content\/uploads\/kroviniu_gabenimas_jura_large.jpg\",\"contentUrl\":\"http:\/\/www.sadvitairko.lt\/wp-content\/uploads\/kroviniu_gabenimas_jura_large.jpg\",\"width\":900,\"height\":300,\"caption\":\"Krovini\\u0173 gabenimas j\\u016bra\"},{\"@type\":\"WebPage\",\"@id\":\"http:\/\/www.sadvitairko.lt\/pl\/uslugi-logistyczne-i-transportowe\/transportowanie-ladunkow-droga-morska\/#webpage\",\"url\":\"http:\/\/www.sadvitairko.lt\/pl\/uslugi-logistyczne-i-transportowe\/transportowanie-ladunkow-droga-morska\/\",\"name\":\"Transportowanie \\u0142adunk\\u00f3w drog\\u0105 morsk\\u0105 | SADVITOS TRANSPORTAS\",\"isPartOf\":{\"@id\":\"http:\/\/www.sadvitairko.lt\/lt\/#website\"},\"primaryImageOfPage\":{\"@id\":\"http:\/\/www.sadvitairko.lt\/pl\/uslugi-logistyczne-i-transportowe\/transportowanie-ladunkow-droga-morska\/#primaryimage\"},\"datePublished\":\"2015-08-19T08:57:25+00:00\",\"dateModified\":\"2016-05-20T08:41:32+00:00\",\"description\":\"Transportowanie \\u0142adunk\\u00f3w drog\\u0105 morsk\\u0105. Transportowanie i ekspediowanie statkami, przew\\u00f3z kontener\\u00f3w lokalnymi oraz mi\\u0119dzynarodowymi drogami wodnymi.\",\"breadcrumb\":{\"@id\":\"http:\/\/www.sadvitairko.lt\/pl\/uslugi-logistyczne-i-transportowe\/transportowanie-ladunkow-droga-morska\/#breadcrumb\"},\"inLanguage\":\"pl-PL\",\"potentialAction\":[{\"@type\":\"ReadAction\",\"target\":[\"http:\/\/www.sadvitairko.lt\/pl\/uslugi-logistyczne-i-transportowe\/transportowanie-ladunkow-droga-morska\/\"]}]},{\"@type\":\"BreadcrumbList\",\"@id\":\"http:\/\/www.sadvitairko.lt\/pl\/uslugi-logistyczne-i-transportowe\/transportowanie-ladunkow-droga-morska\/#breadcrumb\",\"itemListElement\":[{\"@type\":\"ListItem\",\"position\":1,\"name\":\"Home\",\"item\":\"http:\/\/www.sadvitairko.lt\/pl\/\"},{\"@type\":\"ListItem\",\"position\":2,\"name\":\"Us\\u0142ugi logistyczne i transportowe\",\"item\":\"http:\/\/www.sadvitairko.lt\/pl\/uslugi-logistyczne-i-transportowe\/\"},{\"@type\":\"ListItem\",\"position\":3,\"name\":\"Transportowanie \\u0142adunk\\u00f3w drog\\u0105 morsk\\u0105\"}]}]}<\/script>\n<!-- \/ Yoast SEO plugin. -->","yoast_head_json":{"description":"Transportowanie \u0142adunk\u00f3w drog\u0105 morsk\u0105. Transportowanie i ekspediowanie statkami, przew\u00f3z kontener\u00f3w lokalnymi oraz mi\u0119dzynarodowymi drogami wodnymi.","robots":{"index":"index","follow":"follow","max-snippet":"max-snippet:-1","max-image-preview":"max-image-preview:large","max-video-preview":"max-video-preview:-1"},"canonical":"http:\/\/www.sadvitairko.lt\/pl\/uslugi-logistyczne-i-transportowe\/transportowanie-ladunkow-droga-morska\/","og_locale":"pl_PL","og_type":"article","og_title":"Transportowanie \u0142adunk\u00f3w drog\u0105 morsk\u0105 | SADVITOS TRANSPORTAS","og_description":"Transportowanie \u0142adunk\u00f3w drog\u0105 morsk\u0105. Transportowanie i ekspediowanie statkami, przew\u00f3z kontener\u00f3w lokalnymi oraz mi\u0119dzynarodowymi drogami wodnymi.","og_url":"http:\/\/www.sadvitairko.lt\/pl\/uslugi-logistyczne-i-transportowe\/transportowanie-ladunkow-droga-morska\/","og_site_name":"Sadvita","article_modified_time":"2016-05-20T08:41:32+00:00","og_image":[{"width":900,"height":300,"url":"http:\/\/www.sadvitairko.lt\/wp-content\/uploads\/kroviniu_gabenimas_jura_large.jpg","type":"image\/jpeg"}],"twitter_card":"summary","twitter_misc":{"Szacowany czas czytania":"1 minuta"},"schema":{"@context":"https:\/\/schema.org","@graph":[{"@type":"WebSite","@id":"http:\/\/www.sadvitairko.lt\/lt\/#website","url":"http:\/\/www.sadvitairko.lt\/lt\/","name":"Sadvita","description":"SADVITOS TRANSPORTAS","potentialAction":[{"@type":"SearchAction","target":{"@type":"EntryPoint","urlTemplate":"http:\/\/www.sadvitairko.lt\/lt\/?s={search_term_string}"},"query-input":"required name=search_term_string"}],"inLanguage":"pl-PL"},{"@type":"ImageObject","@id":"http:\/\/www.sadvitairko.lt\/pl\/uslugi-logistyczne-i-transportowe\/transportowanie-ladunkow-droga-morska\/#primaryimage","inLanguage":"pl-PL","url":"http:\/\/www.sadvitairko.lt\/wp-content\/uploads\/kroviniu_gabenimas_jura_large.jpg","contentUrl":"http:\/\/www.sadvitairko.lt\/wp-content\/uploads\/kroviniu_gabenimas_jura_large.jpg","width":900,"height":300,"caption":"Krovini\u0173 gabenimas j\u016bra"},{"@type":"WebPage","@id":"http:\/\/www.sadvitairko.lt\/pl\/uslugi-logistyczne-i-transportowe\/transportowanie-ladunkow-droga-morska\/#webpage","url":"http:\/\/www.sadvitairko.lt\/pl\/uslugi-logistyczne-i-transportowe\/transportowanie-ladunkow-droga-morska\/","name":"Transportowanie \u0142adunk\u00f3w drog\u0105 morsk\u0105 | SADVITOS TRANSPORTAS","isPartOf":{"@id":"http:\/\/www.sadvitairko.lt\/lt\/#website"},"primaryImageOfPage":{"@id":"http:\/\/www.sadvitairko.lt\/pl\/uslugi-logistyczne-i-transportowe\/transportowanie-ladunkow-droga-morska\/#primaryimage"},"datePublished":"2015-08-19T08:57:25+00:00","dateModified":"2016-05-20T08:41:32+00:00","description":"Transportowanie \u0142adunk\u00f3w drog\u0105 morsk\u0105. Transportowanie i ekspediowanie statkami, przew\u00f3z kontener\u00f3w lokalnymi oraz mi\u0119dzynarodowymi drogami wodnymi.","breadcrumb":{"@id":"http:\/\/www.sadvitairko.lt\/pl\/uslugi-logistyczne-i-transportowe\/transportowanie-ladunkow-droga-morska\/#breadcrumb"},"inLanguage":"pl-PL","potentialAction":[{"@type":"ReadAction","target":["http:\/\/www.sadvitairko.lt\/pl\/uslugi-logistyczne-i-transportowe\/transportowanie-ladunkow-droga-morska\/"]}]},{"@type":"BreadcrumbList","@id":"http:\/\/www.sadvitairko.lt\/pl\/uslugi-logistyczne-i-transportowe\/transportowanie-ladunkow-droga-morska\/#breadcrumb","itemListElement":[{"@type":"ListItem","position":1,"name":"Home","item":"http:\/\/www.sadvitairko.lt\/pl\/"},{"@type":"ListItem","position":2,"name":"Us\u0142ugi logistyczne i transportowe","item":"http:\/\/www.sadvitairko.lt\/pl\/uslugi-logistyczne-i-transportowe\/"},{"@type":"ListItem","position":3,"name":"Transportowanie \u0142adunk\u00f3w drog\u0105 morsk\u0105"}]}]}},"_links":{"self":[{"href":"http:\/\/www.sadvitairko.lt\/pl\/wp-json\/wp\/v2\/pages\/1234"}],"collection":[{"href":"http:\/\/www.sadvitairko.lt\/pl\/wp-json\/wp\/v2\/pages"}],"about":[{"href":"http:\/\/www.sadvitairko.lt\/pl\/wp-json\/wp\/v2\/types\/page"}],"author":[{"embeddable":true,"href":"http:\/\/www.sadvitairko.lt\/pl\/wp-json\/wp\/v2\/users\/3"}],"replies":[{"embeddable":true,"href":"http:\/\/www.sadvitairko.lt\/pl\/wp-json\/wp\/v2\/comments?post=1234"}],"version-history":[{"count":0,"href":"http:\/\/www.sadvitairko.lt\/pl\/wp-json\/wp\/v2\/pages\/1234\/revisions"}],"up":[{"embeddable":true,"href":"http:\/\/www.sadvitairko.lt\/pl\/wp-json\/wp\/v2\/pages\/1232"}],"wp:featuredmedia":[{"embeddable":true,"href":"http:\/\/www.sadvitairko.lt\/pl\/wp-json\/wp\/v2\/media\/1051"}],"wp:attachment":[{"href":"http:\/\/www.sadvitairko.lt\/pl\/wp-json\/wp\/v2\/media?parent=1234"}],"curies":[{"name":"wp","href":"https:\/\/api.w.org\/{rel}","templated":true}]}}