{"id":1236,"date":"2015-08-19T11:24:03","date_gmt":"2015-08-19T09:24:03","guid":{"rendered":"http:\/\/www.sadvitairko.lt\/?page_id=1236"},"modified":"2016-05-20T10:34:18","modified_gmt":"2016-05-20T08:34:18","slug":"transportowanie-ladunkow-ladem","status":"publish","type":"page","link":"http:\/\/www.sadvitairko.lt\/pl\/uslugi-logistyczne-i-transportowe\/transportowanie-ladunkow-ladem\/","title":{"rendered":"Transportowanie \u0142adunk\u00f3w l\u0105dem"},"content":{"rendered":"<p><strong>Transportowanie \u0142adunk\u00f3w l\u0105dem &#8211; <\/strong>przew\u00f3z pe\u0142nych oraz cz\u0119\u015bciowych \u0142adunk\u00f3w transportem drogowym. Sp\u00f3\u0142ka z o. o. &#8222;Sadvitos transportas&#8221; opracowuje najbardziej optymaln\u0105 marszrut\u0119 transportowania \u0142adunku, proponuje us\u0142ugi zwi\u0105zane z magazynowaniem \u0142adunk\u00f3w oraz po\u015brednictwem celnym. Sp\u00f3\u0142ka posiada du\u017cy tabor \u015brodk\u00f3w transportu, realizuje us\u0142ugi transportowania \u0142adunk\u00f3w o rozmaitych gabarytach wewn\u0105trz kraju oraz na trasach mi\u0119dzynarodowych.<\/p>\n<p>Przew\u00f3z \u0142adunk\u00f3w drog\u0105 l\u0105dow\u0105 jest najbardziej elastycznym rodzajem transportowania \u0142adunku \u2013 pozwala on na przew\u00f3z \u0142adunk\u00f3w o r\u00f3\u017cnych wymiarach i r\u00f3\u017cnej wadze. Sp\u00f3\u0142ka realizuje us\u0142ugi transportowania \u0142adunk\u00f3w standardowych, \u0142adunk\u00f3w o specjalnych wymaganiach, jak te\u017c \u0142adunk\u00f3w niebezpiecznych, wykonuje tak\u017ce zadania zwi\u0105zane z transportowaniem \u017cywno\u015bci oraz produkt\u00f3w p\u0142ynnych. Sp\u00f3\u0142ka z o. o. &#8222;Sadvitos transportas&#8221; \u015bci\u015ble przestrzegaj\u0105c rozk\u0142adu i harmonogramu przewoz\u00f3w zapewnia szczeg\u00f3lnie precyzyjne terminy wysy\u0142ania i odbierania \u0142adunku.\u00a0 Ka\u017cda marszruta jest planowana indywidualnie, wi\u0119c w sumie utrzymujemy jak najbardziej optymalne najni\u017csze koszty proponowanych us\u0142ug.<\/p>\n<p><strong>Jeste\u015bcie zainteresowani? Skontaktujcie si\u0119 z nami.<\/strong><\/p>\n","protected":false},"excerpt":{"rendered":"<p>Transportowanie \u0142adunk\u00f3w l\u0105dem &#8211; przew\u00f3z pe\u0142nych oraz cz\u0119\u015bciowych \u0142adunk\u00f3w transportem drogowym. Sp\u00f3\u0142ka z o. o. &#8222;Sadvitos transportas&#8221; opracowuje najbardziej optymaln\u0105 marszrut\u0119 transportowania \u0142adunku, proponuje us\u0142ugi zwi\u0105zane z magazynowaniem \u0142adunk\u00f3w oraz po\u015brednictwem celnym. Sp\u00f3\u0142ka posiada du\u017cy tabor \u015brodk\u00f3w transportu, realizuje us\u0142ugi transportowania \u0142adunk\u00f3w o rozmaitych gabarytach wewn\u0105trz kraju oraz na trasach mi\u0119dzynarodowych. Przew\u00f3z \u0142adunk\u00f3w drog\u0105 l\u0105dow\u0105 [&hellip;]<\/p>\n","protected":false},"author":3,"featured_media":1099,"parent":1232,"menu_order":20,"comment_status":"closed","ping_status":"closed","template":"","meta":[],"yoast_head":"<!-- This site is optimized with the Yoast SEO plugin v17.4 - https:\/\/yoast.com\/wordpress\/plugins\/seo\/ -->\n<meta name=\"description\" content=\"Transportowanie \u0142adunk\u00f3w l\u0105dem, przew\u00f3z pe\u0142nych oraz cz\u0119\u015bciowych \u0142adunk\u00f3w transportem naziemnym, dob\u00f3r marszrut, po\u015brednictwo w urz\u0119dach celnych.\" \/>\n<meta name=\"robots\" content=\"index, follow, max-snippet:-1, max-image-preview:large, max-video-preview:-1\" \/>\n<link rel=\"canonical\" href=\"http:\/\/www.sadvitairko.lt\/pl\/uslugi-logistyczne-i-transportowe\/transportowanie-ladunkow-ladem\/\" \/>\n<meta property=\"og:locale\" content=\"pl_PL\" \/>\n<meta property=\"og:type\" content=\"article\" \/>\n<meta property=\"og:title\" content=\"Transportowanie \u0142adunk\u00f3w l\u0105dem | SADVITOS TRANSPORTAS\" \/>\n<meta property=\"og:description\" content=\"Transportowanie \u0142adunk\u00f3w l\u0105dem, przew\u00f3z pe\u0142nych oraz cz\u0119\u015bciowych \u0142adunk\u00f3w transportem naziemnym, dob\u00f3r marszrut, po\u015brednictwo w urz\u0119dach celnych.\" \/>\n<meta property=\"og:url\" content=\"http:\/\/www.sadvitairko.lt\/pl\/uslugi-logistyczne-i-transportowe\/transportowanie-ladunkow-ladem\/\" \/>\n<meta property=\"og:site_name\" content=\"Sadvita\" \/>\n<meta property=\"article:modified_time\" content=\"2016-05-20T08:34:18+00:00\" \/>\n<meta property=\"og:image\" content=\"http:\/\/www.sadvitairko.lt\/wp-content\/uploads\/kroviniu_pervezimas_zeme_large.jpg\" \/>\n\t<meta property=\"og:image:width\" content=\"900\" \/>\n\t<meta property=\"og:image:height\" content=\"300\" \/>\n<meta name=\"twitter:card\" content=\"summary\" \/>\n<meta name=\"twitter:label1\" content=\"Szacowany czas czytania\" \/>\n\t<meta name=\"twitter:data1\" content=\"1 minuta\" \/>\n<script type=\"application\/ld+json\" class=\"yoast-schema-graph\">{\"@context\":\"https:\/\/schema.org\",\"@graph\":[{\"@type\":\"WebSite\",\"@id\":\"http:\/\/www.sadvitairko.lt\/lt\/#website\",\"url\":\"http:\/\/www.sadvitairko.lt\/lt\/\",\"name\":\"Sadvita\",\"description\":\"SADVITOS TRANSPORTAS\",\"potentialAction\":[{\"@type\":\"SearchAction\",\"target\":{\"@type\":\"EntryPoint\",\"urlTemplate\":\"http:\/\/www.sadvitairko.lt\/lt\/?s={search_term_string}\"},\"query-input\":\"required name=search_term_string\"}],\"inLanguage\":\"pl-PL\"},{\"@type\":\"ImageObject\",\"@id\":\"http:\/\/www.sadvitairko.lt\/pl\/uslugi-logistyczne-i-transportowe\/transportowanie-ladunkow-ladem\/#primaryimage\",\"inLanguage\":\"pl-PL\",\"url\":\"http:\/\/www.sadvitairko.lt\/wp-content\/uploads\/kroviniu_pervezimas_zeme_large.jpg\",\"contentUrl\":\"http:\/\/www.sadvitairko.lt\/wp-content\/uploads\/kroviniu_pervezimas_zeme_large.jpg\",\"width\":900,\"height\":300},{\"@type\":\"WebPage\",\"@id\":\"http:\/\/www.sadvitairko.lt\/pl\/uslugi-logistyczne-i-transportowe\/transportowanie-ladunkow-ladem\/#webpage\",\"url\":\"http:\/\/www.sadvitairko.lt\/pl\/uslugi-logistyczne-i-transportowe\/transportowanie-ladunkow-ladem\/\",\"name\":\"Transportowanie \\u0142adunk\\u00f3w l\\u0105dem | SADVITOS TRANSPORTAS\",\"isPartOf\":{\"@id\":\"http:\/\/www.sadvitairko.lt\/lt\/#website\"},\"primaryImageOfPage\":{\"@id\":\"http:\/\/www.sadvitairko.lt\/pl\/uslugi-logistyczne-i-transportowe\/transportowanie-ladunkow-ladem\/#primaryimage\"},\"datePublished\":\"2015-08-19T09:24:03+00:00\",\"dateModified\":\"2016-05-20T08:34:18+00:00\",\"description\":\"Transportowanie \\u0142adunk\\u00f3w l\\u0105dem, przew\\u00f3z pe\\u0142nych oraz cz\\u0119\\u015bciowych \\u0142adunk\\u00f3w transportem naziemnym, dob\\u00f3r marszrut, po\\u015brednictwo w urz\\u0119dach celnych.\",\"breadcrumb\":{\"@id\":\"http:\/\/www.sadvitairko.lt\/pl\/uslugi-logistyczne-i-transportowe\/transportowanie-ladunkow-ladem\/#breadcrumb\"},\"inLanguage\":\"pl-PL\",\"potentialAction\":[{\"@type\":\"ReadAction\",\"target\":[\"http:\/\/www.sadvitairko.lt\/pl\/uslugi-logistyczne-i-transportowe\/transportowanie-ladunkow-ladem\/\"]}]},{\"@type\":\"BreadcrumbList\",\"@id\":\"http:\/\/www.sadvitairko.lt\/pl\/uslugi-logistyczne-i-transportowe\/transportowanie-ladunkow-ladem\/#breadcrumb\",\"itemListElement\":[{\"@type\":\"ListItem\",\"position\":1,\"name\":\"Home\",\"item\":\"http:\/\/www.sadvitairko.lt\/pl\/\"},{\"@type\":\"ListItem\",\"position\":2,\"name\":\"Us\\u0142ugi logistyczne i transportowe\",\"item\":\"http:\/\/www.sadvitairko.lt\/pl\/uslugi-logistyczne-i-transportowe\/\"},{\"@type\":\"ListItem\",\"position\":3,\"name\":\"Transportowanie \\u0142adunk\\u00f3w l\\u0105dem\"}]}]}<\/script>\n<!-- \/ Yoast SEO plugin. -->","yoast_head_json":{"description":"Transportowanie \u0142adunk\u00f3w l\u0105dem, przew\u00f3z pe\u0142nych oraz cz\u0119\u015bciowych \u0142adunk\u00f3w transportem naziemnym, dob\u00f3r marszrut, po\u015brednictwo w urz\u0119dach celnych.","robots":{"index":"index","follow":"follow","max-snippet":"max-snippet:-1","max-image-preview":"max-image-preview:large","max-video-preview":"max-video-preview:-1"},"canonical":"http:\/\/www.sadvitairko.lt\/pl\/uslugi-logistyczne-i-transportowe\/transportowanie-ladunkow-ladem\/","og_locale":"pl_PL","og_type":"article","og_title":"Transportowanie \u0142adunk\u00f3w l\u0105dem | SADVITOS TRANSPORTAS","og_description":"Transportowanie \u0142adunk\u00f3w l\u0105dem, przew\u00f3z pe\u0142nych oraz cz\u0119\u015bciowych \u0142adunk\u00f3w transportem naziemnym, dob\u00f3r marszrut, po\u015brednictwo w urz\u0119dach celnych.","og_url":"http:\/\/www.sadvitairko.lt\/pl\/uslugi-logistyczne-i-transportowe\/transportowanie-ladunkow-ladem\/","og_site_name":"Sadvita","article_modified_time":"2016-05-20T08:34:18+00:00","og_image":[{"width":900,"height":300,"url":"http:\/\/www.sadvitairko.lt\/wp-content\/uploads\/kroviniu_pervezimas_zeme_large.jpg","type":"image\/jpeg"}],"twitter_card":"summary","twitter_misc":{"Szacowany czas czytania":"1 minuta"},"schema":{"@context":"https:\/\/schema.org","@graph":[{"@type":"WebSite","@id":"http:\/\/www.sadvitairko.lt\/lt\/#website","url":"http:\/\/www.sadvitairko.lt\/lt\/","name":"Sadvita","description":"SADVITOS TRANSPORTAS","potentialAction":[{"@type":"SearchAction","target":{"@type":"EntryPoint","urlTemplate":"http:\/\/www.sadvitairko.lt\/lt\/?s={search_term_string}"},"query-input":"required name=search_term_string"}],"inLanguage":"pl-PL"},{"@type":"ImageObject","@id":"http:\/\/www.sadvitairko.lt\/pl\/uslugi-logistyczne-i-transportowe\/transportowanie-ladunkow-ladem\/#primaryimage","inLanguage":"pl-PL","url":"http:\/\/www.sadvitairko.lt\/wp-content\/uploads\/kroviniu_pervezimas_zeme_large.jpg","contentUrl":"http:\/\/www.sadvitairko.lt\/wp-content\/uploads\/kroviniu_pervezimas_zeme_large.jpg","width":900,"height":300},{"@type":"WebPage","@id":"http:\/\/www.sadvitairko.lt\/pl\/uslugi-logistyczne-i-transportowe\/transportowanie-ladunkow-ladem\/#webpage","url":"http:\/\/www.sadvitairko.lt\/pl\/uslugi-logistyczne-i-transportowe\/transportowanie-ladunkow-ladem\/","name":"Transportowanie \u0142adunk\u00f3w l\u0105dem | SADVITOS TRANSPORTAS","isPartOf":{"@id":"http:\/\/www.sadvitairko.lt\/lt\/#website"},"primaryImageOfPage":{"@id":"http:\/\/www.sadvitairko.lt\/pl\/uslugi-logistyczne-i-transportowe\/transportowanie-ladunkow-ladem\/#primaryimage"},"datePublished":"2015-08-19T09:24:03+00:00","dateModified":"2016-05-20T08:34:18+00:00","description":"Transportowanie \u0142adunk\u00f3w l\u0105dem, przew\u00f3z pe\u0142nych oraz cz\u0119\u015bciowych \u0142adunk\u00f3w transportem naziemnym, dob\u00f3r marszrut, po\u015brednictwo w urz\u0119dach celnych.","breadcrumb":{"@id":"http:\/\/www.sadvitairko.lt\/pl\/uslugi-logistyczne-i-transportowe\/transportowanie-ladunkow-ladem\/#breadcrumb"},"inLanguage":"pl-PL","potentialAction":[{"@type":"ReadAction","target":["http:\/\/www.sadvitairko.lt\/pl\/uslugi-logistyczne-i-transportowe\/transportowanie-ladunkow-ladem\/"]}]},{"@type":"BreadcrumbList","@id":"http:\/\/www.sadvitairko.lt\/pl\/uslugi-logistyczne-i-transportowe\/transportowanie-ladunkow-ladem\/#breadcrumb","itemListElement":[{"@type":"ListItem","position":1,"name":"Home","item":"http:\/\/www.sadvitairko.lt\/pl\/"},{"@type":"ListItem","position":2,"name":"Us\u0142ugi logistyczne i transportowe","item":"http:\/\/www.sadvitairko.lt\/pl\/uslugi-logistyczne-i-transportowe\/"},{"@type":"ListItem","position":3,"name":"Transportowanie \u0142adunk\u00f3w l\u0105dem"}]}]}},"_links":{"self":[{"href":"http:\/\/www.sadvitairko.lt\/pl\/wp-json\/wp\/v2\/pages\/1236"}],"collection":[{"href":"http:\/\/www.sadvitairko.lt\/pl\/wp-json\/wp\/v2\/pages"}],"about":[{"href":"http:\/\/www.sadvitairko.lt\/pl\/wp-json\/wp\/v2\/types\/page"}],"author":[{"embeddable":true,"href":"http:\/\/www.sadvitairko.lt\/pl\/wp-json\/wp\/v2\/users\/3"}],"replies":[{"embeddable":true,"href":"http:\/\/www.sadvitairko.lt\/pl\/wp-json\/wp\/v2\/comments?post=1236"}],"version-history":[{"count":0,"href":"http:\/\/www.sadvitairko.lt\/pl\/wp-json\/wp\/v2\/pages\/1236\/revisions"}],"up":[{"embeddable":true,"href":"http:\/\/www.sadvitairko.lt\/pl\/wp-json\/wp\/v2\/pages\/1232"}],"wp:featuredmedia":[{"embeddable":true,"href":"http:\/\/www.sadvitairko.lt\/pl\/wp-json\/wp\/v2\/media\/1099"}],"wp:attachment":[{"href":"http:\/\/www.sadvitairko.lt\/pl\/wp-json\/wp\/v2\/media?parent=1236"}],"curies":[{"name":"wp","href":"https:\/\/api.w.org\/{rel}","templated":true}]}}