{"id":1239,"date":"2015-08-19T11:28:16","date_gmt":"2015-08-19T09:28:16","guid":{"rendered":"http:\/\/www.sadvitairko.lt\/?page_id=1239"},"modified":"2016-05-20T10:35:12","modified_gmt":"2016-05-20T08:35:12","slug":"transportowanie-ladunkow-powietrzem","status":"publish","type":"page","link":"http:\/\/www.sadvitairko.lt\/pl\/uslugi-logistyczne-i-transportowe\/transportowanie-ladunkow-powietrzem\/","title":{"rendered":"Transportowanie \u0142adunk\u00f3w powietrzem"},"content":{"rendered":"<p><strong>Transportowanie \u0142adunk\u00f3w powietrzem<\/strong> jest najszybszym i najbardziej bezpiecznym sposobem przewozu \u0142adunk\u00f3w r\u00f3\u017cnego rodzaju. Szczeg\u00f3ln\u0105 uwag\u0119 udziela si\u0119 pilnym, szybko psuj\u0105cym si\u0119 oraz bardzo cennym \u0142adunkom. Transportowanie \u0142adunk\u00f3w mo\u017ce by\u0107 realizowane na wszelkich trasach i kierunkach \u015bwiata, poniewa\u017c transport powietrzny i rozwini\u0119ta infrastruktura pozwala pokonywa\u0107 szczeg\u00f3lnie wielkie odleg\u0142o\u015bci w najkr\u00f3tszym czasie.<\/p>\n<p>Sp\u00f3\u0142ka z o. o. \u201eSadvitos transportas\u201d realizuje wysoce profesjonalne us\u0142ugi logistyczne. \u0141adunki s\u0105 transportowane do wszystkich kraj\u00f3w \u015bwiata, drogami powietrznymi przewo\u017cone standardowe, nie gabarytowe, niebezpieczne \u0142adunki, jak r\u00f3wnie\u017c \u0142adunki o specjalnych wymogach temperatury.\u00a0 Nasza firma proponuje us\u0142ugi, zwi\u0105zane z przygotowaniem dokumentacji oraz z po\u015brednictwem celnym. Na \u017cyczenie klienta Sp\u00f3\u0142ka z o. o. \u201eSadvitos transportas\u201d wykonuje prace z zakresu magazynowania, sortowania oraz pakowania, a tak\u017ce organizuje zadania zwi\u0105zane z odbiorem i dostaw\u0105 \u0142adunku.<\/p>\n<p><strong>Jeste\u015bcie zainteresowani? Skontaktujcie si\u0119 z nami.<\/strong><\/p>\n","protected":false},"excerpt":{"rendered":"<p>Transportowanie \u0142adunk\u00f3w powietrzem jest najszybszym i najbardziej bezpiecznym sposobem przewozu \u0142adunk\u00f3w r\u00f3\u017cnego rodzaju. Szczeg\u00f3ln\u0105 uwag\u0119 udziela si\u0119 pilnym, szybko psuj\u0105cym si\u0119 oraz bardzo cennym \u0142adunkom. Transportowanie \u0142adunk\u00f3w mo\u017ce by\u0107 realizowane na wszelkich trasach i kierunkach \u015bwiata, poniewa\u017c transport powietrzny i rozwini\u0119ta infrastruktura pozwala pokonywa\u0107 szczeg\u00f3lnie wielkie odleg\u0142o\u015bci w najkr\u00f3tszym czasie. Sp\u00f3\u0142ka z o. o. \u201eSadvitos [&hellip;]<\/p>\n","protected":false},"author":3,"featured_media":1053,"parent":1232,"menu_order":28,"comment_status":"closed","ping_status":"closed","template":"","meta":[],"yoast_head":"<!-- This site is optimized with the Yoast SEO plugin v17.4 - https:\/\/yoast.com\/wordpress\/plugins\/seo\/ -->\n<meta name=\"description\" content=\"Transportowanie \u0142adunk\u00f3w powietrzem. Transportowanie pilnych, cennych i szybko psuj\u0105cych si\u0119 \u0142adunk\u00f3w. Przygotowanie dokumentacji \u0142adunku, za\u0142atwianie formalno\u015bci celnych.\" \/>\n<meta name=\"robots\" content=\"index, follow, max-snippet:-1, max-image-preview:large, max-video-preview:-1\" \/>\n<link rel=\"canonical\" href=\"http:\/\/www.sadvitairko.lt\/pl\/uslugi-logistyczne-i-transportowe\/transportowanie-ladunkow-powietrzem\/\" \/>\n<meta property=\"og:locale\" content=\"pl_PL\" \/>\n<meta property=\"og:type\" content=\"article\" \/>\n<meta property=\"og:title\" content=\"Transportowanie \u0142adunk\u00f3w powietrzem | SADVITOS TRANSPORTAS\" \/>\n<meta property=\"og:description\" content=\"Transportowanie \u0142adunk\u00f3w powietrzem. Transportowanie pilnych, cennych i szybko psuj\u0105cych si\u0119 \u0142adunk\u00f3w. Przygotowanie dokumentacji \u0142adunku, za\u0142atwianie formalno\u015bci celnych.\" \/>\n<meta property=\"og:url\" content=\"http:\/\/www.sadvitairko.lt\/pl\/uslugi-logistyczne-i-transportowe\/transportowanie-ladunkow-powietrzem\/\" \/>\n<meta property=\"og:site_name\" content=\"Sadvita\" \/>\n<meta property=\"article:modified_time\" content=\"2016-05-20T08:35:12+00:00\" \/>\n<meta property=\"og:image\" content=\"http:\/\/www.sadvitairko.lt\/wp-content\/uploads\/kroviniu_gabenimas_oru_large.jpg\" \/>\n\t<meta property=\"og:image:width\" content=\"900\" \/>\n\t<meta property=\"og:image:height\" content=\"300\" \/>\n<meta name=\"twitter:card\" content=\"summary\" \/>\n<meta name=\"twitter:label1\" content=\"Szacowany czas czytania\" \/>\n\t<meta name=\"twitter:data1\" content=\"1 minuta\" \/>\n<script type=\"application\/ld+json\" class=\"yoast-schema-graph\">{\"@context\":\"https:\/\/schema.org\",\"@graph\":[{\"@type\":\"WebSite\",\"@id\":\"http:\/\/www.sadvitairko.lt\/lt\/#website\",\"url\":\"http:\/\/www.sadvitairko.lt\/lt\/\",\"name\":\"Sadvita\",\"description\":\"SADVITOS TRANSPORTAS\",\"potentialAction\":[{\"@type\":\"SearchAction\",\"target\":{\"@type\":\"EntryPoint\",\"urlTemplate\":\"http:\/\/www.sadvitairko.lt\/lt\/?s={search_term_string}\"},\"query-input\":\"required name=search_term_string\"}],\"inLanguage\":\"pl-PL\"},{\"@type\":\"ImageObject\",\"@id\":\"http:\/\/www.sadvitairko.lt\/pl\/uslugi-logistyczne-i-transportowe\/transportowanie-ladunkow-powietrzem\/#primaryimage\",\"inLanguage\":\"pl-PL\",\"url\":\"http:\/\/www.sadvitairko.lt\/wp-content\/uploads\/kroviniu_gabenimas_oru_large.jpg\",\"contentUrl\":\"http:\/\/www.sadvitairko.lt\/wp-content\/uploads\/kroviniu_gabenimas_oru_large.jpg\",\"width\":900,\"height\":300,\"caption\":\"Krovini\\u0173 gabenimas oru\"},{\"@type\":\"WebPage\",\"@id\":\"http:\/\/www.sadvitairko.lt\/pl\/uslugi-logistyczne-i-transportowe\/transportowanie-ladunkow-powietrzem\/#webpage\",\"url\":\"http:\/\/www.sadvitairko.lt\/pl\/uslugi-logistyczne-i-transportowe\/transportowanie-ladunkow-powietrzem\/\",\"name\":\"Transportowanie \\u0142adunk\\u00f3w powietrzem | SADVITOS TRANSPORTAS\",\"isPartOf\":{\"@id\":\"http:\/\/www.sadvitairko.lt\/lt\/#website\"},\"primaryImageOfPage\":{\"@id\":\"http:\/\/www.sadvitairko.lt\/pl\/uslugi-logistyczne-i-transportowe\/transportowanie-ladunkow-powietrzem\/#primaryimage\"},\"datePublished\":\"2015-08-19T09:28:16+00:00\",\"dateModified\":\"2016-05-20T08:35:12+00:00\",\"description\":\"Transportowanie \\u0142adunk\\u00f3w powietrzem. Transportowanie pilnych, cennych i szybko psuj\\u0105cych si\\u0119 \\u0142adunk\\u00f3w. Przygotowanie dokumentacji \\u0142adunku, za\\u0142atwianie formalno\\u015bci celnych.\",\"breadcrumb\":{\"@id\":\"http:\/\/www.sadvitairko.lt\/pl\/uslugi-logistyczne-i-transportowe\/transportowanie-ladunkow-powietrzem\/#breadcrumb\"},\"inLanguage\":\"pl-PL\",\"potentialAction\":[{\"@type\":\"ReadAction\",\"target\":[\"http:\/\/www.sadvitairko.lt\/pl\/uslugi-logistyczne-i-transportowe\/transportowanie-ladunkow-powietrzem\/\"]}]},{\"@type\":\"BreadcrumbList\",\"@id\":\"http:\/\/www.sadvitairko.lt\/pl\/uslugi-logistyczne-i-transportowe\/transportowanie-ladunkow-powietrzem\/#breadcrumb\",\"itemListElement\":[{\"@type\":\"ListItem\",\"position\":1,\"name\":\"Home\",\"item\":\"http:\/\/www.sadvitairko.lt\/pl\/\"},{\"@type\":\"ListItem\",\"position\":2,\"name\":\"Us\\u0142ugi logistyczne i transportowe\",\"item\":\"http:\/\/www.sadvitairko.lt\/pl\/uslugi-logistyczne-i-transportowe\/\"},{\"@type\":\"ListItem\",\"position\":3,\"name\":\"Transportowanie \\u0142adunk\\u00f3w powietrzem\"}]}]}<\/script>\n<!-- \/ Yoast SEO plugin. -->","yoast_head_json":{"description":"Transportowanie \u0142adunk\u00f3w powietrzem. Transportowanie pilnych, cennych i szybko psuj\u0105cych si\u0119 \u0142adunk\u00f3w. Przygotowanie dokumentacji \u0142adunku, za\u0142atwianie formalno\u015bci celnych.","robots":{"index":"index","follow":"follow","max-snippet":"max-snippet:-1","max-image-preview":"max-image-preview:large","max-video-preview":"max-video-preview:-1"},"canonical":"http:\/\/www.sadvitairko.lt\/pl\/uslugi-logistyczne-i-transportowe\/transportowanie-ladunkow-powietrzem\/","og_locale":"pl_PL","og_type":"article","og_title":"Transportowanie \u0142adunk\u00f3w powietrzem | SADVITOS TRANSPORTAS","og_description":"Transportowanie \u0142adunk\u00f3w powietrzem. Transportowanie pilnych, cennych i szybko psuj\u0105cych si\u0119 \u0142adunk\u00f3w. Przygotowanie dokumentacji \u0142adunku, za\u0142atwianie formalno\u015bci celnych.","og_url":"http:\/\/www.sadvitairko.lt\/pl\/uslugi-logistyczne-i-transportowe\/transportowanie-ladunkow-powietrzem\/","og_site_name":"Sadvita","article_modified_time":"2016-05-20T08:35:12+00:00","og_image":[{"width":900,"height":300,"url":"http:\/\/www.sadvitairko.lt\/wp-content\/uploads\/kroviniu_gabenimas_oru_large.jpg","type":"image\/jpeg"}],"twitter_card":"summary","twitter_misc":{"Szacowany czas czytania":"1 minuta"},"schema":{"@context":"https:\/\/schema.org","@graph":[{"@type":"WebSite","@id":"http:\/\/www.sadvitairko.lt\/lt\/#website","url":"http:\/\/www.sadvitairko.lt\/lt\/","name":"Sadvita","description":"SADVITOS TRANSPORTAS","potentialAction":[{"@type":"SearchAction","target":{"@type":"EntryPoint","urlTemplate":"http:\/\/www.sadvitairko.lt\/lt\/?s={search_term_string}"},"query-input":"required name=search_term_string"}],"inLanguage":"pl-PL"},{"@type":"ImageObject","@id":"http:\/\/www.sadvitairko.lt\/pl\/uslugi-logistyczne-i-transportowe\/transportowanie-ladunkow-powietrzem\/#primaryimage","inLanguage":"pl-PL","url":"http:\/\/www.sadvitairko.lt\/wp-content\/uploads\/kroviniu_gabenimas_oru_large.jpg","contentUrl":"http:\/\/www.sadvitairko.lt\/wp-content\/uploads\/kroviniu_gabenimas_oru_large.jpg","width":900,"height":300,"caption":"Krovini\u0173 gabenimas oru"},{"@type":"WebPage","@id":"http:\/\/www.sadvitairko.lt\/pl\/uslugi-logistyczne-i-transportowe\/transportowanie-ladunkow-powietrzem\/#webpage","url":"http:\/\/www.sadvitairko.lt\/pl\/uslugi-logistyczne-i-transportowe\/transportowanie-ladunkow-powietrzem\/","name":"Transportowanie \u0142adunk\u00f3w powietrzem | SADVITOS TRANSPORTAS","isPartOf":{"@id":"http:\/\/www.sadvitairko.lt\/lt\/#website"},"primaryImageOfPage":{"@id":"http:\/\/www.sadvitairko.lt\/pl\/uslugi-logistyczne-i-transportowe\/transportowanie-ladunkow-powietrzem\/#primaryimage"},"datePublished":"2015-08-19T09:28:16+00:00","dateModified":"2016-05-20T08:35:12+00:00","description":"Transportowanie \u0142adunk\u00f3w powietrzem. Transportowanie pilnych, cennych i szybko psuj\u0105cych si\u0119 \u0142adunk\u00f3w. Przygotowanie dokumentacji \u0142adunku, za\u0142atwianie formalno\u015bci celnych.","breadcrumb":{"@id":"http:\/\/www.sadvitairko.lt\/pl\/uslugi-logistyczne-i-transportowe\/transportowanie-ladunkow-powietrzem\/#breadcrumb"},"inLanguage":"pl-PL","potentialAction":[{"@type":"ReadAction","target":["http:\/\/www.sadvitairko.lt\/pl\/uslugi-logistyczne-i-transportowe\/transportowanie-ladunkow-powietrzem\/"]}]},{"@type":"BreadcrumbList","@id":"http:\/\/www.sadvitairko.lt\/pl\/uslugi-logistyczne-i-transportowe\/transportowanie-ladunkow-powietrzem\/#breadcrumb","itemListElement":[{"@type":"ListItem","position":1,"name":"Home","item":"http:\/\/www.sadvitairko.lt\/pl\/"},{"@type":"ListItem","position":2,"name":"Us\u0142ugi logistyczne i transportowe","item":"http:\/\/www.sadvitairko.lt\/pl\/uslugi-logistyczne-i-transportowe\/"},{"@type":"ListItem","position":3,"name":"Transportowanie \u0142adunk\u00f3w powietrzem"}]}]}},"_links":{"self":[{"href":"http:\/\/www.sadvitairko.lt\/pl\/wp-json\/wp\/v2\/pages\/1239"}],"collection":[{"href":"http:\/\/www.sadvitairko.lt\/pl\/wp-json\/wp\/v2\/pages"}],"about":[{"href":"http:\/\/www.sadvitairko.lt\/pl\/wp-json\/wp\/v2\/types\/page"}],"author":[{"embeddable":true,"href":"http:\/\/www.sadvitairko.lt\/pl\/wp-json\/wp\/v2\/users\/3"}],"replies":[{"embeddable":true,"href":"http:\/\/www.sadvitairko.lt\/pl\/wp-json\/wp\/v2\/comments?post=1239"}],"version-history":[{"count":0,"href":"http:\/\/www.sadvitairko.lt\/pl\/wp-json\/wp\/v2\/pages\/1239\/revisions"}],"up":[{"embeddable":true,"href":"http:\/\/www.sadvitairko.lt\/pl\/wp-json\/wp\/v2\/pages\/1232"}],"wp:featuredmedia":[{"embeddable":true,"href":"http:\/\/www.sadvitairko.lt\/pl\/wp-json\/wp\/v2\/media\/1053"}],"wp:attachment":[{"href":"http:\/\/www.sadvitairko.lt\/pl\/wp-json\/wp\/v2\/media?parent=1239"}],"curies":[{"name":"wp","href":"https:\/\/api.w.org\/{rel}","templated":true}]}}