{"id":1241,"date":"2015-08-19T11:32:22","date_gmt":"2015-08-19T09:32:22","guid":{"rendered":"http:\/\/www.sadvitairko.lt\/?page_id=1241"},"modified":"2016-05-20T10:37:10","modified_gmt":"2016-05-20T08:37:10","slug":"transportowanie-ladunkow-koleja","status":"publish","type":"page","link":"http:\/\/www.sadvitairko.lt\/pl\/uslugi-logistyczne-i-transportowe\/transportowanie-ladunkow-koleja\/","title":{"rendered":"Transportowanie \u0142adunk\u00f3w kolej\u0105"},"content":{"rendered":"<p><strong>Transportowanie \u0142adunk\u00f3w kolej\u0105 \u2013 <\/strong>to pod wzgl\u0119dem ekonomicznym najbardziej korzystny spos\u00f3b przewozu \u0142adunk\u00f3w, kt\u00f3ry daje mo\u017cliwo\u015b\u0107 transportowania produkt\u00f3w o r\u00f3\u017cnych wymiarach, o r\u00f3\u017cnej wadze i o niestandardowych gabarytach. W por\u00f3wnaniu z przewozem \u0142adunk\u00f3w drogami samochodowymi, koszty transportowania kolej\u0105 s\u0105 mniejsze o ponad 30 procent. Solidne, twarde kontenery oraz r\u00f3\u017cnego rodzaju wagony ochraniaj\u0105 towary przed uszkodzeniem fizycznym oraz przed szkodliwym oddzia\u0142ywaniem \u015brodowiska.<\/p>\n<p>Sp\u00f3\u0142ka z o. o. \u201eSadvitos transportas\u201d realizuje us\u0142ugi transportowania towarowymi wagonami i przewozu kontener\u00f3w w Rosji i w innych krajach Wsp\u00f3lnoty Niepodleg\u0142ych Pa\u0144stw. Wagony s\u0105 urz\u0105dzone wed\u0142ug indywidualnych potrzeb i wymog\u00f3w w zale\u017cno\u015bci od w\u0142a\u015bciwo\u015bci transportowanego \u0142adunku \u2013 w ten spos\u00f3b zapewnia si\u0119 mniejsze koszty przewozu. Sp\u00f3\u0142ka tak\u017ce opracowuje najbardziej optymalne marszruty transportowania, sporz\u0105dza dokumentacj\u0119 zwi\u0105zan\u0105 przewozem \u0142adunku oraz reprezentuje interesy swych klient\u00f3w w urz\u0119dach celnych.\u00a0 Nasza firma wsp\u00f3\u0142pracuje z wiarygodnymi partnerami zagranicznymi, maj\u0105cymi wieloletnie do\u015bwiadczenie pracy.<\/p>\n<p><strong>Jeste\u015bcie zainteresowani? Skontaktujcie si\u0119 z nami.<\/strong><\/p>\n","protected":false},"excerpt":{"rendered":"<p>Transportowanie \u0142adunk\u00f3w kolej\u0105 \u2013 to pod wzgl\u0119dem ekonomicznym najbardziej korzystny spos\u00f3b przewozu \u0142adunk\u00f3w, kt\u00f3ry daje mo\u017cliwo\u015b\u0107 transportowania produkt\u00f3w o r\u00f3\u017cnych wymiarach, o r\u00f3\u017cnej wadze i o niestandardowych gabarytach. W por\u00f3wnaniu z przewozem \u0142adunk\u00f3w drogami samochodowymi, koszty transportowania kolej\u0105 s\u0105 mniejsze o ponad 30 procent. Solidne, twarde kontenery oraz r\u00f3\u017cnego rodzaju wagony ochraniaj\u0105 towary przed uszkodzeniem [&hellip;]<\/p>\n","protected":false},"author":3,"featured_media":1103,"parent":1232,"menu_order":36,"comment_status":"closed","ping_status":"closed","template":"","meta":[],"yoast_head":"<!-- This site is optimized with the Yoast SEO plugin v17.4 - https:\/\/yoast.com\/wordpress\/plugins\/seo\/ -->\n<meta name=\"description\" content=\"Transportowanie \u0142adunk\u00f3w kolej\u0105. Przew\u00f3z \u0142adunk\u00f3w wagonami, p\u00f3\u0142wagonami, kontenerami o r\u00f3\u017cnej pojemno\u015bci. Maksymalne bezpiecze\u0144stwo, maksymalna operatywno\u015b\u0107.\" \/>\n<meta name=\"robots\" content=\"index, follow, max-snippet:-1, max-image-preview:large, max-video-preview:-1\" \/>\n<link rel=\"canonical\" href=\"http:\/\/www.sadvitairko.lt\/pl\/uslugi-logistyczne-i-transportowe\/transportowanie-ladunkow-koleja\/\" \/>\n<meta property=\"og:locale\" content=\"pl_PL\" \/>\n<meta property=\"og:type\" content=\"article\" \/>\n<meta property=\"og:title\" content=\"Transportowanie \u0142adunk\u00f3w kolej\u0105 | SADVITOS TRANSPORTAS\" \/>\n<meta property=\"og:description\" content=\"Transportowanie \u0142adunk\u00f3w kolej\u0105. Przew\u00f3z \u0142adunk\u00f3w wagonami, p\u00f3\u0142wagonami, kontenerami o r\u00f3\u017cnej pojemno\u015bci. Maksymalne bezpiecze\u0144stwo, maksymalna operatywno\u015b\u0107.\" \/>\n<meta property=\"og:url\" content=\"http:\/\/www.sadvitairko.lt\/pl\/uslugi-logistyczne-i-transportowe\/transportowanie-ladunkow-koleja\/\" \/>\n<meta property=\"og:site_name\" content=\"Sadvita\" \/>\n<meta property=\"article:modified_time\" content=\"2016-05-20T08:37:10+00:00\" \/>\n<meta property=\"og:image\" content=\"http:\/\/www.sadvitairko.lt\/wp-content\/uploads\/kroviniu_gabenimas_gelezinkeliu_large.jpg\" \/>\n\t<meta property=\"og:image:width\" content=\"900\" \/>\n\t<meta property=\"og:image:height\" content=\"300\" \/>\n<meta name=\"twitter:card\" content=\"summary\" \/>\n<meta name=\"twitter:label1\" content=\"Szacowany czas czytania\" \/>\n\t<meta name=\"twitter:data1\" content=\"1 minuta\" \/>\n<script type=\"application\/ld+json\" class=\"yoast-schema-graph\">{\"@context\":\"https:\/\/schema.org\",\"@graph\":[{\"@type\":\"WebSite\",\"@id\":\"http:\/\/www.sadvitairko.lt\/lt\/#website\",\"url\":\"http:\/\/www.sadvitairko.lt\/lt\/\",\"name\":\"Sadvita\",\"description\":\"SADVITOS TRANSPORTAS\",\"potentialAction\":[{\"@type\":\"SearchAction\",\"target\":{\"@type\":\"EntryPoint\",\"urlTemplate\":\"http:\/\/www.sadvitairko.lt\/lt\/?s={search_term_string}\"},\"query-input\":\"required name=search_term_string\"}],\"inLanguage\":\"pl-PL\"},{\"@type\":\"ImageObject\",\"@id\":\"http:\/\/www.sadvitairko.lt\/pl\/uslugi-logistyczne-i-transportowe\/transportowanie-ladunkow-koleja\/#primaryimage\",\"inLanguage\":\"pl-PL\",\"url\":\"http:\/\/www.sadvitairko.lt\/wp-content\/uploads\/kroviniu_gabenimas_gelezinkeliu_large.jpg\",\"contentUrl\":\"http:\/\/www.sadvitairko.lt\/wp-content\/uploads\/kroviniu_gabenimas_gelezinkeliu_large.jpg\",\"width\":900,\"height\":300},{\"@type\":\"WebPage\",\"@id\":\"http:\/\/www.sadvitairko.lt\/pl\/uslugi-logistyczne-i-transportowe\/transportowanie-ladunkow-koleja\/#webpage\",\"url\":\"http:\/\/www.sadvitairko.lt\/pl\/uslugi-logistyczne-i-transportowe\/transportowanie-ladunkow-koleja\/\",\"name\":\"Transportowanie \\u0142adunk\\u00f3w kolej\\u0105 | SADVITOS TRANSPORTAS\",\"isPartOf\":{\"@id\":\"http:\/\/www.sadvitairko.lt\/lt\/#website\"},\"primaryImageOfPage\":{\"@id\":\"http:\/\/www.sadvitairko.lt\/pl\/uslugi-logistyczne-i-transportowe\/transportowanie-ladunkow-koleja\/#primaryimage\"},\"datePublished\":\"2015-08-19T09:32:22+00:00\",\"dateModified\":\"2016-05-20T08:37:10+00:00\",\"description\":\"Transportowanie \\u0142adunk\\u00f3w kolej\\u0105. Przew\\u00f3z \\u0142adunk\\u00f3w wagonami, p\\u00f3\\u0142wagonami, kontenerami o r\\u00f3\\u017cnej pojemno\\u015bci. Maksymalne bezpiecze\\u0144stwo, maksymalna operatywno\\u015b\\u0107.\",\"breadcrumb\":{\"@id\":\"http:\/\/www.sadvitairko.lt\/pl\/uslugi-logistyczne-i-transportowe\/transportowanie-ladunkow-koleja\/#breadcrumb\"},\"inLanguage\":\"pl-PL\",\"potentialAction\":[{\"@type\":\"ReadAction\",\"target\":[\"http:\/\/www.sadvitairko.lt\/pl\/uslugi-logistyczne-i-transportowe\/transportowanie-ladunkow-koleja\/\"]}]},{\"@type\":\"BreadcrumbList\",\"@id\":\"http:\/\/www.sadvitairko.lt\/pl\/uslugi-logistyczne-i-transportowe\/transportowanie-ladunkow-koleja\/#breadcrumb\",\"itemListElement\":[{\"@type\":\"ListItem\",\"position\":1,\"name\":\"Home\",\"item\":\"http:\/\/www.sadvitairko.lt\/pl\/\"},{\"@type\":\"ListItem\",\"position\":2,\"name\":\"Us\\u0142ugi logistyczne i transportowe\",\"item\":\"http:\/\/www.sadvitairko.lt\/pl\/uslugi-logistyczne-i-transportowe\/\"},{\"@type\":\"ListItem\",\"position\":3,\"name\":\"Transportowanie \\u0142adunk\\u00f3w kolej\\u0105\"}]}]}<\/script>\n<!-- \/ Yoast SEO plugin. -->","yoast_head_json":{"description":"Transportowanie \u0142adunk\u00f3w kolej\u0105. Przew\u00f3z \u0142adunk\u00f3w wagonami, p\u00f3\u0142wagonami, kontenerami o r\u00f3\u017cnej pojemno\u015bci. Maksymalne bezpiecze\u0144stwo, maksymalna operatywno\u015b\u0107.","robots":{"index":"index","follow":"follow","max-snippet":"max-snippet:-1","max-image-preview":"max-image-preview:large","max-video-preview":"max-video-preview:-1"},"canonical":"http:\/\/www.sadvitairko.lt\/pl\/uslugi-logistyczne-i-transportowe\/transportowanie-ladunkow-koleja\/","og_locale":"pl_PL","og_type":"article","og_title":"Transportowanie \u0142adunk\u00f3w kolej\u0105 | SADVITOS TRANSPORTAS","og_description":"Transportowanie \u0142adunk\u00f3w kolej\u0105. Przew\u00f3z \u0142adunk\u00f3w wagonami, p\u00f3\u0142wagonami, kontenerami o r\u00f3\u017cnej pojemno\u015bci. Maksymalne bezpiecze\u0144stwo, maksymalna operatywno\u015b\u0107.","og_url":"http:\/\/www.sadvitairko.lt\/pl\/uslugi-logistyczne-i-transportowe\/transportowanie-ladunkow-koleja\/","og_site_name":"Sadvita","article_modified_time":"2016-05-20T08:37:10+00:00","og_image":[{"width":900,"height":300,"url":"http:\/\/www.sadvitairko.lt\/wp-content\/uploads\/kroviniu_gabenimas_gelezinkeliu_large.jpg","type":"image\/jpeg"}],"twitter_card":"summary","twitter_misc":{"Szacowany czas czytania":"1 minuta"},"schema":{"@context":"https:\/\/schema.org","@graph":[{"@type":"WebSite","@id":"http:\/\/www.sadvitairko.lt\/lt\/#website","url":"http:\/\/www.sadvitairko.lt\/lt\/","name":"Sadvita","description":"SADVITOS TRANSPORTAS","potentialAction":[{"@type":"SearchAction","target":{"@type":"EntryPoint","urlTemplate":"http:\/\/www.sadvitairko.lt\/lt\/?s={search_term_string}"},"query-input":"required name=search_term_string"}],"inLanguage":"pl-PL"},{"@type":"ImageObject","@id":"http:\/\/www.sadvitairko.lt\/pl\/uslugi-logistyczne-i-transportowe\/transportowanie-ladunkow-koleja\/#primaryimage","inLanguage":"pl-PL","url":"http:\/\/www.sadvitairko.lt\/wp-content\/uploads\/kroviniu_gabenimas_gelezinkeliu_large.jpg","contentUrl":"http:\/\/www.sadvitairko.lt\/wp-content\/uploads\/kroviniu_gabenimas_gelezinkeliu_large.jpg","width":900,"height":300},{"@type":"WebPage","@id":"http:\/\/www.sadvitairko.lt\/pl\/uslugi-logistyczne-i-transportowe\/transportowanie-ladunkow-koleja\/#webpage","url":"http:\/\/www.sadvitairko.lt\/pl\/uslugi-logistyczne-i-transportowe\/transportowanie-ladunkow-koleja\/","name":"Transportowanie \u0142adunk\u00f3w kolej\u0105 | SADVITOS TRANSPORTAS","isPartOf":{"@id":"http:\/\/www.sadvitairko.lt\/lt\/#website"},"primaryImageOfPage":{"@id":"http:\/\/www.sadvitairko.lt\/pl\/uslugi-logistyczne-i-transportowe\/transportowanie-ladunkow-koleja\/#primaryimage"},"datePublished":"2015-08-19T09:32:22+00:00","dateModified":"2016-05-20T08:37:10+00:00","description":"Transportowanie \u0142adunk\u00f3w kolej\u0105. Przew\u00f3z \u0142adunk\u00f3w wagonami, p\u00f3\u0142wagonami, kontenerami o r\u00f3\u017cnej pojemno\u015bci. Maksymalne bezpiecze\u0144stwo, maksymalna operatywno\u015b\u0107.","breadcrumb":{"@id":"http:\/\/www.sadvitairko.lt\/pl\/uslugi-logistyczne-i-transportowe\/transportowanie-ladunkow-koleja\/#breadcrumb"},"inLanguage":"pl-PL","potentialAction":[{"@type":"ReadAction","target":["http:\/\/www.sadvitairko.lt\/pl\/uslugi-logistyczne-i-transportowe\/transportowanie-ladunkow-koleja\/"]}]},{"@type":"BreadcrumbList","@id":"http:\/\/www.sadvitairko.lt\/pl\/uslugi-logistyczne-i-transportowe\/transportowanie-ladunkow-koleja\/#breadcrumb","itemListElement":[{"@type":"ListItem","position":1,"name":"Home","item":"http:\/\/www.sadvitairko.lt\/pl\/"},{"@type":"ListItem","position":2,"name":"Us\u0142ugi logistyczne i transportowe","item":"http:\/\/www.sadvitairko.lt\/pl\/uslugi-logistyczne-i-transportowe\/"},{"@type":"ListItem","position":3,"name":"Transportowanie \u0142adunk\u00f3w kolej\u0105"}]}]}},"_links":{"self":[{"href":"http:\/\/www.sadvitairko.lt\/pl\/wp-json\/wp\/v2\/pages\/1241"}],"collection":[{"href":"http:\/\/www.sadvitairko.lt\/pl\/wp-json\/wp\/v2\/pages"}],"about":[{"href":"http:\/\/www.sadvitairko.lt\/pl\/wp-json\/wp\/v2\/types\/page"}],"author":[{"embeddable":true,"href":"http:\/\/www.sadvitairko.lt\/pl\/wp-json\/wp\/v2\/users\/3"}],"replies":[{"embeddable":true,"href":"http:\/\/www.sadvitairko.lt\/pl\/wp-json\/wp\/v2\/comments?post=1241"}],"version-history":[{"count":0,"href":"http:\/\/www.sadvitairko.lt\/pl\/wp-json\/wp\/v2\/pages\/1241\/revisions"}],"up":[{"embeddable":true,"href":"http:\/\/www.sadvitairko.lt\/pl\/wp-json\/wp\/v2\/pages\/1232"}],"wp:featuredmedia":[{"embeddable":true,"href":"http:\/\/www.sadvitairko.lt\/pl\/wp-json\/wp\/v2\/media\/1103"}],"wp:attachment":[{"href":"http:\/\/www.sadvitairko.lt\/pl\/wp-json\/wp\/v2\/media?parent=1241"}],"curies":[{"name":"wp","href":"https:\/\/api.w.org\/{rel}","templated":true}]}}