{"id":1243,"date":"2015-08-19T11:50:05","date_gmt":"2015-08-19T09:50:05","guid":{"rendered":"http:\/\/www.sadvitairko.lt\/?page_id=1243"},"modified":"2016-05-20T10:36:30","modified_gmt":"2016-05-20T08:36:30","slug":"przewozy-multimodalne","status":"publish","type":"page","link":"http:\/\/www.sadvitairko.lt\/pl\/uslugi-logistyczne-i-transportowe\/przewozy-multimodalne\/","title":{"rendered":"Przewozy multimodalne"},"content":{"rendered":"<p><strong>Przewozy multimodalne \u2013 <\/strong>to taki spos\u00f3b transportowania \u0142adunk\u00f3w, gdy dla przewozu towar\u00f3w korzysta si\u0119 z rozmaitych \u015brodk\u00f3w transportowych. \u00a0Przewozy multimodalne organizuje si\u0119 w takich wypadkach, kiedy transportowanie \u0142adunku jednym \u015brodkiem transportu jest niemo\u017cliwe albo wtedy, gdy wymaga ono bardzo du\u017co czasu. Przy pokonywaniu du\u017cych odleg\u0142o\u015bci transportowanie multimodalne przyczynia si\u0119 do obni\u017cania koszt\u00f3w przewozu \u0142adunku, zw\u0142aszcza wtedy, gdy transportuje si\u0119 \u0142adunki o du\u017cej obj\u0119to\u015bci i maksymalnej wadze.<\/p>\n<p>Specjali\u015bci logistyki pracuj\u0105cy we Wsp\u00f3\u0142ce z o. o. \u201eSadvitos transportas\u201d maj\u0105 d\u0142ugoletnie do\u015bwiadczenie pracy. Po uwzgl\u0119dnieniu i ocenie w\u0142a\u015bciwo\u015bci konkretnego \u0142adunku oraz \u017cycze\u0144 klienta, oni proponuj\u0105 najbardziej op\u0142acalne warianty przewozu multimedialnego \u2013\u00a0 wybieraj\u0105 najbardziej optymalne marszruty i ustalaj\u0105 najbardziej atrakcyjne koszty i czas transportowania. Sp\u00f3\u0142ka realizuje tak\u017ce us\u0142ugi magazynowania \u0142adunk\u00f3w, przygotowuje dokumentacj\u0119 przewozu \u0142adunku oraz reprezentuje interesy klienta w urz\u0119dach celnych, w portach morskich, na lotniskach i stacjach.<\/p>\n<p><strong>Jeste\u015bcie zainteresowani? Skontaktujcie si\u0119 z nami.<\/strong><\/p>\n","protected":false},"excerpt":{"rendered":"<p>Przewozy multimodalne \u2013 to taki spos\u00f3b transportowania \u0142adunk\u00f3w, gdy dla przewozu towar\u00f3w korzysta si\u0119 z rozmaitych \u015brodk\u00f3w transportowych. \u00a0Przewozy multimodalne organizuje si\u0119 w takich wypadkach, kiedy transportowanie \u0142adunku jednym \u015brodkiem transportu jest niemo\u017cliwe albo wtedy, gdy wymaga ono bardzo du\u017co czasu. Przy pokonywaniu du\u017cych odleg\u0142o\u015bci transportowanie multimodalne przyczynia si\u0119 do obni\u017cania koszt\u00f3w przewozu \u0142adunku, zw\u0142aszcza [&hellip;]<\/p>\n","protected":false},"author":3,"featured_media":1057,"parent":1232,"menu_order":34,"comment_status":"closed","ping_status":"closed","template":"","meta":[],"yoast_head":"<!-- This site is optimized with the Yoast SEO plugin v17.4 - https:\/\/yoast.com\/wordpress\/plugins\/seo\/ -->\n<meta name=\"description\" content=\"Przewozy multimodalne, wyb\u00f3r marszruta, po\u015brednictwo celne. Przewozy multimodalne morzem, susz\u0105 oraz powietrzem.\" \/>\n<meta name=\"robots\" content=\"index, follow, max-snippet:-1, max-image-preview:large, max-video-preview:-1\" \/>\n<link rel=\"canonical\" href=\"http:\/\/www.sadvitairko.lt\/pl\/uslugi-logistyczne-i-transportowe\/przewozy-multimodalne\/\" \/>\n<meta property=\"og:locale\" content=\"pl_PL\" \/>\n<meta property=\"og:type\" content=\"article\" \/>\n<meta property=\"og:title\" content=\"Przewozy multimodalne | SADVITOS TRANSPORTAS\" \/>\n<meta property=\"og:description\" content=\"Przewozy multimodalne, wyb\u00f3r marszruta, po\u015brednictwo celne. Przewozy multimodalne morzem, susz\u0105 oraz powietrzem.\" \/>\n<meta property=\"og:url\" content=\"http:\/\/www.sadvitairko.lt\/pl\/uslugi-logistyczne-i-transportowe\/przewozy-multimodalne\/\" \/>\n<meta property=\"og:site_name\" content=\"Sadvita\" \/>\n<meta property=\"article:modified_time\" content=\"2016-05-20T08:36:30+00:00\" \/>\n<meta property=\"og:image\" content=\"http:\/\/www.sadvitairko.lt\/wp-content\/uploads\/multimodaliniai_pervezimai_large.jpg\" \/>\n\t<meta property=\"og:image:width\" content=\"900\" \/>\n\t<meta property=\"og:image:height\" content=\"300\" \/>\n<meta name=\"twitter:card\" content=\"summary\" \/>\n<meta name=\"twitter:label1\" content=\"Szacowany czas czytania\" \/>\n\t<meta name=\"twitter:data1\" content=\"1 minuta\" \/>\n<script type=\"application\/ld+json\" class=\"yoast-schema-graph\">{\"@context\":\"https:\/\/schema.org\",\"@graph\":[{\"@type\":\"WebSite\",\"@id\":\"http:\/\/www.sadvitairko.lt\/lt\/#website\",\"url\":\"http:\/\/www.sadvitairko.lt\/lt\/\",\"name\":\"Sadvita\",\"description\":\"SADVITOS TRANSPORTAS\",\"potentialAction\":[{\"@type\":\"SearchAction\",\"target\":{\"@type\":\"EntryPoint\",\"urlTemplate\":\"http:\/\/www.sadvitairko.lt\/lt\/?s={search_term_string}\"},\"query-input\":\"required name=search_term_string\"}],\"inLanguage\":\"pl-PL\"},{\"@type\":\"ImageObject\",\"@id\":\"http:\/\/www.sadvitairko.lt\/pl\/uslugi-logistyczne-i-transportowe\/przewozy-multimodalne\/#primaryimage\",\"inLanguage\":\"pl-PL\",\"url\":\"http:\/\/www.sadvitairko.lt\/wp-content\/uploads\/multimodaliniai_pervezimai_large.jpg\",\"contentUrl\":\"http:\/\/www.sadvitairko.lt\/wp-content\/uploads\/multimodaliniai_pervezimai_large.jpg\",\"width\":900,\"height\":300,\"caption\":\"Multimodaliniai perve\\u017eimai\"},{\"@type\":\"WebPage\",\"@id\":\"http:\/\/www.sadvitairko.lt\/pl\/uslugi-logistyczne-i-transportowe\/przewozy-multimodalne\/#webpage\",\"url\":\"http:\/\/www.sadvitairko.lt\/pl\/uslugi-logistyczne-i-transportowe\/przewozy-multimodalne\/\",\"name\":\"Przewozy multimodalne | SADVITOS TRANSPORTAS\",\"isPartOf\":{\"@id\":\"http:\/\/www.sadvitairko.lt\/lt\/#website\"},\"primaryImageOfPage\":{\"@id\":\"http:\/\/www.sadvitairko.lt\/pl\/uslugi-logistyczne-i-transportowe\/przewozy-multimodalne\/#primaryimage\"},\"datePublished\":\"2015-08-19T09:50:05+00:00\",\"dateModified\":\"2016-05-20T08:36:30+00:00\",\"description\":\"Przewozy multimodalne, wyb\\u00f3r marszruta, po\\u015brednictwo celne. Przewozy multimodalne morzem, susz\\u0105 oraz powietrzem.\",\"breadcrumb\":{\"@id\":\"http:\/\/www.sadvitairko.lt\/pl\/uslugi-logistyczne-i-transportowe\/przewozy-multimodalne\/#breadcrumb\"},\"inLanguage\":\"pl-PL\",\"potentialAction\":[{\"@type\":\"ReadAction\",\"target\":[\"http:\/\/www.sadvitairko.lt\/pl\/uslugi-logistyczne-i-transportowe\/przewozy-multimodalne\/\"]}]},{\"@type\":\"BreadcrumbList\",\"@id\":\"http:\/\/www.sadvitairko.lt\/pl\/uslugi-logistyczne-i-transportowe\/przewozy-multimodalne\/#breadcrumb\",\"itemListElement\":[{\"@type\":\"ListItem\",\"position\":1,\"name\":\"Home\",\"item\":\"http:\/\/www.sadvitairko.lt\/pl\/\"},{\"@type\":\"ListItem\",\"position\":2,\"name\":\"Us\\u0142ugi logistyczne i transportowe\",\"item\":\"http:\/\/www.sadvitairko.lt\/pl\/uslugi-logistyczne-i-transportowe\/\"},{\"@type\":\"ListItem\",\"position\":3,\"name\":\"Przewozy multimodalne\"}]}]}<\/script>\n<!-- \/ Yoast SEO plugin. -->","yoast_head_json":{"description":"Przewozy multimodalne, wyb\u00f3r marszruta, po\u015brednictwo celne. Przewozy multimodalne morzem, susz\u0105 oraz powietrzem.","robots":{"index":"index","follow":"follow","max-snippet":"max-snippet:-1","max-image-preview":"max-image-preview:large","max-video-preview":"max-video-preview:-1"},"canonical":"http:\/\/www.sadvitairko.lt\/pl\/uslugi-logistyczne-i-transportowe\/przewozy-multimodalne\/","og_locale":"pl_PL","og_type":"article","og_title":"Przewozy multimodalne | SADVITOS TRANSPORTAS","og_description":"Przewozy multimodalne, wyb\u00f3r marszruta, po\u015brednictwo celne. Przewozy multimodalne morzem, susz\u0105 oraz powietrzem.","og_url":"http:\/\/www.sadvitairko.lt\/pl\/uslugi-logistyczne-i-transportowe\/przewozy-multimodalne\/","og_site_name":"Sadvita","article_modified_time":"2016-05-20T08:36:30+00:00","og_image":[{"width":900,"height":300,"url":"http:\/\/www.sadvitairko.lt\/wp-content\/uploads\/multimodaliniai_pervezimai_large.jpg","type":"image\/jpeg"}],"twitter_card":"summary","twitter_misc":{"Szacowany czas czytania":"1 minuta"},"schema":{"@context":"https:\/\/schema.org","@graph":[{"@type":"WebSite","@id":"http:\/\/www.sadvitairko.lt\/lt\/#website","url":"http:\/\/www.sadvitairko.lt\/lt\/","name":"Sadvita","description":"SADVITOS TRANSPORTAS","potentialAction":[{"@type":"SearchAction","target":{"@type":"EntryPoint","urlTemplate":"http:\/\/www.sadvitairko.lt\/lt\/?s={search_term_string}"},"query-input":"required name=search_term_string"}],"inLanguage":"pl-PL"},{"@type":"ImageObject","@id":"http:\/\/www.sadvitairko.lt\/pl\/uslugi-logistyczne-i-transportowe\/przewozy-multimodalne\/#primaryimage","inLanguage":"pl-PL","url":"http:\/\/www.sadvitairko.lt\/wp-content\/uploads\/multimodaliniai_pervezimai_large.jpg","contentUrl":"http:\/\/www.sadvitairko.lt\/wp-content\/uploads\/multimodaliniai_pervezimai_large.jpg","width":900,"height":300,"caption":"Multimodaliniai perve\u017eimai"},{"@type":"WebPage","@id":"http:\/\/www.sadvitairko.lt\/pl\/uslugi-logistyczne-i-transportowe\/przewozy-multimodalne\/#webpage","url":"http:\/\/www.sadvitairko.lt\/pl\/uslugi-logistyczne-i-transportowe\/przewozy-multimodalne\/","name":"Przewozy multimodalne | SADVITOS TRANSPORTAS","isPartOf":{"@id":"http:\/\/www.sadvitairko.lt\/lt\/#website"},"primaryImageOfPage":{"@id":"http:\/\/www.sadvitairko.lt\/pl\/uslugi-logistyczne-i-transportowe\/przewozy-multimodalne\/#primaryimage"},"datePublished":"2015-08-19T09:50:05+00:00","dateModified":"2016-05-20T08:36:30+00:00","description":"Przewozy multimodalne, wyb\u00f3r marszruta, po\u015brednictwo celne. Przewozy multimodalne morzem, susz\u0105 oraz powietrzem.","breadcrumb":{"@id":"http:\/\/www.sadvitairko.lt\/pl\/uslugi-logistyczne-i-transportowe\/przewozy-multimodalne\/#breadcrumb"},"inLanguage":"pl-PL","potentialAction":[{"@type":"ReadAction","target":["http:\/\/www.sadvitairko.lt\/pl\/uslugi-logistyczne-i-transportowe\/przewozy-multimodalne\/"]}]},{"@type":"BreadcrumbList","@id":"http:\/\/www.sadvitairko.lt\/pl\/uslugi-logistyczne-i-transportowe\/przewozy-multimodalne\/#breadcrumb","itemListElement":[{"@type":"ListItem","position":1,"name":"Home","item":"http:\/\/www.sadvitairko.lt\/pl\/"},{"@type":"ListItem","position":2,"name":"Us\u0142ugi logistyczne i transportowe","item":"http:\/\/www.sadvitairko.lt\/pl\/uslugi-logistyczne-i-transportowe\/"},{"@type":"ListItem","position":3,"name":"Przewozy multimodalne"}]}]}},"_links":{"self":[{"href":"http:\/\/www.sadvitairko.lt\/pl\/wp-json\/wp\/v2\/pages\/1243"}],"collection":[{"href":"http:\/\/www.sadvitairko.lt\/pl\/wp-json\/wp\/v2\/pages"}],"about":[{"href":"http:\/\/www.sadvitairko.lt\/pl\/wp-json\/wp\/v2\/types\/page"}],"author":[{"embeddable":true,"href":"http:\/\/www.sadvitairko.lt\/pl\/wp-json\/wp\/v2\/users\/3"}],"replies":[{"embeddable":true,"href":"http:\/\/www.sadvitairko.lt\/pl\/wp-json\/wp\/v2\/comments?post=1243"}],"version-history":[{"count":0,"href":"http:\/\/www.sadvitairko.lt\/pl\/wp-json\/wp\/v2\/pages\/1243\/revisions"}],"up":[{"embeddable":true,"href":"http:\/\/www.sadvitairko.lt\/pl\/wp-json\/wp\/v2\/pages\/1232"}],"wp:featuredmedia":[{"embeddable":true,"href":"http:\/\/www.sadvitairko.lt\/pl\/wp-json\/wp\/v2\/media\/1057"}],"wp:attachment":[{"href":"http:\/\/www.sadvitairko.lt\/pl\/wp-json\/wp\/v2\/media?parent=1243"}],"curies":[{"name":"wp","href":"https:\/\/api.w.org\/{rel}","templated":true}]}}