{"id":1245,"date":"2015-08-19T11:56:23","date_gmt":"2015-08-19T09:56:23","guid":{"rendered":"http:\/\/www.sadvitairko.lt\/?page_id=1245"},"modified":"2016-05-20T10:39:29","modified_gmt":"2016-05-20T08:39:29","slug":"ubezpieczenie-ladunkow","status":"publish","type":"page","link":"http:\/\/www.sadvitairko.lt\/pl\/uslugi-logistyczne-i-transportowe\/ubezpieczenie-ladunkow\/","title":{"rendered":"Ubezpieczenie \u0142adunk\u00f3w"},"content":{"rendered":"<p><strong>Ubezpieczenie \u0142adunk\u00f3w <\/strong>jest jednym z g\u0142\u00f3wnych warunk\u00f3w zapewniaj\u0105cych pomy\u015blny przebieg transportowania \u0142adunk\u00f3w. \u201eSadvitos transportas\u201d wsp\u00f3\u0142pracuje z wiarygodnymi firmami ubezpieczeniowymi, uwzgl\u0119dnia wszystkie szczeg\u00f3\u0142y i subtelno\u015bci planowanego transportowania, dlatego wi\u0119c proponuje najdogodniejsze ceny ubezpieczenia oraz solidn\u0105 ochron\u0119 przewo\u017conego \u0142adunku.<\/p>\n<p>Specjali\u015bci Sp\u00f3\u0142ki z o.o. \u201eSadvitos transportas\u201d, maj\u0105cy d\u0142ugoletnie do\u015bwiadczenie pracy, po ocenie w\u0142a\u015bciwo\u015bci konkretnego \u0142adunku i po uwzgl\u0119dnieniu indywidualnych oczekiwa\u0144 klienta, zaproponuj\u0105 optymalne warunki ubezpieczenia. Ubezpieczenie \u0142adunk\u00f3w obejmuje ubezpieczenie towar\u00f3w, transportowanych przy pomocy wszystkich rodzaj\u00f3w transportu, kt\u00f3re s\u0142u\u017c\u0105 przy za\u0142adowaniu i roz\u0142adowaniu \u0142adunk\u00f3w. \u0141adunki mog\u0105 by\u0107 ubezpieczone jednorazowo lub zawieraj\u0105c d\u0142ugoczasowe umowy ubezpieczeniowe. Zawarta i podpisana umowa ubezpieczenia pomo\u017ce unikn\u0105\u0107 potencjalnych strat finansowych oraz spor\u00f3w, pozwoli skontrolowa\u0107 wydatki przedsi\u0119biorstwa oraz zapewni sprawno\u015b\u0107 prac transportowania.<\/p>\n<p><strong>Jeste\u015bcie zainteresowani? Skontaktujcie si\u0119 z nami.<\/strong><\/p>\n","protected":false},"excerpt":{"rendered":"<p>Ubezpieczenie \u0142adunk\u00f3w jest jednym z g\u0142\u00f3wnych warunk\u00f3w zapewniaj\u0105cych pomy\u015blny przebieg transportowania \u0142adunk\u00f3w. \u201eSadvitos transportas\u201d wsp\u00f3\u0142pracuje z wiarygodnymi firmami ubezpieczeniowymi, uwzgl\u0119dnia wszystkie szczeg\u00f3\u0142y i subtelno\u015bci planowanego transportowania, dlatego wi\u0119c proponuje najdogodniejsze ceny ubezpieczenia oraz solidn\u0105 ochron\u0119 przewo\u017conego \u0142adunku. Specjali\u015bci Sp\u00f3\u0142ki z o.o. \u201eSadvitos transportas\u201d, maj\u0105cy d\u0142ugoletnie do\u015bwiadczenie pracy, po ocenie w\u0142a\u015bciwo\u015bci konkretnego \u0142adunku i po uwzgl\u0119dnieniu [&hellip;]<\/p>\n","protected":false},"author":3,"featured_media":1049,"parent":1232,"menu_order":64,"comment_status":"closed","ping_status":"closed","template":"","meta":[],"yoast_head":"<!-- This site is optimized with the Yoast SEO plugin v17.4 - https:\/\/yoast.com\/wordpress\/plugins\/seo\/ -->\n<meta name=\"description\" content=\"Jednorazowe ubezpieczenie \u0142adunk\u00f3w i d\u0142ugoczasowe us\u0142ugi ubezpieczenia \u0142adunk\u00f3w. Solidne, wiarygodne us\u0142ugi ubezpieczenia i konkurencyjne ceny ubezpieczeniowe.\" \/>\n<meta name=\"robots\" content=\"index, follow, max-snippet:-1, max-image-preview:large, max-video-preview:-1\" \/>\n<link rel=\"canonical\" href=\"http:\/\/www.sadvitairko.lt\/pl\/uslugi-logistyczne-i-transportowe\/ubezpieczenie-ladunkow\/\" \/>\n<meta property=\"og:locale\" content=\"pl_PL\" \/>\n<meta property=\"og:type\" content=\"article\" \/>\n<meta property=\"og:title\" content=\"Ubezpieczenie \u0142adunk\u00f3w | SADVITOS TRANSPORTAS\" \/>\n<meta property=\"og:description\" content=\"Jednorazowe ubezpieczenie \u0142adunk\u00f3w i d\u0142ugoczasowe us\u0142ugi ubezpieczenia \u0142adunk\u00f3w. Solidne, wiarygodne us\u0142ugi ubezpieczenia i konkurencyjne ceny ubezpieczeniowe.\" \/>\n<meta property=\"og:url\" content=\"http:\/\/www.sadvitairko.lt\/pl\/uslugi-logistyczne-i-transportowe\/ubezpieczenie-ladunkow\/\" \/>\n<meta property=\"og:site_name\" content=\"Sadvita\" \/>\n<meta property=\"article:modified_time\" content=\"2016-05-20T08:39:29+00:00\" \/>\n<meta property=\"og:image\" content=\"http:\/\/www.sadvitairko.lt\/wp-content\/uploads\/kroviniu_draudimas_large.jpg\" \/>\n\t<meta property=\"og:image:width\" content=\"900\" \/>\n\t<meta property=\"og:image:height\" content=\"300\" \/>\n<meta name=\"twitter:card\" content=\"summary\" \/>\n<meta name=\"twitter:label1\" content=\"Szacowany czas czytania\" \/>\n\t<meta name=\"twitter:data1\" content=\"1 minuta\" \/>\n<script type=\"application\/ld+json\" class=\"yoast-schema-graph\">{\"@context\":\"https:\/\/schema.org\",\"@graph\":[{\"@type\":\"WebSite\",\"@id\":\"http:\/\/www.sadvitairko.lt\/lt\/#website\",\"url\":\"http:\/\/www.sadvitairko.lt\/lt\/\",\"name\":\"Sadvita\",\"description\":\"SADVITOS TRANSPORTAS\",\"potentialAction\":[{\"@type\":\"SearchAction\",\"target\":{\"@type\":\"EntryPoint\",\"urlTemplate\":\"http:\/\/www.sadvitairko.lt\/lt\/?s={search_term_string}\"},\"query-input\":\"required name=search_term_string\"}],\"inLanguage\":\"pl-PL\"},{\"@type\":\"ImageObject\",\"@id\":\"http:\/\/www.sadvitairko.lt\/pl\/uslugi-logistyczne-i-transportowe\/ubezpieczenie-ladunkow\/#primaryimage\",\"inLanguage\":\"pl-PL\",\"url\":\"http:\/\/www.sadvitairko.lt\/wp-content\/uploads\/kroviniu_draudimas_large.jpg\",\"contentUrl\":\"http:\/\/www.sadvitairko.lt\/wp-content\/uploads\/kroviniu_draudimas_large.jpg\",\"width\":900,\"height\":300,\"caption\":\"Krovini\\u0173 draudimas\"},{\"@type\":\"WebPage\",\"@id\":\"http:\/\/www.sadvitairko.lt\/pl\/uslugi-logistyczne-i-transportowe\/ubezpieczenie-ladunkow\/#webpage\",\"url\":\"http:\/\/www.sadvitairko.lt\/pl\/uslugi-logistyczne-i-transportowe\/ubezpieczenie-ladunkow\/\",\"name\":\"Ubezpieczenie \\u0142adunk\\u00f3w | SADVITOS TRANSPORTAS\",\"isPartOf\":{\"@id\":\"http:\/\/www.sadvitairko.lt\/lt\/#website\"},\"primaryImageOfPage\":{\"@id\":\"http:\/\/www.sadvitairko.lt\/pl\/uslugi-logistyczne-i-transportowe\/ubezpieczenie-ladunkow\/#primaryimage\"},\"datePublished\":\"2015-08-19T09:56:23+00:00\",\"dateModified\":\"2016-05-20T08:39:29+00:00\",\"description\":\"Jednorazowe ubezpieczenie \\u0142adunk\\u00f3w i d\\u0142ugoczasowe us\\u0142ugi ubezpieczenia \\u0142adunk\\u00f3w. Solidne, wiarygodne us\\u0142ugi ubezpieczenia i konkurencyjne ceny ubezpieczeniowe.\",\"breadcrumb\":{\"@id\":\"http:\/\/www.sadvitairko.lt\/pl\/uslugi-logistyczne-i-transportowe\/ubezpieczenie-ladunkow\/#breadcrumb\"},\"inLanguage\":\"pl-PL\",\"potentialAction\":[{\"@type\":\"ReadAction\",\"target\":[\"http:\/\/www.sadvitairko.lt\/pl\/uslugi-logistyczne-i-transportowe\/ubezpieczenie-ladunkow\/\"]}]},{\"@type\":\"BreadcrumbList\",\"@id\":\"http:\/\/www.sadvitairko.lt\/pl\/uslugi-logistyczne-i-transportowe\/ubezpieczenie-ladunkow\/#breadcrumb\",\"itemListElement\":[{\"@type\":\"ListItem\",\"position\":1,\"name\":\"Home\",\"item\":\"http:\/\/www.sadvitairko.lt\/pl\/\"},{\"@type\":\"ListItem\",\"position\":2,\"name\":\"Us\\u0142ugi logistyczne i transportowe\",\"item\":\"http:\/\/www.sadvitairko.lt\/pl\/uslugi-logistyczne-i-transportowe\/\"},{\"@type\":\"ListItem\",\"position\":3,\"name\":\"Ubezpieczenie \\u0142adunk\\u00f3w\"}]}]}<\/script>\n<!-- \/ Yoast SEO plugin. -->","yoast_head_json":{"description":"Jednorazowe ubezpieczenie \u0142adunk\u00f3w i d\u0142ugoczasowe us\u0142ugi ubezpieczenia \u0142adunk\u00f3w. Solidne, wiarygodne us\u0142ugi ubezpieczenia i konkurencyjne ceny ubezpieczeniowe.","robots":{"index":"index","follow":"follow","max-snippet":"max-snippet:-1","max-image-preview":"max-image-preview:large","max-video-preview":"max-video-preview:-1"},"canonical":"http:\/\/www.sadvitairko.lt\/pl\/uslugi-logistyczne-i-transportowe\/ubezpieczenie-ladunkow\/","og_locale":"pl_PL","og_type":"article","og_title":"Ubezpieczenie \u0142adunk\u00f3w | SADVITOS TRANSPORTAS","og_description":"Jednorazowe ubezpieczenie \u0142adunk\u00f3w i d\u0142ugoczasowe us\u0142ugi ubezpieczenia \u0142adunk\u00f3w. Solidne, wiarygodne us\u0142ugi ubezpieczenia i konkurencyjne ceny ubezpieczeniowe.","og_url":"http:\/\/www.sadvitairko.lt\/pl\/uslugi-logistyczne-i-transportowe\/ubezpieczenie-ladunkow\/","og_site_name":"Sadvita","article_modified_time":"2016-05-20T08:39:29+00:00","og_image":[{"width":900,"height":300,"url":"http:\/\/www.sadvitairko.lt\/wp-content\/uploads\/kroviniu_draudimas_large.jpg","type":"image\/jpeg"}],"twitter_card":"summary","twitter_misc":{"Szacowany czas czytania":"1 minuta"},"schema":{"@context":"https:\/\/schema.org","@graph":[{"@type":"WebSite","@id":"http:\/\/www.sadvitairko.lt\/lt\/#website","url":"http:\/\/www.sadvitairko.lt\/lt\/","name":"Sadvita","description":"SADVITOS TRANSPORTAS","potentialAction":[{"@type":"SearchAction","target":{"@type":"EntryPoint","urlTemplate":"http:\/\/www.sadvitairko.lt\/lt\/?s={search_term_string}"},"query-input":"required name=search_term_string"}],"inLanguage":"pl-PL"},{"@type":"ImageObject","@id":"http:\/\/www.sadvitairko.lt\/pl\/uslugi-logistyczne-i-transportowe\/ubezpieczenie-ladunkow\/#primaryimage","inLanguage":"pl-PL","url":"http:\/\/www.sadvitairko.lt\/wp-content\/uploads\/kroviniu_draudimas_large.jpg","contentUrl":"http:\/\/www.sadvitairko.lt\/wp-content\/uploads\/kroviniu_draudimas_large.jpg","width":900,"height":300,"caption":"Krovini\u0173 draudimas"},{"@type":"WebPage","@id":"http:\/\/www.sadvitairko.lt\/pl\/uslugi-logistyczne-i-transportowe\/ubezpieczenie-ladunkow\/#webpage","url":"http:\/\/www.sadvitairko.lt\/pl\/uslugi-logistyczne-i-transportowe\/ubezpieczenie-ladunkow\/","name":"Ubezpieczenie \u0142adunk\u00f3w | SADVITOS TRANSPORTAS","isPartOf":{"@id":"http:\/\/www.sadvitairko.lt\/lt\/#website"},"primaryImageOfPage":{"@id":"http:\/\/www.sadvitairko.lt\/pl\/uslugi-logistyczne-i-transportowe\/ubezpieczenie-ladunkow\/#primaryimage"},"datePublished":"2015-08-19T09:56:23+00:00","dateModified":"2016-05-20T08:39:29+00:00","description":"Jednorazowe ubezpieczenie \u0142adunk\u00f3w i d\u0142ugoczasowe us\u0142ugi ubezpieczenia \u0142adunk\u00f3w. Solidne, wiarygodne us\u0142ugi ubezpieczenia i konkurencyjne ceny ubezpieczeniowe.","breadcrumb":{"@id":"http:\/\/www.sadvitairko.lt\/pl\/uslugi-logistyczne-i-transportowe\/ubezpieczenie-ladunkow\/#breadcrumb"},"inLanguage":"pl-PL","potentialAction":[{"@type":"ReadAction","target":["http:\/\/www.sadvitairko.lt\/pl\/uslugi-logistyczne-i-transportowe\/ubezpieczenie-ladunkow\/"]}]},{"@type":"BreadcrumbList","@id":"http:\/\/www.sadvitairko.lt\/pl\/uslugi-logistyczne-i-transportowe\/ubezpieczenie-ladunkow\/#breadcrumb","itemListElement":[{"@type":"ListItem","position":1,"name":"Home","item":"http:\/\/www.sadvitairko.lt\/pl\/"},{"@type":"ListItem","position":2,"name":"Us\u0142ugi logistyczne i transportowe","item":"http:\/\/www.sadvitairko.lt\/pl\/uslugi-logistyczne-i-transportowe\/"},{"@type":"ListItem","position":3,"name":"Ubezpieczenie \u0142adunk\u00f3w"}]}]}},"_links":{"self":[{"href":"http:\/\/www.sadvitairko.lt\/pl\/wp-json\/wp\/v2\/pages\/1245"}],"collection":[{"href":"http:\/\/www.sadvitairko.lt\/pl\/wp-json\/wp\/v2\/pages"}],"about":[{"href":"http:\/\/www.sadvitairko.lt\/pl\/wp-json\/wp\/v2\/types\/page"}],"author":[{"embeddable":true,"href":"http:\/\/www.sadvitairko.lt\/pl\/wp-json\/wp\/v2\/users\/3"}],"replies":[{"embeddable":true,"href":"http:\/\/www.sadvitairko.lt\/pl\/wp-json\/wp\/v2\/comments?post=1245"}],"version-history":[{"count":0,"href":"http:\/\/www.sadvitairko.lt\/pl\/wp-json\/wp\/v2\/pages\/1245\/revisions"}],"up":[{"embeddable":true,"href":"http:\/\/www.sadvitairko.lt\/pl\/wp-json\/wp\/v2\/pages\/1232"}],"wp:featuredmedia":[{"embeddable":true,"href":"http:\/\/www.sadvitairko.lt\/pl\/wp-json\/wp\/v2\/media\/1049"}],"wp:attachment":[{"href":"http:\/\/www.sadvitairko.lt\/pl\/wp-json\/wp\/v2\/media?parent=1245"}],"curies":[{"name":"wp","href":"https:\/\/api.w.org\/{rel}","templated":true}]}}