{"id":1247,"date":"2015-08-19T12:00:37","date_gmt":"2015-08-19T10:00:37","guid":{"rendered":"http:\/\/www.sadvitairko.lt\/?page_id=1247"},"modified":"2016-05-20T10:38:41","modified_gmt":"2016-05-20T08:38:41","slug":"magazynowanie","status":"publish","type":"page","link":"http:\/\/www.sadvitairko.lt\/pl\/uslugi-logistyczne-i-transportowe\/magazynowanie\/","title":{"rendered":"Magazynowanie"},"content":{"rendered":"<p><strong>Magazynowanie<\/strong> \u2013 jedna z najwa\u017cniejszych cz\u0119\u015bci procesu transportowania i logistyki \u0142adunk\u00f3w, zapewniaj\u0105ca w\u0142a\u015bciw\u0105 ochron\u0119 \u0142adunk\u00f3w, dystrybucj\u0119 oraz kontrol\u0119 towar\u00f3w. G\u0142\u00f3wny cel magazynowania \u2013 zadbanie o przechowywanie \u0142adunku oraz o przygotowanie towar\u00f3w dla eksportu.<\/p>\n<p>Sp\u00f3\u0142ka z o. o. \u201eSadvitos transportas\u201d wykonuje prace zwi\u0105zane z \u0142adowaniem, sortowaniem, pakowaniem i oznakowaniem towar\u00f3w, dba o obrachunki i dokumentacj\u0119 przep\u0142ywu i obiegu towar\u00f3w, przedstawia szczeg\u00f3\u0142owe rozliczenia oraz sprawozdania swym klientom. Magazynowanie wykonuje si\u0119 w nowoczesnych pomieszczeniach o 10\u00a0000 m. kw., gdzie mog\u0105 by\u0107 przechowywane \u0142adunki r\u00f3\u017cnego rodzaju. \u201eSadvitos transportas\u201d proponuje pomieszczenia ogrzewane oraz ch\u0142odnicze, w nich mog\u0105 by\u0107 magazynowane \u0142adunki o specjalnych wymogach re\u017cymu temperatury.<\/p>\n<p>W magazynach Sp\u00f3\u0142ki s\u0105 zainstalowane nowoczesne systemy obrachunku \u0142adunk\u00f3w, kt\u00f3re gwarantuj\u0105 precyzyjny przep\u0142yw towar\u00f3w. Bezpiecze\u0144stwo \u0142adunk\u00f3w zapewnia ca\u0142odobowy posterunek ochrony, a tak\u017ce ochraniarskie systemy sygnalizacyjne oraz wideokamery.<\/p>\n<p><strong>Jeste\u015bcie zainteresowani? Skontaktujcie si\u0119 z nami.<\/strong><\/p>\n","protected":false},"excerpt":{"rendered":"<p>Magazynowanie \u2013 jedna z najwa\u017cniejszych cz\u0119\u015bci procesu transportowania i logistyki \u0142adunk\u00f3w, zapewniaj\u0105ca w\u0142a\u015bciw\u0105 ochron\u0119 \u0142adunk\u00f3w, dystrybucj\u0119 oraz kontrol\u0119 towar\u00f3w. G\u0142\u00f3wny cel magazynowania \u2013 zadbanie o przechowywanie \u0142adunku oraz o przygotowanie towar\u00f3w dla eksportu. Sp\u00f3\u0142ka z o. o. \u201eSadvitos transportas\u201d wykonuje prace zwi\u0105zane z \u0142adowaniem, sortowaniem, pakowaniem i oznakowaniem towar\u00f3w, dba o obrachunki i dokumentacj\u0119 przep\u0142ywu [&hellip;]<\/p>\n","protected":false},"author":3,"featured_media":1061,"parent":1232,"menu_order":59,"comment_status":"closed","ping_status":"closed","template":"","meta":[],"yoast_head":"<!-- This site is optimized with the Yoast SEO plugin v17.4 - https:\/\/yoast.com\/wordpress\/plugins\/seo\/ -->\n<meta name=\"description\" content=\"Magazynowanie gabarytowych i nie gabarytowych \u0142adunk\u00f3w w nowoczesnych pomieszczeniach. Roz\u0142adowanie oraz za\u0142adowanie \u0142adunk\u00f3w, us\u0142ugi magazynowania, kontrola dokument\u00f3w.\" \/>\n<meta name=\"robots\" content=\"index, follow, max-snippet:-1, max-image-preview:large, max-video-preview:-1\" \/>\n<link rel=\"canonical\" href=\"http:\/\/www.sadvitairko.lt\/pl\/uslugi-logistyczne-i-transportowe\/magazynowanie\/\" \/>\n<meta property=\"og:locale\" content=\"pl_PL\" \/>\n<meta property=\"og:type\" content=\"article\" \/>\n<meta property=\"og:title\" content=\"Magazynowanie |\u00a0SADVITOS TRANSPORTAS\" \/>\n<meta property=\"og:description\" content=\"Magazynowanie gabarytowych i nie gabarytowych \u0142adunk\u00f3w w nowoczesnych pomieszczeniach. Roz\u0142adowanie oraz za\u0142adowanie \u0142adunk\u00f3w, us\u0142ugi magazynowania, kontrola dokument\u00f3w.\" \/>\n<meta property=\"og:url\" content=\"http:\/\/www.sadvitairko.lt\/pl\/uslugi-logistyczne-i-transportowe\/magazynowanie\/\" \/>\n<meta property=\"og:site_name\" content=\"Sadvita\" \/>\n<meta property=\"article:modified_time\" content=\"2016-05-20T08:38:41+00:00\" \/>\n<meta property=\"og:image\" content=\"http:\/\/www.sadvitairko.lt\/wp-content\/uploads\/sandeliavimas_large.jpg\" \/>\n\t<meta property=\"og:image:width\" content=\"900\" \/>\n\t<meta property=\"og:image:height\" content=\"300\" \/>\n<meta name=\"twitter:card\" content=\"summary\" \/>\n<meta name=\"twitter:label1\" content=\"Szacowany czas czytania\" \/>\n\t<meta name=\"twitter:data1\" content=\"1 minuta\" \/>\n<script type=\"application\/ld+json\" class=\"yoast-schema-graph\">{\"@context\":\"https:\/\/schema.org\",\"@graph\":[{\"@type\":\"WebSite\",\"@id\":\"http:\/\/www.sadvitairko.lt\/lt\/#website\",\"url\":\"http:\/\/www.sadvitairko.lt\/lt\/\",\"name\":\"Sadvita\",\"description\":\"SADVITOS TRANSPORTAS\",\"potentialAction\":[{\"@type\":\"SearchAction\",\"target\":{\"@type\":\"EntryPoint\",\"urlTemplate\":\"http:\/\/www.sadvitairko.lt\/lt\/?s={search_term_string}\"},\"query-input\":\"required name=search_term_string\"}],\"inLanguage\":\"pl-PL\"},{\"@type\":\"ImageObject\",\"@id\":\"http:\/\/www.sadvitairko.lt\/pl\/uslugi-logistyczne-i-transportowe\/magazynowanie\/#primaryimage\",\"inLanguage\":\"pl-PL\",\"url\":\"http:\/\/www.sadvitairko.lt\/wp-content\/uploads\/sandeliavimas_large.jpg\",\"contentUrl\":\"http:\/\/www.sadvitairko.lt\/wp-content\/uploads\/sandeliavimas_large.jpg\",\"width\":900,\"height\":300,\"caption\":\"Sand\\u0117liavimas\"},{\"@type\":\"WebPage\",\"@id\":\"http:\/\/www.sadvitairko.lt\/pl\/uslugi-logistyczne-i-transportowe\/magazynowanie\/#webpage\",\"url\":\"http:\/\/www.sadvitairko.lt\/pl\/uslugi-logistyczne-i-transportowe\/magazynowanie\/\",\"name\":\"Magazynowanie |\\u00a0SADVITOS TRANSPORTAS\",\"isPartOf\":{\"@id\":\"http:\/\/www.sadvitairko.lt\/lt\/#website\"},\"primaryImageOfPage\":{\"@id\":\"http:\/\/www.sadvitairko.lt\/pl\/uslugi-logistyczne-i-transportowe\/magazynowanie\/#primaryimage\"},\"datePublished\":\"2015-08-19T10:00:37+00:00\",\"dateModified\":\"2016-05-20T08:38:41+00:00\",\"description\":\"Magazynowanie gabarytowych i nie gabarytowych \\u0142adunk\\u00f3w w nowoczesnych pomieszczeniach. Roz\\u0142adowanie oraz za\\u0142adowanie \\u0142adunk\\u00f3w, us\\u0142ugi magazynowania, kontrola dokument\\u00f3w.\",\"breadcrumb\":{\"@id\":\"http:\/\/www.sadvitairko.lt\/pl\/uslugi-logistyczne-i-transportowe\/magazynowanie\/#breadcrumb\"},\"inLanguage\":\"pl-PL\",\"potentialAction\":[{\"@type\":\"ReadAction\",\"target\":[\"http:\/\/www.sadvitairko.lt\/pl\/uslugi-logistyczne-i-transportowe\/magazynowanie\/\"]}]},{\"@type\":\"BreadcrumbList\",\"@id\":\"http:\/\/www.sadvitairko.lt\/pl\/uslugi-logistyczne-i-transportowe\/magazynowanie\/#breadcrumb\",\"itemListElement\":[{\"@type\":\"ListItem\",\"position\":1,\"name\":\"Home\",\"item\":\"http:\/\/www.sadvitairko.lt\/pl\/\"},{\"@type\":\"ListItem\",\"position\":2,\"name\":\"Us\\u0142ugi logistyczne i transportowe\",\"item\":\"http:\/\/www.sadvitairko.lt\/pl\/uslugi-logistyczne-i-transportowe\/\"},{\"@type\":\"ListItem\",\"position\":3,\"name\":\"Magazynowanie\"}]}]}<\/script>\n<!-- \/ Yoast SEO plugin. -->","yoast_head_json":{"description":"Magazynowanie gabarytowych i nie gabarytowych \u0142adunk\u00f3w w nowoczesnych pomieszczeniach. Roz\u0142adowanie oraz za\u0142adowanie \u0142adunk\u00f3w, us\u0142ugi magazynowania, kontrola dokument\u00f3w.","robots":{"index":"index","follow":"follow","max-snippet":"max-snippet:-1","max-image-preview":"max-image-preview:large","max-video-preview":"max-video-preview:-1"},"canonical":"http:\/\/www.sadvitairko.lt\/pl\/uslugi-logistyczne-i-transportowe\/magazynowanie\/","og_locale":"pl_PL","og_type":"article","og_title":"Magazynowanie |\u00a0SADVITOS TRANSPORTAS","og_description":"Magazynowanie gabarytowych i nie gabarytowych \u0142adunk\u00f3w w nowoczesnych pomieszczeniach. Roz\u0142adowanie oraz za\u0142adowanie \u0142adunk\u00f3w, us\u0142ugi magazynowania, kontrola dokument\u00f3w.","og_url":"http:\/\/www.sadvitairko.lt\/pl\/uslugi-logistyczne-i-transportowe\/magazynowanie\/","og_site_name":"Sadvita","article_modified_time":"2016-05-20T08:38:41+00:00","og_image":[{"width":900,"height":300,"url":"http:\/\/www.sadvitairko.lt\/wp-content\/uploads\/sandeliavimas_large.jpg","type":"image\/jpeg"}],"twitter_card":"summary","twitter_misc":{"Szacowany czas czytania":"1 minuta"},"schema":{"@context":"https:\/\/schema.org","@graph":[{"@type":"WebSite","@id":"http:\/\/www.sadvitairko.lt\/lt\/#website","url":"http:\/\/www.sadvitairko.lt\/lt\/","name":"Sadvita","description":"SADVITOS TRANSPORTAS","potentialAction":[{"@type":"SearchAction","target":{"@type":"EntryPoint","urlTemplate":"http:\/\/www.sadvitairko.lt\/lt\/?s={search_term_string}"},"query-input":"required name=search_term_string"}],"inLanguage":"pl-PL"},{"@type":"ImageObject","@id":"http:\/\/www.sadvitairko.lt\/pl\/uslugi-logistyczne-i-transportowe\/magazynowanie\/#primaryimage","inLanguage":"pl-PL","url":"http:\/\/www.sadvitairko.lt\/wp-content\/uploads\/sandeliavimas_large.jpg","contentUrl":"http:\/\/www.sadvitairko.lt\/wp-content\/uploads\/sandeliavimas_large.jpg","width":900,"height":300,"caption":"Sand\u0117liavimas"},{"@type":"WebPage","@id":"http:\/\/www.sadvitairko.lt\/pl\/uslugi-logistyczne-i-transportowe\/magazynowanie\/#webpage","url":"http:\/\/www.sadvitairko.lt\/pl\/uslugi-logistyczne-i-transportowe\/magazynowanie\/","name":"Magazynowanie |\u00a0SADVITOS TRANSPORTAS","isPartOf":{"@id":"http:\/\/www.sadvitairko.lt\/lt\/#website"},"primaryImageOfPage":{"@id":"http:\/\/www.sadvitairko.lt\/pl\/uslugi-logistyczne-i-transportowe\/magazynowanie\/#primaryimage"},"datePublished":"2015-08-19T10:00:37+00:00","dateModified":"2016-05-20T08:38:41+00:00","description":"Magazynowanie gabarytowych i nie gabarytowych \u0142adunk\u00f3w w nowoczesnych pomieszczeniach. Roz\u0142adowanie oraz za\u0142adowanie \u0142adunk\u00f3w, us\u0142ugi magazynowania, kontrola dokument\u00f3w.","breadcrumb":{"@id":"http:\/\/www.sadvitairko.lt\/pl\/uslugi-logistyczne-i-transportowe\/magazynowanie\/#breadcrumb"},"inLanguage":"pl-PL","potentialAction":[{"@type":"ReadAction","target":["http:\/\/www.sadvitairko.lt\/pl\/uslugi-logistyczne-i-transportowe\/magazynowanie\/"]}]},{"@type":"BreadcrumbList","@id":"http:\/\/www.sadvitairko.lt\/pl\/uslugi-logistyczne-i-transportowe\/magazynowanie\/#breadcrumb","itemListElement":[{"@type":"ListItem","position":1,"name":"Home","item":"http:\/\/www.sadvitairko.lt\/pl\/"},{"@type":"ListItem","position":2,"name":"Us\u0142ugi logistyczne i transportowe","item":"http:\/\/www.sadvitairko.lt\/pl\/uslugi-logistyczne-i-transportowe\/"},{"@type":"ListItem","position":3,"name":"Magazynowanie"}]}]}},"_links":{"self":[{"href":"http:\/\/www.sadvitairko.lt\/pl\/wp-json\/wp\/v2\/pages\/1247"}],"collection":[{"href":"http:\/\/www.sadvitairko.lt\/pl\/wp-json\/wp\/v2\/pages"}],"about":[{"href":"http:\/\/www.sadvitairko.lt\/pl\/wp-json\/wp\/v2\/types\/page"}],"author":[{"embeddable":true,"href":"http:\/\/www.sadvitairko.lt\/pl\/wp-json\/wp\/v2\/users\/3"}],"replies":[{"embeddable":true,"href":"http:\/\/www.sadvitairko.lt\/pl\/wp-json\/wp\/v2\/comments?post=1247"}],"version-history":[{"count":0,"href":"http:\/\/www.sadvitairko.lt\/pl\/wp-json\/wp\/v2\/pages\/1247\/revisions"}],"up":[{"embeddable":true,"href":"http:\/\/www.sadvitairko.lt\/pl\/wp-json\/wp\/v2\/pages\/1232"}],"wp:featuredmedia":[{"embeddable":true,"href":"http:\/\/www.sadvitairko.lt\/pl\/wp-json\/wp\/v2\/media\/1061"}],"wp:attachment":[{"href":"http:\/\/www.sadvitairko.lt\/pl\/wp-json\/wp\/v2\/media?parent=1247"}],"curies":[{"name":"wp","href":"https:\/\/api.w.org\/{rel}","templated":true}]}}