{"id":1249,"date":"2015-08-19T12:03:50","date_gmt":"2015-08-19T10:03:50","guid":{"rendered":"http:\/\/www.sadvitairko.lt\/?page_id=1249"},"modified":"2016-05-20T10:37:58","modified_gmt":"2016-05-20T08:37:58","slug":"posrednictwo-celne","status":"publish","type":"page","link":"http:\/\/www.sadvitairko.lt\/pl\/uslugi-logistyczne-i-transportowe\/posrednictwo-celne\/","title":{"rendered":"Po\u015brednictwo celne"},"content":{"rendered":"<p>Zawodowe <strong>po\u015brednictwo celne<\/strong> u\u0142atwia za\u0142atwienie z\u0142o\u017conych procedur celnych, zapewnia sprawno\u015b\u0107 prac zwi\u0105zanych z transportowaniem i magazynowaniem \u0142adunku. Sp\u00f3\u0142ka z o. o. \u201eSadvitos transportas\u201d wype\u0142nia dokumenty celne, troszczy si\u0119 o op\u0142aty celne, a tak\u017ce realizuje inne us\u0142ugi zwi\u0105zane z procedurami celnymi.<\/p>\n<p>Sp\u00f3\u0142ka \u201eSadvitos transportas\u201d przygotowuje dokumenty celne, zajmuje si\u0119 procedurami importu, eksportu i tranzytu, wype\u0142nia ksi\u0105\u017ceczki CMR i TIR, opracowuje elektroniczne dane dla TIR. Nasza Sp\u00f3\u0142ka reprezentuje swoich klient\u00f3w w urz\u0119dach celnych, pomaga w za\u0142atwianiu potrzebnych odpowiednich zezwole\u0144, certyfikat\u00f3w oraz za\u015bwiadcze\u0144, dba o kontrol\u0119 procedur celnych i udziela konsultacji w zakresie wszystkich kwestii zwi\u0105zanych z dokumentacj\u0105 i z formalno\u015bciami celnymi. Na \u017cyczenie klienta s\u0105 wykonywane prace przy za\u0142adowaniu, sortowaniu, pakowaniu oraz przechowywaniu towar\u00f3w. Us\u0142ugi po\u015brednictwa celnego s\u0105 realizowane zgodnie z ustawami obowi\u0105zuj\u0105cymi na Litwie, zgodnie z reglamentacj\u0105 Unii Europejskiej oraz z przepisami mi\u0119dzynarodowymi.<\/p>\n<p><strong>Jeste\u015bcie zainteresowani? Skontaktujcie si\u0119 z nami.<\/strong><\/p>\n","protected":false},"excerpt":{"rendered":"<p>Zawodowe po\u015brednictwo celne u\u0142atwia za\u0142atwienie z\u0142o\u017conych procedur celnych, zapewnia sprawno\u015b\u0107 prac zwi\u0105zanych z transportowaniem i magazynowaniem \u0142adunku. Sp\u00f3\u0142ka z o. o. \u201eSadvitos transportas\u201d wype\u0142nia dokumenty celne, troszczy si\u0119 o op\u0142aty celne, a tak\u017ce realizuje inne us\u0142ugi zwi\u0105zane z procedurami celnymi. Sp\u00f3\u0142ka \u201eSadvitos transportas\u201d przygotowuje dokumenty celne, zajmuje si\u0119 procedurami importu, eksportu i tranzytu, wype\u0142nia ksi\u0105\u017ceczki [&hellip;]<\/p>\n","protected":false},"author":3,"featured_media":1055,"parent":1232,"menu_order":52,"comment_status":"closed","ping_status":"closed","template":"","meta":[],"yoast_head":"<!-- This site is optimized with the Yoast SEO plugin v17.4 - https:\/\/yoast.com\/wordpress\/plugins\/seo\/ -->\n<meta name=\"description\" content=\"Wiarygodne po\u015brednictwo celne \u2013 wype\u0142nianie dokumentacji celnej, procedury op\u0142at celnych, reprezentowanie klienta w urz\u0119dach celnych oraz inne us\u0142ugi po\u015brednictwa celnego.\" \/>\n<meta name=\"robots\" content=\"index, follow, max-snippet:-1, max-image-preview:large, max-video-preview:-1\" \/>\n<link rel=\"canonical\" href=\"http:\/\/www.sadvitairko.lt\/pl\/uslugi-logistyczne-i-transportowe\/posrednictwo-celne\/\" \/>\n<meta property=\"og:locale\" content=\"pl_PL\" \/>\n<meta property=\"og:type\" content=\"article\" \/>\n<meta property=\"og:title\" content=\"Po\u015brednictwo celne |\u00a0SADVITOS TRANSPORTAS\" \/>\n<meta property=\"og:description\" content=\"Wiarygodne po\u015brednictwo celne \u2013 wype\u0142nianie dokumentacji celnej, procedury op\u0142at celnych, reprezentowanie klienta w urz\u0119dach celnych oraz inne us\u0142ugi po\u015brednictwa celnego.\" \/>\n<meta property=\"og:url\" content=\"http:\/\/www.sadvitairko.lt\/pl\/uslugi-logistyczne-i-transportowe\/posrednictwo-celne\/\" \/>\n<meta property=\"og:site_name\" content=\"Sadvita\" \/>\n<meta property=\"article:modified_time\" content=\"2016-05-20T08:37:58+00:00\" \/>\n<meta property=\"og:image\" content=\"http:\/\/www.sadvitairko.lt\/wp-content\/uploads\/muitines_tarpininkas_large.jpg\" \/>\n\t<meta property=\"og:image:width\" content=\"900\" \/>\n\t<meta property=\"og:image:height\" content=\"300\" \/>\n<meta name=\"twitter:card\" content=\"summary\" \/>\n<meta name=\"twitter:label1\" content=\"Szacowany czas czytania\" \/>\n\t<meta name=\"twitter:data1\" content=\"1 minuta\" \/>\n<script type=\"application\/ld+json\" class=\"yoast-schema-graph\">{\"@context\":\"https:\/\/schema.org\",\"@graph\":[{\"@type\":\"WebSite\",\"@id\":\"http:\/\/www.sadvitairko.lt\/lt\/#website\",\"url\":\"http:\/\/www.sadvitairko.lt\/lt\/\",\"name\":\"Sadvita\",\"description\":\"SADVITOS TRANSPORTAS\",\"potentialAction\":[{\"@type\":\"SearchAction\",\"target\":{\"@type\":\"EntryPoint\",\"urlTemplate\":\"http:\/\/www.sadvitairko.lt\/lt\/?s={search_term_string}\"},\"query-input\":\"required name=search_term_string\"}],\"inLanguage\":\"pl-PL\"},{\"@type\":\"ImageObject\",\"@id\":\"http:\/\/www.sadvitairko.lt\/pl\/uslugi-logistyczne-i-transportowe\/posrednictwo-celne\/#primaryimage\",\"inLanguage\":\"pl-PL\",\"url\":\"http:\/\/www.sadvitairko.lt\/wp-content\/uploads\/muitines_tarpininkas_large.jpg\",\"contentUrl\":\"http:\/\/www.sadvitairko.lt\/wp-content\/uploads\/muitines_tarpininkas_large.jpg\",\"width\":900,\"height\":300,\"caption\":\"Muitin\\u0117s tarpininkas\"},{\"@type\":\"WebPage\",\"@id\":\"http:\/\/www.sadvitairko.lt\/pl\/uslugi-logistyczne-i-transportowe\/posrednictwo-celne\/#webpage\",\"url\":\"http:\/\/www.sadvitairko.lt\/pl\/uslugi-logistyczne-i-transportowe\/posrednictwo-celne\/\",\"name\":\"Po\\u015brednictwo celne |\\u00a0SADVITOS TRANSPORTAS\",\"isPartOf\":{\"@id\":\"http:\/\/www.sadvitairko.lt\/lt\/#website\"},\"primaryImageOfPage\":{\"@id\":\"http:\/\/www.sadvitairko.lt\/pl\/uslugi-logistyczne-i-transportowe\/posrednictwo-celne\/#primaryimage\"},\"datePublished\":\"2015-08-19T10:03:50+00:00\",\"dateModified\":\"2016-05-20T08:37:58+00:00\",\"description\":\"Wiarygodne po\\u015brednictwo celne \\u2013 wype\\u0142nianie dokumentacji celnej, procedury op\\u0142at celnych, reprezentowanie klienta w urz\\u0119dach celnych oraz inne us\\u0142ugi po\\u015brednictwa celnego.\",\"breadcrumb\":{\"@id\":\"http:\/\/www.sadvitairko.lt\/pl\/uslugi-logistyczne-i-transportowe\/posrednictwo-celne\/#breadcrumb\"},\"inLanguage\":\"pl-PL\",\"potentialAction\":[{\"@type\":\"ReadAction\",\"target\":[\"http:\/\/www.sadvitairko.lt\/pl\/uslugi-logistyczne-i-transportowe\/posrednictwo-celne\/\"]}]},{\"@type\":\"BreadcrumbList\",\"@id\":\"http:\/\/www.sadvitairko.lt\/pl\/uslugi-logistyczne-i-transportowe\/posrednictwo-celne\/#breadcrumb\",\"itemListElement\":[{\"@type\":\"ListItem\",\"position\":1,\"name\":\"Home\",\"item\":\"http:\/\/www.sadvitairko.lt\/pl\/\"},{\"@type\":\"ListItem\",\"position\":2,\"name\":\"Us\\u0142ugi logistyczne i transportowe\",\"item\":\"http:\/\/www.sadvitairko.lt\/pl\/uslugi-logistyczne-i-transportowe\/\"},{\"@type\":\"ListItem\",\"position\":3,\"name\":\"Po\\u015brednictwo celne\"}]}]}<\/script>\n<!-- \/ Yoast SEO plugin. -->","yoast_head_json":{"description":"Wiarygodne po\u015brednictwo celne \u2013 wype\u0142nianie dokumentacji celnej, procedury op\u0142at celnych, reprezentowanie klienta w urz\u0119dach celnych oraz inne us\u0142ugi po\u015brednictwa celnego.","robots":{"index":"index","follow":"follow","max-snippet":"max-snippet:-1","max-image-preview":"max-image-preview:large","max-video-preview":"max-video-preview:-1"},"canonical":"http:\/\/www.sadvitairko.lt\/pl\/uslugi-logistyczne-i-transportowe\/posrednictwo-celne\/","og_locale":"pl_PL","og_type":"article","og_title":"Po\u015brednictwo celne |\u00a0SADVITOS TRANSPORTAS","og_description":"Wiarygodne po\u015brednictwo celne \u2013 wype\u0142nianie dokumentacji celnej, procedury op\u0142at celnych, reprezentowanie klienta w urz\u0119dach celnych oraz inne us\u0142ugi po\u015brednictwa celnego.","og_url":"http:\/\/www.sadvitairko.lt\/pl\/uslugi-logistyczne-i-transportowe\/posrednictwo-celne\/","og_site_name":"Sadvita","article_modified_time":"2016-05-20T08:37:58+00:00","og_image":[{"width":900,"height":300,"url":"http:\/\/www.sadvitairko.lt\/wp-content\/uploads\/muitines_tarpininkas_large.jpg","type":"image\/jpeg"}],"twitter_card":"summary","twitter_misc":{"Szacowany czas czytania":"1 minuta"},"schema":{"@context":"https:\/\/schema.org","@graph":[{"@type":"WebSite","@id":"http:\/\/www.sadvitairko.lt\/lt\/#website","url":"http:\/\/www.sadvitairko.lt\/lt\/","name":"Sadvita","description":"SADVITOS TRANSPORTAS","potentialAction":[{"@type":"SearchAction","target":{"@type":"EntryPoint","urlTemplate":"http:\/\/www.sadvitairko.lt\/lt\/?s={search_term_string}"},"query-input":"required name=search_term_string"}],"inLanguage":"pl-PL"},{"@type":"ImageObject","@id":"http:\/\/www.sadvitairko.lt\/pl\/uslugi-logistyczne-i-transportowe\/posrednictwo-celne\/#primaryimage","inLanguage":"pl-PL","url":"http:\/\/www.sadvitairko.lt\/wp-content\/uploads\/muitines_tarpininkas_large.jpg","contentUrl":"http:\/\/www.sadvitairko.lt\/wp-content\/uploads\/muitines_tarpininkas_large.jpg","width":900,"height":300,"caption":"Muitin\u0117s tarpininkas"},{"@type":"WebPage","@id":"http:\/\/www.sadvitairko.lt\/pl\/uslugi-logistyczne-i-transportowe\/posrednictwo-celne\/#webpage","url":"http:\/\/www.sadvitairko.lt\/pl\/uslugi-logistyczne-i-transportowe\/posrednictwo-celne\/","name":"Po\u015brednictwo celne |\u00a0SADVITOS TRANSPORTAS","isPartOf":{"@id":"http:\/\/www.sadvitairko.lt\/lt\/#website"},"primaryImageOfPage":{"@id":"http:\/\/www.sadvitairko.lt\/pl\/uslugi-logistyczne-i-transportowe\/posrednictwo-celne\/#primaryimage"},"datePublished":"2015-08-19T10:03:50+00:00","dateModified":"2016-05-20T08:37:58+00:00","description":"Wiarygodne po\u015brednictwo celne \u2013 wype\u0142nianie dokumentacji celnej, procedury op\u0142at celnych, reprezentowanie klienta w urz\u0119dach celnych oraz inne us\u0142ugi po\u015brednictwa celnego.","breadcrumb":{"@id":"http:\/\/www.sadvitairko.lt\/pl\/uslugi-logistyczne-i-transportowe\/posrednictwo-celne\/#breadcrumb"},"inLanguage":"pl-PL","potentialAction":[{"@type":"ReadAction","target":["http:\/\/www.sadvitairko.lt\/pl\/uslugi-logistyczne-i-transportowe\/posrednictwo-celne\/"]}]},{"@type":"BreadcrumbList","@id":"http:\/\/www.sadvitairko.lt\/pl\/uslugi-logistyczne-i-transportowe\/posrednictwo-celne\/#breadcrumb","itemListElement":[{"@type":"ListItem","position":1,"name":"Home","item":"http:\/\/www.sadvitairko.lt\/pl\/"},{"@type":"ListItem","position":2,"name":"Us\u0142ugi logistyczne i transportowe","item":"http:\/\/www.sadvitairko.lt\/pl\/uslugi-logistyczne-i-transportowe\/"},{"@type":"ListItem","position":3,"name":"Po\u015brednictwo celne"}]}]}},"_links":{"self":[{"href":"http:\/\/www.sadvitairko.lt\/pl\/wp-json\/wp\/v2\/pages\/1249"}],"collection":[{"href":"http:\/\/www.sadvitairko.lt\/pl\/wp-json\/wp\/v2\/pages"}],"about":[{"href":"http:\/\/www.sadvitairko.lt\/pl\/wp-json\/wp\/v2\/types\/page"}],"author":[{"embeddable":true,"href":"http:\/\/www.sadvitairko.lt\/pl\/wp-json\/wp\/v2\/users\/3"}],"replies":[{"embeddable":true,"href":"http:\/\/www.sadvitairko.lt\/pl\/wp-json\/wp\/v2\/comments?post=1249"}],"version-history":[{"count":0,"href":"http:\/\/www.sadvitairko.lt\/pl\/wp-json\/wp\/v2\/pages\/1249\/revisions"}],"up":[{"embeddable":true,"href":"http:\/\/www.sadvitairko.lt\/pl\/wp-json\/wp\/v2\/pages\/1232"}],"wp:featuredmedia":[{"embeddable":true,"href":"http:\/\/www.sadvitairko.lt\/pl\/wp-json\/wp\/v2\/media\/1055"}],"wp:attachment":[{"href":"http:\/\/www.sadvitairko.lt\/pl\/wp-json\/wp\/v2\/media?parent=1249"}],"curies":[{"name":"wp","href":"https:\/\/api.w.org\/{rel}","templated":true}]}}