{"id":1251,"date":"2015-08-19T12:07:19","date_gmt":"2015-08-19T10:07:19","guid":{"rendered":"http:\/\/www.sadvitairko.lt\/?page_id=1251"},"modified":"2016-05-20T10:43:20","modified_gmt":"2016-05-20T08:43:20","slug":"proponujemy-prace","status":"publish","type":"page","link":"http:\/\/www.sadvitairko.lt\/pl\/proponujemy-prace\/","title":{"rendered":"Proponujemy prac\u0119"},"content":{"rendered":"<p>Je\u017celi Was interesuje praca w naszym przedsi\u0119biorstwie, prosimy przes\u0142a\u0107 sw\u00f3j \u017cyciorys (CV) na adres<strong> <a href=\"mailto:info@sadvitairko.lt\">info@sadvitairko.lt<\/a><\/strong><\/p>\n<hr \/>\n<p><strong>Proponujemy:<\/strong><\/p>\n<p>Odpowiedzialn\u0105, ciekaw\u0105 oraz dynamiczn\u0105 prac\u0119, obuczanie, mo\u017cliwo\u015bci podnoszenia kwalifikacji oraz perspektywy kariery zawodowej, jak r\u00f3wnie\u017c zap\u0142at\u0119 za prac\u0119 zgodn\u0105 z kompetencjami.<\/p>\n","protected":false},"excerpt":{"rendered":"<p>Je\u017celi Was interesuje praca w naszym przedsi\u0119biorstwie, prosimy przes\u0142a\u0107 sw\u00f3j \u017cyciorys (CV) na adres info@sadvitairko.lt Proponujemy: Odpowiedzialn\u0105, ciekaw\u0105 oraz dynamiczn\u0105 prac\u0119, obuczanie, mo\u017cliwo\u015bci podnoszenia kwalifikacji oraz perspektywy kariery zawodowej, jak r\u00f3wnie\u017c zap\u0142at\u0119 za prac\u0119 zgodn\u0105 z kompetencjami.<\/p>\n","protected":false},"author":3,"featured_media":0,"parent":0,"menu_order":44,"comment_status":"closed","ping_status":"closed","template":"","meta":[],"yoast_head":"<!-- This site is optimized with the Yoast SEO plugin v17.4 - https:\/\/yoast.com\/wordpress\/plugins\/seo\/ -->\n<meta name=\"description\" content=\"Was interesuje kariera w przedsi\u0119biorstwie SADVITOS TRANSPORTAS? Proponujemy odpowiedzialn\u0105, ciekaw\u0105 oraz dynamiczn\u0105 prac\u0119, perspektywy kariery zawodowej. Organizujemy kursy doskonalenia kwalifikacji.\" \/>\n<meta name=\"robots\" content=\"index, follow, max-snippet:-1, max-image-preview:large, max-video-preview:-1\" \/>\n<link rel=\"canonical\" href=\"http:\/\/www.sadvitairko.lt\/pl\/proponujemy-prace\/\" \/>\n<meta property=\"og:locale\" content=\"pl_PL\" \/>\n<meta property=\"og:type\" content=\"article\" \/>\n<meta property=\"og:title\" content=\"Proponujemy prac\u0119 | SADVITOS TRANSPORTAS\" \/>\n<meta property=\"og:description\" content=\"Was interesuje kariera w przedsi\u0119biorstwie SADVITOS TRANSPORTAS? Proponujemy odpowiedzialn\u0105, ciekaw\u0105 oraz dynamiczn\u0105 prac\u0119, perspektywy kariery zawodowej. Organizujemy kursy doskonalenia kwalifikacji.\" \/>\n<meta property=\"og:url\" content=\"http:\/\/www.sadvitairko.lt\/pl\/proponujemy-prace\/\" \/>\n<meta property=\"og:site_name\" content=\"Sadvita\" \/>\n<meta property=\"article:modified_time\" content=\"2016-05-20T08:43:20+00:00\" \/>\n<meta name=\"twitter:card\" content=\"summary\" \/>\n<script type=\"application\/ld+json\" class=\"yoast-schema-graph\">{\"@context\":\"https:\/\/schema.org\",\"@graph\":[{\"@type\":\"WebSite\",\"@id\":\"http:\/\/www.sadvitairko.lt\/lt\/#website\",\"url\":\"http:\/\/www.sadvitairko.lt\/lt\/\",\"name\":\"Sadvita\",\"description\":\"SADVITOS TRANSPORTAS\",\"potentialAction\":[{\"@type\":\"SearchAction\",\"target\":{\"@type\":\"EntryPoint\",\"urlTemplate\":\"http:\/\/www.sadvitairko.lt\/lt\/?s={search_term_string}\"},\"query-input\":\"required name=search_term_string\"}],\"inLanguage\":\"pl-PL\"},{\"@type\":\"WebPage\",\"@id\":\"http:\/\/www.sadvitairko.lt\/pl\/proponujemy-prace\/#webpage\",\"url\":\"http:\/\/www.sadvitairko.lt\/pl\/proponujemy-prace\/\",\"name\":\"Proponujemy prac\\u0119 | SADVITOS TRANSPORTAS\",\"isPartOf\":{\"@id\":\"http:\/\/www.sadvitairko.lt\/lt\/#website\"},\"datePublished\":\"2015-08-19T10:07:19+00:00\",\"dateModified\":\"2016-05-20T08:43:20+00:00\",\"description\":\"Was interesuje kariera w przedsi\\u0119biorstwie SADVITOS TRANSPORTAS? Proponujemy odpowiedzialn\\u0105, ciekaw\\u0105 oraz dynamiczn\\u0105 prac\\u0119, perspektywy kariery zawodowej. Organizujemy kursy doskonalenia kwalifikacji.\",\"breadcrumb\":{\"@id\":\"http:\/\/www.sadvitairko.lt\/pl\/proponujemy-prace\/#breadcrumb\"},\"inLanguage\":\"pl-PL\",\"potentialAction\":[{\"@type\":\"ReadAction\",\"target\":[\"http:\/\/www.sadvitairko.lt\/pl\/proponujemy-prace\/\"]}]},{\"@type\":\"BreadcrumbList\",\"@id\":\"http:\/\/www.sadvitairko.lt\/pl\/proponujemy-prace\/#breadcrumb\",\"itemListElement\":[{\"@type\":\"ListItem\",\"position\":1,\"name\":\"Home\",\"item\":\"http:\/\/www.sadvitairko.lt\/pl\/\"},{\"@type\":\"ListItem\",\"position\":2,\"name\":\"Proponujemy prac\\u0119\"}]}]}<\/script>\n<!-- \/ Yoast SEO plugin. -->","yoast_head_json":{"description":"Was interesuje kariera w przedsi\u0119biorstwie SADVITOS TRANSPORTAS? Proponujemy odpowiedzialn\u0105, ciekaw\u0105 oraz dynamiczn\u0105 prac\u0119, perspektywy kariery zawodowej. Organizujemy kursy doskonalenia kwalifikacji.","robots":{"index":"index","follow":"follow","max-snippet":"max-snippet:-1","max-image-preview":"max-image-preview:large","max-video-preview":"max-video-preview:-1"},"canonical":"http:\/\/www.sadvitairko.lt\/pl\/proponujemy-prace\/","og_locale":"pl_PL","og_type":"article","og_title":"Proponujemy prac\u0119 | SADVITOS TRANSPORTAS","og_description":"Was interesuje kariera w przedsi\u0119biorstwie SADVITOS TRANSPORTAS? Proponujemy odpowiedzialn\u0105, ciekaw\u0105 oraz dynamiczn\u0105 prac\u0119, perspektywy kariery zawodowej. Organizujemy kursy doskonalenia kwalifikacji.","og_url":"http:\/\/www.sadvitairko.lt\/pl\/proponujemy-prace\/","og_site_name":"Sadvita","article_modified_time":"2016-05-20T08:43:20+00:00","twitter_card":"summary","schema":{"@context":"https:\/\/schema.org","@graph":[{"@type":"WebSite","@id":"http:\/\/www.sadvitairko.lt\/lt\/#website","url":"http:\/\/www.sadvitairko.lt\/lt\/","name":"Sadvita","description":"SADVITOS TRANSPORTAS","potentialAction":[{"@type":"SearchAction","target":{"@type":"EntryPoint","urlTemplate":"http:\/\/www.sadvitairko.lt\/lt\/?s={search_term_string}"},"query-input":"required name=search_term_string"}],"inLanguage":"pl-PL"},{"@type":"WebPage","@id":"http:\/\/www.sadvitairko.lt\/pl\/proponujemy-prace\/#webpage","url":"http:\/\/www.sadvitairko.lt\/pl\/proponujemy-prace\/","name":"Proponujemy prac\u0119 | SADVITOS TRANSPORTAS","isPartOf":{"@id":"http:\/\/www.sadvitairko.lt\/lt\/#website"},"datePublished":"2015-08-19T10:07:19+00:00","dateModified":"2016-05-20T08:43:20+00:00","description":"Was interesuje kariera w przedsi\u0119biorstwie SADVITOS TRANSPORTAS? Proponujemy odpowiedzialn\u0105, ciekaw\u0105 oraz dynamiczn\u0105 prac\u0119, perspektywy kariery zawodowej. Organizujemy kursy doskonalenia kwalifikacji.","breadcrumb":{"@id":"http:\/\/www.sadvitairko.lt\/pl\/proponujemy-prace\/#breadcrumb"},"inLanguage":"pl-PL","potentialAction":[{"@type":"ReadAction","target":["http:\/\/www.sadvitairko.lt\/pl\/proponujemy-prace\/"]}]},{"@type":"BreadcrumbList","@id":"http:\/\/www.sadvitairko.lt\/pl\/proponujemy-prace\/#breadcrumb","itemListElement":[{"@type":"ListItem","position":1,"name":"Home","item":"http:\/\/www.sadvitairko.lt\/pl\/"},{"@type":"ListItem","position":2,"name":"Proponujemy prac\u0119"}]}]}},"_links":{"self":[{"href":"http:\/\/www.sadvitairko.lt\/pl\/wp-json\/wp\/v2\/pages\/1251"}],"collection":[{"href":"http:\/\/www.sadvitairko.lt\/pl\/wp-json\/wp\/v2\/pages"}],"about":[{"href":"http:\/\/www.sadvitairko.lt\/pl\/wp-json\/wp\/v2\/types\/page"}],"author":[{"embeddable":true,"href":"http:\/\/www.sadvitairko.lt\/pl\/wp-json\/wp\/v2\/users\/3"}],"replies":[{"embeddable":true,"href":"http:\/\/www.sadvitairko.lt\/pl\/wp-json\/wp\/v2\/comments?post=1251"}],"version-history":[{"count":0,"href":"http:\/\/www.sadvitairko.lt\/pl\/wp-json\/wp\/v2\/pages\/1251\/revisions"}],"wp:attachment":[{"href":"http:\/\/www.sadvitairko.lt\/pl\/wp-json\/wp\/v2\/media?parent=1251"}],"curies":[{"name":"wp","href":"https:\/\/api.w.org\/{rel}","templated":true}]}}