{"id":1253,"date":"2015-08-19T12:15:06","date_gmt":"2015-08-19T10:15:06","guid":{"rendered":"http:\/\/www.sadvitairko.lt\/?page_id=1253"},"modified":"2021-10-26T11:45:45","modified_gmt":"2021-10-26T09:45:45","slug":"kontakty","status":"publish","type":"page","link":"http:\/\/www.sadvitairko.lt\/pl\/kontakty\/","title":{"rendered":"Kontakty"},"content":{"rendered":"<p>Poszukujecie solidnego i wiarygodnego partnera? Sp\u00f3\u0142ka z o. o. \u201eSadvitos transportas\u201d wykonuje lokalne oraz mi\u0119dzynarodowe przewozy, proponuje us\u0142ugi ubezpieczenia i magazynowania \u0142adunk\u00f3w, reprezentuje interesy klienta w urz\u0119dach celnych.<\/p>\n<p>Skontaktujcie si\u0119 z nami i my odpowiemy na wszystkie Wasze pytania.<\/p>\n<p><iframe loading=\"lazy\" style=\"margin: 20px auto; border: 0;\" src=\"https:\/\/www.google.com\/maps\/embed?pb=!1m18!1m12!1m3!1d2248.9628186769182!2d21.159843715928098!3d55.68963418053651!2m3!1f0!2f0!3f0!3m2!1i1024!2i768!4f13.1!3m3!1m2!1s0x46e4dc6b84bec757%3A0xbd6cc85f2e3a8bdc!2sDubysos%20g.%2058%2C%20Klaip%C4%97da%2094107!5e0!3m2!1slt!2slt!4v1635240972374!5m2!1slt!2slt&#038;language=pl\" width=\"100%\" height=\"450\" allowfullscreen=\"allowfullscreen\"><\/iframe><\/p>\n","protected":false},"excerpt":{"rendered":"<p>Poszukujecie solidnego i wiarygodnego partnera? Sp\u00f3\u0142ka z o. o. \u201eSadvitos transportas\u201d wykonuje lokalne oraz mi\u0119dzynarodowe przewozy, proponuje us\u0142ugi ubezpieczenia i magazynowania \u0142adunk\u00f3w, reprezentuje interesy klienta w urz\u0119dach celnych. Skontaktujcie si\u0119 z nami i my odpowiemy na wszystkie Wasze pytania.<\/p>\n","protected":false},"author":3,"featured_media":0,"parent":0,"menu_order":68,"comment_status":"closed","ping_status":"closed","template":"","meta":[],"yoast_head":"<!-- This site is optimized with the Yoast SEO plugin v17.4 - https:\/\/yoast.com\/wordpress\/plugins\/seo\/ -->\n<meta name=\"description\" content=\"Poszukujecie solidnego i wiarygodnego partnera? Sp\u00f3\u0142ka z o. o. \u201eSadvitos transportas\u201d wykonuje lokalne oraz mi\u0119dzynarodowe przewozy, proponuje us\u0142ugi\" \/>\n<meta name=\"robots\" content=\"index, follow, max-snippet:-1, max-image-preview:large, max-video-preview:-1\" \/>\n<link rel=\"canonical\" href=\"http:\/\/www.sadvitairko.lt\/pl\/kontakty\/\" \/>\n<meta property=\"og:locale\" content=\"pl_PL\" \/>\n<meta property=\"og:type\" content=\"article\" \/>\n<meta property=\"og:title\" content=\"Nasze kontakty | SADVITOS TRANSPORTAS\" \/>\n<meta property=\"og:description\" content=\"Poszukujecie solidnego i wiarygodnego partnera? Sp\u00f3\u0142ka z o. o. \u201eSadvitos transportas\u201d wykonuje lokalne oraz mi\u0119dzynarodowe przewozy, proponuje us\u0142ugi\" \/>\n<meta property=\"og:url\" content=\"http:\/\/www.sadvitairko.lt\/pl\/kontakty\/\" \/>\n<meta property=\"og:site_name\" content=\"Sadvita\" \/>\n<meta property=\"article:modified_time\" content=\"2021-10-26T09:45:45+00:00\" \/>\n<meta name=\"twitter:card\" content=\"summary\" \/>\n<script type=\"application\/ld+json\" class=\"yoast-schema-graph\">{\"@context\":\"https:\/\/schema.org\",\"@graph\":[{\"@type\":\"WebSite\",\"@id\":\"http:\/\/www.sadvitairko.lt\/lt\/#website\",\"url\":\"http:\/\/www.sadvitairko.lt\/lt\/\",\"name\":\"Sadvita\",\"description\":\"SADVITOS TRANSPORTAS\",\"potentialAction\":[{\"@type\":\"SearchAction\",\"target\":{\"@type\":\"EntryPoint\",\"urlTemplate\":\"http:\/\/www.sadvitairko.lt\/lt\/?s={search_term_string}\"},\"query-input\":\"required name=search_term_string\"}],\"inLanguage\":\"pl-PL\"},{\"@type\":\"WebPage\",\"@id\":\"http:\/\/www.sadvitairko.lt\/pl\/kontakty\/#webpage\",\"url\":\"http:\/\/www.sadvitairko.lt\/pl\/kontakty\/\",\"name\":\"Nasze kontakty | SADVITOS TRANSPORTAS\",\"isPartOf\":{\"@id\":\"http:\/\/www.sadvitairko.lt\/lt\/#website\"},\"datePublished\":\"2015-08-19T10:15:06+00:00\",\"dateModified\":\"2021-10-26T09:45:45+00:00\",\"description\":\"Poszukujecie solidnego i wiarygodnego partnera? Sp\\u00f3\\u0142ka z o. o. \\u201eSadvitos transportas\\u201d wykonuje lokalne oraz mi\\u0119dzynarodowe przewozy, proponuje us\\u0142ugi\",\"breadcrumb\":{\"@id\":\"http:\/\/www.sadvitairko.lt\/pl\/kontakty\/#breadcrumb\"},\"inLanguage\":\"pl-PL\",\"potentialAction\":[{\"@type\":\"ReadAction\",\"target\":[\"http:\/\/www.sadvitairko.lt\/pl\/kontakty\/\"]}]},{\"@type\":\"BreadcrumbList\",\"@id\":\"http:\/\/www.sadvitairko.lt\/pl\/kontakty\/#breadcrumb\",\"itemListElement\":[{\"@type\":\"ListItem\",\"position\":1,\"name\":\"Home\",\"item\":\"http:\/\/www.sadvitairko.lt\/pl\/\"},{\"@type\":\"ListItem\",\"position\":2,\"name\":\"Kontakty\"}]}]}<\/script>\n<!-- \/ Yoast SEO plugin. -->","yoast_head_json":{"description":"Poszukujecie solidnego i wiarygodnego partnera? Sp\u00f3\u0142ka z o. o. \u201eSadvitos transportas\u201d wykonuje lokalne oraz mi\u0119dzynarodowe przewozy, proponuje us\u0142ugi","robots":{"index":"index","follow":"follow","max-snippet":"max-snippet:-1","max-image-preview":"max-image-preview:large","max-video-preview":"max-video-preview:-1"},"canonical":"http:\/\/www.sadvitairko.lt\/pl\/kontakty\/","og_locale":"pl_PL","og_type":"article","og_title":"Nasze kontakty | SADVITOS TRANSPORTAS","og_description":"Poszukujecie solidnego i wiarygodnego partnera? Sp\u00f3\u0142ka z o. o. \u201eSadvitos transportas\u201d wykonuje lokalne oraz mi\u0119dzynarodowe przewozy, proponuje us\u0142ugi","og_url":"http:\/\/www.sadvitairko.lt\/pl\/kontakty\/","og_site_name":"Sadvita","article_modified_time":"2021-10-26T09:45:45+00:00","twitter_card":"summary","schema":{"@context":"https:\/\/schema.org","@graph":[{"@type":"WebSite","@id":"http:\/\/www.sadvitairko.lt\/lt\/#website","url":"http:\/\/www.sadvitairko.lt\/lt\/","name":"Sadvita","description":"SADVITOS TRANSPORTAS","potentialAction":[{"@type":"SearchAction","target":{"@type":"EntryPoint","urlTemplate":"http:\/\/www.sadvitairko.lt\/lt\/?s={search_term_string}"},"query-input":"required name=search_term_string"}],"inLanguage":"pl-PL"},{"@type":"WebPage","@id":"http:\/\/www.sadvitairko.lt\/pl\/kontakty\/#webpage","url":"http:\/\/www.sadvitairko.lt\/pl\/kontakty\/","name":"Nasze kontakty | SADVITOS TRANSPORTAS","isPartOf":{"@id":"http:\/\/www.sadvitairko.lt\/lt\/#website"},"datePublished":"2015-08-19T10:15:06+00:00","dateModified":"2021-10-26T09:45:45+00:00","description":"Poszukujecie solidnego i wiarygodnego partnera? Sp\u00f3\u0142ka z o. o. \u201eSadvitos transportas\u201d wykonuje lokalne oraz mi\u0119dzynarodowe przewozy, proponuje us\u0142ugi","breadcrumb":{"@id":"http:\/\/www.sadvitairko.lt\/pl\/kontakty\/#breadcrumb"},"inLanguage":"pl-PL","potentialAction":[{"@type":"ReadAction","target":["http:\/\/www.sadvitairko.lt\/pl\/kontakty\/"]}]},{"@type":"BreadcrumbList","@id":"http:\/\/www.sadvitairko.lt\/pl\/kontakty\/#breadcrumb","itemListElement":[{"@type":"ListItem","position":1,"name":"Home","item":"http:\/\/www.sadvitairko.lt\/pl\/"},{"@type":"ListItem","position":2,"name":"Kontakty"}]}]}},"_links":{"self":[{"href":"http:\/\/www.sadvitairko.lt\/pl\/wp-json\/wp\/v2\/pages\/1253"}],"collection":[{"href":"http:\/\/www.sadvitairko.lt\/pl\/wp-json\/wp\/v2\/pages"}],"about":[{"href":"http:\/\/www.sadvitairko.lt\/pl\/wp-json\/wp\/v2\/types\/page"}],"author":[{"embeddable":true,"href":"http:\/\/www.sadvitairko.lt\/pl\/wp-json\/wp\/v2\/users\/3"}],"replies":[{"embeddable":true,"href":"http:\/\/www.sadvitairko.lt\/pl\/wp-json\/wp\/v2\/comments?post=1253"}],"version-history":[{"count":1,"href":"http:\/\/www.sadvitairko.lt\/pl\/wp-json\/wp\/v2\/pages\/1253\/revisions"}],"predecessor-version":[{"id":1754,"href":"http:\/\/www.sadvitairko.lt\/pl\/wp-json\/wp\/v2\/pages\/1253\/revisions\/1754"}],"wp:attachment":[{"href":"http:\/\/www.sadvitairko.lt\/pl\/wp-json\/wp\/v2\/media?parent=1253"}],"curies":[{"name":"wp","href":"https:\/\/api.w.org\/{rel}","templated":true}]}}